{"id":142401,"date":"2026-04-28T13:46:46","date_gmt":"2026-04-28T11:46:46","guid":{"rendered":"https:\/\/webshopdistricoscom.webhosting.be\/product\/cobra-lime-en-verre-special-diabetic-ref-8935-05\/"},"modified":"2026-04-28T13:46:48","modified_gmt":"2026-04-28T11:46:48","slug":"cobra-lime-en-verre-special-diabetic-ref-8935-05","status":"publish","type":"product","link":"https:\/\/districos.standingout.be\/fr\/product\/cobra-lime-en-verre-special-diabetic-ref-8935-05\/","title":{"rendered":"Cobra Lime en Verre Special Diabetic"},"content":{"rendered":"<p >\n<p dir=ltr>Gr\u00e2ce \u00e0 sa douceur, la r\u00e2pe en verre de Cobra\u00ae est particuli\u00e8rement apte \u00e0 l\u2019enl\u00e8vement des callosit\u00e9s et de la peau corn\u00e9e sans douleur chez les diab\u00e9tiques. Elle est \u00e9galement conseill\u00e9e pour les zones douloureuses avec des crevasses et d\u2019autres zones sensibles ou difficiles \u00e0 limer. Elle s\u2019emploie aussi pour la finition des zones lim\u00e9es \u00e0 gros grain. Fabriqu\u00e9e en verre durable qui peut \u00eatre rinc\u00e9 apr\u00e8s chaque usage \u00e0 l\u2019eau courante chaude ou m\u00eame \u00eatre st\u00e9rilis\u00e9e pour une hygi\u00e8ne optimale. <\/p>\n<p> Longueur : 22 cm<\/p>\n<p> Surface de la r\u00e2pe : 11 cm<\/p><\/p>\n","protected":false},"excerpt":{"rendered":"<p>Gr\u00e2ce \u00e0 sa douceur, la r\u00e2pe en verre de Cobra\u00ae est particuli\u00e8rement apte \u00e0 l\u2019enl\u00e8vement des callosit\u00e9s et de la peau corn\u00e9e sans douleur chez les diab\u00e9tiques. Elle est \u00e9galement conseill\u00e9e pour les zones douloureuses avec des crevasses et d\u2019autres zones sensibles ou difficiles \u00e0 limer. Elle s\u2019emploie aussi pour la finition des zones lim\u00e9es [&hellip;]<\/p>\n","protected":false},"featured_media":85274,"comment_status":"open","ping_status":"closed","template":"","meta":{"_acf_changed":false},"product_brand":[10334],"product_cat":[10170,9944,10048,10196],"product_tag":[],"class_list":{"0":"post-142401","1":"product","2":"type-product","3":"status-publish","4":"has-post-thumbnail","6":"product_brand-cobra-fr","7":"product_cat-fournitures-pour-cabinet-accessoires-accessoires-pedicure","8":"product_cat-beaute-pedicure-instruments","9":"product_cat-soins-des-pieds-podologie-instruments-limes-pour-les-pieds","10":"product_cat-fournitures-pour-cabinet-instruments-limes-pour-les-pieds","12":"first","13":"instock","14":"taxable","15":"shipping-taxable","16":"product-type-simple"},"acf":[],"yoast_head":"<!-- This site is optimized with the Yoast SEO plugin v27.3 - https:\/\/yoast.com\/product\/yoast-seo-wordpress\/ -->\n<title>Cobra Lime en Verre Special Diabetic - Districos Webshop<\/title>\n<meta name=\"robots\" content=\"noindex, follow, max-snippet:-1, max-image-preview:large, max-video-preview:-1\" \/>\n<meta property=\"og:locale\" content=\"fr_FR\" \/>\n<meta property=\"og:type\" content=\"article\" \/>\n<meta property=\"og:title\" content=\"Cobra Lime en Verre Special Diabetic - Districos Webshop\" \/>\n<meta property=\"og:description\" content=\"Gr\u00e2ce \u00e0 sa douceur, la r\u00e2pe en verre de Cobra\u00ae est particuli\u00e8rement apte \u00e0 l\u2019enl\u00e8vement des callosit\u00e9s et de la peau corn\u00e9e sans douleur chez les diab\u00e9tiques. Elle est \u00e9galement conseill\u00e9e pour les zones douloureuses avec des crevasses et d\u2019autres zones sensibles ou difficiles \u00e0 limer. Elle s\u2019emploie aussi pour la finition des zones lim\u00e9es [&hellip;]\" \/>\n<meta property=\"og:url\" content=\"https:\/\/districos.standingout.be\/fr\/product\/cobra-lime-en-verre-special-diabetic-ref-8935-05\/\" \/>\n<meta property=\"og:site_name\" content=\"Districos Webshop\" \/>\n<meta property=\"article:modified_time\" content=\"2026-04-28T11:46:48+00:00\" \/>\n<meta name=\"twitter:card\" content=\"summary_large_image\" \/>\n<meta name=\"twitter:label1\" content=\"Dur\u00e9e de lecture estim\u00e9e\" \/>\n\t<meta name=\"twitter:data1\" content=\"1 minute\" \/>\n<script type=\"application\/ld+json\" class=\"yoast-schema-graph\">{\"@context\":\"https:\\\/\\\/schema.org\",\"@graph\":[{\"@type\":\"WebPage\",\"@id\":\"https:\\\/\\\/districos.standingout.be\\\/fr\\\/product\\\/cobra-lime-en-verre-special-diabetic-ref-8935-05\\\/\",\"url\":\"https:\\\/\\\/districos.standingout.be\\\/fr\\\/product\\\/cobra-lime-en-verre-special-diabetic-ref-8935-05\\\/\",\"name\":\"Cobra Lime en Verre Special Diabetic - Districos Webshop\",\"isPartOf\":{\"@id\":\"https:\\\/\\\/districos.standingout.be\\\/fr\\\/#website\"},\"primaryImageOfPage\":{\"@id\":\"https:\\\/\\\/districos.standingout.be\\\/fr\\\/product\\\/cobra-lime-en-verre-special-diabetic-ref-8935-05\\\/#primaryimage\"},\"image\":{\"@id\":\"https:\\\/\\\/districos.standingout.be\\\/fr\\\/product\\\/cobra-lime-en-verre-special-diabetic-ref-8935-05\\\/#primaryimage\"},\"thumbnailUrl\":\"https:\\\/\\\/districos.standingout.be\\\/wp-content\\\/uploads\\\/2025\\\/07\\\/8935.05@LowRes_1_0.png\",\"datePublished\":\"2026-04-28T11:46:46+00:00\",\"dateModified\":\"2026-04-28T11:46:48+00:00\",\"breadcrumb\":{\"@id\":\"https:\\\/\\\/districos.standingout.be\\\/fr\\\/product\\\/cobra-lime-en-verre-special-diabetic-ref-8935-05\\\/#breadcrumb\"},\"inLanguage\":\"fr-FR\",\"potentialAction\":[{\"@type\":\"ReadAction\",\"target\":[\"https:\\\/\\\/districos.standingout.be\\\/fr\\\/product\\\/cobra-lime-en-verre-special-diabetic-ref-8935-05\\\/\"]}]},{\"@type\":\"ImageObject\",\"inLanguage\":\"fr-FR\",\"@id\":\"https:\\\/\\\/districos.standingout.be\\\/fr\\\/product\\\/cobra-lime-en-verre-special-diabetic-ref-8935-05\\\/#primaryimage\",\"url\":\"https:\\\/\\\/districos.standingout.be\\\/wp-content\\\/uploads\\\/2025\\\/07\\\/8935.05@LowRes_1_0.png\",\"contentUrl\":\"https:\\\/\\\/districos.standingout.be\\\/wp-content\\\/uploads\\\/2025\\\/07\\\/8935.05@LowRes_1_0.png\",\"width\":600,\"height\":600},{\"@type\":\"BreadcrumbList\",\"@id\":\"https:\\\/\\\/districos.standingout.be\\\/fr\\\/product\\\/cobra-lime-en-verre-special-diabetic-ref-8935-05\\\/#breadcrumb\",\"itemListElement\":[{\"@type\":\"ListItem\",\"position\":1,\"name\":\"Home\",\"item\":\"https:\\\/\\\/districos.standingout.be\\\/fr\\\/bienvenue-chez-districos\\\/\"},{\"@type\":\"ListItem\",\"position\":2,\"name\":\"Boutique\",\"item\":\"https:\\\/\\\/districos.standingout.be\\\/fr\\\/boutique\\\/\"},{\"@type\":\"ListItem\",\"position\":3,\"name\":\"Cobra Lime en Verre Special Diabetic\"}]},{\"@type\":\"WebSite\",\"@id\":\"https:\\\/\\\/districos.standingout.be\\\/fr\\\/#website\",\"url\":\"https:\\\/\\\/districos.standingout.be\\\/fr\\\/\",\"name\":\"Districos Webshop\",\"description\":\"\",\"publisher\":{\"@id\":\"https:\\\/\\\/districos.standingout.be\\\/fr\\\/#organization\"},\"potentialAction\":[{\"@type\":\"SearchAction\",\"target\":{\"@type\":\"EntryPoint\",\"urlTemplate\":\"https:\\\/\\\/districos.standingout.be\\\/fr\\\/?s={search_term_string}\"},\"query-input\":{\"@type\":\"PropertyValueSpecification\",\"valueRequired\":true,\"valueName\":\"search_term_string\"}}],\"inLanguage\":\"fr-FR\"},{\"@type\":\"Organization\",\"@id\":\"https:\\\/\\\/districos.standingout.be\\\/fr\\\/#organization\",\"name\":\"Districos Webshop\",\"url\":\"https:\\\/\\\/districos.standingout.be\\\/fr\\\/\",\"logo\":{\"@type\":\"ImageObject\",\"inLanguage\":\"fr-FR\",\"@id\":\"https:\\\/\\\/districos.standingout.be\\\/fr\\\/#\\\/schema\\\/logo\\\/image\\\/\",\"url\":\"https:\\\/\\\/districos.standingout.be\\\/wp-content\\\/uploads\\\/2022\\\/09\\\/Districos_Logo_Webshop.svg\",\"contentUrl\":\"https:\\\/\\\/districos.standingout.be\\\/wp-content\\\/uploads\\\/2022\\\/09\\\/Districos_Logo_Webshop.svg\",\"caption\":\"Districos Webshop\"},\"image\":{\"@id\":\"https:\\\/\\\/districos.standingout.be\\\/fr\\\/#\\\/schema\\\/logo\\\/image\\\/\"}}]}<\/script>\n<!-- \/ Yoast SEO plugin. -->","yoast_head_json":{"title":"Cobra Lime en Verre Special Diabetic - Districos Webshop","robots":{"index":"noindex","follow":"follow","max-snippet":"max-snippet:-1","max-image-preview":"max-image-preview:large","max-video-preview":"max-video-preview:-1"},"og_locale":"fr_FR","og_type":"article","og_title":"Cobra Lime en Verre Special Diabetic - Districos Webshop","og_description":"Gr\u00e2ce \u00e0 sa douceur, la r\u00e2pe en verre de Cobra\u00ae est particuli\u00e8rement apte \u00e0 l\u2019enl\u00e8vement des callosit\u00e9s et de la peau corn\u00e9e sans douleur chez les diab\u00e9tiques. Elle est \u00e9galement conseill\u00e9e pour les zones douloureuses avec des crevasses et d\u2019autres zones sensibles ou difficiles \u00e0 limer. Elle s\u2019emploie aussi pour la finition des zones lim\u00e9es [&hellip;]","og_url":"https:\/\/districos.standingout.be\/fr\/product\/cobra-lime-en-verre-special-diabetic-ref-8935-05\/","og_site_name":"Districos Webshop","article_modified_time":"2026-04-28T11:46:48+00:00","twitter_card":"summary_large_image","twitter_misc":{"Dur\u00e9e de lecture estim\u00e9e":"1 minute"},"schema":{"@context":"https:\/\/schema.org","@graph":[{"@type":"WebPage","@id":"https:\/\/districos.standingout.be\/fr\/product\/cobra-lime-en-verre-special-diabetic-ref-8935-05\/","url":"https:\/\/districos.standingout.be\/fr\/product\/cobra-lime-en-verre-special-diabetic-ref-8935-05\/","name":"Cobra Lime en Verre Special Diabetic - Districos Webshop","isPartOf":{"@id":"https:\/\/districos.standingout.be\/fr\/#website"},"primaryImageOfPage":{"@id":"https:\/\/districos.standingout.be\/fr\/product\/cobra-lime-en-verre-special-diabetic-ref-8935-05\/#primaryimage"},"image":{"@id":"https:\/\/districos.standingout.be\/fr\/product\/cobra-lime-en-verre-special-diabetic-ref-8935-05\/#primaryimage"},"thumbnailUrl":"https:\/\/districos.standingout.be\/wp-content\/uploads\/2025\/07\/8935.05@LowRes_1_0.png","datePublished":"2026-04-28T11:46:46+00:00","dateModified":"2026-04-28T11:46:48+00:00","breadcrumb":{"@id":"https:\/\/districos.standingout.be\/fr\/product\/cobra-lime-en-verre-special-diabetic-ref-8935-05\/#breadcrumb"},"inLanguage":"fr-FR","potentialAction":[{"@type":"ReadAction","target":["https:\/\/districos.standingout.be\/fr\/product\/cobra-lime-en-verre-special-diabetic-ref-8935-05\/"]}]},{"@type":"ImageObject","inLanguage":"fr-FR","@id":"https:\/\/districos.standingout.be\/fr\/product\/cobra-lime-en-verre-special-diabetic-ref-8935-05\/#primaryimage","url":"https:\/\/districos.standingout.be\/wp-content\/uploads\/2025\/07\/8935.05@LowRes_1_0.png","contentUrl":"https:\/\/districos.standingout.be\/wp-content\/uploads\/2025\/07\/8935.05@LowRes_1_0.png","width":600,"height":600},{"@type":"BreadcrumbList","@id":"https:\/\/districos.standingout.be\/fr\/product\/cobra-lime-en-verre-special-diabetic-ref-8935-05\/#breadcrumb","itemListElement":[{"@type":"ListItem","position":1,"name":"Home","item":"https:\/\/districos.standingout.be\/fr\/bienvenue-chez-districos\/"},{"@type":"ListItem","position":2,"name":"Boutique","item":"https:\/\/districos.standingout.be\/fr\/boutique\/"},{"@type":"ListItem","position":3,"name":"Cobra Lime en Verre Special Diabetic"}]},{"@type":"WebSite","@id":"https:\/\/districos.standingout.be\/fr\/#website","url":"https:\/\/districos.standingout.be\/fr\/","name":"Districos Webshop","description":"","publisher":{"@id":"https:\/\/districos.standingout.be\/fr\/#organization"},"potentialAction":[{"@type":"SearchAction","target":{"@type":"EntryPoint","urlTemplate":"https:\/\/districos.standingout.be\/fr\/?s={search_term_string}"},"query-input":{"@type":"PropertyValueSpecification","valueRequired":true,"valueName":"search_term_string"}}],"inLanguage":"fr-FR"},{"@type":"Organization","@id":"https:\/\/districos.standingout.be\/fr\/#organization","name":"Districos Webshop","url":"https:\/\/districos.standingout.be\/fr\/","logo":{"@type":"ImageObject","inLanguage":"fr-FR","@id":"https:\/\/districos.standingout.be\/fr\/#\/schema\/logo\/image\/","url":"https:\/\/districos.standingout.be\/wp-content\/uploads\/2022\/09\/Districos_Logo_Webshop.svg","contentUrl":"https:\/\/districos.standingout.be\/wp-content\/uploads\/2022\/09\/Districos_Logo_Webshop.svg","caption":"Districos Webshop"},"image":{"@id":"https:\/\/districos.standingout.be\/fr\/#\/schema\/logo\/image\/"}}]}},"_links":{"self":[{"href":"https:\/\/districos.standingout.be\/fr\/wp-json\/wp\/v2\/product\/142401","targetHints":{"allow":["GET"]}}],"collection":[{"href":"https:\/\/districos.standingout.be\/fr\/wp-json\/wp\/v2\/product"}],"about":[{"href":"https:\/\/districos.standingout.be\/fr\/wp-json\/wp\/v2\/types\/product"}],"replies":[{"embeddable":true,"href":"https:\/\/districos.standingout.be\/fr\/wp-json\/wp\/v2\/comments?post=142401"}],"wp:featuredmedia":[{"embeddable":true,"href":"https:\/\/districos.standingout.be\/fr\/wp-json\/wp\/v2\/media\/85274"}],"wp:attachment":[{"href":"https:\/\/districos.standingout.be\/fr\/wp-json\/wp\/v2\/media?parent=142401"}],"wp:term":[{"taxonomy":"product_brand","embeddable":true,"href":"https:\/\/districos.standingout.be\/fr\/wp-json\/wp\/v2\/product_brand?post=142401"},{"taxonomy":"product_cat","embeddable":true,"href":"https:\/\/districos.standingout.be\/fr\/wp-json\/wp\/v2\/product_cat?post=142401"},{"taxonomy":"product_tag","embeddable":true,"href":"https:\/\/districos.standingout.be\/fr\/wp-json\/wp\/v2\/product_tag?post=142401"}],"curies":[{"name":"wp","href":"https:\/\/api.w.org\/{rel}","templated":true}]}}