{"id":142403,"date":"2026-04-28T13:46:49","date_gmt":"2026-04-28T11:46:49","guid":{"rendered":"https:\/\/webshopdistricoscom.webhosting.be\/product\/cobra-laser-rape-en-inox-ref-8935-11\/"},"modified":"2026-04-28T13:46:52","modified_gmt":"2026-04-28T11:46:52","slug":"cobra-laser-rape-en-inox-ref-8935-11","status":"publish","type":"product","link":"https:\/\/districos.standingout.be\/fr\/product\/cobra-laser-rape-en-inox-ref-8935-11\/","title":{"rendered":"Cobra Laser R\u00e2pe en Inox"},"content":{"rendered":"<p >\n<p dir=ltr>R\u00e2pe \u00e0 double face, coup\u00e9e au laser avec un manche ergonomique. R\u00e2pez d&rsquo;abord les callosit\u00e9s avec la face \u00e0 gros grain, finissez ensuite par la face \u00e0 fin grain. La peau sera imm\u00e9diatement souple et douce. Rincez la r\u00e2pe \u00e0 l\u2019eau chaude et d\u00e9sinfectez-la avec de l&rsquo;alcool \u00e0 80%. La qualit\u00e9 sup\u00e9rieure garantit une dur\u00e9e de vie prolong\u00e9e. En inox. <\/p>\n<p> Emballage : 1 pi\u00e8ce<\/p>\n<p> Longueur : 25 cm<\/p>\n<p> Surface r\u00e2pe : 11,5 cm<\/p><\/p>\n","protected":false},"excerpt":{"rendered":"<p>R\u00e2pe \u00e0 double face, coup\u00e9e au laser avec un manche ergonomique. R\u00e2pez d&rsquo;abord les callosit\u00e9s avec la face \u00e0 gros grain, finissez ensuite par la face \u00e0 fin grain. La peau sera imm\u00e9diatement souple et douce. Rincez la r\u00e2pe \u00e0 l\u2019eau chaude et d\u00e9sinfectez-la avec de l&rsquo;alcool \u00e0 80%. La qualit\u00e9 sup\u00e9rieure garantit une dur\u00e9e [&hellip;]<\/p>\n","protected":false},"featured_media":113735,"comment_status":"open","ping_status":"closed","template":"","meta":{"_acf_changed":false},"product_brand":[10334],"product_cat":[10170,9944,10048,10196],"product_tag":[],"class_list":{"0":"post-142403","1":"product","2":"type-product","3":"status-publish","4":"has-post-thumbnail","6":"product_brand-cobra-fr","7":"product_cat-fournitures-pour-cabinet-accessoires-accessoires-pedicure","8":"product_cat-beaute-pedicure-instruments","9":"product_cat-soins-des-pieds-podologie-instruments-limes-pour-les-pieds","10":"product_cat-fournitures-pour-cabinet-instruments-limes-pour-les-pieds","12":"first","13":"instock","14":"taxable","15":"shipping-taxable","16":"product-type-simple"},"acf":[],"yoast_head":"<!-- This site is optimized with the Yoast SEO plugin v27.3 - https:\/\/yoast.com\/product\/yoast-seo-wordpress\/ -->\n<title>Cobra Laser R\u00e2pe en Inox - Districos Webshop<\/title>\n<meta name=\"robots\" content=\"noindex, follow, max-snippet:-1, max-image-preview:large, max-video-preview:-1\" \/>\n<meta property=\"og:locale\" content=\"fr_FR\" \/>\n<meta property=\"og:type\" content=\"article\" \/>\n<meta property=\"og:title\" content=\"Cobra Laser R\u00e2pe en Inox - Districos Webshop\" \/>\n<meta property=\"og:description\" content=\"R\u00e2pe \u00e0 double face, coup\u00e9e au laser avec un manche ergonomique. R\u00e2pez d&rsquo;abord les callosit\u00e9s avec la face \u00e0 gros grain, finissez ensuite par la face \u00e0 fin grain. La peau sera imm\u00e9diatement souple et douce. Rincez la r\u00e2pe \u00e0 l\u2019eau chaude et d\u00e9sinfectez-la avec de l&rsquo;alcool \u00e0 80%. La qualit\u00e9 sup\u00e9rieure garantit une dur\u00e9e [&hellip;]\" \/>\n<meta property=\"og:url\" content=\"https:\/\/districos.standingout.be\/fr\/product\/cobra-laser-rape-en-inox-ref-8935-11\/\" \/>\n<meta property=\"og:site_name\" content=\"Districos Webshop\" \/>\n<meta property=\"article:modified_time\" content=\"2026-04-28T11:46:52+00:00\" \/>\n<meta name=\"twitter:card\" content=\"summary_large_image\" \/>\n<script type=\"application\/ld+json\" class=\"yoast-schema-graph\">{\"@context\":\"https:\\\/\\\/schema.org\",\"@graph\":[{\"@type\":\"WebPage\",\"@id\":\"https:\\\/\\\/districos.standingout.be\\\/fr\\\/product\\\/cobra-laser-rape-en-inox-ref-8935-11\\\/\",\"url\":\"https:\\\/\\\/districos.standingout.be\\\/fr\\\/product\\\/cobra-laser-rape-en-inox-ref-8935-11\\\/\",\"name\":\"Cobra Laser R\u00e2pe en Inox - Districos Webshop\",\"isPartOf\":{\"@id\":\"https:\\\/\\\/districos.standingout.be\\\/fr\\\/#website\"},\"primaryImageOfPage\":{\"@id\":\"https:\\\/\\\/districos.standingout.be\\\/fr\\\/product\\\/cobra-laser-rape-en-inox-ref-8935-11\\\/#primaryimage\"},\"image\":{\"@id\":\"https:\\\/\\\/districos.standingout.be\\\/fr\\\/product\\\/cobra-laser-rape-en-inox-ref-8935-11\\\/#primaryimage\"},\"thumbnailUrl\":\"https:\\\/\\\/districos.standingout.be\\\/wp-content\\\/uploads\\\/2026\\\/03\\\/8935.11@LowRes_1_0.png\",\"datePublished\":\"2026-04-28T11:46:49+00:00\",\"dateModified\":\"2026-04-28T11:46:52+00:00\",\"breadcrumb\":{\"@id\":\"https:\\\/\\\/districos.standingout.be\\\/fr\\\/product\\\/cobra-laser-rape-en-inox-ref-8935-11\\\/#breadcrumb\"},\"inLanguage\":\"fr-FR\",\"potentialAction\":[{\"@type\":\"ReadAction\",\"target\":[\"https:\\\/\\\/districos.standingout.be\\\/fr\\\/product\\\/cobra-laser-rape-en-inox-ref-8935-11\\\/\"]}]},{\"@type\":\"ImageObject\",\"inLanguage\":\"fr-FR\",\"@id\":\"https:\\\/\\\/districos.standingout.be\\\/fr\\\/product\\\/cobra-laser-rape-en-inox-ref-8935-11\\\/#primaryimage\",\"url\":\"https:\\\/\\\/districos.standingout.be\\\/wp-content\\\/uploads\\\/2026\\\/03\\\/8935.11@LowRes_1_0.png\",\"contentUrl\":\"https:\\\/\\\/districos.standingout.be\\\/wp-content\\\/uploads\\\/2026\\\/03\\\/8935.11@LowRes_1_0.png\",\"width\":600,\"height\":600},{\"@type\":\"BreadcrumbList\",\"@id\":\"https:\\\/\\\/districos.standingout.be\\\/fr\\\/product\\\/cobra-laser-rape-en-inox-ref-8935-11\\\/#breadcrumb\",\"itemListElement\":[{\"@type\":\"ListItem\",\"position\":1,\"name\":\"Home\",\"item\":\"https:\\\/\\\/districos.standingout.be\\\/fr\\\/bienvenue-chez-districos\\\/\"},{\"@type\":\"ListItem\",\"position\":2,\"name\":\"Boutique\",\"item\":\"https:\\\/\\\/districos.standingout.be\\\/fr\\\/boutique\\\/\"},{\"@type\":\"ListItem\",\"position\":3,\"name\":\"Cobra Laser R\u00e2pe en Inox\"}]},{\"@type\":\"WebSite\",\"@id\":\"https:\\\/\\\/districos.standingout.be\\\/fr\\\/#website\",\"url\":\"https:\\\/\\\/districos.standingout.be\\\/fr\\\/\",\"name\":\"Districos Webshop\",\"description\":\"\",\"publisher\":{\"@id\":\"https:\\\/\\\/districos.standingout.be\\\/fr\\\/#organization\"},\"potentialAction\":[{\"@type\":\"SearchAction\",\"target\":{\"@type\":\"EntryPoint\",\"urlTemplate\":\"https:\\\/\\\/districos.standingout.be\\\/fr\\\/?s={search_term_string}\"},\"query-input\":{\"@type\":\"PropertyValueSpecification\",\"valueRequired\":true,\"valueName\":\"search_term_string\"}}],\"inLanguage\":\"fr-FR\"},{\"@type\":\"Organization\",\"@id\":\"https:\\\/\\\/districos.standingout.be\\\/fr\\\/#organization\",\"name\":\"Districos Webshop\",\"url\":\"https:\\\/\\\/districos.standingout.be\\\/fr\\\/\",\"logo\":{\"@type\":\"ImageObject\",\"inLanguage\":\"fr-FR\",\"@id\":\"https:\\\/\\\/districos.standingout.be\\\/fr\\\/#\\\/schema\\\/logo\\\/image\\\/\",\"url\":\"https:\\\/\\\/districos.standingout.be\\\/wp-content\\\/uploads\\\/2022\\\/09\\\/Districos_Logo_Webshop.svg\",\"contentUrl\":\"https:\\\/\\\/districos.standingout.be\\\/wp-content\\\/uploads\\\/2022\\\/09\\\/Districos_Logo_Webshop.svg\",\"caption\":\"Districos Webshop\"},\"image\":{\"@id\":\"https:\\\/\\\/districos.standingout.be\\\/fr\\\/#\\\/schema\\\/logo\\\/image\\\/\"}}]}<\/script>\n<!-- \/ Yoast SEO plugin. -->","yoast_head_json":{"title":"Cobra Laser R\u00e2pe en Inox - Districos Webshop","robots":{"index":"noindex","follow":"follow","max-snippet":"max-snippet:-1","max-image-preview":"max-image-preview:large","max-video-preview":"max-video-preview:-1"},"og_locale":"fr_FR","og_type":"article","og_title":"Cobra Laser R\u00e2pe en Inox - Districos Webshop","og_description":"R\u00e2pe \u00e0 double face, coup\u00e9e au laser avec un manche ergonomique. R\u00e2pez d&rsquo;abord les callosit\u00e9s avec la face \u00e0 gros grain, finissez ensuite par la face \u00e0 fin grain. La peau sera imm\u00e9diatement souple et douce. Rincez la r\u00e2pe \u00e0 l\u2019eau chaude et d\u00e9sinfectez-la avec de l&rsquo;alcool \u00e0 80%. La qualit\u00e9 sup\u00e9rieure garantit une dur\u00e9e [&hellip;]","og_url":"https:\/\/districos.standingout.be\/fr\/product\/cobra-laser-rape-en-inox-ref-8935-11\/","og_site_name":"Districos Webshop","article_modified_time":"2026-04-28T11:46:52+00:00","twitter_card":"summary_large_image","schema":{"@context":"https:\/\/schema.org","@graph":[{"@type":"WebPage","@id":"https:\/\/districos.standingout.be\/fr\/product\/cobra-laser-rape-en-inox-ref-8935-11\/","url":"https:\/\/districos.standingout.be\/fr\/product\/cobra-laser-rape-en-inox-ref-8935-11\/","name":"Cobra Laser R\u00e2pe en Inox - Districos Webshop","isPartOf":{"@id":"https:\/\/districos.standingout.be\/fr\/#website"},"primaryImageOfPage":{"@id":"https:\/\/districos.standingout.be\/fr\/product\/cobra-laser-rape-en-inox-ref-8935-11\/#primaryimage"},"image":{"@id":"https:\/\/districos.standingout.be\/fr\/product\/cobra-laser-rape-en-inox-ref-8935-11\/#primaryimage"},"thumbnailUrl":"https:\/\/districos.standingout.be\/wp-content\/uploads\/2026\/03\/8935.11@LowRes_1_0.png","datePublished":"2026-04-28T11:46:49+00:00","dateModified":"2026-04-28T11:46:52+00:00","breadcrumb":{"@id":"https:\/\/districos.standingout.be\/fr\/product\/cobra-laser-rape-en-inox-ref-8935-11\/#breadcrumb"},"inLanguage":"fr-FR","potentialAction":[{"@type":"ReadAction","target":["https:\/\/districos.standingout.be\/fr\/product\/cobra-laser-rape-en-inox-ref-8935-11\/"]}]},{"@type":"ImageObject","inLanguage":"fr-FR","@id":"https:\/\/districos.standingout.be\/fr\/product\/cobra-laser-rape-en-inox-ref-8935-11\/#primaryimage","url":"https:\/\/districos.standingout.be\/wp-content\/uploads\/2026\/03\/8935.11@LowRes_1_0.png","contentUrl":"https:\/\/districos.standingout.be\/wp-content\/uploads\/2026\/03\/8935.11@LowRes_1_0.png","width":600,"height":600},{"@type":"BreadcrumbList","@id":"https:\/\/districos.standingout.be\/fr\/product\/cobra-laser-rape-en-inox-ref-8935-11\/#breadcrumb","itemListElement":[{"@type":"ListItem","position":1,"name":"Home","item":"https:\/\/districos.standingout.be\/fr\/bienvenue-chez-districos\/"},{"@type":"ListItem","position":2,"name":"Boutique","item":"https:\/\/districos.standingout.be\/fr\/boutique\/"},{"@type":"ListItem","position":3,"name":"Cobra Laser R\u00e2pe en Inox"}]},{"@type":"WebSite","@id":"https:\/\/districos.standingout.be\/fr\/#website","url":"https:\/\/districos.standingout.be\/fr\/","name":"Districos Webshop","description":"","publisher":{"@id":"https:\/\/districos.standingout.be\/fr\/#organization"},"potentialAction":[{"@type":"SearchAction","target":{"@type":"EntryPoint","urlTemplate":"https:\/\/districos.standingout.be\/fr\/?s={search_term_string}"},"query-input":{"@type":"PropertyValueSpecification","valueRequired":true,"valueName":"search_term_string"}}],"inLanguage":"fr-FR"},{"@type":"Organization","@id":"https:\/\/districos.standingout.be\/fr\/#organization","name":"Districos Webshop","url":"https:\/\/districos.standingout.be\/fr\/","logo":{"@type":"ImageObject","inLanguage":"fr-FR","@id":"https:\/\/districos.standingout.be\/fr\/#\/schema\/logo\/image\/","url":"https:\/\/districos.standingout.be\/wp-content\/uploads\/2022\/09\/Districos_Logo_Webshop.svg","contentUrl":"https:\/\/districos.standingout.be\/wp-content\/uploads\/2022\/09\/Districos_Logo_Webshop.svg","caption":"Districos Webshop"},"image":{"@id":"https:\/\/districos.standingout.be\/fr\/#\/schema\/logo\/image\/"}}]}},"_links":{"self":[{"href":"https:\/\/districos.standingout.be\/fr\/wp-json\/wp\/v2\/product\/142403","targetHints":{"allow":["GET"]}}],"collection":[{"href":"https:\/\/districos.standingout.be\/fr\/wp-json\/wp\/v2\/product"}],"about":[{"href":"https:\/\/districos.standingout.be\/fr\/wp-json\/wp\/v2\/types\/product"}],"replies":[{"embeddable":true,"href":"https:\/\/districos.standingout.be\/fr\/wp-json\/wp\/v2\/comments?post=142403"}],"wp:featuredmedia":[{"embeddable":true,"href":"https:\/\/districos.standingout.be\/fr\/wp-json\/wp\/v2\/media\/113735"}],"wp:attachment":[{"href":"https:\/\/districos.standingout.be\/fr\/wp-json\/wp\/v2\/media?parent=142403"}],"wp:term":[{"taxonomy":"product_brand","embeddable":true,"href":"https:\/\/districos.standingout.be\/fr\/wp-json\/wp\/v2\/product_brand?post=142403"},{"taxonomy":"product_cat","embeddable":true,"href":"https:\/\/districos.standingout.be\/fr\/wp-json\/wp\/v2\/product_cat?post=142403"},{"taxonomy":"product_tag","embeddable":true,"href":"https:\/\/districos.standingout.be\/fr\/wp-json\/wp\/v2\/product_tag?post=142403"}],"curies":[{"name":"wp","href":"https:\/\/api.w.org\/{rel}","templated":true}]}}