{"id":142405,"date":"2026-04-28T13:46:52","date_gmt":"2026-04-28T11:46:52","guid":{"rendered":"https:\/\/webshopdistricoscom.webhosting.be\/product\/cobra-lasersteri-rape-en-inox-ref-8935-12\/"},"modified":"2026-04-28T13:46:55","modified_gmt":"2026-04-28T11:46:55","slug":"cobra-lasersteri-rape-en-inox-ref-8935-12","status":"publish","type":"product","link":"https:\/\/districos.standingout.be\/fr\/product\/cobra-lasersteri-rape-en-inox-ref-8935-12\/","title":{"rendered":"Cobra LaserSteri R\u00e2pe en Inox"},"content":{"rendered":"<p >\n<\/p>\n<p dir=\"ltr\">Enlevez de mani\u00e8re s\u00fbre et indolore des callosit\u00e9s sans coupures avec cette r\u00e2pe \u00e0 double face, coup\u00e9e au laser. Le manche ergonomique permet une utilisation confortable. D\u00e9tachez la feuille abrasive utilis\u00e9e du manche et placez-la dans un appareil \u00e0 ultrasons pour la nettoyer. La qualit\u00e9 sup\u00e9rieure garantit une dur\u00e9e de vie prolong\u00e9e. Faite en inox. Livr\u00e9e avec 1 feuille abrasive rugueuse et 1 feuille abrasive fine. Aussi disponible s\u00e9par\u00e9ment. <\/p>\n<p dir=\"ltr\"><b>\u00c9galement disponible :<\/b><\/p>\n<p dir=\"ltr\">\n<p dir=\"ltr\">\n<ul>\n<li><span>Cobra LaserSteri R\u00e2pe en Inox (r\u00e9f. 8935.12)<\/span><\/li>\n<li><span>Cobra LaserSteri Applique Abrasive Rugueuse&nbsp;(r\u00e9f. 8935.121)<\/span><\/li>\n<li><span>Cobra LaserSteri Applique Abrasive Fine (r\u00e9f. 8935.122)<\/span><\/li>\n<li><span>Cobra LaserSteri PRO R\u00e2pe en Inox (r\u00e9f. 8935.13)<\/span><\/li>\n<li><span>Cobra LaserSteri PRO Applique Strong Cut (r\u00e9f. 8935.131)<\/span><\/li>\n<li><span>Cobra LaserSteri PRO Applique Medium Cut (r\u00e9f. 8935.132)<\/span><\/li>\n<\/ul>\n<div>D\u00e9couvrez tout sur la nouvelle m\u00e9thode pour enlever des callosit\u00e9s sur notre&nbsp;<u><a href=\"https:\/\/fr.districos.com\/2023\/08\/cobra-lasersteri-inox-voetvijlen.html\" target=\"_blank\" rel=\"noopener noreferrer nofollow\">blog<\/a><\/u>&nbsp;!<\/div><\/p>\n","protected":false},"excerpt":{"rendered":"<p>Enlevez de mani\u00e8re s\u00fbre et indolore des callosit\u00e9s sans coupures avec cette r\u00e2pe \u00e0 double face, coup\u00e9e au laser. Le manche ergonomique permet une utilisation confortable. D\u00e9tachez la feuille abrasive utilis\u00e9e du manche et placez-la dans un appareil \u00e0 ultrasons pour la nettoyer. La qualit\u00e9 sup\u00e9rieure garantit une dur\u00e9e de vie prolong\u00e9e. Faite en inox. [&hellip;]<\/p>\n","protected":false},"featured_media":85280,"comment_status":"open","ping_status":"closed","template":"","meta":{"_acf_changed":false},"product_brand":[10342],"product_cat":[10170,9944,10196,10048],"product_tag":[],"class_list":{"0":"post-142405","1":"product","2":"type-product","3":"status-publish","4":"has-post-thumbnail","6":"product_brand-cobra-steel-fr","7":"product_cat-fournitures-pour-cabinet-accessoires-accessoires-pedicure","8":"product_cat-beaute-pedicure-instruments","9":"product_cat-fournitures-pour-cabinet-instruments-limes-pour-les-pieds","10":"product_cat-soins-des-pieds-podologie-instruments-limes-pour-les-pieds","12":"first","13":"instock","14":"taxable","15":"shipping-taxable","16":"product-type-simple"},"acf":[],"yoast_head":"<!-- This site is optimized with the Yoast SEO plugin v27.3 - https:\/\/yoast.com\/product\/yoast-seo-wordpress\/ -->\n<title>Cobra LaserSteri R\u00e2pe en Inox - Districos Webshop<\/title>\n<meta name=\"robots\" content=\"noindex, follow, max-snippet:-1, max-image-preview:large, max-video-preview:-1\" \/>\n<meta property=\"og:locale\" content=\"fr_FR\" \/>\n<meta property=\"og:type\" content=\"article\" \/>\n<meta property=\"og:title\" content=\"Cobra LaserSteri R\u00e2pe en Inox - Districos Webshop\" \/>\n<meta property=\"og:description\" content=\"Enlevez de mani\u00e8re s\u00fbre et indolore des callosit\u00e9s sans coupures avec cette r\u00e2pe \u00e0 double face, coup\u00e9e au laser. Le manche ergonomique permet une utilisation confortable. D\u00e9tachez la feuille abrasive utilis\u00e9e du manche et placez-la dans un appareil \u00e0 ultrasons pour la nettoyer. La qualit\u00e9 sup\u00e9rieure garantit une dur\u00e9e de vie prolong\u00e9e. Faite en inox. [&hellip;]\" \/>\n<meta property=\"og:url\" content=\"https:\/\/districos.standingout.be\/fr\/product\/cobra-lasersteri-rape-en-inox-ref-8935-12\/\" \/>\n<meta property=\"og:site_name\" content=\"Districos Webshop\" \/>\n<meta property=\"article:modified_time\" content=\"2026-04-28T11:46:55+00:00\" \/>\n<meta name=\"twitter:card\" content=\"summary_large_image\" \/>\n<meta name=\"twitter:label1\" content=\"Dur\u00e9e de lecture estim\u00e9e\" \/>\n\t<meta name=\"twitter:data1\" content=\"1 minute\" \/>\n<script type=\"application\/ld+json\" class=\"yoast-schema-graph\">{\"@context\":\"https:\\\/\\\/schema.org\",\"@graph\":[{\"@type\":\"WebPage\",\"@id\":\"https:\\\/\\\/districos.standingout.be\\\/fr\\\/product\\\/cobra-lasersteri-rape-en-inox-ref-8935-12\\\/\",\"url\":\"https:\\\/\\\/districos.standingout.be\\\/fr\\\/product\\\/cobra-lasersteri-rape-en-inox-ref-8935-12\\\/\",\"name\":\"Cobra LaserSteri R\u00e2pe en Inox - Districos Webshop\",\"isPartOf\":{\"@id\":\"https:\\\/\\\/districos.standingout.be\\\/fr\\\/#website\"},\"primaryImageOfPage\":{\"@id\":\"https:\\\/\\\/districos.standingout.be\\\/fr\\\/product\\\/cobra-lasersteri-rape-en-inox-ref-8935-12\\\/#primaryimage\"},\"image\":{\"@id\":\"https:\\\/\\\/districos.standingout.be\\\/fr\\\/product\\\/cobra-lasersteri-rape-en-inox-ref-8935-12\\\/#primaryimage\"},\"thumbnailUrl\":\"https:\\\/\\\/districos.standingout.be\\\/wp-content\\\/uploads\\\/2025\\\/07\\\/8935.12@LowRes_1.png\",\"datePublished\":\"2026-04-28T11:46:52+00:00\",\"dateModified\":\"2026-04-28T11:46:55+00:00\",\"breadcrumb\":{\"@id\":\"https:\\\/\\\/districos.standingout.be\\\/fr\\\/product\\\/cobra-lasersteri-rape-en-inox-ref-8935-12\\\/#breadcrumb\"},\"inLanguage\":\"fr-FR\",\"potentialAction\":[{\"@type\":\"ReadAction\",\"target\":[\"https:\\\/\\\/districos.standingout.be\\\/fr\\\/product\\\/cobra-lasersteri-rape-en-inox-ref-8935-12\\\/\"]}]},{\"@type\":\"ImageObject\",\"inLanguage\":\"fr-FR\",\"@id\":\"https:\\\/\\\/districos.standingout.be\\\/fr\\\/product\\\/cobra-lasersteri-rape-en-inox-ref-8935-12\\\/#primaryimage\",\"url\":\"https:\\\/\\\/districos.standingout.be\\\/wp-content\\\/uploads\\\/2025\\\/07\\\/8935.12@LowRes_1.png\",\"contentUrl\":\"https:\\\/\\\/districos.standingout.be\\\/wp-content\\\/uploads\\\/2025\\\/07\\\/8935.12@LowRes_1.png\",\"width\":600,\"height\":600},{\"@type\":\"BreadcrumbList\",\"@id\":\"https:\\\/\\\/districos.standingout.be\\\/fr\\\/product\\\/cobra-lasersteri-rape-en-inox-ref-8935-12\\\/#breadcrumb\",\"itemListElement\":[{\"@type\":\"ListItem\",\"position\":1,\"name\":\"Home\",\"item\":\"https:\\\/\\\/districos.standingout.be\\\/fr\\\/bienvenue-chez-districos\\\/\"},{\"@type\":\"ListItem\",\"position\":2,\"name\":\"Boutique\",\"item\":\"https:\\\/\\\/districos.standingout.be\\\/fr\\\/boutique\\\/\"},{\"@type\":\"ListItem\",\"position\":3,\"name\":\"Cobra LaserSteri R\u00e2pe en Inox\"}]},{\"@type\":\"WebSite\",\"@id\":\"https:\\\/\\\/districos.standingout.be\\\/fr\\\/#website\",\"url\":\"https:\\\/\\\/districos.standingout.be\\\/fr\\\/\",\"name\":\"Districos Webshop\",\"description\":\"\",\"publisher\":{\"@id\":\"https:\\\/\\\/districos.standingout.be\\\/fr\\\/#organization\"},\"potentialAction\":[{\"@type\":\"SearchAction\",\"target\":{\"@type\":\"EntryPoint\",\"urlTemplate\":\"https:\\\/\\\/districos.standingout.be\\\/fr\\\/?s={search_term_string}\"},\"query-input\":{\"@type\":\"PropertyValueSpecification\",\"valueRequired\":true,\"valueName\":\"search_term_string\"}}],\"inLanguage\":\"fr-FR\"},{\"@type\":\"Organization\",\"@id\":\"https:\\\/\\\/districos.standingout.be\\\/fr\\\/#organization\",\"name\":\"Districos Webshop\",\"url\":\"https:\\\/\\\/districos.standingout.be\\\/fr\\\/\",\"logo\":{\"@type\":\"ImageObject\",\"inLanguage\":\"fr-FR\",\"@id\":\"https:\\\/\\\/districos.standingout.be\\\/fr\\\/#\\\/schema\\\/logo\\\/image\\\/\",\"url\":\"https:\\\/\\\/districos.standingout.be\\\/wp-content\\\/uploads\\\/2022\\\/09\\\/Districos_Logo_Webshop.svg\",\"contentUrl\":\"https:\\\/\\\/districos.standingout.be\\\/wp-content\\\/uploads\\\/2022\\\/09\\\/Districos_Logo_Webshop.svg\",\"caption\":\"Districos Webshop\"},\"image\":{\"@id\":\"https:\\\/\\\/districos.standingout.be\\\/fr\\\/#\\\/schema\\\/logo\\\/image\\\/\"}}]}<\/script>\n<!-- \/ Yoast SEO plugin. -->","yoast_head_json":{"title":"Cobra LaserSteri R\u00e2pe en Inox - Districos Webshop","robots":{"index":"noindex","follow":"follow","max-snippet":"max-snippet:-1","max-image-preview":"max-image-preview:large","max-video-preview":"max-video-preview:-1"},"og_locale":"fr_FR","og_type":"article","og_title":"Cobra LaserSteri R\u00e2pe en Inox - Districos Webshop","og_description":"Enlevez de mani\u00e8re s\u00fbre et indolore des callosit\u00e9s sans coupures avec cette r\u00e2pe \u00e0 double face, coup\u00e9e au laser. Le manche ergonomique permet une utilisation confortable. D\u00e9tachez la feuille abrasive utilis\u00e9e du manche et placez-la dans un appareil \u00e0 ultrasons pour la nettoyer. La qualit\u00e9 sup\u00e9rieure garantit une dur\u00e9e de vie prolong\u00e9e. Faite en inox. [&hellip;]","og_url":"https:\/\/districos.standingout.be\/fr\/product\/cobra-lasersteri-rape-en-inox-ref-8935-12\/","og_site_name":"Districos Webshop","article_modified_time":"2026-04-28T11:46:55+00:00","twitter_card":"summary_large_image","twitter_misc":{"Dur\u00e9e de lecture estim\u00e9e":"1 minute"},"schema":{"@context":"https:\/\/schema.org","@graph":[{"@type":"WebPage","@id":"https:\/\/districos.standingout.be\/fr\/product\/cobra-lasersteri-rape-en-inox-ref-8935-12\/","url":"https:\/\/districos.standingout.be\/fr\/product\/cobra-lasersteri-rape-en-inox-ref-8935-12\/","name":"Cobra LaserSteri R\u00e2pe en Inox - Districos Webshop","isPartOf":{"@id":"https:\/\/districos.standingout.be\/fr\/#website"},"primaryImageOfPage":{"@id":"https:\/\/districos.standingout.be\/fr\/product\/cobra-lasersteri-rape-en-inox-ref-8935-12\/#primaryimage"},"image":{"@id":"https:\/\/districos.standingout.be\/fr\/product\/cobra-lasersteri-rape-en-inox-ref-8935-12\/#primaryimage"},"thumbnailUrl":"https:\/\/districos.standingout.be\/wp-content\/uploads\/2025\/07\/8935.12@LowRes_1.png","datePublished":"2026-04-28T11:46:52+00:00","dateModified":"2026-04-28T11:46:55+00:00","breadcrumb":{"@id":"https:\/\/districos.standingout.be\/fr\/product\/cobra-lasersteri-rape-en-inox-ref-8935-12\/#breadcrumb"},"inLanguage":"fr-FR","potentialAction":[{"@type":"ReadAction","target":["https:\/\/districos.standingout.be\/fr\/product\/cobra-lasersteri-rape-en-inox-ref-8935-12\/"]}]},{"@type":"ImageObject","inLanguage":"fr-FR","@id":"https:\/\/districos.standingout.be\/fr\/product\/cobra-lasersteri-rape-en-inox-ref-8935-12\/#primaryimage","url":"https:\/\/districos.standingout.be\/wp-content\/uploads\/2025\/07\/8935.12@LowRes_1.png","contentUrl":"https:\/\/districos.standingout.be\/wp-content\/uploads\/2025\/07\/8935.12@LowRes_1.png","width":600,"height":600},{"@type":"BreadcrumbList","@id":"https:\/\/districos.standingout.be\/fr\/product\/cobra-lasersteri-rape-en-inox-ref-8935-12\/#breadcrumb","itemListElement":[{"@type":"ListItem","position":1,"name":"Home","item":"https:\/\/districos.standingout.be\/fr\/bienvenue-chez-districos\/"},{"@type":"ListItem","position":2,"name":"Boutique","item":"https:\/\/districos.standingout.be\/fr\/boutique\/"},{"@type":"ListItem","position":3,"name":"Cobra LaserSteri R\u00e2pe en Inox"}]},{"@type":"WebSite","@id":"https:\/\/districos.standingout.be\/fr\/#website","url":"https:\/\/districos.standingout.be\/fr\/","name":"Districos Webshop","description":"","publisher":{"@id":"https:\/\/districos.standingout.be\/fr\/#organization"},"potentialAction":[{"@type":"SearchAction","target":{"@type":"EntryPoint","urlTemplate":"https:\/\/districos.standingout.be\/fr\/?s={search_term_string}"},"query-input":{"@type":"PropertyValueSpecification","valueRequired":true,"valueName":"search_term_string"}}],"inLanguage":"fr-FR"},{"@type":"Organization","@id":"https:\/\/districos.standingout.be\/fr\/#organization","name":"Districos Webshop","url":"https:\/\/districos.standingout.be\/fr\/","logo":{"@type":"ImageObject","inLanguage":"fr-FR","@id":"https:\/\/districos.standingout.be\/fr\/#\/schema\/logo\/image\/","url":"https:\/\/districos.standingout.be\/wp-content\/uploads\/2022\/09\/Districos_Logo_Webshop.svg","contentUrl":"https:\/\/districos.standingout.be\/wp-content\/uploads\/2022\/09\/Districos_Logo_Webshop.svg","caption":"Districos Webshop"},"image":{"@id":"https:\/\/districos.standingout.be\/fr\/#\/schema\/logo\/image\/"}}]}},"_links":{"self":[{"href":"https:\/\/districos.standingout.be\/fr\/wp-json\/wp\/v2\/product\/142405","targetHints":{"allow":["GET"]}}],"collection":[{"href":"https:\/\/districos.standingout.be\/fr\/wp-json\/wp\/v2\/product"}],"about":[{"href":"https:\/\/districos.standingout.be\/fr\/wp-json\/wp\/v2\/types\/product"}],"replies":[{"embeddable":true,"href":"https:\/\/districos.standingout.be\/fr\/wp-json\/wp\/v2\/comments?post=142405"}],"wp:featuredmedia":[{"embeddable":true,"href":"https:\/\/districos.standingout.be\/fr\/wp-json\/wp\/v2\/media\/85280"}],"wp:attachment":[{"href":"https:\/\/districos.standingout.be\/fr\/wp-json\/wp\/v2\/media?parent=142405"}],"wp:term":[{"taxonomy":"product_brand","embeddable":true,"href":"https:\/\/districos.standingout.be\/fr\/wp-json\/wp\/v2\/product_brand?post=142405"},{"taxonomy":"product_cat","embeddable":true,"href":"https:\/\/districos.standingout.be\/fr\/wp-json\/wp\/v2\/product_cat?post=142405"},{"taxonomy":"product_tag","embeddable":true,"href":"https:\/\/districos.standingout.be\/fr\/wp-json\/wp\/v2\/product_tag?post=142405"}],"curies":[{"name":"wp","href":"https:\/\/api.w.org\/{rel}","templated":true}]}}