{"id":142417,"date":"2026-04-28T13:47:19","date_gmt":"2026-04-28T11:47:19","guid":{"rendered":"https:\/\/webshopdistricoscom.webhosting.be\/product\/cobra-hygipro-rape-en-inox-20-feuilles-abrasives-ref-8935-22\/"},"modified":"2026-04-28T13:47:24","modified_gmt":"2026-04-28T11:47:24","slug":"cobra-hygipro-rape-en-inox-20-feuilles-abrasives-ref-8935-22","status":"publish","type":"product","link":"https:\/\/districos.standingout.be\/fr\/product\/cobra-hygipro-rape-en-inox-20-feuilles-abrasives-ref-8935-22\/","title":{"rendered":"Cobra Hygipro R\u00e2pe en Inox + 20 Feuilles Abrasives"},"content":{"rendered":"<p >\n<p dir=ltr>Porte-r\u00e2pe professionnel avec 20 feuilles abrasives autocollantes et rempla\u00e7ables (10 x grain 80 et 10 x grain 150). 100% hygi\u00e9nique. Le manche ergonomique permet une utilisation confortable. R\u00e2pez tout d&rsquo;abord les callosit\u00e9s avec la face \u00e0 grain 80, ensuite finissez par la face \u00e0 grain 150. La peau sera imm\u00e9diatement souple et douce. Le manche est fabriqu\u00e9 en inox et peut \u00eatre st\u00e9rilis\u00e9. La qualit\u00e9 sup\u00e9rieure garantit une dur\u00e9e de vie prolong\u00e9e. Feuilles abrasives \u00e9galement disponibles s\u00e9par\u00e9ment ! <\/p>\n<p> Emballage : 1 r\u00e2pe + 20 feuilles abrasives<\/p>\n<p> Longueur : 21,5 cm. Surface r\u00e2pe : 10,5 cm<\/p>\n<p> Feuilles abrasives aussi disponibles s\u00e9par\u00e9ment. <\/p><\/p>\n","protected":false},"excerpt":{"rendered":"<p>Porte-r\u00e2pe professionnel avec 20 feuilles abrasives autocollantes et rempla\u00e7ables (10 x grain 80 et 10 x grain 150). 100% hygi\u00e9nique. Le manche ergonomique permet une utilisation confortable. R\u00e2pez tout d&rsquo;abord les callosit\u00e9s avec la face \u00e0 grain 80, ensuite finissez par la face \u00e0 grain 150. La peau sera imm\u00e9diatement souple et douce. Le manche [&hellip;]<\/p>\n","protected":false},"featured_media":113744,"comment_status":"open","ping_status":"closed","template":"","meta":{"_acf_changed":false},"product_brand":[10334],"product_cat":[10170,9944,10196,10048],"product_tag":[],"class_list":{"0":"post-142417","1":"product","2":"type-product","3":"status-publish","4":"has-post-thumbnail","6":"product_brand-cobra-fr","7":"product_cat-fournitures-pour-cabinet-accessoires-accessoires-pedicure","8":"product_cat-beaute-pedicure-instruments","9":"product_cat-fournitures-pour-cabinet-instruments-limes-pour-les-pieds","10":"product_cat-soins-des-pieds-podologie-instruments-limes-pour-les-pieds","12":"first","13":"instock","14":"taxable","15":"shipping-taxable","16":"product-type-simple"},"acf":[],"yoast_head":"<!-- This site is optimized with the Yoast SEO plugin v27.3 - https:\/\/yoast.com\/product\/yoast-seo-wordpress\/ -->\n<title>Cobra Hygipro R\u00e2pe en Inox + 20 Feuilles Abrasives - Districos Webshop<\/title>\n<meta name=\"robots\" content=\"noindex, follow, max-snippet:-1, max-image-preview:large, max-video-preview:-1\" \/>\n<meta property=\"og:locale\" content=\"fr_FR\" \/>\n<meta property=\"og:type\" content=\"article\" \/>\n<meta property=\"og:title\" content=\"Cobra Hygipro R\u00e2pe en Inox + 20 Feuilles Abrasives - Districos Webshop\" \/>\n<meta property=\"og:description\" content=\"Porte-r\u00e2pe professionnel avec 20 feuilles abrasives autocollantes et rempla\u00e7ables (10 x grain 80 et 10 x grain 150). 100% hygi\u00e9nique. Le manche ergonomique permet une utilisation confortable. R\u00e2pez tout d&rsquo;abord les callosit\u00e9s avec la face \u00e0 grain 80, ensuite finissez par la face \u00e0 grain 150. La peau sera imm\u00e9diatement souple et douce. Le manche [&hellip;]\" \/>\n<meta property=\"og:url\" content=\"https:\/\/districos.standingout.be\/fr\/product\/cobra-hygipro-rape-en-inox-20-feuilles-abrasives-ref-8935-22\/\" \/>\n<meta property=\"og:site_name\" content=\"Districos Webshop\" \/>\n<meta property=\"article:modified_time\" content=\"2026-04-28T11:47:24+00:00\" \/>\n<meta name=\"twitter:card\" content=\"summary_large_image\" \/>\n<script type=\"application\/ld+json\" class=\"yoast-schema-graph\">{\"@context\":\"https:\\\/\\\/schema.org\",\"@graph\":[{\"@type\":\"WebPage\",\"@id\":\"https:\\\/\\\/districos.standingout.be\\\/fr\\\/product\\\/cobra-hygipro-rape-en-inox-20-feuilles-abrasives-ref-8935-22\\\/\",\"url\":\"https:\\\/\\\/districos.standingout.be\\\/fr\\\/product\\\/cobra-hygipro-rape-en-inox-20-feuilles-abrasives-ref-8935-22\\\/\",\"name\":\"Cobra Hygipro R\u00e2pe en Inox + 20 Feuilles Abrasives - Districos Webshop\",\"isPartOf\":{\"@id\":\"https:\\\/\\\/districos.standingout.be\\\/fr\\\/#website\"},\"primaryImageOfPage\":{\"@id\":\"https:\\\/\\\/districos.standingout.be\\\/fr\\\/product\\\/cobra-hygipro-rape-en-inox-20-feuilles-abrasives-ref-8935-22\\\/#primaryimage\"},\"image\":{\"@id\":\"https:\\\/\\\/districos.standingout.be\\\/fr\\\/product\\\/cobra-hygipro-rape-en-inox-20-feuilles-abrasives-ref-8935-22\\\/#primaryimage\"},\"thumbnailUrl\":\"https:\\\/\\\/districos.standingout.be\\\/wp-content\\\/uploads\\\/2026\\\/03\\\/8935.22@LowRes_1_0.png\",\"datePublished\":\"2026-04-28T11:47:19+00:00\",\"dateModified\":\"2026-04-28T11:47:24+00:00\",\"breadcrumb\":{\"@id\":\"https:\\\/\\\/districos.standingout.be\\\/fr\\\/product\\\/cobra-hygipro-rape-en-inox-20-feuilles-abrasives-ref-8935-22\\\/#breadcrumb\"},\"inLanguage\":\"fr-FR\",\"potentialAction\":[{\"@type\":\"ReadAction\",\"target\":[\"https:\\\/\\\/districos.standingout.be\\\/fr\\\/product\\\/cobra-hygipro-rape-en-inox-20-feuilles-abrasives-ref-8935-22\\\/\"]}]},{\"@type\":\"ImageObject\",\"inLanguage\":\"fr-FR\",\"@id\":\"https:\\\/\\\/districos.standingout.be\\\/fr\\\/product\\\/cobra-hygipro-rape-en-inox-20-feuilles-abrasives-ref-8935-22\\\/#primaryimage\",\"url\":\"https:\\\/\\\/districos.standingout.be\\\/wp-content\\\/uploads\\\/2026\\\/03\\\/8935.22@LowRes_1_0.png\",\"contentUrl\":\"https:\\\/\\\/districos.standingout.be\\\/wp-content\\\/uploads\\\/2026\\\/03\\\/8935.22@LowRes_1_0.png\",\"width\":600,\"height\":600},{\"@type\":\"BreadcrumbList\",\"@id\":\"https:\\\/\\\/districos.standingout.be\\\/fr\\\/product\\\/cobra-hygipro-rape-en-inox-20-feuilles-abrasives-ref-8935-22\\\/#breadcrumb\",\"itemListElement\":[{\"@type\":\"ListItem\",\"position\":1,\"name\":\"Home\",\"item\":\"https:\\\/\\\/districos.standingout.be\\\/fr\\\/bienvenue-chez-districos\\\/\"},{\"@type\":\"ListItem\",\"position\":2,\"name\":\"Boutique\",\"item\":\"https:\\\/\\\/districos.standingout.be\\\/fr\\\/boutique\\\/\"},{\"@type\":\"ListItem\",\"position\":3,\"name\":\"Cobra Hygipro R\u00e2pe en Inox + 20 Feuilles Abrasives\"}]},{\"@type\":\"WebSite\",\"@id\":\"https:\\\/\\\/districos.standingout.be\\\/fr\\\/#website\",\"url\":\"https:\\\/\\\/districos.standingout.be\\\/fr\\\/\",\"name\":\"Districos Webshop\",\"description\":\"\",\"publisher\":{\"@id\":\"https:\\\/\\\/districos.standingout.be\\\/fr\\\/#organization\"},\"potentialAction\":[{\"@type\":\"SearchAction\",\"target\":{\"@type\":\"EntryPoint\",\"urlTemplate\":\"https:\\\/\\\/districos.standingout.be\\\/fr\\\/?s={search_term_string}\"},\"query-input\":{\"@type\":\"PropertyValueSpecification\",\"valueRequired\":true,\"valueName\":\"search_term_string\"}}],\"inLanguage\":\"fr-FR\"},{\"@type\":\"Organization\",\"@id\":\"https:\\\/\\\/districos.standingout.be\\\/fr\\\/#organization\",\"name\":\"Districos Webshop\",\"url\":\"https:\\\/\\\/districos.standingout.be\\\/fr\\\/\",\"logo\":{\"@type\":\"ImageObject\",\"inLanguage\":\"fr-FR\",\"@id\":\"https:\\\/\\\/districos.standingout.be\\\/fr\\\/#\\\/schema\\\/logo\\\/image\\\/\",\"url\":\"https:\\\/\\\/districos.standingout.be\\\/wp-content\\\/uploads\\\/2022\\\/09\\\/Districos_Logo_Webshop.svg\",\"contentUrl\":\"https:\\\/\\\/districos.standingout.be\\\/wp-content\\\/uploads\\\/2022\\\/09\\\/Districos_Logo_Webshop.svg\",\"caption\":\"Districos Webshop\"},\"image\":{\"@id\":\"https:\\\/\\\/districos.standingout.be\\\/fr\\\/#\\\/schema\\\/logo\\\/image\\\/\"}}]}<\/script>\n<!-- \/ Yoast SEO plugin. -->","yoast_head_json":{"title":"Cobra Hygipro R\u00e2pe en Inox + 20 Feuilles Abrasives - Districos Webshop","robots":{"index":"noindex","follow":"follow","max-snippet":"max-snippet:-1","max-image-preview":"max-image-preview:large","max-video-preview":"max-video-preview:-1"},"og_locale":"fr_FR","og_type":"article","og_title":"Cobra Hygipro R\u00e2pe en Inox + 20 Feuilles Abrasives - Districos Webshop","og_description":"Porte-r\u00e2pe professionnel avec 20 feuilles abrasives autocollantes et rempla\u00e7ables (10 x grain 80 et 10 x grain 150). 100% hygi\u00e9nique. Le manche ergonomique permet une utilisation confortable. R\u00e2pez tout d&rsquo;abord les callosit\u00e9s avec la face \u00e0 grain 80, ensuite finissez par la face \u00e0 grain 150. La peau sera imm\u00e9diatement souple et douce. Le manche [&hellip;]","og_url":"https:\/\/districos.standingout.be\/fr\/product\/cobra-hygipro-rape-en-inox-20-feuilles-abrasives-ref-8935-22\/","og_site_name":"Districos Webshop","article_modified_time":"2026-04-28T11:47:24+00:00","twitter_card":"summary_large_image","schema":{"@context":"https:\/\/schema.org","@graph":[{"@type":"WebPage","@id":"https:\/\/districos.standingout.be\/fr\/product\/cobra-hygipro-rape-en-inox-20-feuilles-abrasives-ref-8935-22\/","url":"https:\/\/districos.standingout.be\/fr\/product\/cobra-hygipro-rape-en-inox-20-feuilles-abrasives-ref-8935-22\/","name":"Cobra Hygipro R\u00e2pe en Inox + 20 Feuilles Abrasives - Districos Webshop","isPartOf":{"@id":"https:\/\/districos.standingout.be\/fr\/#website"},"primaryImageOfPage":{"@id":"https:\/\/districos.standingout.be\/fr\/product\/cobra-hygipro-rape-en-inox-20-feuilles-abrasives-ref-8935-22\/#primaryimage"},"image":{"@id":"https:\/\/districos.standingout.be\/fr\/product\/cobra-hygipro-rape-en-inox-20-feuilles-abrasives-ref-8935-22\/#primaryimage"},"thumbnailUrl":"https:\/\/districos.standingout.be\/wp-content\/uploads\/2026\/03\/8935.22@LowRes_1_0.png","datePublished":"2026-04-28T11:47:19+00:00","dateModified":"2026-04-28T11:47:24+00:00","breadcrumb":{"@id":"https:\/\/districos.standingout.be\/fr\/product\/cobra-hygipro-rape-en-inox-20-feuilles-abrasives-ref-8935-22\/#breadcrumb"},"inLanguage":"fr-FR","potentialAction":[{"@type":"ReadAction","target":["https:\/\/districos.standingout.be\/fr\/product\/cobra-hygipro-rape-en-inox-20-feuilles-abrasives-ref-8935-22\/"]}]},{"@type":"ImageObject","inLanguage":"fr-FR","@id":"https:\/\/districos.standingout.be\/fr\/product\/cobra-hygipro-rape-en-inox-20-feuilles-abrasives-ref-8935-22\/#primaryimage","url":"https:\/\/districos.standingout.be\/wp-content\/uploads\/2026\/03\/8935.22@LowRes_1_0.png","contentUrl":"https:\/\/districos.standingout.be\/wp-content\/uploads\/2026\/03\/8935.22@LowRes_1_0.png","width":600,"height":600},{"@type":"BreadcrumbList","@id":"https:\/\/districos.standingout.be\/fr\/product\/cobra-hygipro-rape-en-inox-20-feuilles-abrasives-ref-8935-22\/#breadcrumb","itemListElement":[{"@type":"ListItem","position":1,"name":"Home","item":"https:\/\/districos.standingout.be\/fr\/bienvenue-chez-districos\/"},{"@type":"ListItem","position":2,"name":"Boutique","item":"https:\/\/districos.standingout.be\/fr\/boutique\/"},{"@type":"ListItem","position":3,"name":"Cobra Hygipro R\u00e2pe en Inox + 20 Feuilles Abrasives"}]},{"@type":"WebSite","@id":"https:\/\/districos.standingout.be\/fr\/#website","url":"https:\/\/districos.standingout.be\/fr\/","name":"Districos Webshop","description":"","publisher":{"@id":"https:\/\/districos.standingout.be\/fr\/#organization"},"potentialAction":[{"@type":"SearchAction","target":{"@type":"EntryPoint","urlTemplate":"https:\/\/districos.standingout.be\/fr\/?s={search_term_string}"},"query-input":{"@type":"PropertyValueSpecification","valueRequired":true,"valueName":"search_term_string"}}],"inLanguage":"fr-FR"},{"@type":"Organization","@id":"https:\/\/districos.standingout.be\/fr\/#organization","name":"Districos Webshop","url":"https:\/\/districos.standingout.be\/fr\/","logo":{"@type":"ImageObject","inLanguage":"fr-FR","@id":"https:\/\/districos.standingout.be\/fr\/#\/schema\/logo\/image\/","url":"https:\/\/districos.standingout.be\/wp-content\/uploads\/2022\/09\/Districos_Logo_Webshop.svg","contentUrl":"https:\/\/districos.standingout.be\/wp-content\/uploads\/2022\/09\/Districos_Logo_Webshop.svg","caption":"Districos Webshop"},"image":{"@id":"https:\/\/districos.standingout.be\/fr\/#\/schema\/logo\/image\/"}}]}},"_links":{"self":[{"href":"https:\/\/districos.standingout.be\/fr\/wp-json\/wp\/v2\/product\/142417","targetHints":{"allow":["GET"]}}],"collection":[{"href":"https:\/\/districos.standingout.be\/fr\/wp-json\/wp\/v2\/product"}],"about":[{"href":"https:\/\/districos.standingout.be\/fr\/wp-json\/wp\/v2\/types\/product"}],"replies":[{"embeddable":true,"href":"https:\/\/districos.standingout.be\/fr\/wp-json\/wp\/v2\/comments?post=142417"}],"wp:featuredmedia":[{"embeddable":true,"href":"https:\/\/districos.standingout.be\/fr\/wp-json\/wp\/v2\/media\/113744"}],"wp:attachment":[{"href":"https:\/\/districos.standingout.be\/fr\/wp-json\/wp\/v2\/media?parent=142417"}],"wp:term":[{"taxonomy":"product_brand","embeddable":true,"href":"https:\/\/districos.standingout.be\/fr\/wp-json\/wp\/v2\/product_brand?post=142417"},{"taxonomy":"product_cat","embeddable":true,"href":"https:\/\/districos.standingout.be\/fr\/wp-json\/wp\/v2\/product_cat?post=142417"},{"taxonomy":"product_tag","embeddable":true,"href":"https:\/\/districos.standingout.be\/fr\/wp-json\/wp\/v2\/product_tag?post=142417"}],"curies":[{"name":"wp","href":"https:\/\/api.w.org\/{rel}","templated":true}]}}