{"id":142423,"date":"2026-04-28T13:47:33","date_gmt":"2026-04-28T11:47:33","guid":{"rendered":"https:\/\/webshopdistricoscom.webhosting.be\/product\/cobra-rape-double-face-en-inox-sterilisable-ref-8935-40\/"},"modified":"2026-04-28T13:47:37","modified_gmt":"2026-04-28T11:47:37","slug":"cobra-rape-double-face-en-inox-sterilisable-ref-8935-40","status":"publish","type":"product","link":"https:\/\/districos.standingout.be\/fr\/product\/cobra-rape-double-face-en-inox-sterilisable-ref-8935-40\/","title":{"rendered":"Cobra R\u00e2pe Double Face en inox St\u00e9rilisable"},"content":{"rendered":"<p >\n<\/p>\n<\/p>\n<p data-start=\"60\" data-end=\"135\"><strong data-start=\"60\" data-end=\"135\">R\u00e2pe p\u00e9dicure inox double face Cobra \u2013 Puissante, Hygi\u00e9nique et Durable<\/strong><\/p>\n<p data-start=\"137\" data-end=\"381\">Offrez-vous un soin des pieds professionnel avec la <b>r\u00e2pe p\u00e9dicure inox double face Cobra<\/b>. Enti\u00e8rement fabriqu\u00e9e en acier inoxydable de haute qualit\u00e9, cette r\u00e2pe robuste tient parfaitement en main et assure un traitement efficace et confortable.<\/p>\n<p data-start=\"383\" data-end=\"656\">Gr\u00e2ce \u00e0 ses <b>deux surfaces abrasives laser<\/b> \u2013 une rugueuse et une plus douce \u2013 elle \u00e9limine sans effort m\u00eame les peaux les plus dures et les callosit\u00e9s \u00e9paisses. Le traitement au laser garantit non seulement une performance optimale, mais aussi une durabilit\u00e9 exceptionnelle.<\/p>\n<p dir=\"ltr\">\n<p data-start=\"658\" data-end=\"859\">L\u2019hygi\u00e8ne avant tout : cette r\u00e2pe est <b>enti\u00e8rement d\u00e9sinfectable, st\u00e9rilisable et compatible avec l\u2019autoclave<\/b>, ce qui en fait un outil id\u00e9al pour une utilisation professionnelle en cabinet de p\u00e9dicurie.<\/p><\/p>\n","protected":false},"excerpt":{"rendered":"<p>R\u00e2pe p\u00e9dicure inox double face Cobra \u2013 Puissante, Hygi\u00e9nique et Durable Offrez-vous un soin des pieds professionnel avec la r\u00e2pe p\u00e9dicure inox double face Cobra. Enti\u00e8rement fabriqu\u00e9e en acier inoxydable de haute qualit\u00e9, cette r\u00e2pe robuste tient parfaitement en main et assure un traitement efficace et confortable. Gr\u00e2ce \u00e0 ses deux surfaces abrasives laser \u2013 [&hellip;]<\/p>\n","protected":false},"featured_media":148850,"comment_status":"open","ping_status":"closed","template":"","meta":{"_acf_changed":false},"product_brand":[10342],"product_cat":[10170,9944,10048,10196],"product_tag":[],"class_list":{"0":"post-142423","1":"product","2":"type-product","3":"status-publish","4":"has-post-thumbnail","6":"product_brand-cobra-steel-fr","7":"product_cat-fournitures-pour-cabinet-accessoires-accessoires-pedicure","8":"product_cat-beaute-pedicure-instruments","9":"product_cat-soins-des-pieds-podologie-instruments-limes-pour-les-pieds","10":"product_cat-fournitures-pour-cabinet-instruments-limes-pour-les-pieds","12":"first","13":"instock","14":"taxable","15":"shipping-taxable","16":"product-type-simple"},"acf":[],"yoast_head":"<!-- This site is optimized with the Yoast SEO plugin v27.3 - https:\/\/yoast.com\/product\/yoast-seo-wordpress\/ -->\n<title>Cobra R\u00e2pe Double Face en inox St\u00e9rilisable - Districos Webshop<\/title>\n<meta name=\"robots\" content=\"noindex, follow, max-snippet:-1, max-image-preview:large, max-video-preview:-1\" \/>\n<meta property=\"og:locale\" content=\"fr_FR\" \/>\n<meta property=\"og:type\" content=\"article\" \/>\n<meta property=\"og:title\" content=\"Cobra R\u00e2pe Double Face en inox St\u00e9rilisable - Districos Webshop\" \/>\n<meta property=\"og:description\" content=\"R\u00e2pe p\u00e9dicure inox double face Cobra \u2013 Puissante, Hygi\u00e9nique et Durable Offrez-vous un soin des pieds professionnel avec la r\u00e2pe p\u00e9dicure inox double face Cobra. Enti\u00e8rement fabriqu\u00e9e en acier inoxydable de haute qualit\u00e9, cette r\u00e2pe robuste tient parfaitement en main et assure un traitement efficace et confortable. Gr\u00e2ce \u00e0 ses deux surfaces abrasives laser \u2013 [&hellip;]\" \/>\n<meta property=\"og:url\" content=\"https:\/\/districos.standingout.be\/fr\/product\/cobra-rape-double-face-en-inox-sterilisable-ref-8935-40\/\" \/>\n<meta property=\"og:site_name\" content=\"Districos Webshop\" \/>\n<meta property=\"article:modified_time\" content=\"2026-04-28T11:47:37+00:00\" \/>\n<meta name=\"twitter:card\" content=\"summary_large_image\" \/>\n<meta name=\"twitter:label1\" content=\"Dur\u00e9e de lecture estim\u00e9e\" \/>\n\t<meta name=\"twitter:data1\" content=\"1 minute\" \/>\n<script type=\"application\/ld+json\" class=\"yoast-schema-graph\">{\"@context\":\"https:\\\/\\\/schema.org\",\"@graph\":[{\"@type\":\"WebPage\",\"@id\":\"https:\\\/\\\/districos.standingout.be\\\/fr\\\/product\\\/cobra-rape-double-face-en-inox-sterilisable-ref-8935-40\\\/\",\"url\":\"https:\\\/\\\/districos.standingout.be\\\/fr\\\/product\\\/cobra-rape-double-face-en-inox-sterilisable-ref-8935-40\\\/\",\"name\":\"Cobra R\u00e2pe Double Face en inox St\u00e9rilisable - Districos Webshop\",\"isPartOf\":{\"@id\":\"https:\\\/\\\/districos.standingout.be\\\/fr\\\/#website\"},\"primaryImageOfPage\":{\"@id\":\"https:\\\/\\\/districos.standingout.be\\\/fr\\\/product\\\/cobra-rape-double-face-en-inox-sterilisable-ref-8935-40\\\/#primaryimage\"},\"image\":{\"@id\":\"https:\\\/\\\/districos.standingout.be\\\/fr\\\/product\\\/cobra-rape-double-face-en-inox-sterilisable-ref-8935-40\\\/#primaryimage\"},\"thumbnailUrl\":\"https:\\\/\\\/districos.standingout.be\\\/wp-content\\\/uploads\\\/2026\\\/04\\\/8935.40@Cobra-Dubbelzijdige-Inox-Steriliseerbare-Voetvijl_1.png\",\"datePublished\":\"2026-04-28T11:47:33+00:00\",\"dateModified\":\"2026-04-28T11:47:37+00:00\",\"breadcrumb\":{\"@id\":\"https:\\\/\\\/districos.standingout.be\\\/fr\\\/product\\\/cobra-rape-double-face-en-inox-sterilisable-ref-8935-40\\\/#breadcrumb\"},\"inLanguage\":\"fr-FR\",\"potentialAction\":[{\"@type\":\"ReadAction\",\"target\":[\"https:\\\/\\\/districos.standingout.be\\\/fr\\\/product\\\/cobra-rape-double-face-en-inox-sterilisable-ref-8935-40\\\/\"]}]},{\"@type\":\"ImageObject\",\"inLanguage\":\"fr-FR\",\"@id\":\"https:\\\/\\\/districos.standingout.be\\\/fr\\\/product\\\/cobra-rape-double-face-en-inox-sterilisable-ref-8935-40\\\/#primaryimage\",\"url\":\"https:\\\/\\\/districos.standingout.be\\\/wp-content\\\/uploads\\\/2026\\\/04\\\/8935.40@Cobra-Dubbelzijdige-Inox-Steriliseerbare-Voetvijl_1.png\",\"contentUrl\":\"https:\\\/\\\/districos.standingout.be\\\/wp-content\\\/uploads\\\/2026\\\/04\\\/8935.40@Cobra-Dubbelzijdige-Inox-Steriliseerbare-Voetvijl_1.png\",\"width\":600,\"height\":600},{\"@type\":\"BreadcrumbList\",\"@id\":\"https:\\\/\\\/districos.standingout.be\\\/fr\\\/product\\\/cobra-rape-double-face-en-inox-sterilisable-ref-8935-40\\\/#breadcrumb\",\"itemListElement\":[{\"@type\":\"ListItem\",\"position\":1,\"name\":\"Home\",\"item\":\"https:\\\/\\\/districos.standingout.be\\\/fr\\\/bienvenue-chez-districos\\\/\"},{\"@type\":\"ListItem\",\"position\":2,\"name\":\"Boutique\",\"item\":\"https:\\\/\\\/districos.standingout.be\\\/fr\\\/boutique\\\/\"},{\"@type\":\"ListItem\",\"position\":3,\"name\":\"Cobra R\u00e2pe Double Face en inox St\u00e9rilisable\"}]},{\"@type\":\"WebSite\",\"@id\":\"https:\\\/\\\/districos.standingout.be\\\/fr\\\/#website\",\"url\":\"https:\\\/\\\/districos.standingout.be\\\/fr\\\/\",\"name\":\"Districos Webshop\",\"description\":\"\",\"publisher\":{\"@id\":\"https:\\\/\\\/districos.standingout.be\\\/fr\\\/#organization\"},\"potentialAction\":[{\"@type\":\"SearchAction\",\"target\":{\"@type\":\"EntryPoint\",\"urlTemplate\":\"https:\\\/\\\/districos.standingout.be\\\/fr\\\/?s={search_term_string}\"},\"query-input\":{\"@type\":\"PropertyValueSpecification\",\"valueRequired\":true,\"valueName\":\"search_term_string\"}}],\"inLanguage\":\"fr-FR\"},{\"@type\":\"Organization\",\"@id\":\"https:\\\/\\\/districos.standingout.be\\\/fr\\\/#organization\",\"name\":\"Districos Webshop\",\"url\":\"https:\\\/\\\/districos.standingout.be\\\/fr\\\/\",\"logo\":{\"@type\":\"ImageObject\",\"inLanguage\":\"fr-FR\",\"@id\":\"https:\\\/\\\/districos.standingout.be\\\/fr\\\/#\\\/schema\\\/logo\\\/image\\\/\",\"url\":\"https:\\\/\\\/districos.standingout.be\\\/wp-content\\\/uploads\\\/2022\\\/09\\\/Districos_Logo_Webshop.svg\",\"contentUrl\":\"https:\\\/\\\/districos.standingout.be\\\/wp-content\\\/uploads\\\/2022\\\/09\\\/Districos_Logo_Webshop.svg\",\"caption\":\"Districos Webshop\"},\"image\":{\"@id\":\"https:\\\/\\\/districos.standingout.be\\\/fr\\\/#\\\/schema\\\/logo\\\/image\\\/\"}}]}<\/script>\n<!-- \/ Yoast SEO plugin. -->","yoast_head_json":{"title":"Cobra R\u00e2pe Double Face en inox St\u00e9rilisable - Districos Webshop","robots":{"index":"noindex","follow":"follow","max-snippet":"max-snippet:-1","max-image-preview":"max-image-preview:large","max-video-preview":"max-video-preview:-1"},"og_locale":"fr_FR","og_type":"article","og_title":"Cobra R\u00e2pe Double Face en inox St\u00e9rilisable - Districos Webshop","og_description":"R\u00e2pe p\u00e9dicure inox double face Cobra \u2013 Puissante, Hygi\u00e9nique et Durable Offrez-vous un soin des pieds professionnel avec la r\u00e2pe p\u00e9dicure inox double face Cobra. Enti\u00e8rement fabriqu\u00e9e en acier inoxydable de haute qualit\u00e9, cette r\u00e2pe robuste tient parfaitement en main et assure un traitement efficace et confortable. Gr\u00e2ce \u00e0 ses deux surfaces abrasives laser \u2013 [&hellip;]","og_url":"https:\/\/districos.standingout.be\/fr\/product\/cobra-rape-double-face-en-inox-sterilisable-ref-8935-40\/","og_site_name":"Districos Webshop","article_modified_time":"2026-04-28T11:47:37+00:00","twitter_card":"summary_large_image","twitter_misc":{"Dur\u00e9e de lecture estim\u00e9e":"1 minute"},"schema":{"@context":"https:\/\/schema.org","@graph":[{"@type":"WebPage","@id":"https:\/\/districos.standingout.be\/fr\/product\/cobra-rape-double-face-en-inox-sterilisable-ref-8935-40\/","url":"https:\/\/districos.standingout.be\/fr\/product\/cobra-rape-double-face-en-inox-sterilisable-ref-8935-40\/","name":"Cobra R\u00e2pe Double Face en inox St\u00e9rilisable - Districos Webshop","isPartOf":{"@id":"https:\/\/districos.standingout.be\/fr\/#website"},"primaryImageOfPage":{"@id":"https:\/\/districos.standingout.be\/fr\/product\/cobra-rape-double-face-en-inox-sterilisable-ref-8935-40\/#primaryimage"},"image":{"@id":"https:\/\/districos.standingout.be\/fr\/product\/cobra-rape-double-face-en-inox-sterilisable-ref-8935-40\/#primaryimage"},"thumbnailUrl":"https:\/\/districos.standingout.be\/wp-content\/uploads\/2026\/04\/8935.40@Cobra-Dubbelzijdige-Inox-Steriliseerbare-Voetvijl_1.png","datePublished":"2026-04-28T11:47:33+00:00","dateModified":"2026-04-28T11:47:37+00:00","breadcrumb":{"@id":"https:\/\/districos.standingout.be\/fr\/product\/cobra-rape-double-face-en-inox-sterilisable-ref-8935-40\/#breadcrumb"},"inLanguage":"fr-FR","potentialAction":[{"@type":"ReadAction","target":["https:\/\/districos.standingout.be\/fr\/product\/cobra-rape-double-face-en-inox-sterilisable-ref-8935-40\/"]}]},{"@type":"ImageObject","inLanguage":"fr-FR","@id":"https:\/\/districos.standingout.be\/fr\/product\/cobra-rape-double-face-en-inox-sterilisable-ref-8935-40\/#primaryimage","url":"https:\/\/districos.standingout.be\/wp-content\/uploads\/2026\/04\/8935.40@Cobra-Dubbelzijdige-Inox-Steriliseerbare-Voetvijl_1.png","contentUrl":"https:\/\/districos.standingout.be\/wp-content\/uploads\/2026\/04\/8935.40@Cobra-Dubbelzijdige-Inox-Steriliseerbare-Voetvijl_1.png","width":600,"height":600},{"@type":"BreadcrumbList","@id":"https:\/\/districos.standingout.be\/fr\/product\/cobra-rape-double-face-en-inox-sterilisable-ref-8935-40\/#breadcrumb","itemListElement":[{"@type":"ListItem","position":1,"name":"Home","item":"https:\/\/districos.standingout.be\/fr\/bienvenue-chez-districos\/"},{"@type":"ListItem","position":2,"name":"Boutique","item":"https:\/\/districos.standingout.be\/fr\/boutique\/"},{"@type":"ListItem","position":3,"name":"Cobra R\u00e2pe Double Face en inox St\u00e9rilisable"}]},{"@type":"WebSite","@id":"https:\/\/districos.standingout.be\/fr\/#website","url":"https:\/\/districos.standingout.be\/fr\/","name":"Districos Webshop","description":"","publisher":{"@id":"https:\/\/districos.standingout.be\/fr\/#organization"},"potentialAction":[{"@type":"SearchAction","target":{"@type":"EntryPoint","urlTemplate":"https:\/\/districos.standingout.be\/fr\/?s={search_term_string}"},"query-input":{"@type":"PropertyValueSpecification","valueRequired":true,"valueName":"search_term_string"}}],"inLanguage":"fr-FR"},{"@type":"Organization","@id":"https:\/\/districos.standingout.be\/fr\/#organization","name":"Districos Webshop","url":"https:\/\/districos.standingout.be\/fr\/","logo":{"@type":"ImageObject","inLanguage":"fr-FR","@id":"https:\/\/districos.standingout.be\/fr\/#\/schema\/logo\/image\/","url":"https:\/\/districos.standingout.be\/wp-content\/uploads\/2022\/09\/Districos_Logo_Webshop.svg","contentUrl":"https:\/\/districos.standingout.be\/wp-content\/uploads\/2022\/09\/Districos_Logo_Webshop.svg","caption":"Districos Webshop"},"image":{"@id":"https:\/\/districos.standingout.be\/fr\/#\/schema\/logo\/image\/"}}]}},"_links":{"self":[{"href":"https:\/\/districos.standingout.be\/fr\/wp-json\/wp\/v2\/product\/142423","targetHints":{"allow":["GET"]}}],"collection":[{"href":"https:\/\/districos.standingout.be\/fr\/wp-json\/wp\/v2\/product"}],"about":[{"href":"https:\/\/districos.standingout.be\/fr\/wp-json\/wp\/v2\/types\/product"}],"replies":[{"embeddable":true,"href":"https:\/\/districos.standingout.be\/fr\/wp-json\/wp\/v2\/comments?post=142423"}],"wp:featuredmedia":[{"embeddable":true,"href":"https:\/\/districos.standingout.be\/fr\/wp-json\/wp\/v2\/media\/148850"}],"wp:attachment":[{"href":"https:\/\/districos.standingout.be\/fr\/wp-json\/wp\/v2\/media?parent=142423"}],"wp:term":[{"taxonomy":"product_brand","embeddable":true,"href":"https:\/\/districos.standingout.be\/fr\/wp-json\/wp\/v2\/product_brand?post=142423"},{"taxonomy":"product_cat","embeddable":true,"href":"https:\/\/districos.standingout.be\/fr\/wp-json\/wp\/v2\/product_cat?post=142423"},{"taxonomy":"product_tag","embeddable":true,"href":"https:\/\/districos.standingout.be\/fr\/wp-json\/wp\/v2\/product_tag?post=142423"}],"curies":[{"name":"wp","href":"https:\/\/api.w.org\/{rel}","templated":true}]}}