{"id":142511,"date":"2026-04-28T13:51:47","date_gmt":"2026-04-28T11:51:47","guid":{"rendered":"https:\/\/webshopdistricoscom.webhosting.be\/product\/crisnail-glam-fuchsia-14-ml-ref-8942-215-2\/"},"modified":"2026-04-28T13:51:50","modified_gmt":"2026-04-28T11:51:50","slug":"crisnail-glam-fuchsia-14-ml-ref-8942-215","status":"publish","type":"product","link":"https:\/\/districos.standingout.be\/fr\/product\/crisnail-glam-fuchsia-14-ml-ref-8942-215\/","title":{"rendered":"Crisnail Glam Fuchsia 14 ml"},"content":{"rendered":"<p >\n<\/p>\n<\/p>\n<p><font face=\"Verdana\" size=\"2\">Fuchsia vif.<\/font><\/p>\n<div>\n<ul>\n<li><span lang=\"FR\">Les vernis \u00e0 ongles de Crisnail vous offrent une brillance de longue dur\u00e9e et ne perdent pas leur intensit\u00e9.<\/span><\/li>\n<li><span lang=\"FR\">Sans formald\u00e9hyde, tolu\u00e8ne et DBP.<\/span><\/li>\n<li><span lang=\"FR\">Flacon de 14 ml.<\/span><\/li>\n<\/ul>\n<div>\n<div><b>D\u00e9couvrez toutes les autres couleurs de la collection printemps\/\u00e9t\u00e9 de Crisnail !<\/b><\/div>\n<\/div>\n<div>\n<ul>\n<li>Crisnail I&rsquo;m A Lady 14 ml (<a href=\"https:\/\/webshop.districos.com\/ProductDetail\/8942.126\" target=\"_blank\" rel=\"noopener noreferrer nofollow\">r\u00e9f. 8942.126<\/a>)<\/li>\n<li>Crisnail Rouge Sud 14 ml (<a href=\"https:\/\/webshop.districos.com\/ProductDetail\/8942.242\" target=\"_blank\" rel=\"noopener noreferrer nofollow\">r\u00e9f. 8942.242<\/a>)<\/li>\n<li>Crisnail Light Grape 14 ml (<a href=\"https:\/\/webshop.districos.com\/ProductDetail\/8942.216\" target=\"_blank\" rel=\"noopener noreferrer nofollow\">r\u00e9f. 8942.216<\/a>)<\/li>\n<li>Crisnail Pink Romance 14 ml (<a href=\"https:\/\/webshop.districos.com\/ProductDetail\/8942.264\" target=\"_blank\" rel=\"noopener noreferrer nofollow\">r\u00e9f. 8942.264<\/a>)<\/li>\n<\/ul>\n<\/div>\n<\/div>\n","protected":false},"excerpt":{"rendered":"<p>Fuchsia vif. Les vernis \u00e0 ongles de Crisnail vous offrent une brillance de longue dur\u00e9e et ne perdent pas leur intensit\u00e9. Sans formald\u00e9hyde, tolu\u00e8ne et DBP. Flacon de 14 ml. D\u00e9couvrez toutes les autres couleurs de la collection printemps\/\u00e9t\u00e9 de Crisnail ! Crisnail I&rsquo;m A Lady 14 ml (r\u00e9f. 8942.126) Crisnail Rouge Sud 14 ml [&hellip;]<\/p>\n","protected":false},"featured_media":85472,"comment_status":"open","ping_status":"closed","template":"","meta":{"_acf_changed":false},"product_brand":[10352],"product_cat":[9898],"product_tag":[],"class_list":{"0":"post-142511","1":"product","2":"type-product","3":"status-publish","4":"has-post-thumbnail","6":"product_brand-crisnail-fr","7":"product_cat-beaute-manucure-ongles-vernis-a-ongles","9":"first","10":"instock","11":"taxable","12":"shipping-taxable","13":"product-type-simple"},"acf":[],"yoast_head":"<!-- This site is optimized with the Yoast SEO plugin v27.3 - https:\/\/yoast.com\/product\/yoast-seo-wordpress\/ -->\n<title>Crisnail Glam Fuchsia 14 ml - Districos Webshop<\/title>\n<meta name=\"robots\" content=\"noindex, follow, max-snippet:-1, max-image-preview:large, max-video-preview:-1\" \/>\n<meta property=\"og:locale\" content=\"fr_FR\" \/>\n<meta property=\"og:type\" content=\"article\" \/>\n<meta property=\"og:title\" content=\"Crisnail Glam Fuchsia 14 ml - Districos Webshop\" \/>\n<meta property=\"og:description\" content=\"Fuchsia vif. Les vernis \u00e0 ongles de Crisnail vous offrent une brillance de longue dur\u00e9e et ne perdent pas leur intensit\u00e9. Sans formald\u00e9hyde, tolu\u00e8ne et DBP. Flacon de 14 ml. D\u00e9couvrez toutes les autres couleurs de la collection printemps\/\u00e9t\u00e9 de Crisnail ! Crisnail I&rsquo;m A Lady 14 ml (r\u00e9f. 8942.126) Crisnail Rouge Sud 14 ml [&hellip;]\" \/>\n<meta property=\"og:url\" content=\"https:\/\/districos.standingout.be\/fr\/product\/crisnail-glam-fuchsia-14-ml-ref-8942-215\/\" \/>\n<meta property=\"og:site_name\" content=\"Districos Webshop\" \/>\n<meta property=\"article:modified_time\" content=\"2026-04-28T11:51:50+00:00\" \/>\n<meta name=\"twitter:card\" content=\"summary_large_image\" \/>\n<script type=\"application\/ld+json\" class=\"yoast-schema-graph\">{\"@context\":\"https:\\\/\\\/schema.org\",\"@graph\":[{\"@type\":\"WebPage\",\"@id\":\"https:\\\/\\\/districos.standingout.be\\\/fr\\\/product\\\/crisnail-glam-fuchsia-14-ml-ref-8942-215\\\/\",\"url\":\"https:\\\/\\\/districos.standingout.be\\\/fr\\\/product\\\/crisnail-glam-fuchsia-14-ml-ref-8942-215\\\/\",\"name\":\"Crisnail Glam Fuchsia 14 ml - Districos Webshop\",\"isPartOf\":{\"@id\":\"https:\\\/\\\/districos.standingout.be\\\/fr\\\/#website\"},\"primaryImageOfPage\":{\"@id\":\"https:\\\/\\\/districos.standingout.be\\\/fr\\\/product\\\/crisnail-glam-fuchsia-14-ml-ref-8942-215\\\/#primaryimage\"},\"image\":{\"@id\":\"https:\\\/\\\/districos.standingout.be\\\/fr\\\/product\\\/crisnail-glam-fuchsia-14-ml-ref-8942-215\\\/#primaryimage\"},\"thumbnailUrl\":\"https:\\\/\\\/districos.standingout.be\\\/wp-content\\\/uploads\\\/2025\\\/07\\\/8942.215@LowRes_1_0.png\",\"datePublished\":\"2026-04-28T11:51:47+00:00\",\"dateModified\":\"2026-04-28T11:51:50+00:00\",\"breadcrumb\":{\"@id\":\"https:\\\/\\\/districos.standingout.be\\\/fr\\\/product\\\/crisnail-glam-fuchsia-14-ml-ref-8942-215\\\/#breadcrumb\"},\"inLanguage\":\"fr-FR\",\"potentialAction\":[{\"@type\":\"ReadAction\",\"target\":[\"https:\\\/\\\/districos.standingout.be\\\/fr\\\/product\\\/crisnail-glam-fuchsia-14-ml-ref-8942-215\\\/\"]}]},{\"@type\":\"ImageObject\",\"inLanguage\":\"fr-FR\",\"@id\":\"https:\\\/\\\/districos.standingout.be\\\/fr\\\/product\\\/crisnail-glam-fuchsia-14-ml-ref-8942-215\\\/#primaryimage\",\"url\":\"https:\\\/\\\/districos.standingout.be\\\/wp-content\\\/uploads\\\/2025\\\/07\\\/8942.215@LowRes_1_0.png\",\"contentUrl\":\"https:\\\/\\\/districos.standingout.be\\\/wp-content\\\/uploads\\\/2025\\\/07\\\/8942.215@LowRes_1_0.png\",\"width\":600,\"height\":600},{\"@type\":\"BreadcrumbList\",\"@id\":\"https:\\\/\\\/districos.standingout.be\\\/fr\\\/product\\\/crisnail-glam-fuchsia-14-ml-ref-8942-215\\\/#breadcrumb\",\"itemListElement\":[{\"@type\":\"ListItem\",\"position\":1,\"name\":\"Home\",\"item\":\"https:\\\/\\\/districos.standingout.be\\\/fr\\\/bienvenue-chez-districos\\\/\"},{\"@type\":\"ListItem\",\"position\":2,\"name\":\"Boutique\",\"item\":\"https:\\\/\\\/districos.standingout.be\\\/fr\\\/boutique\\\/\"},{\"@type\":\"ListItem\",\"position\":3,\"name\":\"Crisnail Glam Fuchsia 14 ml\"}]},{\"@type\":\"WebSite\",\"@id\":\"https:\\\/\\\/districos.standingout.be\\\/fr\\\/#website\",\"url\":\"https:\\\/\\\/districos.standingout.be\\\/fr\\\/\",\"name\":\"Districos Webshop\",\"description\":\"\",\"publisher\":{\"@id\":\"https:\\\/\\\/districos.standingout.be\\\/fr\\\/#organization\"},\"potentialAction\":[{\"@type\":\"SearchAction\",\"target\":{\"@type\":\"EntryPoint\",\"urlTemplate\":\"https:\\\/\\\/districos.standingout.be\\\/fr\\\/?s={search_term_string}\"},\"query-input\":{\"@type\":\"PropertyValueSpecification\",\"valueRequired\":true,\"valueName\":\"search_term_string\"}}],\"inLanguage\":\"fr-FR\"},{\"@type\":\"Organization\",\"@id\":\"https:\\\/\\\/districos.standingout.be\\\/fr\\\/#organization\",\"name\":\"Districos Webshop\",\"url\":\"https:\\\/\\\/districos.standingout.be\\\/fr\\\/\",\"logo\":{\"@type\":\"ImageObject\",\"inLanguage\":\"fr-FR\",\"@id\":\"https:\\\/\\\/districos.standingout.be\\\/fr\\\/#\\\/schema\\\/logo\\\/image\\\/\",\"url\":\"https:\\\/\\\/districos.standingout.be\\\/wp-content\\\/uploads\\\/2022\\\/09\\\/Districos_Logo_Webshop.svg\",\"contentUrl\":\"https:\\\/\\\/districos.standingout.be\\\/wp-content\\\/uploads\\\/2022\\\/09\\\/Districos_Logo_Webshop.svg\",\"caption\":\"Districos Webshop\"},\"image\":{\"@id\":\"https:\\\/\\\/districos.standingout.be\\\/fr\\\/#\\\/schema\\\/logo\\\/image\\\/\"}}]}<\/script>\n<!-- \/ Yoast SEO plugin. -->","yoast_head_json":{"title":"Crisnail Glam Fuchsia 14 ml - Districos Webshop","robots":{"index":"noindex","follow":"follow","max-snippet":"max-snippet:-1","max-image-preview":"max-image-preview:large","max-video-preview":"max-video-preview:-1"},"og_locale":"fr_FR","og_type":"article","og_title":"Crisnail Glam Fuchsia 14 ml - Districos Webshop","og_description":"Fuchsia vif. Les vernis \u00e0 ongles de Crisnail vous offrent une brillance de longue dur\u00e9e et ne perdent pas leur intensit\u00e9. Sans formald\u00e9hyde, tolu\u00e8ne et DBP. Flacon de 14 ml. D\u00e9couvrez toutes les autres couleurs de la collection printemps\/\u00e9t\u00e9 de Crisnail ! Crisnail I&rsquo;m A Lady 14 ml (r\u00e9f. 8942.126) Crisnail Rouge Sud 14 ml [&hellip;]","og_url":"https:\/\/districos.standingout.be\/fr\/product\/crisnail-glam-fuchsia-14-ml-ref-8942-215\/","og_site_name":"Districos Webshop","article_modified_time":"2026-04-28T11:51:50+00:00","twitter_card":"summary_large_image","schema":{"@context":"https:\/\/schema.org","@graph":[{"@type":"WebPage","@id":"https:\/\/districos.standingout.be\/fr\/product\/crisnail-glam-fuchsia-14-ml-ref-8942-215\/","url":"https:\/\/districos.standingout.be\/fr\/product\/crisnail-glam-fuchsia-14-ml-ref-8942-215\/","name":"Crisnail Glam Fuchsia 14 ml - Districos Webshop","isPartOf":{"@id":"https:\/\/districos.standingout.be\/fr\/#website"},"primaryImageOfPage":{"@id":"https:\/\/districos.standingout.be\/fr\/product\/crisnail-glam-fuchsia-14-ml-ref-8942-215\/#primaryimage"},"image":{"@id":"https:\/\/districos.standingout.be\/fr\/product\/crisnail-glam-fuchsia-14-ml-ref-8942-215\/#primaryimage"},"thumbnailUrl":"https:\/\/districos.standingout.be\/wp-content\/uploads\/2025\/07\/8942.215@LowRes_1_0.png","datePublished":"2026-04-28T11:51:47+00:00","dateModified":"2026-04-28T11:51:50+00:00","breadcrumb":{"@id":"https:\/\/districos.standingout.be\/fr\/product\/crisnail-glam-fuchsia-14-ml-ref-8942-215\/#breadcrumb"},"inLanguage":"fr-FR","potentialAction":[{"@type":"ReadAction","target":["https:\/\/districos.standingout.be\/fr\/product\/crisnail-glam-fuchsia-14-ml-ref-8942-215\/"]}]},{"@type":"ImageObject","inLanguage":"fr-FR","@id":"https:\/\/districos.standingout.be\/fr\/product\/crisnail-glam-fuchsia-14-ml-ref-8942-215\/#primaryimage","url":"https:\/\/districos.standingout.be\/wp-content\/uploads\/2025\/07\/8942.215@LowRes_1_0.png","contentUrl":"https:\/\/districos.standingout.be\/wp-content\/uploads\/2025\/07\/8942.215@LowRes_1_0.png","width":600,"height":600},{"@type":"BreadcrumbList","@id":"https:\/\/districos.standingout.be\/fr\/product\/crisnail-glam-fuchsia-14-ml-ref-8942-215\/#breadcrumb","itemListElement":[{"@type":"ListItem","position":1,"name":"Home","item":"https:\/\/districos.standingout.be\/fr\/bienvenue-chez-districos\/"},{"@type":"ListItem","position":2,"name":"Boutique","item":"https:\/\/districos.standingout.be\/fr\/boutique\/"},{"@type":"ListItem","position":3,"name":"Crisnail Glam Fuchsia 14 ml"}]},{"@type":"WebSite","@id":"https:\/\/districos.standingout.be\/fr\/#website","url":"https:\/\/districos.standingout.be\/fr\/","name":"Districos Webshop","description":"","publisher":{"@id":"https:\/\/districos.standingout.be\/fr\/#organization"},"potentialAction":[{"@type":"SearchAction","target":{"@type":"EntryPoint","urlTemplate":"https:\/\/districos.standingout.be\/fr\/?s={search_term_string}"},"query-input":{"@type":"PropertyValueSpecification","valueRequired":true,"valueName":"search_term_string"}}],"inLanguage":"fr-FR"},{"@type":"Organization","@id":"https:\/\/districos.standingout.be\/fr\/#organization","name":"Districos Webshop","url":"https:\/\/districos.standingout.be\/fr\/","logo":{"@type":"ImageObject","inLanguage":"fr-FR","@id":"https:\/\/districos.standingout.be\/fr\/#\/schema\/logo\/image\/","url":"https:\/\/districos.standingout.be\/wp-content\/uploads\/2022\/09\/Districos_Logo_Webshop.svg","contentUrl":"https:\/\/districos.standingout.be\/wp-content\/uploads\/2022\/09\/Districos_Logo_Webshop.svg","caption":"Districos Webshop"},"image":{"@id":"https:\/\/districos.standingout.be\/fr\/#\/schema\/logo\/image\/"}}]}},"_links":{"self":[{"href":"https:\/\/districos.standingout.be\/fr\/wp-json\/wp\/v2\/product\/142511","targetHints":{"allow":["GET"]}}],"collection":[{"href":"https:\/\/districos.standingout.be\/fr\/wp-json\/wp\/v2\/product"}],"about":[{"href":"https:\/\/districos.standingout.be\/fr\/wp-json\/wp\/v2\/types\/product"}],"replies":[{"embeddable":true,"href":"https:\/\/districos.standingout.be\/fr\/wp-json\/wp\/v2\/comments?post=142511"}],"wp:featuredmedia":[{"embeddable":true,"href":"https:\/\/districos.standingout.be\/fr\/wp-json\/wp\/v2\/media\/85472"}],"wp:attachment":[{"href":"https:\/\/districos.standingout.be\/fr\/wp-json\/wp\/v2\/media?parent=142511"}],"wp:term":[{"taxonomy":"product_brand","embeddable":true,"href":"https:\/\/districos.standingout.be\/fr\/wp-json\/wp\/v2\/product_brand?post=142511"},{"taxonomy":"product_cat","embeddable":true,"href":"https:\/\/districos.standingout.be\/fr\/wp-json\/wp\/v2\/product_cat?post=142511"},{"taxonomy":"product_tag","embeddable":true,"href":"https:\/\/districos.standingout.be\/fr\/wp-json\/wp\/v2\/product_tag?post=142511"}],"curies":[{"name":"wp","href":"https:\/\/api.w.org\/{rel}","templated":true}]}}