{"id":142565,"date":"2026-04-28T13:54:26","date_gmt":"2026-04-28T11:54:26","guid":{"rendered":"https:\/\/webshopdistricoscom.webhosting.be\/product\/crisnail-carrousel-niveau-2-64-x-14-ml-ref-8944-192-2\/"},"modified":"2026-04-28T13:54:29","modified_gmt":"2026-04-28T11:54:29","slug":"crisnail-carrousel-niveau-2-64-x-14-ml-ref-8944-192","status":"publish","type":"product","link":"https:\/\/districos.standingout.be\/fr\/product\/crisnail-carrousel-niveau-2-64-x-14-ml-ref-8944-192\/","title":{"rendered":"Crisnail Carrousel Niveau 2 64 x 14 ml"},"content":{"rendered":"<p >\n<p dir=ltr><b>Pr\u00e9sentez vos vernis \u00e0 ongles<\/b> <b>de mani\u00e8re ordonn\u00e9e et stimulez vos ventes ! <br \/> <\/b>\u00c9ventail de couleurs, pr\u00e9sentation splendide de 16 couleurs. Niveau du milieu dans le carrousel complet, mais peut \u00e9galement s\u2019utiliser seul. 16 x 3 vernis \u00e0 ongles pour la vente et 16 testeurs (1 testeur de chaque). <\/p>\n<p> Contenu : <\/p>\n<ul> <\/p>\n<li>4 x Crisnail\u00ae French Kiss 14 ml<\/li>\n<p> <\/p>\n<li>4 x Crisnail\u00ae Perfect Red 14 ml<\/li>\n<p> <\/p>\n<li>4 x Crisnail\u00ae Dark Red 14 ml<\/li>\n<p> <\/p>\n<li>4 x Crisnail\u00ae Wonderful Fuchsia 14 ml<\/li>\n<p> <\/p>\n<li>4 x Crisnail\u00ae Trendy 14 ml<\/li>\n<p> <\/p>\n<li>4 x Crisnail\u00ae Glossy Red 14 ml<\/li>\n<p> <\/p>\n<li>4 x Crisnail\u00ae Metal Violet 14 ml<\/li>\n<p> <\/p>\n<li>4 x Crisnail\u00ae Sexy Mauve 14 ml<\/li>\n<p> <\/p>\n<li>4 x Crisnail\u00ae Military Terra 14 ml<\/li>\n<p> <\/p>\n<li>4 x Crisnail\u00ae Mar Del Norte 14 ml<\/li>\n<p> <\/p>\n<li>4 x Crisnail\u00ae Lila 14 ml<\/li>\n<p> <\/p>\n<li>4 x Crisnail\u00ae Orange Mode Dolce 14 ml<\/li>\n<p> <\/p>\n<li>4 x Crisnail\u00ae Terra Dark 14 ml<\/li>\n<p> <\/p>\n<li>4 x Crisnail\u00ae Gris New York 14 ml<\/li>\n<p> <\/p>\n<li>4 x Crisnail\u00ae Granata London 14 ml<\/li>\n<p> <\/p>\n<li>4 x Crisnail\u00ae Blue Liz 14 ml<\/li>\n<p> <\/ul>\n<p> Carrousel niveau 2 64 x 14 ml, REF 8944.192 <\/p>\n<ul> <\/ul><\/p>\n","protected":false},"excerpt":{"rendered":"<p>Pr\u00e9sentez vos vernis \u00e0 ongles de mani\u00e8re ordonn\u00e9e et stimulez vos ventes ! \u00c9ventail de couleurs, pr\u00e9sentation splendide de 16 couleurs. Niveau du milieu dans le carrousel complet, mais peut \u00e9galement s\u2019utiliser seul. 16 x 3 vernis \u00e0 ongles pour la vente et 16 testeurs (1 testeur de chaque). Contenu : 4 x Crisnail\u00ae French [&hellip;]<\/p>\n","protected":false},"featured_media":85568,"comment_status":"open","ping_status":"closed","template":"","meta":{"_acf_changed":false},"product_brand":[10352],"product_cat":[9898],"product_tag":[],"class_list":{"0":"post-142565","1":"product","2":"type-product","3":"status-publish","4":"has-post-thumbnail","6":"product_brand-crisnail-fr","7":"product_cat-beaute-manucure-ongles-vernis-a-ongles","9":"first","10":"instock","11":"taxable","12":"shipping-taxable","13":"product-type-simple"},"acf":[],"yoast_head":"<!-- This site is optimized with the Yoast SEO plugin v27.3 - https:\/\/yoast.com\/product\/yoast-seo-wordpress\/ -->\n<title>Crisnail Carrousel Niveau 2 64 x 14 ml - Districos Webshop<\/title>\n<meta name=\"robots\" content=\"noindex, follow, max-snippet:-1, max-image-preview:large, max-video-preview:-1\" \/>\n<meta property=\"og:locale\" content=\"fr_FR\" \/>\n<meta property=\"og:type\" content=\"article\" \/>\n<meta property=\"og:title\" content=\"Crisnail Carrousel Niveau 2 64 x 14 ml - Districos Webshop\" \/>\n<meta property=\"og:description\" content=\"Pr\u00e9sentez vos vernis \u00e0 ongles de mani\u00e8re ordonn\u00e9e et stimulez vos ventes ! \u00c9ventail de couleurs, pr\u00e9sentation splendide de 16 couleurs. Niveau du milieu dans le carrousel complet, mais peut \u00e9galement s\u2019utiliser seul. 16 x 3 vernis \u00e0 ongles pour la vente et 16 testeurs (1 testeur de chaque). Contenu : 4 x Crisnail\u00ae French [&hellip;]\" \/>\n<meta property=\"og:url\" content=\"https:\/\/districos.standingout.be\/fr\/product\/crisnail-carrousel-niveau-2-64-x-14-ml-ref-8944-192\/\" \/>\n<meta property=\"og:site_name\" content=\"Districos Webshop\" \/>\n<meta property=\"article:modified_time\" content=\"2026-04-28T11:54:29+00:00\" \/>\n<meta name=\"twitter:card\" content=\"summary_large_image\" \/>\n<meta name=\"twitter:label1\" content=\"Dur\u00e9e de lecture estim\u00e9e\" \/>\n\t<meta name=\"twitter:data1\" content=\"1 minute\" \/>\n<script type=\"application\/ld+json\" class=\"yoast-schema-graph\">{\"@context\":\"https:\\\/\\\/schema.org\",\"@graph\":[{\"@type\":\"WebPage\",\"@id\":\"https:\\\/\\\/districos.standingout.be\\\/fr\\\/product\\\/crisnail-carrousel-niveau-2-64-x-14-ml-ref-8944-192\\\/\",\"url\":\"https:\\\/\\\/districos.standingout.be\\\/fr\\\/product\\\/crisnail-carrousel-niveau-2-64-x-14-ml-ref-8944-192\\\/\",\"name\":\"Crisnail Carrousel Niveau 2 64 x 14 ml - Districos Webshop\",\"isPartOf\":{\"@id\":\"https:\\\/\\\/districos.standingout.be\\\/fr\\\/#website\"},\"primaryImageOfPage\":{\"@id\":\"https:\\\/\\\/districos.standingout.be\\\/fr\\\/product\\\/crisnail-carrousel-niveau-2-64-x-14-ml-ref-8944-192\\\/#primaryimage\"},\"image\":{\"@id\":\"https:\\\/\\\/districos.standingout.be\\\/fr\\\/product\\\/crisnail-carrousel-niveau-2-64-x-14-ml-ref-8944-192\\\/#primaryimage\"},\"thumbnailUrl\":\"https:\\\/\\\/districos.standingout.be\\\/wp-content\\\/uploads\\\/2025\\\/07\\\/8944.192@LowRes_1_0.png\",\"datePublished\":\"2026-04-28T11:54:26+00:00\",\"dateModified\":\"2026-04-28T11:54:29+00:00\",\"breadcrumb\":{\"@id\":\"https:\\\/\\\/districos.standingout.be\\\/fr\\\/product\\\/crisnail-carrousel-niveau-2-64-x-14-ml-ref-8944-192\\\/#breadcrumb\"},\"inLanguage\":\"fr-FR\",\"potentialAction\":[{\"@type\":\"ReadAction\",\"target\":[\"https:\\\/\\\/districos.standingout.be\\\/fr\\\/product\\\/crisnail-carrousel-niveau-2-64-x-14-ml-ref-8944-192\\\/\"]}]},{\"@type\":\"ImageObject\",\"inLanguage\":\"fr-FR\",\"@id\":\"https:\\\/\\\/districos.standingout.be\\\/fr\\\/product\\\/crisnail-carrousel-niveau-2-64-x-14-ml-ref-8944-192\\\/#primaryimage\",\"url\":\"https:\\\/\\\/districos.standingout.be\\\/wp-content\\\/uploads\\\/2025\\\/07\\\/8944.192@LowRes_1_0.png\",\"contentUrl\":\"https:\\\/\\\/districos.standingout.be\\\/wp-content\\\/uploads\\\/2025\\\/07\\\/8944.192@LowRes_1_0.png\",\"width\":600,\"height\":600},{\"@type\":\"BreadcrumbList\",\"@id\":\"https:\\\/\\\/districos.standingout.be\\\/fr\\\/product\\\/crisnail-carrousel-niveau-2-64-x-14-ml-ref-8944-192\\\/#breadcrumb\",\"itemListElement\":[{\"@type\":\"ListItem\",\"position\":1,\"name\":\"Home\",\"item\":\"https:\\\/\\\/districos.standingout.be\\\/fr\\\/bienvenue-chez-districos\\\/\"},{\"@type\":\"ListItem\",\"position\":2,\"name\":\"Boutique\",\"item\":\"https:\\\/\\\/districos.standingout.be\\\/fr\\\/boutique\\\/\"},{\"@type\":\"ListItem\",\"position\":3,\"name\":\"Crisnail Carrousel Niveau 2 64 x 14 ml\"}]},{\"@type\":\"WebSite\",\"@id\":\"https:\\\/\\\/districos.standingout.be\\\/fr\\\/#website\",\"url\":\"https:\\\/\\\/districos.standingout.be\\\/fr\\\/\",\"name\":\"Districos Webshop\",\"description\":\"\",\"publisher\":{\"@id\":\"https:\\\/\\\/districos.standingout.be\\\/fr\\\/#organization\"},\"potentialAction\":[{\"@type\":\"SearchAction\",\"target\":{\"@type\":\"EntryPoint\",\"urlTemplate\":\"https:\\\/\\\/districos.standingout.be\\\/fr\\\/?s={search_term_string}\"},\"query-input\":{\"@type\":\"PropertyValueSpecification\",\"valueRequired\":true,\"valueName\":\"search_term_string\"}}],\"inLanguage\":\"fr-FR\"},{\"@type\":\"Organization\",\"@id\":\"https:\\\/\\\/districos.standingout.be\\\/fr\\\/#organization\",\"name\":\"Districos Webshop\",\"url\":\"https:\\\/\\\/districos.standingout.be\\\/fr\\\/\",\"logo\":{\"@type\":\"ImageObject\",\"inLanguage\":\"fr-FR\",\"@id\":\"https:\\\/\\\/districos.standingout.be\\\/fr\\\/#\\\/schema\\\/logo\\\/image\\\/\",\"url\":\"https:\\\/\\\/districos.standingout.be\\\/wp-content\\\/uploads\\\/2022\\\/09\\\/Districos_Logo_Webshop.svg\",\"contentUrl\":\"https:\\\/\\\/districos.standingout.be\\\/wp-content\\\/uploads\\\/2022\\\/09\\\/Districos_Logo_Webshop.svg\",\"caption\":\"Districos Webshop\"},\"image\":{\"@id\":\"https:\\\/\\\/districos.standingout.be\\\/fr\\\/#\\\/schema\\\/logo\\\/image\\\/\"}}]}<\/script>\n<!-- \/ Yoast SEO plugin. -->","yoast_head_json":{"title":"Crisnail Carrousel Niveau 2 64 x 14 ml - Districos Webshop","robots":{"index":"noindex","follow":"follow","max-snippet":"max-snippet:-1","max-image-preview":"max-image-preview:large","max-video-preview":"max-video-preview:-1"},"og_locale":"fr_FR","og_type":"article","og_title":"Crisnail Carrousel Niveau 2 64 x 14 ml - Districos Webshop","og_description":"Pr\u00e9sentez vos vernis \u00e0 ongles de mani\u00e8re ordonn\u00e9e et stimulez vos ventes ! \u00c9ventail de couleurs, pr\u00e9sentation splendide de 16 couleurs. Niveau du milieu dans le carrousel complet, mais peut \u00e9galement s\u2019utiliser seul. 16 x 3 vernis \u00e0 ongles pour la vente et 16 testeurs (1 testeur de chaque). Contenu : 4 x Crisnail\u00ae French [&hellip;]","og_url":"https:\/\/districos.standingout.be\/fr\/product\/crisnail-carrousel-niveau-2-64-x-14-ml-ref-8944-192\/","og_site_name":"Districos Webshop","article_modified_time":"2026-04-28T11:54:29+00:00","twitter_card":"summary_large_image","twitter_misc":{"Dur\u00e9e de lecture estim\u00e9e":"1 minute"},"schema":{"@context":"https:\/\/schema.org","@graph":[{"@type":"WebPage","@id":"https:\/\/districos.standingout.be\/fr\/product\/crisnail-carrousel-niveau-2-64-x-14-ml-ref-8944-192\/","url":"https:\/\/districos.standingout.be\/fr\/product\/crisnail-carrousel-niveau-2-64-x-14-ml-ref-8944-192\/","name":"Crisnail Carrousel Niveau 2 64 x 14 ml - Districos Webshop","isPartOf":{"@id":"https:\/\/districos.standingout.be\/fr\/#website"},"primaryImageOfPage":{"@id":"https:\/\/districos.standingout.be\/fr\/product\/crisnail-carrousel-niveau-2-64-x-14-ml-ref-8944-192\/#primaryimage"},"image":{"@id":"https:\/\/districos.standingout.be\/fr\/product\/crisnail-carrousel-niveau-2-64-x-14-ml-ref-8944-192\/#primaryimage"},"thumbnailUrl":"https:\/\/districos.standingout.be\/wp-content\/uploads\/2025\/07\/8944.192@LowRes_1_0.png","datePublished":"2026-04-28T11:54:26+00:00","dateModified":"2026-04-28T11:54:29+00:00","breadcrumb":{"@id":"https:\/\/districos.standingout.be\/fr\/product\/crisnail-carrousel-niveau-2-64-x-14-ml-ref-8944-192\/#breadcrumb"},"inLanguage":"fr-FR","potentialAction":[{"@type":"ReadAction","target":["https:\/\/districos.standingout.be\/fr\/product\/crisnail-carrousel-niveau-2-64-x-14-ml-ref-8944-192\/"]}]},{"@type":"ImageObject","inLanguage":"fr-FR","@id":"https:\/\/districos.standingout.be\/fr\/product\/crisnail-carrousel-niveau-2-64-x-14-ml-ref-8944-192\/#primaryimage","url":"https:\/\/districos.standingout.be\/wp-content\/uploads\/2025\/07\/8944.192@LowRes_1_0.png","contentUrl":"https:\/\/districos.standingout.be\/wp-content\/uploads\/2025\/07\/8944.192@LowRes_1_0.png","width":600,"height":600},{"@type":"BreadcrumbList","@id":"https:\/\/districos.standingout.be\/fr\/product\/crisnail-carrousel-niveau-2-64-x-14-ml-ref-8944-192\/#breadcrumb","itemListElement":[{"@type":"ListItem","position":1,"name":"Home","item":"https:\/\/districos.standingout.be\/fr\/bienvenue-chez-districos\/"},{"@type":"ListItem","position":2,"name":"Boutique","item":"https:\/\/districos.standingout.be\/fr\/boutique\/"},{"@type":"ListItem","position":3,"name":"Crisnail Carrousel Niveau 2 64 x 14 ml"}]},{"@type":"WebSite","@id":"https:\/\/districos.standingout.be\/fr\/#website","url":"https:\/\/districos.standingout.be\/fr\/","name":"Districos Webshop","description":"","publisher":{"@id":"https:\/\/districos.standingout.be\/fr\/#organization"},"potentialAction":[{"@type":"SearchAction","target":{"@type":"EntryPoint","urlTemplate":"https:\/\/districos.standingout.be\/fr\/?s={search_term_string}"},"query-input":{"@type":"PropertyValueSpecification","valueRequired":true,"valueName":"search_term_string"}}],"inLanguage":"fr-FR"},{"@type":"Organization","@id":"https:\/\/districos.standingout.be\/fr\/#organization","name":"Districos Webshop","url":"https:\/\/districos.standingout.be\/fr\/","logo":{"@type":"ImageObject","inLanguage":"fr-FR","@id":"https:\/\/districos.standingout.be\/fr\/#\/schema\/logo\/image\/","url":"https:\/\/districos.standingout.be\/wp-content\/uploads\/2022\/09\/Districos_Logo_Webshop.svg","contentUrl":"https:\/\/districos.standingout.be\/wp-content\/uploads\/2022\/09\/Districos_Logo_Webshop.svg","caption":"Districos Webshop"},"image":{"@id":"https:\/\/districos.standingout.be\/fr\/#\/schema\/logo\/image\/"}}]}},"_links":{"self":[{"href":"https:\/\/districos.standingout.be\/fr\/wp-json\/wp\/v2\/product\/142565","targetHints":{"allow":["GET"]}}],"collection":[{"href":"https:\/\/districos.standingout.be\/fr\/wp-json\/wp\/v2\/product"}],"about":[{"href":"https:\/\/districos.standingout.be\/fr\/wp-json\/wp\/v2\/types\/product"}],"replies":[{"embeddable":true,"href":"https:\/\/districos.standingout.be\/fr\/wp-json\/wp\/v2\/comments?post=142565"}],"wp:featuredmedia":[{"embeddable":true,"href":"https:\/\/districos.standingout.be\/fr\/wp-json\/wp\/v2\/media\/85568"}],"wp:attachment":[{"href":"https:\/\/districos.standingout.be\/fr\/wp-json\/wp\/v2\/media?parent=142565"}],"wp:term":[{"taxonomy":"product_brand","embeddable":true,"href":"https:\/\/districos.standingout.be\/fr\/wp-json\/wp\/v2\/product_brand?post=142565"},{"taxonomy":"product_cat","embeddable":true,"href":"https:\/\/districos.standingout.be\/fr\/wp-json\/wp\/v2\/product_cat?post=142565"},{"taxonomy":"product_tag","embeddable":true,"href":"https:\/\/districos.standingout.be\/fr\/wp-json\/wp\/v2\/product_tag?post=142565"}],"curies":[{"name":"wp","href":"https:\/\/api.w.org\/{rel}","templated":true}]}}