{"id":142569,"date":"2026-04-28T13:54:59","date_gmt":"2026-04-28T11:54:59","guid":{"rendered":"https:\/\/webshopdistricoscom.webhosting.be\/product\/presentoir-crisnail-printemps-ete-2026-20-x-14-ml-ref-8944-753\/"},"modified":"2026-04-28T13:55:03","modified_gmt":"2026-04-28T11:55:03","slug":"presentoir-crisnail-printemps-ete-2026-20-x-14-ml-ref-8944-753","status":"publish","type":"product","link":"https:\/\/districos.standingout.be\/fr\/product\/presentoir-crisnail-printemps-ete-2026-20-x-14-ml-ref-8944-753\/","title":{"rendered":"Pr\u00e9sentoir Crisnail Printemps\/Et\u00e9 2026 20 x 14 ml"},"content":{"rendered":"<p >\n<\/p>\n<\/p>\n<\/p>\n<\/p>\n<\/p>\n<\/p>\n<\/p>\n<\/p>\n<div>\n<div><b>Cette collection n&rsquo;est actuellement plus disponible, mais d\u00e9couvrez ici une magnifique alternative issue de notre gamma actuelle &#8211;&nbsp;<a href=\"https:\/\/webshop.districos.com\/ProductDetail\/2461.98\" target=\"_blank\" rel=\"noopener noreferrer nofollow\">cliquez ici pour plus d&rsquo;informations.<\/a><\/b><\/div>\n<div><b><br \/><\/b><\/div>\n<div><b> <br \/><\/b><\/div>\n<div><b>D\u00e9couvrez la belle collection des printemps\/d&rsquo;\u00e9t\u00e9 2026 de vernis \u00e0 ongles de Crisnail !<\/b><\/div>\n<div><span>Les vernis \u00e0 ongles de Crisnail vous offrent une brillance de longue dur\u00e9e et ne perdent pas leur intensit\u00e9. Sans formald\u00e9hyde, tolu\u00e8ne et DBP. Flacons de 14 ml.<\/span><\/div>\n<\/div>\n<div><b>Contenu (aussi disponible s\u00e9par\u00e9ment)<\/b><\/div>\n<\/p>\n<ul>\n<li>4 x Crisnail I&rsquo;m A Lady 14 ml (<a href=\"https:\/\/webshop.districos.com\/ProductDetail\/8942.126\" target=\"_blank\" rel=\"noopener noreferrer nofollow\">r\u00e9f. 8942.126<\/a>)<\/li>\n<li>4 x Crisnail Metallic Red&nbsp;14 ml (<a href=\"https:\/\/webshop.districos.com\/ProductDetail\/8942.242\" target=\"_blank\" rel=\"noopener noreferrer nofollow\">r\u00e9f. 8942.156)<\/a><\/li>\n<li>4 x Crisnail Light Grape 14 ml (<a href=\"https:\/\/webshop.districos.com\/ProductDetail\/8942.216\" target=\"_blank\" rel=\"noopener noreferrer nofollow\">r\u00e9f. 8942.216<\/a>)<\/li>\n<li>4 x Crisnail Fuchsia Rio&nbsp;14 ml (<a href=\"https:\/\/webshop.districos.com\/ProductDetail\/8942.215\" target=\"_blank\" rel=\"noopener noreferrer nofollow\">r\u00e9f. 8942.2<\/a>62)<\/li>\n<li>4 x Crisnail Pink Romance 14 ml (<a href=\"https:\/\/webshop.districos.com\/ProductDetail\/8942.264\" target=\"_blank\" rel=\"noopener noreferrer nofollow\">r\u00e9f. 8942.264<\/a>)<\/li>\n<li>5 x Cobra Color Clip pour Flacons Vernis \u00e0 Ongles 1 pc&nbsp;(<a href=\"https:\/\/webshop.districos.com\/ProductDetail\/9840.11\" target=\"_blank\" rel=\"noopener noreferrer nofollow\">r\u00e9f. 9840.11<\/a>)<\/li>\n<li>Pr\u00e9sentoir<\/li>\n<\/ul>\n","protected":false},"excerpt":{"rendered":"<p>Cette collection n&rsquo;est actuellement plus disponible, mais d\u00e9couvrez ici une magnifique alternative issue de notre gamma actuelle &#8211;&nbsp;cliquez ici pour plus d&rsquo;informations. D\u00e9couvrez la belle collection des printemps\/d&rsquo;\u00e9t\u00e9 2026 de vernis \u00e0 ongles de Crisnail ! Les vernis \u00e0 ongles de Crisnail vous offrent une brillance de longue dur\u00e9e et ne perdent pas leur intensit\u00e9. [&hellip;]<\/p>\n","protected":false},"featured_media":148870,"comment_status":"open","ping_status":"closed","template":"","meta":{"_acf_changed":false},"product_brand":[10352],"product_cat":[9898],"product_tag":[],"class_list":{"0":"post-142569","1":"product","2":"type-product","3":"status-publish","4":"has-post-thumbnail","6":"product_brand-crisnail-fr","7":"product_cat-beaute-manucure-ongles-vernis-a-ongles","9":"first","10":"outofstock","11":"taxable","12":"shipping-taxable","13":"product-type-simple"},"acf":[],"yoast_head":"<!-- This site is optimized with the Yoast SEO plugin v27.3 - https:\/\/yoast.com\/product\/yoast-seo-wordpress\/ -->\n<title>Pr\u00e9sentoir Crisnail Printemps\/Et\u00e9 2026 20 x 14 ml - Districos Webshop<\/title>\n<meta name=\"robots\" content=\"noindex, follow, max-snippet:-1, max-image-preview:large, max-video-preview:-1\" \/>\n<meta property=\"og:locale\" content=\"fr_FR\" \/>\n<meta property=\"og:type\" content=\"article\" \/>\n<meta property=\"og:title\" content=\"Pr\u00e9sentoir Crisnail Printemps\/Et\u00e9 2026 20 x 14 ml - Districos Webshop\" \/>\n<meta property=\"og:description\" content=\"Cette collection n&rsquo;est actuellement plus disponible, mais d\u00e9couvrez ici une magnifique alternative issue de notre gamma actuelle &#8211;&nbsp;cliquez ici pour plus d&rsquo;informations. D\u00e9couvrez la belle collection des printemps\/d&rsquo;\u00e9t\u00e9 2026 de vernis \u00e0 ongles de Crisnail ! Les vernis \u00e0 ongles de Crisnail vous offrent une brillance de longue dur\u00e9e et ne perdent pas leur intensit\u00e9. [&hellip;]\" \/>\n<meta property=\"og:url\" content=\"https:\/\/districos.standingout.be\/fr\/product\/presentoir-crisnail-printemps-ete-2026-20-x-14-ml-ref-8944-753\/\" \/>\n<meta property=\"og:site_name\" content=\"Districos Webshop\" \/>\n<meta property=\"article:modified_time\" content=\"2026-04-28T11:55:03+00:00\" \/>\n<meta name=\"twitter:card\" content=\"summary_large_image\" \/>\n<meta name=\"twitter:label1\" content=\"Dur\u00e9e de lecture estim\u00e9e\" \/>\n\t<meta name=\"twitter:data1\" content=\"1 minute\" \/>\n<script type=\"application\/ld+json\" class=\"yoast-schema-graph\">{\"@context\":\"https:\\\/\\\/schema.org\",\"@graph\":[{\"@type\":\"WebPage\",\"@id\":\"https:\\\/\\\/districos.standingout.be\\\/fr\\\/product\\\/presentoir-crisnail-printemps-ete-2026-20-x-14-ml-ref-8944-753\\\/\",\"url\":\"https:\\\/\\\/districos.standingout.be\\\/fr\\\/product\\\/presentoir-crisnail-printemps-ete-2026-20-x-14-ml-ref-8944-753\\\/\",\"name\":\"Pr\u00e9sentoir Crisnail Printemps\\\/Et\u00e9 2026 20 x 14 ml - Districos Webshop\",\"isPartOf\":{\"@id\":\"https:\\\/\\\/districos.standingout.be\\\/fr\\\/#website\"},\"primaryImageOfPage\":{\"@id\":\"https:\\\/\\\/districos.standingout.be\\\/fr\\\/product\\\/presentoir-crisnail-printemps-ete-2026-20-x-14-ml-ref-8944-753\\\/#primaryimage\"},\"image\":{\"@id\":\"https:\\\/\\\/districos.standingout.be\\\/fr\\\/product\\\/presentoir-crisnail-printemps-ete-2026-20-x-14-ml-ref-8944-753\\\/#primaryimage\"},\"thumbnailUrl\":\"https:\\\/\\\/districos.standingout.be\\\/wp-content\\\/uploads\\\/2026\\\/04\\\/8944.753@Display-Crisnail-Lente-Zomer-2026-20-x-14-ml_1.png\",\"datePublished\":\"2026-04-28T11:54:59+00:00\",\"dateModified\":\"2026-04-28T11:55:03+00:00\",\"breadcrumb\":{\"@id\":\"https:\\\/\\\/districos.standingout.be\\\/fr\\\/product\\\/presentoir-crisnail-printemps-ete-2026-20-x-14-ml-ref-8944-753\\\/#breadcrumb\"},\"inLanguage\":\"fr-FR\",\"potentialAction\":[{\"@type\":\"ReadAction\",\"target\":[\"https:\\\/\\\/districos.standingout.be\\\/fr\\\/product\\\/presentoir-crisnail-printemps-ete-2026-20-x-14-ml-ref-8944-753\\\/\"]}]},{\"@type\":\"ImageObject\",\"inLanguage\":\"fr-FR\",\"@id\":\"https:\\\/\\\/districos.standingout.be\\\/fr\\\/product\\\/presentoir-crisnail-printemps-ete-2026-20-x-14-ml-ref-8944-753\\\/#primaryimage\",\"url\":\"https:\\\/\\\/districos.standingout.be\\\/wp-content\\\/uploads\\\/2026\\\/04\\\/8944.753@Display-Crisnail-Lente-Zomer-2026-20-x-14-ml_1.png\",\"contentUrl\":\"https:\\\/\\\/districos.standingout.be\\\/wp-content\\\/uploads\\\/2026\\\/04\\\/8944.753@Display-Crisnail-Lente-Zomer-2026-20-x-14-ml_1.png\",\"width\":600,\"height\":600},{\"@type\":\"BreadcrumbList\",\"@id\":\"https:\\\/\\\/districos.standingout.be\\\/fr\\\/product\\\/presentoir-crisnail-printemps-ete-2026-20-x-14-ml-ref-8944-753\\\/#breadcrumb\",\"itemListElement\":[{\"@type\":\"ListItem\",\"position\":1,\"name\":\"Home\",\"item\":\"https:\\\/\\\/districos.standingout.be\\\/fr\\\/bienvenue-chez-districos\\\/\"},{\"@type\":\"ListItem\",\"position\":2,\"name\":\"Boutique\",\"item\":\"https:\\\/\\\/districos.standingout.be\\\/fr\\\/boutique\\\/\"},{\"@type\":\"ListItem\",\"position\":3,\"name\":\"Pr\u00e9sentoir Crisnail Printemps\\\/Et\u00e9 2026 20 x 14 ml\"}]},{\"@type\":\"WebSite\",\"@id\":\"https:\\\/\\\/districos.standingout.be\\\/fr\\\/#website\",\"url\":\"https:\\\/\\\/districos.standingout.be\\\/fr\\\/\",\"name\":\"Districos Webshop\",\"description\":\"\",\"publisher\":{\"@id\":\"https:\\\/\\\/districos.standingout.be\\\/fr\\\/#organization\"},\"potentialAction\":[{\"@type\":\"SearchAction\",\"target\":{\"@type\":\"EntryPoint\",\"urlTemplate\":\"https:\\\/\\\/districos.standingout.be\\\/fr\\\/?s={search_term_string}\"},\"query-input\":{\"@type\":\"PropertyValueSpecification\",\"valueRequired\":true,\"valueName\":\"search_term_string\"}}],\"inLanguage\":\"fr-FR\"},{\"@type\":\"Organization\",\"@id\":\"https:\\\/\\\/districos.standingout.be\\\/fr\\\/#organization\",\"name\":\"Districos Webshop\",\"url\":\"https:\\\/\\\/districos.standingout.be\\\/fr\\\/\",\"logo\":{\"@type\":\"ImageObject\",\"inLanguage\":\"fr-FR\",\"@id\":\"https:\\\/\\\/districos.standingout.be\\\/fr\\\/#\\\/schema\\\/logo\\\/image\\\/\",\"url\":\"https:\\\/\\\/districos.standingout.be\\\/wp-content\\\/uploads\\\/2022\\\/09\\\/Districos_Logo_Webshop.svg\",\"contentUrl\":\"https:\\\/\\\/districos.standingout.be\\\/wp-content\\\/uploads\\\/2022\\\/09\\\/Districos_Logo_Webshop.svg\",\"caption\":\"Districos Webshop\"},\"image\":{\"@id\":\"https:\\\/\\\/districos.standingout.be\\\/fr\\\/#\\\/schema\\\/logo\\\/image\\\/\"}}]}<\/script>\n<!-- \/ Yoast SEO plugin. -->","yoast_head_json":{"title":"Pr\u00e9sentoir Crisnail Printemps\/Et\u00e9 2026 20 x 14 ml - Districos Webshop","robots":{"index":"noindex","follow":"follow","max-snippet":"max-snippet:-1","max-image-preview":"max-image-preview:large","max-video-preview":"max-video-preview:-1"},"og_locale":"fr_FR","og_type":"article","og_title":"Pr\u00e9sentoir Crisnail Printemps\/Et\u00e9 2026 20 x 14 ml - Districos Webshop","og_description":"Cette collection n&rsquo;est actuellement plus disponible, mais d\u00e9couvrez ici une magnifique alternative issue de notre gamma actuelle &#8211;&nbsp;cliquez ici pour plus d&rsquo;informations. D\u00e9couvrez la belle collection des printemps\/d&rsquo;\u00e9t\u00e9 2026 de vernis \u00e0 ongles de Crisnail ! Les vernis \u00e0 ongles de Crisnail vous offrent une brillance de longue dur\u00e9e et ne perdent pas leur intensit\u00e9. [&hellip;]","og_url":"https:\/\/districos.standingout.be\/fr\/product\/presentoir-crisnail-printemps-ete-2026-20-x-14-ml-ref-8944-753\/","og_site_name":"Districos Webshop","article_modified_time":"2026-04-28T11:55:03+00:00","twitter_card":"summary_large_image","twitter_misc":{"Dur\u00e9e de lecture estim\u00e9e":"1 minute"},"schema":{"@context":"https:\/\/schema.org","@graph":[{"@type":"WebPage","@id":"https:\/\/districos.standingout.be\/fr\/product\/presentoir-crisnail-printemps-ete-2026-20-x-14-ml-ref-8944-753\/","url":"https:\/\/districos.standingout.be\/fr\/product\/presentoir-crisnail-printemps-ete-2026-20-x-14-ml-ref-8944-753\/","name":"Pr\u00e9sentoir Crisnail Printemps\/Et\u00e9 2026 20 x 14 ml - Districos Webshop","isPartOf":{"@id":"https:\/\/districos.standingout.be\/fr\/#website"},"primaryImageOfPage":{"@id":"https:\/\/districos.standingout.be\/fr\/product\/presentoir-crisnail-printemps-ete-2026-20-x-14-ml-ref-8944-753\/#primaryimage"},"image":{"@id":"https:\/\/districos.standingout.be\/fr\/product\/presentoir-crisnail-printemps-ete-2026-20-x-14-ml-ref-8944-753\/#primaryimage"},"thumbnailUrl":"https:\/\/districos.standingout.be\/wp-content\/uploads\/2026\/04\/8944.753@Display-Crisnail-Lente-Zomer-2026-20-x-14-ml_1.png","datePublished":"2026-04-28T11:54:59+00:00","dateModified":"2026-04-28T11:55:03+00:00","breadcrumb":{"@id":"https:\/\/districos.standingout.be\/fr\/product\/presentoir-crisnail-printemps-ete-2026-20-x-14-ml-ref-8944-753\/#breadcrumb"},"inLanguage":"fr-FR","potentialAction":[{"@type":"ReadAction","target":["https:\/\/districos.standingout.be\/fr\/product\/presentoir-crisnail-printemps-ete-2026-20-x-14-ml-ref-8944-753\/"]}]},{"@type":"ImageObject","inLanguage":"fr-FR","@id":"https:\/\/districos.standingout.be\/fr\/product\/presentoir-crisnail-printemps-ete-2026-20-x-14-ml-ref-8944-753\/#primaryimage","url":"https:\/\/districos.standingout.be\/wp-content\/uploads\/2026\/04\/8944.753@Display-Crisnail-Lente-Zomer-2026-20-x-14-ml_1.png","contentUrl":"https:\/\/districos.standingout.be\/wp-content\/uploads\/2026\/04\/8944.753@Display-Crisnail-Lente-Zomer-2026-20-x-14-ml_1.png","width":600,"height":600},{"@type":"BreadcrumbList","@id":"https:\/\/districos.standingout.be\/fr\/product\/presentoir-crisnail-printemps-ete-2026-20-x-14-ml-ref-8944-753\/#breadcrumb","itemListElement":[{"@type":"ListItem","position":1,"name":"Home","item":"https:\/\/districos.standingout.be\/fr\/bienvenue-chez-districos\/"},{"@type":"ListItem","position":2,"name":"Boutique","item":"https:\/\/districos.standingout.be\/fr\/boutique\/"},{"@type":"ListItem","position":3,"name":"Pr\u00e9sentoir Crisnail Printemps\/Et\u00e9 2026 20 x 14 ml"}]},{"@type":"WebSite","@id":"https:\/\/districos.standingout.be\/fr\/#website","url":"https:\/\/districos.standingout.be\/fr\/","name":"Districos Webshop","description":"","publisher":{"@id":"https:\/\/districos.standingout.be\/fr\/#organization"},"potentialAction":[{"@type":"SearchAction","target":{"@type":"EntryPoint","urlTemplate":"https:\/\/districos.standingout.be\/fr\/?s={search_term_string}"},"query-input":{"@type":"PropertyValueSpecification","valueRequired":true,"valueName":"search_term_string"}}],"inLanguage":"fr-FR"},{"@type":"Organization","@id":"https:\/\/districos.standingout.be\/fr\/#organization","name":"Districos Webshop","url":"https:\/\/districos.standingout.be\/fr\/","logo":{"@type":"ImageObject","inLanguage":"fr-FR","@id":"https:\/\/districos.standingout.be\/fr\/#\/schema\/logo\/image\/","url":"https:\/\/districos.standingout.be\/wp-content\/uploads\/2022\/09\/Districos_Logo_Webshop.svg","contentUrl":"https:\/\/districos.standingout.be\/wp-content\/uploads\/2022\/09\/Districos_Logo_Webshop.svg","caption":"Districos Webshop"},"image":{"@id":"https:\/\/districos.standingout.be\/fr\/#\/schema\/logo\/image\/"}}]}},"_links":{"self":[{"href":"https:\/\/districos.standingout.be\/fr\/wp-json\/wp\/v2\/product\/142569","targetHints":{"allow":["GET"]}}],"collection":[{"href":"https:\/\/districos.standingout.be\/fr\/wp-json\/wp\/v2\/product"}],"about":[{"href":"https:\/\/districos.standingout.be\/fr\/wp-json\/wp\/v2\/types\/product"}],"replies":[{"embeddable":true,"href":"https:\/\/districos.standingout.be\/fr\/wp-json\/wp\/v2\/comments?post=142569"}],"wp:featuredmedia":[{"embeddable":true,"href":"https:\/\/districos.standingout.be\/fr\/wp-json\/wp\/v2\/media\/148870"}],"wp:attachment":[{"href":"https:\/\/districos.standingout.be\/fr\/wp-json\/wp\/v2\/media?parent=142569"}],"wp:term":[{"taxonomy":"product_brand","embeddable":true,"href":"https:\/\/districos.standingout.be\/fr\/wp-json\/wp\/v2\/product_brand?post=142569"},{"taxonomy":"product_cat","embeddable":true,"href":"https:\/\/districos.standingout.be\/fr\/wp-json\/wp\/v2\/product_cat?post=142569"},{"taxonomy":"product_tag","embeddable":true,"href":"https:\/\/districos.standingout.be\/fr\/wp-json\/wp\/v2\/product_tag?post=142569"}],"curies":[{"name":"wp","href":"https:\/\/api.w.org\/{rel}","templated":true}]}}