{"id":142617,"date":"2026-04-28T13:56:50","date_gmt":"2026-04-28T11:56:50","guid":{"rendered":"https:\/\/webshopdistricoscom.webhosting.be\/product\/crisnail-color-me-abricot-sublime-105-ml-ref-8946-027-2\/"},"modified":"2026-04-28T13:56:52","modified_gmt":"2026-04-28T11:56:52","slug":"crisnail-color-me-abricot-sublime-105-ml-ref-8946-027","status":"publish","type":"product","link":"https:\/\/districos.standingout.be\/fr\/product\/crisnail-color-me-abricot-sublime-105-ml-ref-8946-027\/","title":{"rendered":"Crisnail Color Me Abricot Sublime 10,5 ml"},"content":{"rendered":"<p >\n<p><span lang=\"FR\">Abricot Sublime.<o:p><\/o:p><\/span><\/p>\n<\/p>\n<ul>\n<li><span lang=\"FR\">Crisnail Color Me est un vernis \u00e0 2 \u00e9tapes qui a le \u00ab look and feel \u00bb d\u2019un gel, sans ab\u00eemer ni affiner les ongles.<\/span><\/li>\n<li>Flacon de 10,5 ml.<\/li>\n<li><span lang=\"FR\">Une couverture parfaite.<\/span><\/li>\n<li><span lang=\"FR\">Une couleur fortement pigment\u00e9e et vive.<\/span><\/li>\n<li><span lang=\"FR\">Une tenue sup\u00e9rieure (deux fois plus longue qu\u2019un vernis classique).<\/span><\/li>\n<li><span lang=\"FR\">Un s\u00e9chage rapide.<\/span><\/li>\n<li><span lang=\"FR\">Une finition comme le gel polish sans lampe UV ou LED gr\u00e2ce au top coat unique (<u><a href=\"https:\/\/districos.com\/ProductDetail\/8946.009\" target=\"_blank\" rel=\"noopener noreferrer nofollow\">r\u00e9f. 8946.009<\/a><\/u>).<\/span><\/li>\n<li><span lang=\"FR\">Un pinceau ergonomique pour une application facile et pr\u00e9cise.<\/span><\/li>\n<li><span lang=\"FR\">Pas de d\u00e9coloration de la tablette ungu\u00e9ale \u2013 pas besoin de base coat&nbsp;!<\/span><\/li>\n<\/ul>\n<p><o:p><\/o:p><\/p>\n<p><span lang=\"FR\"><b>Mode d\u2019emploi<o:p><\/o:p><\/b><\/span><\/p>\n<\/p>\n<ol dir=\"ltr\">\n<li><span lang=\"FR\">Pr\u00e9parez les ongles comme d\u2019habitude.<\/span><\/li>\n<li><span lang=\"FR\">Prenez le flacon Color Me de la couleur choisie et essuyez bien le surplus de vernis du pinceau sur les bords du flacon. Posez une premi\u00e8re couche fine (!) en un mouvement fluide. N\u2019oubliez pas le bord libre et \u00e9vitez de passer deux fois au m\u00eame endroit. Votre couche serait alors trop \u00e9paisse et aurait du mal \u00e0 s\u00e9cher correctement.&nbsp;<\/span>Op\u00e9rez de la m\u00eame mani\u00e8re sur les 10 doigts.<br \/><b>ATTENTION !<\/b>&nbsp;<span lang=\"FR\">Color Me s\u00e8che rapidement. Les erreurs \u00e9ventuelles peuvent \u00eatre corrig\u00e9es lors de la pose de la deuxi\u00e8me couche. Pour enlever les taches sur la peau, utilisez imm\u00e9diatement un dissolvant sur un petit coton.<\/span><\/li>\n<li><span lang=\"FR\">Attendez 30 \u00e0 60 secondes et posez la deuxi\u00e8me couche fine de couleur en un mouvement fluide tout comme pour la premi\u00e8re couche (\u00e9tape 2).<\/span><\/li>\n<li><span lang=\"FR\">Attendez 30 \u00e0 60 secondes et posez une couche du Top Coat, toujours de mani\u00e8re fluide. N\u2019oubliez pas le bord libre et ne mettez pas trop de pression. \u00c9vitez de passer deux fois au m\u00eame endroit avec le Top Coat. Le Top Coat r\u00e9agit avec la derni\u00e8re couche de couleur pour cr\u00e9er une brillance unique. Si vous appliquez trop de pression ou si vous passez plusieurs fois au m\u00eame endroit, vous risquez de rayer vos couches.<\/span><\/li>\n<li><span lang=\"FR\">Laissez s\u00e9cher le Top Coat pendant 5 minutes. Appliquez doucement une huile \u00e0 cuticules et une cr\u00e8me mains.<\/span><\/li>\n<\/ol>\n","protected":false},"excerpt":{"rendered":"<p>Abricot Sublime. Crisnail Color Me est un vernis \u00e0 2 \u00e9tapes qui a le \u00ab look and feel \u00bb d\u2019un gel, sans ab\u00eemer ni affiner les ongles. Flacon de 10,5 ml. Une couverture parfaite. Une couleur fortement pigment\u00e9e et vive. Une tenue sup\u00e9rieure (deux fois plus longue qu\u2019un vernis classique). Un s\u00e9chage rapide. Une finition [&hellip;]<\/p>\n","protected":false},"featured_media":85658,"comment_status":"open","ping_status":"closed","template":"","meta":{"_acf_changed":false},"product_brand":[10344],"product_cat":[9898],"product_tag":[],"class_list":{"0":"post-142617","1":"product","2":"type-product","3":"status-publish","4":"has-post-thumbnail","6":"product_brand-color-me-crisnail-fr","7":"product_cat-beaute-manucure-ongles-vernis-a-ongles","9":"first","10":"instock","11":"taxable","12":"shipping-taxable","13":"product-type-simple"},"acf":[],"yoast_head":"<!-- This site is optimized with the Yoast SEO plugin v27.3 - https:\/\/yoast.com\/product\/yoast-seo-wordpress\/ -->\n<title>Crisnail Color Me Abricot Sublime 10,5 ml - Districos Webshop<\/title>\n<meta name=\"robots\" content=\"noindex, follow, max-snippet:-1, max-image-preview:large, max-video-preview:-1\" \/>\n<meta property=\"og:locale\" content=\"fr_FR\" \/>\n<meta property=\"og:type\" content=\"article\" \/>\n<meta property=\"og:title\" content=\"Crisnail Color Me Abricot Sublime 10,5 ml - Districos Webshop\" \/>\n<meta property=\"og:description\" content=\"Abricot Sublime. Crisnail Color Me est un vernis \u00e0 2 \u00e9tapes qui a le \u00ab look and feel \u00bb d\u2019un gel, sans ab\u00eemer ni affiner les ongles. Flacon de 10,5 ml. Une couverture parfaite. Une couleur fortement pigment\u00e9e et vive. Une tenue sup\u00e9rieure (deux fois plus longue qu\u2019un vernis classique). Un s\u00e9chage rapide. Une finition [&hellip;]\" \/>\n<meta property=\"og:url\" content=\"https:\/\/districos.standingout.be\/fr\/product\/crisnail-color-me-abricot-sublime-105-ml-ref-8946-027\/\" \/>\n<meta property=\"og:site_name\" content=\"Districos Webshop\" \/>\n<meta property=\"article:modified_time\" content=\"2026-04-28T11:56:52+00:00\" \/>\n<meta name=\"twitter:card\" content=\"summary_large_image\" \/>\n<meta name=\"twitter:label1\" content=\"Dur\u00e9e de lecture estim\u00e9e\" \/>\n\t<meta name=\"twitter:data1\" content=\"2 minutes\" \/>\n<script type=\"application\/ld+json\" class=\"yoast-schema-graph\">{\"@context\":\"https:\\\/\\\/schema.org\",\"@graph\":[{\"@type\":\"WebPage\",\"@id\":\"https:\\\/\\\/districos.standingout.be\\\/fr\\\/product\\\/crisnail-color-me-abricot-sublime-105-ml-ref-8946-027\\\/\",\"url\":\"https:\\\/\\\/districos.standingout.be\\\/fr\\\/product\\\/crisnail-color-me-abricot-sublime-105-ml-ref-8946-027\\\/\",\"name\":\"Crisnail Color Me Abricot Sublime 10,5 ml - Districos Webshop\",\"isPartOf\":{\"@id\":\"https:\\\/\\\/districos.standingout.be\\\/fr\\\/#website\"},\"primaryImageOfPage\":{\"@id\":\"https:\\\/\\\/districos.standingout.be\\\/fr\\\/product\\\/crisnail-color-me-abricot-sublime-105-ml-ref-8946-027\\\/#primaryimage\"},\"image\":{\"@id\":\"https:\\\/\\\/districos.standingout.be\\\/fr\\\/product\\\/crisnail-color-me-abricot-sublime-105-ml-ref-8946-027\\\/#primaryimage\"},\"thumbnailUrl\":\"https:\\\/\\\/districos.standingout.be\\\/wp-content\\\/uploads\\\/2025\\\/07\\\/8946.027@LowRes_1_0.png\",\"datePublished\":\"2026-04-28T11:56:50+00:00\",\"dateModified\":\"2026-04-28T11:56:52+00:00\",\"breadcrumb\":{\"@id\":\"https:\\\/\\\/districos.standingout.be\\\/fr\\\/product\\\/crisnail-color-me-abricot-sublime-105-ml-ref-8946-027\\\/#breadcrumb\"},\"inLanguage\":\"fr-FR\",\"potentialAction\":[{\"@type\":\"ReadAction\",\"target\":[\"https:\\\/\\\/districos.standingout.be\\\/fr\\\/product\\\/crisnail-color-me-abricot-sublime-105-ml-ref-8946-027\\\/\"]}]},{\"@type\":\"ImageObject\",\"inLanguage\":\"fr-FR\",\"@id\":\"https:\\\/\\\/districos.standingout.be\\\/fr\\\/product\\\/crisnail-color-me-abricot-sublime-105-ml-ref-8946-027\\\/#primaryimage\",\"url\":\"https:\\\/\\\/districos.standingout.be\\\/wp-content\\\/uploads\\\/2025\\\/07\\\/8946.027@LowRes_1_0.png\",\"contentUrl\":\"https:\\\/\\\/districos.standingout.be\\\/wp-content\\\/uploads\\\/2025\\\/07\\\/8946.027@LowRes_1_0.png\",\"width\":600,\"height\":600},{\"@type\":\"BreadcrumbList\",\"@id\":\"https:\\\/\\\/districos.standingout.be\\\/fr\\\/product\\\/crisnail-color-me-abricot-sublime-105-ml-ref-8946-027\\\/#breadcrumb\",\"itemListElement\":[{\"@type\":\"ListItem\",\"position\":1,\"name\":\"Home\",\"item\":\"https:\\\/\\\/districos.standingout.be\\\/fr\\\/bienvenue-chez-districos\\\/\"},{\"@type\":\"ListItem\",\"position\":2,\"name\":\"Boutique\",\"item\":\"https:\\\/\\\/districos.standingout.be\\\/fr\\\/boutique\\\/\"},{\"@type\":\"ListItem\",\"position\":3,\"name\":\"Crisnail Color Me Abricot Sublime 10,5 ml\"}]},{\"@type\":\"WebSite\",\"@id\":\"https:\\\/\\\/districos.standingout.be\\\/fr\\\/#website\",\"url\":\"https:\\\/\\\/districos.standingout.be\\\/fr\\\/\",\"name\":\"Districos Webshop\",\"description\":\"\",\"publisher\":{\"@id\":\"https:\\\/\\\/districos.standingout.be\\\/fr\\\/#organization\"},\"potentialAction\":[{\"@type\":\"SearchAction\",\"target\":{\"@type\":\"EntryPoint\",\"urlTemplate\":\"https:\\\/\\\/districos.standingout.be\\\/fr\\\/?s={search_term_string}\"},\"query-input\":{\"@type\":\"PropertyValueSpecification\",\"valueRequired\":true,\"valueName\":\"search_term_string\"}}],\"inLanguage\":\"fr-FR\"},{\"@type\":\"Organization\",\"@id\":\"https:\\\/\\\/districos.standingout.be\\\/fr\\\/#organization\",\"name\":\"Districos Webshop\",\"url\":\"https:\\\/\\\/districos.standingout.be\\\/fr\\\/\",\"logo\":{\"@type\":\"ImageObject\",\"inLanguage\":\"fr-FR\",\"@id\":\"https:\\\/\\\/districos.standingout.be\\\/fr\\\/#\\\/schema\\\/logo\\\/image\\\/\",\"url\":\"https:\\\/\\\/districos.standingout.be\\\/wp-content\\\/uploads\\\/2022\\\/09\\\/Districos_Logo_Webshop.svg\",\"contentUrl\":\"https:\\\/\\\/districos.standingout.be\\\/wp-content\\\/uploads\\\/2022\\\/09\\\/Districos_Logo_Webshop.svg\",\"caption\":\"Districos Webshop\"},\"image\":{\"@id\":\"https:\\\/\\\/districos.standingout.be\\\/fr\\\/#\\\/schema\\\/logo\\\/image\\\/\"}}]}<\/script>\n<!-- \/ Yoast SEO plugin. -->","yoast_head_json":{"title":"Crisnail Color Me Abricot Sublime 10,5 ml - Districos Webshop","robots":{"index":"noindex","follow":"follow","max-snippet":"max-snippet:-1","max-image-preview":"max-image-preview:large","max-video-preview":"max-video-preview:-1"},"og_locale":"fr_FR","og_type":"article","og_title":"Crisnail Color Me Abricot Sublime 10,5 ml - Districos Webshop","og_description":"Abricot Sublime. Crisnail Color Me est un vernis \u00e0 2 \u00e9tapes qui a le \u00ab look and feel \u00bb d\u2019un gel, sans ab\u00eemer ni affiner les ongles. Flacon de 10,5 ml. Une couverture parfaite. Une couleur fortement pigment\u00e9e et vive. Une tenue sup\u00e9rieure (deux fois plus longue qu\u2019un vernis classique). Un s\u00e9chage rapide. Une finition [&hellip;]","og_url":"https:\/\/districos.standingout.be\/fr\/product\/crisnail-color-me-abricot-sublime-105-ml-ref-8946-027\/","og_site_name":"Districos Webshop","article_modified_time":"2026-04-28T11:56:52+00:00","twitter_card":"summary_large_image","twitter_misc":{"Dur\u00e9e de lecture estim\u00e9e":"2 minutes"},"schema":{"@context":"https:\/\/schema.org","@graph":[{"@type":"WebPage","@id":"https:\/\/districos.standingout.be\/fr\/product\/crisnail-color-me-abricot-sublime-105-ml-ref-8946-027\/","url":"https:\/\/districos.standingout.be\/fr\/product\/crisnail-color-me-abricot-sublime-105-ml-ref-8946-027\/","name":"Crisnail Color Me Abricot Sublime 10,5 ml - Districos Webshop","isPartOf":{"@id":"https:\/\/districos.standingout.be\/fr\/#website"},"primaryImageOfPage":{"@id":"https:\/\/districos.standingout.be\/fr\/product\/crisnail-color-me-abricot-sublime-105-ml-ref-8946-027\/#primaryimage"},"image":{"@id":"https:\/\/districos.standingout.be\/fr\/product\/crisnail-color-me-abricot-sublime-105-ml-ref-8946-027\/#primaryimage"},"thumbnailUrl":"https:\/\/districos.standingout.be\/wp-content\/uploads\/2025\/07\/8946.027@LowRes_1_0.png","datePublished":"2026-04-28T11:56:50+00:00","dateModified":"2026-04-28T11:56:52+00:00","breadcrumb":{"@id":"https:\/\/districos.standingout.be\/fr\/product\/crisnail-color-me-abricot-sublime-105-ml-ref-8946-027\/#breadcrumb"},"inLanguage":"fr-FR","potentialAction":[{"@type":"ReadAction","target":["https:\/\/districos.standingout.be\/fr\/product\/crisnail-color-me-abricot-sublime-105-ml-ref-8946-027\/"]}]},{"@type":"ImageObject","inLanguage":"fr-FR","@id":"https:\/\/districos.standingout.be\/fr\/product\/crisnail-color-me-abricot-sublime-105-ml-ref-8946-027\/#primaryimage","url":"https:\/\/districos.standingout.be\/wp-content\/uploads\/2025\/07\/8946.027@LowRes_1_0.png","contentUrl":"https:\/\/districos.standingout.be\/wp-content\/uploads\/2025\/07\/8946.027@LowRes_1_0.png","width":600,"height":600},{"@type":"BreadcrumbList","@id":"https:\/\/districos.standingout.be\/fr\/product\/crisnail-color-me-abricot-sublime-105-ml-ref-8946-027\/#breadcrumb","itemListElement":[{"@type":"ListItem","position":1,"name":"Home","item":"https:\/\/districos.standingout.be\/fr\/bienvenue-chez-districos\/"},{"@type":"ListItem","position":2,"name":"Boutique","item":"https:\/\/districos.standingout.be\/fr\/boutique\/"},{"@type":"ListItem","position":3,"name":"Crisnail Color Me Abricot Sublime 10,5 ml"}]},{"@type":"WebSite","@id":"https:\/\/districos.standingout.be\/fr\/#website","url":"https:\/\/districos.standingout.be\/fr\/","name":"Districos Webshop","description":"","publisher":{"@id":"https:\/\/districos.standingout.be\/fr\/#organization"},"potentialAction":[{"@type":"SearchAction","target":{"@type":"EntryPoint","urlTemplate":"https:\/\/districos.standingout.be\/fr\/?s={search_term_string}"},"query-input":{"@type":"PropertyValueSpecification","valueRequired":true,"valueName":"search_term_string"}}],"inLanguage":"fr-FR"},{"@type":"Organization","@id":"https:\/\/districos.standingout.be\/fr\/#organization","name":"Districos Webshop","url":"https:\/\/districos.standingout.be\/fr\/","logo":{"@type":"ImageObject","inLanguage":"fr-FR","@id":"https:\/\/districos.standingout.be\/fr\/#\/schema\/logo\/image\/","url":"https:\/\/districos.standingout.be\/wp-content\/uploads\/2022\/09\/Districos_Logo_Webshop.svg","contentUrl":"https:\/\/districos.standingout.be\/wp-content\/uploads\/2022\/09\/Districos_Logo_Webshop.svg","caption":"Districos Webshop"},"image":{"@id":"https:\/\/districos.standingout.be\/fr\/#\/schema\/logo\/image\/"}}]}},"_links":{"self":[{"href":"https:\/\/districos.standingout.be\/fr\/wp-json\/wp\/v2\/product\/142617","targetHints":{"allow":["GET"]}}],"collection":[{"href":"https:\/\/districos.standingout.be\/fr\/wp-json\/wp\/v2\/product"}],"about":[{"href":"https:\/\/districos.standingout.be\/fr\/wp-json\/wp\/v2\/types\/product"}],"replies":[{"embeddable":true,"href":"https:\/\/districos.standingout.be\/fr\/wp-json\/wp\/v2\/comments?post=142617"}],"wp:featuredmedia":[{"embeddable":true,"href":"https:\/\/districos.standingout.be\/fr\/wp-json\/wp\/v2\/media\/85658"}],"wp:attachment":[{"href":"https:\/\/districos.standingout.be\/fr\/wp-json\/wp\/v2\/media?parent=142617"}],"wp:term":[{"taxonomy":"product_brand","embeddable":true,"href":"https:\/\/districos.standingout.be\/fr\/wp-json\/wp\/v2\/product_brand?post=142617"},{"taxonomy":"product_cat","embeddable":true,"href":"https:\/\/districos.standingout.be\/fr\/wp-json\/wp\/v2\/product_cat?post=142617"},{"taxonomy":"product_tag","embeddable":true,"href":"https:\/\/districos.standingout.be\/fr\/wp-json\/wp\/v2\/product_tag?post=142617"}],"curies":[{"name":"wp","href":"https:\/\/api.w.org\/{rel}","templated":true}]}}