{"id":142701,"date":"2026-04-28T14:00:23","date_gmt":"2026-04-28T12:00:23","guid":{"rendered":"https:\/\/webshopdistricoscom.webhosting.be\/product\/crisnail-natural-garden-flexnail-15-ml-ref-8950-06-2\/"},"modified":"2026-04-28T14:00:26","modified_gmt":"2026-04-28T12:00:26","slug":"crisnail-natural-garden-flexnail-15-ml-ref-8950-06","status":"publish","type":"product","link":"https:\/\/districos.standingout.be\/fr\/product\/crisnail-natural-garden-flexnail-15-ml-ref-8950-06\/","title":{"rendered":"Crisnail Natural Garden Flexnail 15 ml"},"content":{"rendered":"<p >\n<p dir=\"ltr\">Durcisseur d\u2019ongles naturel \u00e0 base d\u2019extraits de plantes sauvages qui renforcent l\u2019ongle naturel. Sa formule exclusive contient de la pr\u00eale, de la foug\u00e8re et une herbe riche en silicones et zinc. Les ongles regagnent leur souplesse et sont hydrat\u00e9s et prot\u00e9g\u00e9s du d\u00e9doublement, provoqu\u00e9s par la d\u00e9shydratation.<\/p>\n<p dir=\"ltr\">\n<ul>\n<li>Emballage : 15 ml.<\/li>\n<\/ul>\n<p dir=\"ltr\"><b>Mode d&#8217;emploi<\/b><\/p>\n<p dir=\"ltr\">Appliquez deux fois par semaine sur l\u2019ongle naturel.<\/p><\/p>\n","protected":false},"excerpt":{"rendered":"<p>Durcisseur d\u2019ongles naturel \u00e0 base d\u2019extraits de plantes sauvages qui renforcent l\u2019ongle naturel. Sa formule exclusive contient de la pr\u00eale, de la foug\u00e8re et une herbe riche en silicones et zinc. Les ongles regagnent leur souplesse et sont hydrat\u00e9s et prot\u00e9g\u00e9s du d\u00e9doublement, provoqu\u00e9s par la d\u00e9shydratation. Emballage : 15 ml. Mode d&#8217;emploi Appliquez deux [&hellip;]<\/p>\n","protected":false},"featured_media":85781,"comment_status":"open","ping_status":"closed","template":"","meta":{"_acf_changed":false},"product_brand":[10352],"product_cat":[9904],"product_tag":[],"class_list":{"0":"post-142701","1":"product","2":"type-product","3":"status-publish","4":"has-post-thumbnail","6":"product_brand-crisnail-fr","7":"product_cat-beaute-manucure-ongles-soins-des-mains-et-des-ongles","9":"first","10":"instock","11":"taxable","12":"shipping-taxable","13":"product-type-simple"},"acf":[],"yoast_head":"<!-- This site is optimized with the Yoast SEO plugin v27.3 - https:\/\/yoast.com\/product\/yoast-seo-wordpress\/ -->\n<title>Crisnail Natural Garden Flexnail 15 ml - Districos Webshop<\/title>\n<meta name=\"robots\" content=\"noindex, follow, max-snippet:-1, max-image-preview:large, max-video-preview:-1\" \/>\n<meta property=\"og:locale\" content=\"fr_FR\" \/>\n<meta property=\"og:type\" content=\"article\" \/>\n<meta property=\"og:title\" content=\"Crisnail Natural Garden Flexnail 15 ml - Districos Webshop\" \/>\n<meta property=\"og:description\" content=\"Durcisseur d\u2019ongles naturel \u00e0 base d\u2019extraits de plantes sauvages qui renforcent l\u2019ongle naturel. Sa formule exclusive contient de la pr\u00eale, de la foug\u00e8re et une herbe riche en silicones et zinc. Les ongles regagnent leur souplesse et sont hydrat\u00e9s et prot\u00e9g\u00e9s du d\u00e9doublement, provoqu\u00e9s par la d\u00e9shydratation. Emballage : 15 ml. Mode d&#8217;emploi Appliquez deux [&hellip;]\" \/>\n<meta property=\"og:url\" content=\"https:\/\/districos.standingout.be\/fr\/product\/crisnail-natural-garden-flexnail-15-ml-ref-8950-06\/\" \/>\n<meta property=\"og:site_name\" content=\"Districos Webshop\" \/>\n<meta property=\"article:modified_time\" content=\"2026-04-28T12:00:26+00:00\" \/>\n<meta name=\"twitter:card\" content=\"summary_large_image\" \/>\n<script type=\"application\/ld+json\" class=\"yoast-schema-graph\">{\"@context\":\"https:\\\/\\\/schema.org\",\"@graph\":[{\"@type\":\"WebPage\",\"@id\":\"https:\\\/\\\/districos.standingout.be\\\/fr\\\/product\\\/crisnail-natural-garden-flexnail-15-ml-ref-8950-06\\\/\",\"url\":\"https:\\\/\\\/districos.standingout.be\\\/fr\\\/product\\\/crisnail-natural-garden-flexnail-15-ml-ref-8950-06\\\/\",\"name\":\"Crisnail Natural Garden Flexnail 15 ml - Districos Webshop\",\"isPartOf\":{\"@id\":\"https:\\\/\\\/districos.standingout.be\\\/fr\\\/#website\"},\"primaryImageOfPage\":{\"@id\":\"https:\\\/\\\/districos.standingout.be\\\/fr\\\/product\\\/crisnail-natural-garden-flexnail-15-ml-ref-8950-06\\\/#primaryimage\"},\"image\":{\"@id\":\"https:\\\/\\\/districos.standingout.be\\\/fr\\\/product\\\/crisnail-natural-garden-flexnail-15-ml-ref-8950-06\\\/#primaryimage\"},\"thumbnailUrl\":\"https:\\\/\\\/districos.standingout.be\\\/wp-content\\\/uploads\\\/2025\\\/07\\\/8950.06@LowRes_1_0.png\",\"datePublished\":\"2026-04-28T12:00:23+00:00\",\"dateModified\":\"2026-04-28T12:00:26+00:00\",\"breadcrumb\":{\"@id\":\"https:\\\/\\\/districos.standingout.be\\\/fr\\\/product\\\/crisnail-natural-garden-flexnail-15-ml-ref-8950-06\\\/#breadcrumb\"},\"inLanguage\":\"fr-FR\",\"potentialAction\":[{\"@type\":\"ReadAction\",\"target\":[\"https:\\\/\\\/districos.standingout.be\\\/fr\\\/product\\\/crisnail-natural-garden-flexnail-15-ml-ref-8950-06\\\/\"]}]},{\"@type\":\"ImageObject\",\"inLanguage\":\"fr-FR\",\"@id\":\"https:\\\/\\\/districos.standingout.be\\\/fr\\\/product\\\/crisnail-natural-garden-flexnail-15-ml-ref-8950-06\\\/#primaryimage\",\"url\":\"https:\\\/\\\/districos.standingout.be\\\/wp-content\\\/uploads\\\/2025\\\/07\\\/8950.06@LowRes_1_0.png\",\"contentUrl\":\"https:\\\/\\\/districos.standingout.be\\\/wp-content\\\/uploads\\\/2025\\\/07\\\/8950.06@LowRes_1_0.png\",\"width\":600,\"height\":600},{\"@type\":\"BreadcrumbList\",\"@id\":\"https:\\\/\\\/districos.standingout.be\\\/fr\\\/product\\\/crisnail-natural-garden-flexnail-15-ml-ref-8950-06\\\/#breadcrumb\",\"itemListElement\":[{\"@type\":\"ListItem\",\"position\":1,\"name\":\"Home\",\"item\":\"https:\\\/\\\/districos.standingout.be\\\/fr\\\/bienvenue-chez-districos\\\/\"},{\"@type\":\"ListItem\",\"position\":2,\"name\":\"Boutique\",\"item\":\"https:\\\/\\\/districos.standingout.be\\\/fr\\\/boutique\\\/\"},{\"@type\":\"ListItem\",\"position\":3,\"name\":\"Crisnail Natural Garden Flexnail 15 ml\"}]},{\"@type\":\"WebSite\",\"@id\":\"https:\\\/\\\/districos.standingout.be\\\/fr\\\/#website\",\"url\":\"https:\\\/\\\/districos.standingout.be\\\/fr\\\/\",\"name\":\"Districos Webshop\",\"description\":\"\",\"publisher\":{\"@id\":\"https:\\\/\\\/districos.standingout.be\\\/fr\\\/#organization\"},\"potentialAction\":[{\"@type\":\"SearchAction\",\"target\":{\"@type\":\"EntryPoint\",\"urlTemplate\":\"https:\\\/\\\/districos.standingout.be\\\/fr\\\/?s={search_term_string}\"},\"query-input\":{\"@type\":\"PropertyValueSpecification\",\"valueRequired\":true,\"valueName\":\"search_term_string\"}}],\"inLanguage\":\"fr-FR\"},{\"@type\":\"Organization\",\"@id\":\"https:\\\/\\\/districos.standingout.be\\\/fr\\\/#organization\",\"name\":\"Districos Webshop\",\"url\":\"https:\\\/\\\/districos.standingout.be\\\/fr\\\/\",\"logo\":{\"@type\":\"ImageObject\",\"inLanguage\":\"fr-FR\",\"@id\":\"https:\\\/\\\/districos.standingout.be\\\/fr\\\/#\\\/schema\\\/logo\\\/image\\\/\",\"url\":\"https:\\\/\\\/districos.standingout.be\\\/wp-content\\\/uploads\\\/2022\\\/09\\\/Districos_Logo_Webshop.svg\",\"contentUrl\":\"https:\\\/\\\/districos.standingout.be\\\/wp-content\\\/uploads\\\/2022\\\/09\\\/Districos_Logo_Webshop.svg\",\"caption\":\"Districos Webshop\"},\"image\":{\"@id\":\"https:\\\/\\\/districos.standingout.be\\\/fr\\\/#\\\/schema\\\/logo\\\/image\\\/\"}}]}<\/script>\n<!-- \/ Yoast SEO plugin. -->","yoast_head_json":{"title":"Crisnail Natural Garden Flexnail 15 ml - Districos Webshop","robots":{"index":"noindex","follow":"follow","max-snippet":"max-snippet:-1","max-image-preview":"max-image-preview:large","max-video-preview":"max-video-preview:-1"},"og_locale":"fr_FR","og_type":"article","og_title":"Crisnail Natural Garden Flexnail 15 ml - Districos Webshop","og_description":"Durcisseur d\u2019ongles naturel \u00e0 base d\u2019extraits de plantes sauvages qui renforcent l\u2019ongle naturel. Sa formule exclusive contient de la pr\u00eale, de la foug\u00e8re et une herbe riche en silicones et zinc. Les ongles regagnent leur souplesse et sont hydrat\u00e9s et prot\u00e9g\u00e9s du d\u00e9doublement, provoqu\u00e9s par la d\u00e9shydratation. Emballage : 15 ml. Mode d&#8217;emploi Appliquez deux [&hellip;]","og_url":"https:\/\/districos.standingout.be\/fr\/product\/crisnail-natural-garden-flexnail-15-ml-ref-8950-06\/","og_site_name":"Districos Webshop","article_modified_time":"2026-04-28T12:00:26+00:00","twitter_card":"summary_large_image","schema":{"@context":"https:\/\/schema.org","@graph":[{"@type":"WebPage","@id":"https:\/\/districos.standingout.be\/fr\/product\/crisnail-natural-garden-flexnail-15-ml-ref-8950-06\/","url":"https:\/\/districos.standingout.be\/fr\/product\/crisnail-natural-garden-flexnail-15-ml-ref-8950-06\/","name":"Crisnail Natural Garden Flexnail 15 ml - Districos Webshop","isPartOf":{"@id":"https:\/\/districos.standingout.be\/fr\/#website"},"primaryImageOfPage":{"@id":"https:\/\/districos.standingout.be\/fr\/product\/crisnail-natural-garden-flexnail-15-ml-ref-8950-06\/#primaryimage"},"image":{"@id":"https:\/\/districos.standingout.be\/fr\/product\/crisnail-natural-garden-flexnail-15-ml-ref-8950-06\/#primaryimage"},"thumbnailUrl":"https:\/\/districos.standingout.be\/wp-content\/uploads\/2025\/07\/8950.06@LowRes_1_0.png","datePublished":"2026-04-28T12:00:23+00:00","dateModified":"2026-04-28T12:00:26+00:00","breadcrumb":{"@id":"https:\/\/districos.standingout.be\/fr\/product\/crisnail-natural-garden-flexnail-15-ml-ref-8950-06\/#breadcrumb"},"inLanguage":"fr-FR","potentialAction":[{"@type":"ReadAction","target":["https:\/\/districos.standingout.be\/fr\/product\/crisnail-natural-garden-flexnail-15-ml-ref-8950-06\/"]}]},{"@type":"ImageObject","inLanguage":"fr-FR","@id":"https:\/\/districos.standingout.be\/fr\/product\/crisnail-natural-garden-flexnail-15-ml-ref-8950-06\/#primaryimage","url":"https:\/\/districos.standingout.be\/wp-content\/uploads\/2025\/07\/8950.06@LowRes_1_0.png","contentUrl":"https:\/\/districos.standingout.be\/wp-content\/uploads\/2025\/07\/8950.06@LowRes_1_0.png","width":600,"height":600},{"@type":"BreadcrumbList","@id":"https:\/\/districos.standingout.be\/fr\/product\/crisnail-natural-garden-flexnail-15-ml-ref-8950-06\/#breadcrumb","itemListElement":[{"@type":"ListItem","position":1,"name":"Home","item":"https:\/\/districos.standingout.be\/fr\/bienvenue-chez-districos\/"},{"@type":"ListItem","position":2,"name":"Boutique","item":"https:\/\/districos.standingout.be\/fr\/boutique\/"},{"@type":"ListItem","position":3,"name":"Crisnail Natural Garden Flexnail 15 ml"}]},{"@type":"WebSite","@id":"https:\/\/districos.standingout.be\/fr\/#website","url":"https:\/\/districos.standingout.be\/fr\/","name":"Districos Webshop","description":"","publisher":{"@id":"https:\/\/districos.standingout.be\/fr\/#organization"},"potentialAction":[{"@type":"SearchAction","target":{"@type":"EntryPoint","urlTemplate":"https:\/\/districos.standingout.be\/fr\/?s={search_term_string}"},"query-input":{"@type":"PropertyValueSpecification","valueRequired":true,"valueName":"search_term_string"}}],"inLanguage":"fr-FR"},{"@type":"Organization","@id":"https:\/\/districos.standingout.be\/fr\/#organization","name":"Districos Webshop","url":"https:\/\/districos.standingout.be\/fr\/","logo":{"@type":"ImageObject","inLanguage":"fr-FR","@id":"https:\/\/districos.standingout.be\/fr\/#\/schema\/logo\/image\/","url":"https:\/\/districos.standingout.be\/wp-content\/uploads\/2022\/09\/Districos_Logo_Webshop.svg","contentUrl":"https:\/\/districos.standingout.be\/wp-content\/uploads\/2022\/09\/Districos_Logo_Webshop.svg","caption":"Districos Webshop"},"image":{"@id":"https:\/\/districos.standingout.be\/fr\/#\/schema\/logo\/image\/"}}]}},"_links":{"self":[{"href":"https:\/\/districos.standingout.be\/fr\/wp-json\/wp\/v2\/product\/142701","targetHints":{"allow":["GET"]}}],"collection":[{"href":"https:\/\/districos.standingout.be\/fr\/wp-json\/wp\/v2\/product"}],"about":[{"href":"https:\/\/districos.standingout.be\/fr\/wp-json\/wp\/v2\/types\/product"}],"replies":[{"embeddable":true,"href":"https:\/\/districos.standingout.be\/fr\/wp-json\/wp\/v2\/comments?post=142701"}],"wp:featuredmedia":[{"embeddable":true,"href":"https:\/\/districos.standingout.be\/fr\/wp-json\/wp\/v2\/media\/85781"}],"wp:attachment":[{"href":"https:\/\/districos.standingout.be\/fr\/wp-json\/wp\/v2\/media?parent=142701"}],"wp:term":[{"taxonomy":"product_brand","embeddable":true,"href":"https:\/\/districos.standingout.be\/fr\/wp-json\/wp\/v2\/product_brand?post=142701"},{"taxonomy":"product_cat","embeddable":true,"href":"https:\/\/districos.standingout.be\/fr\/wp-json\/wp\/v2\/product_cat?post=142701"},{"taxonomy":"product_tag","embeddable":true,"href":"https:\/\/districos.standingout.be\/fr\/wp-json\/wp\/v2\/product_tag?post=142701"}],"curies":[{"name":"wp","href":"https:\/\/api.w.org\/{rel}","templated":true}]}}