{"id":142705,"date":"2026-04-28T14:00:32","date_gmt":"2026-04-28T12:00:32","guid":{"rendered":"https:\/\/webshopdistricoscom.webhosting.be\/product\/crisnail-natural-garden-mango-cuticle-oil-30-ml-ref-8950-13-2\/"},"modified":"2026-04-28T14:00:36","modified_gmt":"2026-04-28T12:00:36","slug":"crisnail-natural-garden-mango-cuticle-oil-30-ml-ref-8950-13","status":"publish","type":"product","link":"https:\/\/districos.standingout.be\/fr\/product\/crisnail-natural-garden-mango-cuticle-oil-30-ml-ref-8950-13\/","title":{"rendered":"Crisnail Natural Garden Mango Cuticle Oil 30 ml"},"content":{"rendered":"<p >\n<p dir=\"ltr\">La Mango Cuticule Oil revitalise et prot\u00e8ge les cuticules et p\u00e9n\u00e8tre dans la surface ungu\u00e9ale, alors que la croissance des ongles naturels est stimul\u00e9e.<\/p>\n<p dir=\"ltr\">\n<ul>\n<li>Huile concentr\u00e9e exclusive.<\/li>\n<li>Combinaison de prot\u00e9ines et de calcium organique avec les meilleurs ingr\u00e9dients : des germes de bl\u00e9, des huiles de tournesol et de s\u00e9same.<\/li>\n<li>Emballage : flacon de cabine de 30 ml avec pipette.<\/li>\n<\/ul>\n<div><b>Mode d&#8217;emploi<\/b><\/div>\n<\/p>\n<p dir=\"ltr\">Appliquez quotidiennement sur les ongles et les cuticules.<\/p>\n<p dir=\"ltr\"><\/p>\n<p dir=\"ltr\"><b>Aussi disponible<\/b><\/p>\n<p dir=\"ltr\">\n<ul>\n<li>Roll-on de 8 ml (<u><a href=\"https:\/\/districos.com\/ProductDetail\/8950.14\" target=\"_blank\" rel=\"noopener noreferrer nofollow\">r\u00e9f. 8950.14<\/a><\/u>)<\/li>\n<li>Pr\u00e9sentoir contenant 9 roll-ons de 8 ml (<u><a href=\"https:\/\/districos.com\/ProductDetail\/8950.15\" target=\"_blank\" rel=\"noopener noreferrer nofollow\">r\u00e9f. 8950.15<\/a><\/u>)<\/li>\n<\/ul><\/p>\n","protected":false},"excerpt":{"rendered":"<p>La Mango Cuticule Oil revitalise et prot\u00e8ge les cuticules et p\u00e9n\u00e8tre dans la surface ungu\u00e9ale, alors que la croissance des ongles naturels est stimul\u00e9e. Huile concentr\u00e9e exclusive. Combinaison de prot\u00e9ines et de calcium organique avec les meilleurs ingr\u00e9dients : des germes de bl\u00e9, des huiles de tournesol et de s\u00e9same. Emballage : flacon de cabine [&hellip;]<\/p>\n","protected":false},"featured_media":85793,"comment_status":"open","ping_status":"closed","template":"","meta":{"_acf_changed":false},"product_brand":[10352],"product_cat":[9904],"product_tag":[],"class_list":{"0":"post-142705","1":"product","2":"type-product","3":"status-publish","4":"has-post-thumbnail","6":"product_brand-crisnail-fr","7":"product_cat-beaute-manucure-ongles-soins-des-mains-et-des-ongles","9":"first","10":"instock","11":"taxable","12":"shipping-taxable","13":"product-type-simple"},"acf":[],"yoast_head":"<!-- This site is optimized with the Yoast SEO plugin v27.3 - https:\/\/yoast.com\/product\/yoast-seo-wordpress\/ -->\n<title>Crisnail Natural Garden Mango Cuticle Oil 30 ml - Districos Webshop<\/title>\n<meta name=\"robots\" content=\"noindex, follow, max-snippet:-1, max-image-preview:large, max-video-preview:-1\" \/>\n<meta property=\"og:locale\" content=\"fr_FR\" \/>\n<meta property=\"og:type\" content=\"article\" \/>\n<meta property=\"og:title\" content=\"Crisnail Natural Garden Mango Cuticle Oil 30 ml - Districos Webshop\" \/>\n<meta property=\"og:description\" content=\"La Mango Cuticule Oil revitalise et prot\u00e8ge les cuticules et p\u00e9n\u00e8tre dans la surface ungu\u00e9ale, alors que la croissance des ongles naturels est stimul\u00e9e. Huile concentr\u00e9e exclusive. Combinaison de prot\u00e9ines et de calcium organique avec les meilleurs ingr\u00e9dients : des germes de bl\u00e9, des huiles de tournesol et de s\u00e9same. Emballage : flacon de cabine [&hellip;]\" \/>\n<meta property=\"og:url\" content=\"https:\/\/districos.standingout.be\/fr\/product\/crisnail-natural-garden-mango-cuticle-oil-30-ml-ref-8950-13\/\" \/>\n<meta property=\"og:site_name\" content=\"Districos Webshop\" \/>\n<meta property=\"article:modified_time\" content=\"2026-04-28T12:00:36+00:00\" \/>\n<meta name=\"twitter:card\" content=\"summary_large_image\" \/>\n<script type=\"application\/ld+json\" class=\"yoast-schema-graph\">{\"@context\":\"https:\\\/\\\/schema.org\",\"@graph\":[{\"@type\":\"WebPage\",\"@id\":\"https:\\\/\\\/districos.standingout.be\\\/fr\\\/product\\\/crisnail-natural-garden-mango-cuticle-oil-30-ml-ref-8950-13\\\/\",\"url\":\"https:\\\/\\\/districos.standingout.be\\\/fr\\\/product\\\/crisnail-natural-garden-mango-cuticle-oil-30-ml-ref-8950-13\\\/\",\"name\":\"Crisnail Natural Garden Mango Cuticle Oil 30 ml - Districos Webshop\",\"isPartOf\":{\"@id\":\"https:\\\/\\\/districos.standingout.be\\\/fr\\\/#website\"},\"primaryImageOfPage\":{\"@id\":\"https:\\\/\\\/districos.standingout.be\\\/fr\\\/product\\\/crisnail-natural-garden-mango-cuticle-oil-30-ml-ref-8950-13\\\/#primaryimage\"},\"image\":{\"@id\":\"https:\\\/\\\/districos.standingout.be\\\/fr\\\/product\\\/crisnail-natural-garden-mango-cuticle-oil-30-ml-ref-8950-13\\\/#primaryimage\"},\"thumbnailUrl\":\"https:\\\/\\\/districos.standingout.be\\\/wp-content\\\/uploads\\\/2025\\\/07\\\/8950.13@LowRes_1_0.png\",\"datePublished\":\"2026-04-28T12:00:32+00:00\",\"dateModified\":\"2026-04-28T12:00:36+00:00\",\"breadcrumb\":{\"@id\":\"https:\\\/\\\/districos.standingout.be\\\/fr\\\/product\\\/crisnail-natural-garden-mango-cuticle-oil-30-ml-ref-8950-13\\\/#breadcrumb\"},\"inLanguage\":\"fr-FR\",\"potentialAction\":[{\"@type\":\"ReadAction\",\"target\":[\"https:\\\/\\\/districos.standingout.be\\\/fr\\\/product\\\/crisnail-natural-garden-mango-cuticle-oil-30-ml-ref-8950-13\\\/\"]}]},{\"@type\":\"ImageObject\",\"inLanguage\":\"fr-FR\",\"@id\":\"https:\\\/\\\/districos.standingout.be\\\/fr\\\/product\\\/crisnail-natural-garden-mango-cuticle-oil-30-ml-ref-8950-13\\\/#primaryimage\",\"url\":\"https:\\\/\\\/districos.standingout.be\\\/wp-content\\\/uploads\\\/2025\\\/07\\\/8950.13@LowRes_1_0.png\",\"contentUrl\":\"https:\\\/\\\/districos.standingout.be\\\/wp-content\\\/uploads\\\/2025\\\/07\\\/8950.13@LowRes_1_0.png\",\"width\":600,\"height\":600},{\"@type\":\"BreadcrumbList\",\"@id\":\"https:\\\/\\\/districos.standingout.be\\\/fr\\\/product\\\/crisnail-natural-garden-mango-cuticle-oil-30-ml-ref-8950-13\\\/#breadcrumb\",\"itemListElement\":[{\"@type\":\"ListItem\",\"position\":1,\"name\":\"Home\",\"item\":\"https:\\\/\\\/districos.standingout.be\\\/fr\\\/bienvenue-chez-districos\\\/\"},{\"@type\":\"ListItem\",\"position\":2,\"name\":\"Boutique\",\"item\":\"https:\\\/\\\/districos.standingout.be\\\/fr\\\/boutique\\\/\"},{\"@type\":\"ListItem\",\"position\":3,\"name\":\"Crisnail Natural Garden Mango Cuticle Oil 30 ml\"}]},{\"@type\":\"WebSite\",\"@id\":\"https:\\\/\\\/districos.standingout.be\\\/fr\\\/#website\",\"url\":\"https:\\\/\\\/districos.standingout.be\\\/fr\\\/\",\"name\":\"Districos Webshop\",\"description\":\"\",\"publisher\":{\"@id\":\"https:\\\/\\\/districos.standingout.be\\\/fr\\\/#organization\"},\"potentialAction\":[{\"@type\":\"SearchAction\",\"target\":{\"@type\":\"EntryPoint\",\"urlTemplate\":\"https:\\\/\\\/districos.standingout.be\\\/fr\\\/?s={search_term_string}\"},\"query-input\":{\"@type\":\"PropertyValueSpecification\",\"valueRequired\":true,\"valueName\":\"search_term_string\"}}],\"inLanguage\":\"fr-FR\"},{\"@type\":\"Organization\",\"@id\":\"https:\\\/\\\/districos.standingout.be\\\/fr\\\/#organization\",\"name\":\"Districos Webshop\",\"url\":\"https:\\\/\\\/districos.standingout.be\\\/fr\\\/\",\"logo\":{\"@type\":\"ImageObject\",\"inLanguage\":\"fr-FR\",\"@id\":\"https:\\\/\\\/districos.standingout.be\\\/fr\\\/#\\\/schema\\\/logo\\\/image\\\/\",\"url\":\"https:\\\/\\\/districos.standingout.be\\\/wp-content\\\/uploads\\\/2022\\\/09\\\/Districos_Logo_Webshop.svg\",\"contentUrl\":\"https:\\\/\\\/districos.standingout.be\\\/wp-content\\\/uploads\\\/2022\\\/09\\\/Districos_Logo_Webshop.svg\",\"caption\":\"Districos Webshop\"},\"image\":{\"@id\":\"https:\\\/\\\/districos.standingout.be\\\/fr\\\/#\\\/schema\\\/logo\\\/image\\\/\"}}]}<\/script>\n<!-- \/ Yoast SEO plugin. -->","yoast_head_json":{"title":"Crisnail Natural Garden Mango Cuticle Oil 30 ml - Districos Webshop","robots":{"index":"noindex","follow":"follow","max-snippet":"max-snippet:-1","max-image-preview":"max-image-preview:large","max-video-preview":"max-video-preview:-1"},"og_locale":"fr_FR","og_type":"article","og_title":"Crisnail Natural Garden Mango Cuticle Oil 30 ml - Districos Webshop","og_description":"La Mango Cuticule Oil revitalise et prot\u00e8ge les cuticules et p\u00e9n\u00e8tre dans la surface ungu\u00e9ale, alors que la croissance des ongles naturels est stimul\u00e9e. Huile concentr\u00e9e exclusive. Combinaison de prot\u00e9ines et de calcium organique avec les meilleurs ingr\u00e9dients : des germes de bl\u00e9, des huiles de tournesol et de s\u00e9same. Emballage : flacon de cabine [&hellip;]","og_url":"https:\/\/districos.standingout.be\/fr\/product\/crisnail-natural-garden-mango-cuticle-oil-30-ml-ref-8950-13\/","og_site_name":"Districos Webshop","article_modified_time":"2026-04-28T12:00:36+00:00","twitter_card":"summary_large_image","schema":{"@context":"https:\/\/schema.org","@graph":[{"@type":"WebPage","@id":"https:\/\/districos.standingout.be\/fr\/product\/crisnail-natural-garden-mango-cuticle-oil-30-ml-ref-8950-13\/","url":"https:\/\/districos.standingout.be\/fr\/product\/crisnail-natural-garden-mango-cuticle-oil-30-ml-ref-8950-13\/","name":"Crisnail Natural Garden Mango Cuticle Oil 30 ml - Districos Webshop","isPartOf":{"@id":"https:\/\/districos.standingout.be\/fr\/#website"},"primaryImageOfPage":{"@id":"https:\/\/districos.standingout.be\/fr\/product\/crisnail-natural-garden-mango-cuticle-oil-30-ml-ref-8950-13\/#primaryimage"},"image":{"@id":"https:\/\/districos.standingout.be\/fr\/product\/crisnail-natural-garden-mango-cuticle-oil-30-ml-ref-8950-13\/#primaryimage"},"thumbnailUrl":"https:\/\/districos.standingout.be\/wp-content\/uploads\/2025\/07\/8950.13@LowRes_1_0.png","datePublished":"2026-04-28T12:00:32+00:00","dateModified":"2026-04-28T12:00:36+00:00","breadcrumb":{"@id":"https:\/\/districos.standingout.be\/fr\/product\/crisnail-natural-garden-mango-cuticle-oil-30-ml-ref-8950-13\/#breadcrumb"},"inLanguage":"fr-FR","potentialAction":[{"@type":"ReadAction","target":["https:\/\/districos.standingout.be\/fr\/product\/crisnail-natural-garden-mango-cuticle-oil-30-ml-ref-8950-13\/"]}]},{"@type":"ImageObject","inLanguage":"fr-FR","@id":"https:\/\/districos.standingout.be\/fr\/product\/crisnail-natural-garden-mango-cuticle-oil-30-ml-ref-8950-13\/#primaryimage","url":"https:\/\/districos.standingout.be\/wp-content\/uploads\/2025\/07\/8950.13@LowRes_1_0.png","contentUrl":"https:\/\/districos.standingout.be\/wp-content\/uploads\/2025\/07\/8950.13@LowRes_1_0.png","width":600,"height":600},{"@type":"BreadcrumbList","@id":"https:\/\/districos.standingout.be\/fr\/product\/crisnail-natural-garden-mango-cuticle-oil-30-ml-ref-8950-13\/#breadcrumb","itemListElement":[{"@type":"ListItem","position":1,"name":"Home","item":"https:\/\/districos.standingout.be\/fr\/bienvenue-chez-districos\/"},{"@type":"ListItem","position":2,"name":"Boutique","item":"https:\/\/districos.standingout.be\/fr\/boutique\/"},{"@type":"ListItem","position":3,"name":"Crisnail Natural Garden Mango Cuticle Oil 30 ml"}]},{"@type":"WebSite","@id":"https:\/\/districos.standingout.be\/fr\/#website","url":"https:\/\/districos.standingout.be\/fr\/","name":"Districos Webshop","description":"","publisher":{"@id":"https:\/\/districos.standingout.be\/fr\/#organization"},"potentialAction":[{"@type":"SearchAction","target":{"@type":"EntryPoint","urlTemplate":"https:\/\/districos.standingout.be\/fr\/?s={search_term_string}"},"query-input":{"@type":"PropertyValueSpecification","valueRequired":true,"valueName":"search_term_string"}}],"inLanguage":"fr-FR"},{"@type":"Organization","@id":"https:\/\/districos.standingout.be\/fr\/#organization","name":"Districos Webshop","url":"https:\/\/districos.standingout.be\/fr\/","logo":{"@type":"ImageObject","inLanguage":"fr-FR","@id":"https:\/\/districos.standingout.be\/fr\/#\/schema\/logo\/image\/","url":"https:\/\/districos.standingout.be\/wp-content\/uploads\/2022\/09\/Districos_Logo_Webshop.svg","contentUrl":"https:\/\/districos.standingout.be\/wp-content\/uploads\/2022\/09\/Districos_Logo_Webshop.svg","caption":"Districos Webshop"},"image":{"@id":"https:\/\/districos.standingout.be\/fr\/#\/schema\/logo\/image\/"}}]}},"_links":{"self":[{"href":"https:\/\/districos.standingout.be\/fr\/wp-json\/wp\/v2\/product\/142705","targetHints":{"allow":["GET"]}}],"collection":[{"href":"https:\/\/districos.standingout.be\/fr\/wp-json\/wp\/v2\/product"}],"about":[{"href":"https:\/\/districos.standingout.be\/fr\/wp-json\/wp\/v2\/types\/product"}],"replies":[{"embeddable":true,"href":"https:\/\/districos.standingout.be\/fr\/wp-json\/wp\/v2\/comments?post=142705"}],"wp:featuredmedia":[{"embeddable":true,"href":"https:\/\/districos.standingout.be\/fr\/wp-json\/wp\/v2\/media\/85793"}],"wp:attachment":[{"href":"https:\/\/districos.standingout.be\/fr\/wp-json\/wp\/v2\/media?parent=142705"}],"wp:term":[{"taxonomy":"product_brand","embeddable":true,"href":"https:\/\/districos.standingout.be\/fr\/wp-json\/wp\/v2\/product_brand?post=142705"},{"taxonomy":"product_cat","embeddable":true,"href":"https:\/\/districos.standingout.be\/fr\/wp-json\/wp\/v2\/product_cat?post=142705"},{"taxonomy":"product_tag","embeddable":true,"href":"https:\/\/districos.standingout.be\/fr\/wp-json\/wp\/v2\/product_tag?post=142705"}],"curies":[{"name":"wp","href":"https:\/\/api.w.org\/{rel}","templated":true}]}}