{"id":142711,"date":"2026-04-28T14:01:16","date_gmt":"2026-04-28T12:01:16","guid":{"rendered":"https:\/\/webshopdistricoscom.webhosting.be\/product\/crisnail-natural-garden-flower-balm-500-ml-ref-8950-16-2\/"},"modified":"2026-04-28T14:01:19","modified_gmt":"2026-04-28T12:01:19","slug":"crisnail-natural-garden-flower-balm-500-ml-ref-8950-16","status":"publish","type":"product","link":"https:\/\/districos.standingout.be\/fr\/product\/crisnail-natural-garden-flower-balm-500-ml-ref-8950-16\/","title":{"rendered":"Crisnail Natural Garden Flower Balm 500 ml"},"content":{"rendered":"<p >\n<p dir=\"ltr\">\u00c9mulsion douce et rafra\u00eechissante, enrichie en extraits de fleurs, parfaite pour un massage relaxant des mains. Elle adoucit et hydrate les mains ayant perdu leur collag\u00e8ne et leur degr\u00e9 d\u2019humidit\u00e9 naturels \u00e0 cause de la lumi\u00e8re du soleil, du nettoyage r\u00e9gulier, de la pollution et des changements climatiques.<\/p>\n<p dir=\"ltr\">\n<ul>\n<li>Ne laisse pas de sensation graisseuse sur les mains. <\/li>\n<li>Emballage : 500 ml.<\/li>\n<\/ul><\/p>\n","protected":false},"excerpt":{"rendered":"<p>\u00c9mulsion douce et rafra\u00eechissante, enrichie en extraits de fleurs, parfaite pour un massage relaxant des mains. Elle adoucit et hydrate les mains ayant perdu leur collag\u00e8ne et leur degr\u00e9 d\u2019humidit\u00e9 naturels \u00e0 cause de la lumi\u00e8re du soleil, du nettoyage r\u00e9gulier, de la pollution et des changements climatiques. Ne laisse pas de sensation graisseuse sur [&hellip;]<\/p>\n","protected":false},"featured_media":85802,"comment_status":"open","ping_status":"closed","template":"","meta":{"_acf_changed":false},"product_brand":[10352],"product_cat":[9904],"product_tag":[],"class_list":{"0":"post-142711","1":"product","2":"type-product","3":"status-publish","4":"has-post-thumbnail","6":"product_brand-crisnail-fr","7":"product_cat-beaute-manucure-ongles-soins-des-mains-et-des-ongles","9":"first","10":"instock","11":"taxable","12":"shipping-taxable","13":"product-type-simple"},"acf":[],"yoast_head":"<!-- This site is optimized with the Yoast SEO plugin v27.3 - https:\/\/yoast.com\/product\/yoast-seo-wordpress\/ -->\n<title>Crisnail Natural Garden Flower Balm 500 ml - Districos Webshop<\/title>\n<meta name=\"robots\" content=\"noindex, follow, max-snippet:-1, max-image-preview:large, max-video-preview:-1\" \/>\n<meta property=\"og:locale\" content=\"fr_FR\" \/>\n<meta property=\"og:type\" content=\"article\" \/>\n<meta property=\"og:title\" content=\"Crisnail Natural Garden Flower Balm 500 ml - Districos Webshop\" \/>\n<meta property=\"og:description\" content=\"\u00c9mulsion douce et rafra\u00eechissante, enrichie en extraits de fleurs, parfaite pour un massage relaxant des mains. Elle adoucit et hydrate les mains ayant perdu leur collag\u00e8ne et leur degr\u00e9 d\u2019humidit\u00e9 naturels \u00e0 cause de la lumi\u00e8re du soleil, du nettoyage r\u00e9gulier, de la pollution et des changements climatiques. Ne laisse pas de sensation graisseuse sur [&hellip;]\" \/>\n<meta property=\"og:url\" content=\"https:\/\/districos.standingout.be\/fr\/product\/crisnail-natural-garden-flower-balm-500-ml-ref-8950-16\/\" \/>\n<meta property=\"og:site_name\" content=\"Districos Webshop\" \/>\n<meta property=\"article:modified_time\" content=\"2026-04-28T12:01:19+00:00\" \/>\n<meta name=\"twitter:card\" content=\"summary_large_image\" \/>\n<script type=\"application\/ld+json\" class=\"yoast-schema-graph\">{\"@context\":\"https:\\\/\\\/schema.org\",\"@graph\":[{\"@type\":\"WebPage\",\"@id\":\"https:\\\/\\\/districos.standingout.be\\\/fr\\\/product\\\/crisnail-natural-garden-flower-balm-500-ml-ref-8950-16\\\/\",\"url\":\"https:\\\/\\\/districos.standingout.be\\\/fr\\\/product\\\/crisnail-natural-garden-flower-balm-500-ml-ref-8950-16\\\/\",\"name\":\"Crisnail Natural Garden Flower Balm 500 ml - Districos Webshop\",\"isPartOf\":{\"@id\":\"https:\\\/\\\/districos.standingout.be\\\/fr\\\/#website\"},\"primaryImageOfPage\":{\"@id\":\"https:\\\/\\\/districos.standingout.be\\\/fr\\\/product\\\/crisnail-natural-garden-flower-balm-500-ml-ref-8950-16\\\/#primaryimage\"},\"image\":{\"@id\":\"https:\\\/\\\/districos.standingout.be\\\/fr\\\/product\\\/crisnail-natural-garden-flower-balm-500-ml-ref-8950-16\\\/#primaryimage\"},\"thumbnailUrl\":\"https:\\\/\\\/districos.standingout.be\\\/wp-content\\\/uploads\\\/2025\\\/07\\\/8950.16@LowRes_1_0.png\",\"datePublished\":\"2026-04-28T12:01:16+00:00\",\"dateModified\":\"2026-04-28T12:01:19+00:00\",\"breadcrumb\":{\"@id\":\"https:\\\/\\\/districos.standingout.be\\\/fr\\\/product\\\/crisnail-natural-garden-flower-balm-500-ml-ref-8950-16\\\/#breadcrumb\"},\"inLanguage\":\"fr-FR\",\"potentialAction\":[{\"@type\":\"ReadAction\",\"target\":[\"https:\\\/\\\/districos.standingout.be\\\/fr\\\/product\\\/crisnail-natural-garden-flower-balm-500-ml-ref-8950-16\\\/\"]}]},{\"@type\":\"ImageObject\",\"inLanguage\":\"fr-FR\",\"@id\":\"https:\\\/\\\/districos.standingout.be\\\/fr\\\/product\\\/crisnail-natural-garden-flower-balm-500-ml-ref-8950-16\\\/#primaryimage\",\"url\":\"https:\\\/\\\/districos.standingout.be\\\/wp-content\\\/uploads\\\/2025\\\/07\\\/8950.16@LowRes_1_0.png\",\"contentUrl\":\"https:\\\/\\\/districos.standingout.be\\\/wp-content\\\/uploads\\\/2025\\\/07\\\/8950.16@LowRes_1_0.png\",\"width\":600,\"height\":600},{\"@type\":\"BreadcrumbList\",\"@id\":\"https:\\\/\\\/districos.standingout.be\\\/fr\\\/product\\\/crisnail-natural-garden-flower-balm-500-ml-ref-8950-16\\\/#breadcrumb\",\"itemListElement\":[{\"@type\":\"ListItem\",\"position\":1,\"name\":\"Home\",\"item\":\"https:\\\/\\\/districos.standingout.be\\\/fr\\\/bienvenue-chez-districos\\\/\"},{\"@type\":\"ListItem\",\"position\":2,\"name\":\"Boutique\",\"item\":\"https:\\\/\\\/districos.standingout.be\\\/fr\\\/boutique\\\/\"},{\"@type\":\"ListItem\",\"position\":3,\"name\":\"Crisnail Natural Garden Flower Balm 500 ml\"}]},{\"@type\":\"WebSite\",\"@id\":\"https:\\\/\\\/districos.standingout.be\\\/fr\\\/#website\",\"url\":\"https:\\\/\\\/districos.standingout.be\\\/fr\\\/\",\"name\":\"Districos Webshop\",\"description\":\"\",\"publisher\":{\"@id\":\"https:\\\/\\\/districos.standingout.be\\\/fr\\\/#organization\"},\"potentialAction\":[{\"@type\":\"SearchAction\",\"target\":{\"@type\":\"EntryPoint\",\"urlTemplate\":\"https:\\\/\\\/districos.standingout.be\\\/fr\\\/?s={search_term_string}\"},\"query-input\":{\"@type\":\"PropertyValueSpecification\",\"valueRequired\":true,\"valueName\":\"search_term_string\"}}],\"inLanguage\":\"fr-FR\"},{\"@type\":\"Organization\",\"@id\":\"https:\\\/\\\/districos.standingout.be\\\/fr\\\/#organization\",\"name\":\"Districos Webshop\",\"url\":\"https:\\\/\\\/districos.standingout.be\\\/fr\\\/\",\"logo\":{\"@type\":\"ImageObject\",\"inLanguage\":\"fr-FR\",\"@id\":\"https:\\\/\\\/districos.standingout.be\\\/fr\\\/#\\\/schema\\\/logo\\\/image\\\/\",\"url\":\"https:\\\/\\\/districos.standingout.be\\\/wp-content\\\/uploads\\\/2022\\\/09\\\/Districos_Logo_Webshop.svg\",\"contentUrl\":\"https:\\\/\\\/districos.standingout.be\\\/wp-content\\\/uploads\\\/2022\\\/09\\\/Districos_Logo_Webshop.svg\",\"caption\":\"Districos Webshop\"},\"image\":{\"@id\":\"https:\\\/\\\/districos.standingout.be\\\/fr\\\/#\\\/schema\\\/logo\\\/image\\\/\"}}]}<\/script>\n<!-- \/ Yoast SEO plugin. -->","yoast_head_json":{"title":"Crisnail Natural Garden Flower Balm 500 ml - Districos Webshop","robots":{"index":"noindex","follow":"follow","max-snippet":"max-snippet:-1","max-image-preview":"max-image-preview:large","max-video-preview":"max-video-preview:-1"},"og_locale":"fr_FR","og_type":"article","og_title":"Crisnail Natural Garden Flower Balm 500 ml - Districos Webshop","og_description":"\u00c9mulsion douce et rafra\u00eechissante, enrichie en extraits de fleurs, parfaite pour un massage relaxant des mains. Elle adoucit et hydrate les mains ayant perdu leur collag\u00e8ne et leur degr\u00e9 d\u2019humidit\u00e9 naturels \u00e0 cause de la lumi\u00e8re du soleil, du nettoyage r\u00e9gulier, de la pollution et des changements climatiques. Ne laisse pas de sensation graisseuse sur [&hellip;]","og_url":"https:\/\/districos.standingout.be\/fr\/product\/crisnail-natural-garden-flower-balm-500-ml-ref-8950-16\/","og_site_name":"Districos Webshop","article_modified_time":"2026-04-28T12:01:19+00:00","twitter_card":"summary_large_image","schema":{"@context":"https:\/\/schema.org","@graph":[{"@type":"WebPage","@id":"https:\/\/districos.standingout.be\/fr\/product\/crisnail-natural-garden-flower-balm-500-ml-ref-8950-16\/","url":"https:\/\/districos.standingout.be\/fr\/product\/crisnail-natural-garden-flower-balm-500-ml-ref-8950-16\/","name":"Crisnail Natural Garden Flower Balm 500 ml - Districos Webshop","isPartOf":{"@id":"https:\/\/districos.standingout.be\/fr\/#website"},"primaryImageOfPage":{"@id":"https:\/\/districos.standingout.be\/fr\/product\/crisnail-natural-garden-flower-balm-500-ml-ref-8950-16\/#primaryimage"},"image":{"@id":"https:\/\/districos.standingout.be\/fr\/product\/crisnail-natural-garden-flower-balm-500-ml-ref-8950-16\/#primaryimage"},"thumbnailUrl":"https:\/\/districos.standingout.be\/wp-content\/uploads\/2025\/07\/8950.16@LowRes_1_0.png","datePublished":"2026-04-28T12:01:16+00:00","dateModified":"2026-04-28T12:01:19+00:00","breadcrumb":{"@id":"https:\/\/districos.standingout.be\/fr\/product\/crisnail-natural-garden-flower-balm-500-ml-ref-8950-16\/#breadcrumb"},"inLanguage":"fr-FR","potentialAction":[{"@type":"ReadAction","target":["https:\/\/districos.standingout.be\/fr\/product\/crisnail-natural-garden-flower-balm-500-ml-ref-8950-16\/"]}]},{"@type":"ImageObject","inLanguage":"fr-FR","@id":"https:\/\/districos.standingout.be\/fr\/product\/crisnail-natural-garden-flower-balm-500-ml-ref-8950-16\/#primaryimage","url":"https:\/\/districos.standingout.be\/wp-content\/uploads\/2025\/07\/8950.16@LowRes_1_0.png","contentUrl":"https:\/\/districos.standingout.be\/wp-content\/uploads\/2025\/07\/8950.16@LowRes_1_0.png","width":600,"height":600},{"@type":"BreadcrumbList","@id":"https:\/\/districos.standingout.be\/fr\/product\/crisnail-natural-garden-flower-balm-500-ml-ref-8950-16\/#breadcrumb","itemListElement":[{"@type":"ListItem","position":1,"name":"Home","item":"https:\/\/districos.standingout.be\/fr\/bienvenue-chez-districos\/"},{"@type":"ListItem","position":2,"name":"Boutique","item":"https:\/\/districos.standingout.be\/fr\/boutique\/"},{"@type":"ListItem","position":3,"name":"Crisnail Natural Garden Flower Balm 500 ml"}]},{"@type":"WebSite","@id":"https:\/\/districos.standingout.be\/fr\/#website","url":"https:\/\/districos.standingout.be\/fr\/","name":"Districos Webshop","description":"","publisher":{"@id":"https:\/\/districos.standingout.be\/fr\/#organization"},"potentialAction":[{"@type":"SearchAction","target":{"@type":"EntryPoint","urlTemplate":"https:\/\/districos.standingout.be\/fr\/?s={search_term_string}"},"query-input":{"@type":"PropertyValueSpecification","valueRequired":true,"valueName":"search_term_string"}}],"inLanguage":"fr-FR"},{"@type":"Organization","@id":"https:\/\/districos.standingout.be\/fr\/#organization","name":"Districos Webshop","url":"https:\/\/districos.standingout.be\/fr\/","logo":{"@type":"ImageObject","inLanguage":"fr-FR","@id":"https:\/\/districos.standingout.be\/fr\/#\/schema\/logo\/image\/","url":"https:\/\/districos.standingout.be\/wp-content\/uploads\/2022\/09\/Districos_Logo_Webshop.svg","contentUrl":"https:\/\/districos.standingout.be\/wp-content\/uploads\/2022\/09\/Districos_Logo_Webshop.svg","caption":"Districos Webshop"},"image":{"@id":"https:\/\/districos.standingout.be\/fr\/#\/schema\/logo\/image\/"}}]}},"_links":{"self":[{"href":"https:\/\/districos.standingout.be\/fr\/wp-json\/wp\/v2\/product\/142711","targetHints":{"allow":["GET"]}}],"collection":[{"href":"https:\/\/districos.standingout.be\/fr\/wp-json\/wp\/v2\/product"}],"about":[{"href":"https:\/\/districos.standingout.be\/fr\/wp-json\/wp\/v2\/types\/product"}],"replies":[{"embeddable":true,"href":"https:\/\/districos.standingout.be\/fr\/wp-json\/wp\/v2\/comments?post=142711"}],"wp:featuredmedia":[{"embeddable":true,"href":"https:\/\/districos.standingout.be\/fr\/wp-json\/wp\/v2\/media\/85802"}],"wp:attachment":[{"href":"https:\/\/districos.standingout.be\/fr\/wp-json\/wp\/v2\/media?parent=142711"}],"wp:term":[{"taxonomy":"product_brand","embeddable":true,"href":"https:\/\/districos.standingout.be\/fr\/wp-json\/wp\/v2\/product_brand?post=142711"},{"taxonomy":"product_cat","embeddable":true,"href":"https:\/\/districos.standingout.be\/fr\/wp-json\/wp\/v2\/product_cat?post=142711"},{"taxonomy":"product_tag","embeddable":true,"href":"https:\/\/districos.standingout.be\/fr\/wp-json\/wp\/v2\/product_tag?post=142711"}],"curies":[{"name":"wp","href":"https:\/\/api.w.org\/{rel}","templated":true}]}}