{"id":142717,"date":"2026-04-28T14:01:27","date_gmt":"2026-04-28T12:01:27","guid":{"rendered":"https:\/\/webshopdistricoscom.webhosting.be\/product\/porte-cotons-et-porte-cotons-tiges-couvercles-ref-8960-01\/"},"modified":"2026-04-28T14:01:31","modified_gmt":"2026-04-28T12:01:31","slug":"porte-cotons-et-porte-cotons-tiges-couvercles-ref-8960-01","status":"publish","type":"product","link":"https:\/\/districos.standingout.be\/fr\/product\/porte-cotons-et-porte-cotons-tiges-couvercles-ref-8960-01\/","title":{"rendered":"Porte-Cotons et Porte-Cotons-Tiges + Couvercles"},"content":{"rendered":"<p >\n<\/p>\n<p dir=\"ltr\">Porte-cotons et porte-cotons-tiges avec couvercles qui sont reli\u00e9s l\u2019un \u00e0 l\u2019autre. C&rsquo;est un produit en vogue, fabriqu\u00e9 en plexi clair, permettant de ranger tout votre petit mat\u00e9riel de fa\u00e7on ordonn\u00e9e et hygi\u00e9nique. Ce produit en plexi n\u2019est pas seulement pratique, mais il donne \u00e9galement de l\u2019allure \u00e0 votre institut.<\/p>\n<p dir=\"ltr\">\n<ul>\n<li>Dimensions : 145 x 83 x 115 mm.<\/li>\n<li>Diam\u00e8tre : 55 et 75 mm.<\/li>\n<li>Emballage : 1 pi\u00e8ce.<\/li>\n<\/ul>\n","protected":false},"excerpt":{"rendered":"<p>Porte-cotons et porte-cotons-tiges avec couvercles qui sont reli\u00e9s l\u2019un \u00e0 l\u2019autre. C&rsquo;est un produit en vogue, fabriqu\u00e9 en plexi clair, permettant de ranger tout votre petit mat\u00e9riel de fa\u00e7on ordonn\u00e9e et hygi\u00e9nique. Ce produit en plexi n\u2019est pas seulement pratique, mais il donne \u00e9galement de l\u2019allure \u00e0 votre institut. Dimensions : 145 x 83 x [&hellip;]<\/p>\n","protected":false},"featured_media":113921,"comment_status":"open","ping_status":"closed","template":"","meta":{"_acf_changed":false},"product_brand":[10380],"product_cat":[10168,10178,10616],"product_tag":[],"class_list":{"0":"post-142717","1":"product","2":"type-product","3":"status-publish","4":"has-post-thumbnail","6":"product_brand-districos-fr","7":"product_cat-fournitures-pour-cabinet-accessoires-accessoires-visage","8":"product_cat-fournitures-pour-cabinet-accessoires-rangement-en-plexiglas","9":"product_cat-fournitures-pour-cabinet-instruments-visage","11":"first","12":"instock","13":"taxable","14":"shipping-taxable","15":"product-type-simple"},"acf":[],"yoast_head":"<!-- This site is optimized with the Yoast SEO plugin v27.3 - https:\/\/yoast.com\/product\/yoast-seo-wordpress\/ -->\n<title>Porte-Cotons et Porte-Cotons-Tiges + Couvercles - Districos Webshop<\/title>\n<meta name=\"robots\" content=\"noindex, follow, max-snippet:-1, max-image-preview:large, max-video-preview:-1\" \/>\n<meta property=\"og:locale\" content=\"fr_FR\" \/>\n<meta property=\"og:type\" content=\"article\" \/>\n<meta property=\"og:title\" content=\"Porte-Cotons et Porte-Cotons-Tiges + Couvercles - Districos Webshop\" \/>\n<meta property=\"og:description\" content=\"Porte-cotons et porte-cotons-tiges avec couvercles qui sont reli\u00e9s l\u2019un \u00e0 l\u2019autre. C&rsquo;est un produit en vogue, fabriqu\u00e9 en plexi clair, permettant de ranger tout votre petit mat\u00e9riel de fa\u00e7on ordonn\u00e9e et hygi\u00e9nique. Ce produit en plexi n\u2019est pas seulement pratique, mais il donne \u00e9galement de l\u2019allure \u00e0 votre institut. Dimensions : 145 x 83 x [&hellip;]\" \/>\n<meta property=\"og:url\" content=\"https:\/\/districos.standingout.be\/fr\/product\/porte-cotons-et-porte-cotons-tiges-couvercles-ref-8960-01\/\" \/>\n<meta property=\"og:site_name\" content=\"Districos Webshop\" \/>\n<meta property=\"article:modified_time\" content=\"2026-04-28T12:01:31+00:00\" \/>\n<meta name=\"twitter:card\" content=\"summary_large_image\" \/>\n<script type=\"application\/ld+json\" class=\"yoast-schema-graph\">{\"@context\":\"https:\\\/\\\/schema.org\",\"@graph\":[{\"@type\":\"WebPage\",\"@id\":\"https:\\\/\\\/districos.standingout.be\\\/fr\\\/product\\\/porte-cotons-et-porte-cotons-tiges-couvercles-ref-8960-01\\\/\",\"url\":\"https:\\\/\\\/districos.standingout.be\\\/fr\\\/product\\\/porte-cotons-et-porte-cotons-tiges-couvercles-ref-8960-01\\\/\",\"name\":\"Porte-Cotons et Porte-Cotons-Tiges + Couvercles - Districos Webshop\",\"isPartOf\":{\"@id\":\"https:\\\/\\\/districos.standingout.be\\\/fr\\\/#website\"},\"primaryImageOfPage\":{\"@id\":\"https:\\\/\\\/districos.standingout.be\\\/fr\\\/product\\\/porte-cotons-et-porte-cotons-tiges-couvercles-ref-8960-01\\\/#primaryimage\"},\"image\":{\"@id\":\"https:\\\/\\\/districos.standingout.be\\\/fr\\\/product\\\/porte-cotons-et-porte-cotons-tiges-couvercles-ref-8960-01\\\/#primaryimage\"},\"thumbnailUrl\":\"https:\\\/\\\/districos.standingout.be\\\/wp-content\\\/uploads\\\/2026\\\/03\\\/8960.01@LowRes_1_0.png\",\"datePublished\":\"2026-04-28T12:01:27+00:00\",\"dateModified\":\"2026-04-28T12:01:31+00:00\",\"breadcrumb\":{\"@id\":\"https:\\\/\\\/districos.standingout.be\\\/fr\\\/product\\\/porte-cotons-et-porte-cotons-tiges-couvercles-ref-8960-01\\\/#breadcrumb\"},\"inLanguage\":\"fr-FR\",\"potentialAction\":[{\"@type\":\"ReadAction\",\"target\":[\"https:\\\/\\\/districos.standingout.be\\\/fr\\\/product\\\/porte-cotons-et-porte-cotons-tiges-couvercles-ref-8960-01\\\/\"]}]},{\"@type\":\"ImageObject\",\"inLanguage\":\"fr-FR\",\"@id\":\"https:\\\/\\\/districos.standingout.be\\\/fr\\\/product\\\/porte-cotons-et-porte-cotons-tiges-couvercles-ref-8960-01\\\/#primaryimage\",\"url\":\"https:\\\/\\\/districos.standingout.be\\\/wp-content\\\/uploads\\\/2026\\\/03\\\/8960.01@LowRes_1_0.png\",\"contentUrl\":\"https:\\\/\\\/districos.standingout.be\\\/wp-content\\\/uploads\\\/2026\\\/03\\\/8960.01@LowRes_1_0.png\",\"width\":600,\"height\":600},{\"@type\":\"BreadcrumbList\",\"@id\":\"https:\\\/\\\/districos.standingout.be\\\/fr\\\/product\\\/porte-cotons-et-porte-cotons-tiges-couvercles-ref-8960-01\\\/#breadcrumb\",\"itemListElement\":[{\"@type\":\"ListItem\",\"position\":1,\"name\":\"Home\",\"item\":\"https:\\\/\\\/districos.standingout.be\\\/fr\\\/bienvenue-chez-districos\\\/\"},{\"@type\":\"ListItem\",\"position\":2,\"name\":\"Boutique\",\"item\":\"https:\\\/\\\/districos.standingout.be\\\/fr\\\/boutique\\\/\"},{\"@type\":\"ListItem\",\"position\":3,\"name\":\"Porte-Cotons et Porte-Cotons-Tiges + Couvercles\"}]},{\"@type\":\"WebSite\",\"@id\":\"https:\\\/\\\/districos.standingout.be\\\/fr\\\/#website\",\"url\":\"https:\\\/\\\/districos.standingout.be\\\/fr\\\/\",\"name\":\"Districos Webshop\",\"description\":\"\",\"publisher\":{\"@id\":\"https:\\\/\\\/districos.standingout.be\\\/fr\\\/#organization\"},\"potentialAction\":[{\"@type\":\"SearchAction\",\"target\":{\"@type\":\"EntryPoint\",\"urlTemplate\":\"https:\\\/\\\/districos.standingout.be\\\/fr\\\/?s={search_term_string}\"},\"query-input\":{\"@type\":\"PropertyValueSpecification\",\"valueRequired\":true,\"valueName\":\"search_term_string\"}}],\"inLanguage\":\"fr-FR\"},{\"@type\":\"Organization\",\"@id\":\"https:\\\/\\\/districos.standingout.be\\\/fr\\\/#organization\",\"name\":\"Districos Webshop\",\"url\":\"https:\\\/\\\/districos.standingout.be\\\/fr\\\/\",\"logo\":{\"@type\":\"ImageObject\",\"inLanguage\":\"fr-FR\",\"@id\":\"https:\\\/\\\/districos.standingout.be\\\/fr\\\/#\\\/schema\\\/logo\\\/image\\\/\",\"url\":\"https:\\\/\\\/districos.standingout.be\\\/wp-content\\\/uploads\\\/2022\\\/09\\\/Districos_Logo_Webshop.svg\",\"contentUrl\":\"https:\\\/\\\/districos.standingout.be\\\/wp-content\\\/uploads\\\/2022\\\/09\\\/Districos_Logo_Webshop.svg\",\"caption\":\"Districos Webshop\"},\"image\":{\"@id\":\"https:\\\/\\\/districos.standingout.be\\\/fr\\\/#\\\/schema\\\/logo\\\/image\\\/\"}}]}<\/script>\n<!-- \/ Yoast SEO plugin. -->","yoast_head_json":{"title":"Porte-Cotons et Porte-Cotons-Tiges + Couvercles - Districos Webshop","robots":{"index":"noindex","follow":"follow","max-snippet":"max-snippet:-1","max-image-preview":"max-image-preview:large","max-video-preview":"max-video-preview:-1"},"og_locale":"fr_FR","og_type":"article","og_title":"Porte-Cotons et Porte-Cotons-Tiges + Couvercles - Districos Webshop","og_description":"Porte-cotons et porte-cotons-tiges avec couvercles qui sont reli\u00e9s l\u2019un \u00e0 l\u2019autre. C&rsquo;est un produit en vogue, fabriqu\u00e9 en plexi clair, permettant de ranger tout votre petit mat\u00e9riel de fa\u00e7on ordonn\u00e9e et hygi\u00e9nique. Ce produit en plexi n\u2019est pas seulement pratique, mais il donne \u00e9galement de l\u2019allure \u00e0 votre institut. Dimensions : 145 x 83 x [&hellip;]","og_url":"https:\/\/districos.standingout.be\/fr\/product\/porte-cotons-et-porte-cotons-tiges-couvercles-ref-8960-01\/","og_site_name":"Districos Webshop","article_modified_time":"2026-04-28T12:01:31+00:00","twitter_card":"summary_large_image","schema":{"@context":"https:\/\/schema.org","@graph":[{"@type":"WebPage","@id":"https:\/\/districos.standingout.be\/fr\/product\/porte-cotons-et-porte-cotons-tiges-couvercles-ref-8960-01\/","url":"https:\/\/districos.standingout.be\/fr\/product\/porte-cotons-et-porte-cotons-tiges-couvercles-ref-8960-01\/","name":"Porte-Cotons et Porte-Cotons-Tiges + Couvercles - Districos Webshop","isPartOf":{"@id":"https:\/\/districos.standingout.be\/fr\/#website"},"primaryImageOfPage":{"@id":"https:\/\/districos.standingout.be\/fr\/product\/porte-cotons-et-porte-cotons-tiges-couvercles-ref-8960-01\/#primaryimage"},"image":{"@id":"https:\/\/districos.standingout.be\/fr\/product\/porte-cotons-et-porte-cotons-tiges-couvercles-ref-8960-01\/#primaryimage"},"thumbnailUrl":"https:\/\/districos.standingout.be\/wp-content\/uploads\/2026\/03\/8960.01@LowRes_1_0.png","datePublished":"2026-04-28T12:01:27+00:00","dateModified":"2026-04-28T12:01:31+00:00","breadcrumb":{"@id":"https:\/\/districos.standingout.be\/fr\/product\/porte-cotons-et-porte-cotons-tiges-couvercles-ref-8960-01\/#breadcrumb"},"inLanguage":"fr-FR","potentialAction":[{"@type":"ReadAction","target":["https:\/\/districos.standingout.be\/fr\/product\/porte-cotons-et-porte-cotons-tiges-couvercles-ref-8960-01\/"]}]},{"@type":"ImageObject","inLanguage":"fr-FR","@id":"https:\/\/districos.standingout.be\/fr\/product\/porte-cotons-et-porte-cotons-tiges-couvercles-ref-8960-01\/#primaryimage","url":"https:\/\/districos.standingout.be\/wp-content\/uploads\/2026\/03\/8960.01@LowRes_1_0.png","contentUrl":"https:\/\/districos.standingout.be\/wp-content\/uploads\/2026\/03\/8960.01@LowRes_1_0.png","width":600,"height":600},{"@type":"BreadcrumbList","@id":"https:\/\/districos.standingout.be\/fr\/product\/porte-cotons-et-porte-cotons-tiges-couvercles-ref-8960-01\/#breadcrumb","itemListElement":[{"@type":"ListItem","position":1,"name":"Home","item":"https:\/\/districos.standingout.be\/fr\/bienvenue-chez-districos\/"},{"@type":"ListItem","position":2,"name":"Boutique","item":"https:\/\/districos.standingout.be\/fr\/boutique\/"},{"@type":"ListItem","position":3,"name":"Porte-Cotons et Porte-Cotons-Tiges + Couvercles"}]},{"@type":"WebSite","@id":"https:\/\/districos.standingout.be\/fr\/#website","url":"https:\/\/districos.standingout.be\/fr\/","name":"Districos Webshop","description":"","publisher":{"@id":"https:\/\/districos.standingout.be\/fr\/#organization"},"potentialAction":[{"@type":"SearchAction","target":{"@type":"EntryPoint","urlTemplate":"https:\/\/districos.standingout.be\/fr\/?s={search_term_string}"},"query-input":{"@type":"PropertyValueSpecification","valueRequired":true,"valueName":"search_term_string"}}],"inLanguage":"fr-FR"},{"@type":"Organization","@id":"https:\/\/districos.standingout.be\/fr\/#organization","name":"Districos Webshop","url":"https:\/\/districos.standingout.be\/fr\/","logo":{"@type":"ImageObject","inLanguage":"fr-FR","@id":"https:\/\/districos.standingout.be\/fr\/#\/schema\/logo\/image\/","url":"https:\/\/districos.standingout.be\/wp-content\/uploads\/2022\/09\/Districos_Logo_Webshop.svg","contentUrl":"https:\/\/districos.standingout.be\/wp-content\/uploads\/2022\/09\/Districos_Logo_Webshop.svg","caption":"Districos Webshop"},"image":{"@id":"https:\/\/districos.standingout.be\/fr\/#\/schema\/logo\/image\/"}}]}},"_links":{"self":[{"href":"https:\/\/districos.standingout.be\/fr\/wp-json\/wp\/v2\/product\/142717","targetHints":{"allow":["GET"]}}],"collection":[{"href":"https:\/\/districos.standingout.be\/fr\/wp-json\/wp\/v2\/product"}],"about":[{"href":"https:\/\/districos.standingout.be\/fr\/wp-json\/wp\/v2\/types\/product"}],"replies":[{"embeddable":true,"href":"https:\/\/districos.standingout.be\/fr\/wp-json\/wp\/v2\/comments?post=142717"}],"wp:featuredmedia":[{"embeddable":true,"href":"https:\/\/districos.standingout.be\/fr\/wp-json\/wp\/v2\/media\/113921"}],"wp:attachment":[{"href":"https:\/\/districos.standingout.be\/fr\/wp-json\/wp\/v2\/media?parent=142717"}],"wp:term":[{"taxonomy":"product_brand","embeddable":true,"href":"https:\/\/districos.standingout.be\/fr\/wp-json\/wp\/v2\/product_brand?post=142717"},{"taxonomy":"product_cat","embeddable":true,"href":"https:\/\/districos.standingout.be\/fr\/wp-json\/wp\/v2\/product_cat?post=142717"},{"taxonomy":"product_tag","embeddable":true,"href":"https:\/\/districos.standingout.be\/fr\/wp-json\/wp\/v2\/product_tag?post=142717"}],"curies":[{"name":"wp","href":"https:\/\/api.w.org\/{rel}","templated":true}]}}