{"id":142725,"date":"2026-04-28T14:01:43","date_gmt":"2026-04-28T12:01:43","guid":{"rendered":"https:\/\/webshopdistricoscom.webhosting.be\/product\/porte-pinceaux-bac-a-savon-ref-8960-05\/"},"modified":"2026-04-28T14:01:47","modified_gmt":"2026-04-28T12:01:47","slug":"porte-pinceaux-bac-a-savon-ref-8960-05","status":"publish","type":"product","link":"https:\/\/districos.standingout.be\/fr\/product\/porte-pinceaux-bac-a-savon-ref-8960-05\/","title":{"rendered":"Porte-Pinceaux\/Bac \u00e0 Savon"},"content":{"rendered":"<p >\n<p dir=\"ltr\">Produit qui est id\u00e9al pour d\u00e9poser vos pinceaux et votre savon sans salir votre lieu de travail. C&rsquo;est un produit en vogue, fabriqu\u00e9 en plexi clair, permettant de ranger tout votre petit mat\u00e9riel de fa\u00e7on ordonn\u00e9e et hygi\u00e9nique. Ce produit en plexi n\u2019est pas seulement pratique, mais il donne \u00e9galement de l\u2019allure \u00e0 votre institut.<\/p>\n<p dir=\"ltr\">\n<ul>\n<li>Dimensions : 140 x 90 x 20 mm.<\/li>\n<li>Emballage : 1 pi\u00e8ce.<\/li>\n<\/ul>\n","protected":false},"excerpt":{"rendered":"<p>Produit qui est id\u00e9al pour d\u00e9poser vos pinceaux et votre savon sans salir votre lieu de travail. C&rsquo;est un produit en vogue, fabriqu\u00e9 en plexi clair, permettant de ranger tout votre petit mat\u00e9riel de fa\u00e7on ordonn\u00e9e et hygi\u00e9nique. Ce produit en plexi n\u2019est pas seulement pratique, mais il donne \u00e9galement de l\u2019allure \u00e0 votre institut. [&hellip;]<\/p>\n","protected":false},"featured_media":113930,"comment_status":"open","ping_status":"closed","template":"","meta":{"_acf_changed":false},"product_brand":[10380],"product_cat":[9864,9972,10168,9970,10178,10616],"product_tag":[],"class_list":{"0":"post-142725","1":"product","2":"type-product","3":"status-publish","4":"has-post-thumbnail","6":"product_brand-districos-fr","7":"product_cat-beaute-visage-accessoires","8":"product_cat-beaute-materiel-pratique-accessoires","9":"product_cat-fournitures-pour-cabinet-accessoires-accessoires-visage","10":"product_cat-beaute-materiel-pratique-instruments","11":"product_cat-fournitures-pour-cabinet-accessoires-rangement-en-plexiglas","12":"product_cat-fournitures-pour-cabinet-instruments-visage","14":"first","15":"instock","16":"taxable","17":"shipping-taxable","18":"product-type-simple"},"acf":[],"yoast_head":"<!-- This site is optimized with the Yoast SEO plugin v27.3 - https:\/\/yoast.com\/product\/yoast-seo-wordpress\/ -->\n<title>Porte-Pinceaux\/Bac \u00e0 Savon - Districos Webshop<\/title>\n<meta name=\"robots\" content=\"noindex, follow, max-snippet:-1, max-image-preview:large, max-video-preview:-1\" \/>\n<meta property=\"og:locale\" content=\"fr_FR\" \/>\n<meta property=\"og:type\" content=\"article\" \/>\n<meta property=\"og:title\" content=\"Porte-Pinceaux\/Bac \u00e0 Savon - Districos Webshop\" \/>\n<meta property=\"og:description\" content=\"Produit qui est id\u00e9al pour d\u00e9poser vos pinceaux et votre savon sans salir votre lieu de travail. C&rsquo;est un produit en vogue, fabriqu\u00e9 en plexi clair, permettant de ranger tout votre petit mat\u00e9riel de fa\u00e7on ordonn\u00e9e et hygi\u00e9nique. Ce produit en plexi n\u2019est pas seulement pratique, mais il donne \u00e9galement de l\u2019allure \u00e0 votre institut. [&hellip;]\" \/>\n<meta property=\"og:url\" content=\"https:\/\/districos.standingout.be\/fr\/product\/porte-pinceaux-bac-a-savon-ref-8960-05\/\" \/>\n<meta property=\"og:site_name\" content=\"Districos Webshop\" \/>\n<meta property=\"article:modified_time\" content=\"2026-04-28T12:01:47+00:00\" \/>\n<meta name=\"twitter:card\" content=\"summary_large_image\" \/>\n<script type=\"application\/ld+json\" class=\"yoast-schema-graph\">{\"@context\":\"https:\\\/\\\/schema.org\",\"@graph\":[{\"@type\":\"WebPage\",\"@id\":\"https:\\\/\\\/districos.standingout.be\\\/fr\\\/product\\\/porte-pinceaux-bac-a-savon-ref-8960-05\\\/\",\"url\":\"https:\\\/\\\/districos.standingout.be\\\/fr\\\/product\\\/porte-pinceaux-bac-a-savon-ref-8960-05\\\/\",\"name\":\"Porte-Pinceaux\\\/Bac \u00e0 Savon - Districos Webshop\",\"isPartOf\":{\"@id\":\"https:\\\/\\\/districos.standingout.be\\\/fr\\\/#website\"},\"primaryImageOfPage\":{\"@id\":\"https:\\\/\\\/districos.standingout.be\\\/fr\\\/product\\\/porte-pinceaux-bac-a-savon-ref-8960-05\\\/#primaryimage\"},\"image\":{\"@id\":\"https:\\\/\\\/districos.standingout.be\\\/fr\\\/product\\\/porte-pinceaux-bac-a-savon-ref-8960-05\\\/#primaryimage\"},\"thumbnailUrl\":\"https:\\\/\\\/districos.standingout.be\\\/wp-content\\\/uploads\\\/2026\\\/03\\\/8960.05@LowRes_1_0.png\",\"datePublished\":\"2026-04-28T12:01:43+00:00\",\"dateModified\":\"2026-04-28T12:01:47+00:00\",\"breadcrumb\":{\"@id\":\"https:\\\/\\\/districos.standingout.be\\\/fr\\\/product\\\/porte-pinceaux-bac-a-savon-ref-8960-05\\\/#breadcrumb\"},\"inLanguage\":\"fr-FR\",\"potentialAction\":[{\"@type\":\"ReadAction\",\"target\":[\"https:\\\/\\\/districos.standingout.be\\\/fr\\\/product\\\/porte-pinceaux-bac-a-savon-ref-8960-05\\\/\"]}]},{\"@type\":\"ImageObject\",\"inLanguage\":\"fr-FR\",\"@id\":\"https:\\\/\\\/districos.standingout.be\\\/fr\\\/product\\\/porte-pinceaux-bac-a-savon-ref-8960-05\\\/#primaryimage\",\"url\":\"https:\\\/\\\/districos.standingout.be\\\/wp-content\\\/uploads\\\/2026\\\/03\\\/8960.05@LowRes_1_0.png\",\"contentUrl\":\"https:\\\/\\\/districos.standingout.be\\\/wp-content\\\/uploads\\\/2026\\\/03\\\/8960.05@LowRes_1_0.png\",\"width\":600,\"height\":600},{\"@type\":\"BreadcrumbList\",\"@id\":\"https:\\\/\\\/districos.standingout.be\\\/fr\\\/product\\\/porte-pinceaux-bac-a-savon-ref-8960-05\\\/#breadcrumb\",\"itemListElement\":[{\"@type\":\"ListItem\",\"position\":1,\"name\":\"Home\",\"item\":\"https:\\\/\\\/districos.standingout.be\\\/fr\\\/bienvenue-chez-districos\\\/\"},{\"@type\":\"ListItem\",\"position\":2,\"name\":\"Boutique\",\"item\":\"https:\\\/\\\/districos.standingout.be\\\/fr\\\/boutique\\\/\"},{\"@type\":\"ListItem\",\"position\":3,\"name\":\"Porte-Pinceaux\\\/Bac \u00e0 Savon\"}]},{\"@type\":\"WebSite\",\"@id\":\"https:\\\/\\\/districos.standingout.be\\\/fr\\\/#website\",\"url\":\"https:\\\/\\\/districos.standingout.be\\\/fr\\\/\",\"name\":\"Districos Webshop\",\"description\":\"\",\"publisher\":{\"@id\":\"https:\\\/\\\/districos.standingout.be\\\/fr\\\/#organization\"},\"potentialAction\":[{\"@type\":\"SearchAction\",\"target\":{\"@type\":\"EntryPoint\",\"urlTemplate\":\"https:\\\/\\\/districos.standingout.be\\\/fr\\\/?s={search_term_string}\"},\"query-input\":{\"@type\":\"PropertyValueSpecification\",\"valueRequired\":true,\"valueName\":\"search_term_string\"}}],\"inLanguage\":\"fr-FR\"},{\"@type\":\"Organization\",\"@id\":\"https:\\\/\\\/districos.standingout.be\\\/fr\\\/#organization\",\"name\":\"Districos Webshop\",\"url\":\"https:\\\/\\\/districos.standingout.be\\\/fr\\\/\",\"logo\":{\"@type\":\"ImageObject\",\"inLanguage\":\"fr-FR\",\"@id\":\"https:\\\/\\\/districos.standingout.be\\\/fr\\\/#\\\/schema\\\/logo\\\/image\\\/\",\"url\":\"https:\\\/\\\/districos.standingout.be\\\/wp-content\\\/uploads\\\/2022\\\/09\\\/Districos_Logo_Webshop.svg\",\"contentUrl\":\"https:\\\/\\\/districos.standingout.be\\\/wp-content\\\/uploads\\\/2022\\\/09\\\/Districos_Logo_Webshop.svg\",\"caption\":\"Districos Webshop\"},\"image\":{\"@id\":\"https:\\\/\\\/districos.standingout.be\\\/fr\\\/#\\\/schema\\\/logo\\\/image\\\/\"}}]}<\/script>\n<!-- \/ Yoast SEO plugin. -->","yoast_head_json":{"title":"Porte-Pinceaux\/Bac \u00e0 Savon - Districos Webshop","robots":{"index":"noindex","follow":"follow","max-snippet":"max-snippet:-1","max-image-preview":"max-image-preview:large","max-video-preview":"max-video-preview:-1"},"og_locale":"fr_FR","og_type":"article","og_title":"Porte-Pinceaux\/Bac \u00e0 Savon - Districos Webshop","og_description":"Produit qui est id\u00e9al pour d\u00e9poser vos pinceaux et votre savon sans salir votre lieu de travail. C&rsquo;est un produit en vogue, fabriqu\u00e9 en plexi clair, permettant de ranger tout votre petit mat\u00e9riel de fa\u00e7on ordonn\u00e9e et hygi\u00e9nique. Ce produit en plexi n\u2019est pas seulement pratique, mais il donne \u00e9galement de l\u2019allure \u00e0 votre institut. [&hellip;]","og_url":"https:\/\/districos.standingout.be\/fr\/product\/porte-pinceaux-bac-a-savon-ref-8960-05\/","og_site_name":"Districos Webshop","article_modified_time":"2026-04-28T12:01:47+00:00","twitter_card":"summary_large_image","schema":{"@context":"https:\/\/schema.org","@graph":[{"@type":"WebPage","@id":"https:\/\/districos.standingout.be\/fr\/product\/porte-pinceaux-bac-a-savon-ref-8960-05\/","url":"https:\/\/districos.standingout.be\/fr\/product\/porte-pinceaux-bac-a-savon-ref-8960-05\/","name":"Porte-Pinceaux\/Bac \u00e0 Savon - Districos Webshop","isPartOf":{"@id":"https:\/\/districos.standingout.be\/fr\/#website"},"primaryImageOfPage":{"@id":"https:\/\/districos.standingout.be\/fr\/product\/porte-pinceaux-bac-a-savon-ref-8960-05\/#primaryimage"},"image":{"@id":"https:\/\/districos.standingout.be\/fr\/product\/porte-pinceaux-bac-a-savon-ref-8960-05\/#primaryimage"},"thumbnailUrl":"https:\/\/districos.standingout.be\/wp-content\/uploads\/2026\/03\/8960.05@LowRes_1_0.png","datePublished":"2026-04-28T12:01:43+00:00","dateModified":"2026-04-28T12:01:47+00:00","breadcrumb":{"@id":"https:\/\/districos.standingout.be\/fr\/product\/porte-pinceaux-bac-a-savon-ref-8960-05\/#breadcrumb"},"inLanguage":"fr-FR","potentialAction":[{"@type":"ReadAction","target":["https:\/\/districos.standingout.be\/fr\/product\/porte-pinceaux-bac-a-savon-ref-8960-05\/"]}]},{"@type":"ImageObject","inLanguage":"fr-FR","@id":"https:\/\/districos.standingout.be\/fr\/product\/porte-pinceaux-bac-a-savon-ref-8960-05\/#primaryimage","url":"https:\/\/districos.standingout.be\/wp-content\/uploads\/2026\/03\/8960.05@LowRes_1_0.png","contentUrl":"https:\/\/districos.standingout.be\/wp-content\/uploads\/2026\/03\/8960.05@LowRes_1_0.png","width":600,"height":600},{"@type":"BreadcrumbList","@id":"https:\/\/districos.standingout.be\/fr\/product\/porte-pinceaux-bac-a-savon-ref-8960-05\/#breadcrumb","itemListElement":[{"@type":"ListItem","position":1,"name":"Home","item":"https:\/\/districos.standingout.be\/fr\/bienvenue-chez-districos\/"},{"@type":"ListItem","position":2,"name":"Boutique","item":"https:\/\/districos.standingout.be\/fr\/boutique\/"},{"@type":"ListItem","position":3,"name":"Porte-Pinceaux\/Bac \u00e0 Savon"}]},{"@type":"WebSite","@id":"https:\/\/districos.standingout.be\/fr\/#website","url":"https:\/\/districos.standingout.be\/fr\/","name":"Districos Webshop","description":"","publisher":{"@id":"https:\/\/districos.standingout.be\/fr\/#organization"},"potentialAction":[{"@type":"SearchAction","target":{"@type":"EntryPoint","urlTemplate":"https:\/\/districos.standingout.be\/fr\/?s={search_term_string}"},"query-input":{"@type":"PropertyValueSpecification","valueRequired":true,"valueName":"search_term_string"}}],"inLanguage":"fr-FR"},{"@type":"Organization","@id":"https:\/\/districos.standingout.be\/fr\/#organization","name":"Districos Webshop","url":"https:\/\/districos.standingout.be\/fr\/","logo":{"@type":"ImageObject","inLanguage":"fr-FR","@id":"https:\/\/districos.standingout.be\/fr\/#\/schema\/logo\/image\/","url":"https:\/\/districos.standingout.be\/wp-content\/uploads\/2022\/09\/Districos_Logo_Webshop.svg","contentUrl":"https:\/\/districos.standingout.be\/wp-content\/uploads\/2022\/09\/Districos_Logo_Webshop.svg","caption":"Districos Webshop"},"image":{"@id":"https:\/\/districos.standingout.be\/fr\/#\/schema\/logo\/image\/"}}]}},"_links":{"self":[{"href":"https:\/\/districos.standingout.be\/fr\/wp-json\/wp\/v2\/product\/142725","targetHints":{"allow":["GET"]}}],"collection":[{"href":"https:\/\/districos.standingout.be\/fr\/wp-json\/wp\/v2\/product"}],"about":[{"href":"https:\/\/districos.standingout.be\/fr\/wp-json\/wp\/v2\/types\/product"}],"replies":[{"embeddable":true,"href":"https:\/\/districos.standingout.be\/fr\/wp-json\/wp\/v2\/comments?post=142725"}],"wp:featuredmedia":[{"embeddable":true,"href":"https:\/\/districos.standingout.be\/fr\/wp-json\/wp\/v2\/media\/113930"}],"wp:attachment":[{"href":"https:\/\/districos.standingout.be\/fr\/wp-json\/wp\/v2\/media?parent=142725"}],"wp:term":[{"taxonomy":"product_brand","embeddable":true,"href":"https:\/\/districos.standingout.be\/fr\/wp-json\/wp\/v2\/product_brand?post=142725"},{"taxonomy":"product_cat","embeddable":true,"href":"https:\/\/districos.standingout.be\/fr\/wp-json\/wp\/v2\/product_cat?post=142725"},{"taxonomy":"product_tag","embeddable":true,"href":"https:\/\/districos.standingout.be\/fr\/wp-json\/wp\/v2\/product_tag?post=142725"}],"curies":[{"name":"wp","href":"https:\/\/api.w.org\/{rel}","templated":true}]}}