{"id":142731,"date":"2026-04-28T14:01:54","date_gmt":"2026-04-28T12:01:54","guid":{"rendered":"https:\/\/webshopdistricoscom.webhosting.be\/product\/miroir-de-maquillage-a-double-face-avec-led-reglables-ref-8960-51\/"},"modified":"2026-04-28T14:01:57","modified_gmt":"2026-04-28T12:01:57","slug":"miroir-de-maquillage-a-double-face-avec-led-reglables-ref-8960-51","status":"publish","type":"product","link":"https:\/\/districos.standingout.be\/fr\/product\/miroir-de-maquillage-a-double-face-avec-led-reglables-ref-8960-51\/","title":{"rendered":"Miroir de Maquillage \u00e0 Double Face avec LED r\u00e9glables"},"content":{"rendered":"<p >\n<\/p>\n<\/p>\n<\/p>\n<p dir=\"ltr\">Ce miroir de maquillage sur pied Cobra avec \u00e9clairage LED dimmable int\u00e9gr\u00e9 est propos\u00e9 dans une \u00e9l\u00e9gante finition chrom\u00e9e, en faisant un produit id\u00e9al pour votre salon. Le miroir double face offre d&rsquo;un c\u00f4t\u00e9 une surface normale et de l&rsquo;autre un miroir grossissant 10x, parfait pour des t\u00e2ches pr\u00e9cises telles que l&rsquo;\u00e9pilation, l&rsquo;application de maquillage ou le rasage. L&rsquo;\u00e9clairage LED tricolore int\u00e9gr\u00e9 propose trois temp\u00e9ratures de couleur r\u00e9glables\u2014lumi\u00e8re froide, naturelle et chaude\u2014et l&rsquo;intensit\u00e9 lumineuse est facilement ajustable via le capteur tactile. Gr\u00e2ce \u00e0 sa batterie rechargeable, le miroir est sans fil et flexible \u00e0 utiliser, tandis que la base antid\u00e9rapante assure une stabilit\u00e9 optimale. La rotation \u00e0 360\u00b0 permet de positionner le miroir sous n&rsquo;importe quel angle pour un confort d&rsquo;utilisation maximal.&nbsp;<\/p>\n<p dir=\"ltr\">\n<ul>\n<li>Une face avec miroir grossissant, id\u00e9ale pour les porteurs de lunettes et lors d&rsquo;un atelier<\/li>\n<li>\u00c9clairage LED tricolore avec commande tactile<\/li>\n<li>Trois modes d&rsquo;\u00e9clairage : froid, naturel et chaud<\/li>\n<li>Intensit\u00e9 lumineuse r\u00e9glable<\/li>\n<li>Miroir double face avec grossissement 1x et 10x<\/li>\n<li>Design robuste et \u00e9l\u00e9gant<\/li>\n<li>Rechargeable et sans fil, c\u00e2ble de chargement USB-C inclus<\/li>\n<li>Charge compl\u00e8te en 3 heures<\/li>\n<li>Rotation \u00e0 360\u00b0 pour un positionnement flexible<\/li>\n<li>Produit pratique et exclusif<\/li>\n<li><span>Diam\u00e8tre : 20 cm (LED inclus) &#8211; 16,5 cm diam\u00e8tre de miroir<\/span><\/li>\n<li>Emballage : 1 pi\u00e8ce<\/li>\n<\/ul><\/p>\n","protected":false},"excerpt":{"rendered":"<p>Ce miroir de maquillage sur pied Cobra avec \u00e9clairage LED dimmable int\u00e9gr\u00e9 est propos\u00e9 dans une \u00e9l\u00e9gante finition chrom\u00e9e, en faisant un produit id\u00e9al pour votre salon. Le miroir double face offre d&rsquo;un c\u00f4t\u00e9 une surface normale et de l&rsquo;autre un miroir grossissant 10x, parfait pour des t\u00e2ches pr\u00e9cises telles que l&rsquo;\u00e9pilation, l&rsquo;application de maquillage [&hellip;]<\/p>\n","protected":false},"featured_media":148908,"comment_status":"open","ping_status":"closed","template":"","meta":{"_acf_changed":false},"product_brand":[10380],"product_cat":[9972,9864,9892,10168,9970,10176,10616],"product_tag":[],"class_list":{"0":"post-142731","1":"product","2":"type-product","3":"status-publish","4":"has-post-thumbnail","6":"product_brand-districos-fr","7":"product_cat-beaute-materiel-pratique-accessoires","8":"product_cat-beaute-visage-accessoires","9":"product_cat-beaute-maquillage-accessoires","10":"product_cat-fournitures-pour-cabinet-accessoires-accessoires-visage","11":"product_cat-beaute-materiel-pratique-instruments","12":"product_cat-fournitures-pour-cabinet-accessoires-miroirs","13":"product_cat-fournitures-pour-cabinet-instruments-visage","15":"first","16":"instock","17":"taxable","18":"shipping-taxable","19":"product-type-simple"},"acf":[],"yoast_head":"<!-- This site is optimized with the Yoast SEO plugin v27.3 - https:\/\/yoast.com\/product\/yoast-seo-wordpress\/ -->\n<title>Miroir de Maquillage \u00e0 Double Face avec LED r\u00e9glables - Districos Webshop<\/title>\n<meta name=\"robots\" content=\"noindex, follow, max-snippet:-1, max-image-preview:large, max-video-preview:-1\" \/>\n<meta property=\"og:locale\" content=\"fr_FR\" \/>\n<meta property=\"og:type\" content=\"article\" \/>\n<meta property=\"og:title\" content=\"Miroir de Maquillage \u00e0 Double Face avec LED r\u00e9glables - Districos Webshop\" \/>\n<meta property=\"og:description\" content=\"Ce miroir de maquillage sur pied Cobra avec \u00e9clairage LED dimmable int\u00e9gr\u00e9 est propos\u00e9 dans une \u00e9l\u00e9gante finition chrom\u00e9e, en faisant un produit id\u00e9al pour votre salon. Le miroir double face offre d&rsquo;un c\u00f4t\u00e9 une surface normale et de l&rsquo;autre un miroir grossissant 10x, parfait pour des t\u00e2ches pr\u00e9cises telles que l&rsquo;\u00e9pilation, l&rsquo;application de maquillage [&hellip;]\" \/>\n<meta property=\"og:url\" content=\"https:\/\/districos.standingout.be\/fr\/product\/miroir-de-maquillage-a-double-face-avec-led-reglables-ref-8960-51\/\" \/>\n<meta property=\"og:site_name\" content=\"Districos Webshop\" \/>\n<meta property=\"article:modified_time\" content=\"2026-04-28T12:01:57+00:00\" \/>\n<meta name=\"twitter:card\" content=\"summary_large_image\" \/>\n<meta name=\"twitter:label1\" content=\"Dur\u00e9e de lecture estim\u00e9e\" \/>\n\t<meta name=\"twitter:data1\" content=\"1 minute\" \/>\n<script type=\"application\/ld+json\" class=\"yoast-schema-graph\">{\"@context\":\"https:\\\/\\\/schema.org\",\"@graph\":[{\"@type\":\"WebPage\",\"@id\":\"https:\\\/\\\/districos.standingout.be\\\/fr\\\/product\\\/miroir-de-maquillage-a-double-face-avec-led-reglables-ref-8960-51\\\/\",\"url\":\"https:\\\/\\\/districos.standingout.be\\\/fr\\\/product\\\/miroir-de-maquillage-a-double-face-avec-led-reglables-ref-8960-51\\\/\",\"name\":\"Miroir de Maquillage \u00e0 Double Face avec LED r\u00e9glables - Districos Webshop\",\"isPartOf\":{\"@id\":\"https:\\\/\\\/districos.standingout.be\\\/fr\\\/#website\"},\"primaryImageOfPage\":{\"@id\":\"https:\\\/\\\/districos.standingout.be\\\/fr\\\/product\\\/miroir-de-maquillage-a-double-face-avec-led-reglables-ref-8960-51\\\/#primaryimage\"},\"image\":{\"@id\":\"https:\\\/\\\/districos.standingout.be\\\/fr\\\/product\\\/miroir-de-maquillage-a-double-face-avec-led-reglables-ref-8960-51\\\/#primaryimage\"},\"thumbnailUrl\":\"https:\\\/\\\/districos.standingout.be\\\/wp-content\\\/uploads\\\/2026\\\/04\\\/8960.51@Tweezijdige-Make-upspiegel-met-dimbare-LED_1.png\",\"datePublished\":\"2026-04-28T12:01:54+00:00\",\"dateModified\":\"2026-04-28T12:01:57+00:00\",\"breadcrumb\":{\"@id\":\"https:\\\/\\\/districos.standingout.be\\\/fr\\\/product\\\/miroir-de-maquillage-a-double-face-avec-led-reglables-ref-8960-51\\\/#breadcrumb\"},\"inLanguage\":\"fr-FR\",\"potentialAction\":[{\"@type\":\"ReadAction\",\"target\":[\"https:\\\/\\\/districos.standingout.be\\\/fr\\\/product\\\/miroir-de-maquillage-a-double-face-avec-led-reglables-ref-8960-51\\\/\"]}]},{\"@type\":\"ImageObject\",\"inLanguage\":\"fr-FR\",\"@id\":\"https:\\\/\\\/districos.standingout.be\\\/fr\\\/product\\\/miroir-de-maquillage-a-double-face-avec-led-reglables-ref-8960-51\\\/#primaryimage\",\"url\":\"https:\\\/\\\/districos.standingout.be\\\/wp-content\\\/uploads\\\/2026\\\/04\\\/8960.51@Tweezijdige-Make-upspiegel-met-dimbare-LED_1.png\",\"contentUrl\":\"https:\\\/\\\/districos.standingout.be\\\/wp-content\\\/uploads\\\/2026\\\/04\\\/8960.51@Tweezijdige-Make-upspiegel-met-dimbare-LED_1.png\",\"width\":600,\"height\":600},{\"@type\":\"BreadcrumbList\",\"@id\":\"https:\\\/\\\/districos.standingout.be\\\/fr\\\/product\\\/miroir-de-maquillage-a-double-face-avec-led-reglables-ref-8960-51\\\/#breadcrumb\",\"itemListElement\":[{\"@type\":\"ListItem\",\"position\":1,\"name\":\"Home\",\"item\":\"https:\\\/\\\/districos.standingout.be\\\/fr\\\/bienvenue-chez-districos\\\/\"},{\"@type\":\"ListItem\",\"position\":2,\"name\":\"Boutique\",\"item\":\"https:\\\/\\\/districos.standingout.be\\\/fr\\\/boutique\\\/\"},{\"@type\":\"ListItem\",\"position\":3,\"name\":\"Miroir de Maquillage \u00e0 Double Face avec LED r\u00e9glables\"}]},{\"@type\":\"WebSite\",\"@id\":\"https:\\\/\\\/districos.standingout.be\\\/fr\\\/#website\",\"url\":\"https:\\\/\\\/districos.standingout.be\\\/fr\\\/\",\"name\":\"Districos Webshop\",\"description\":\"\",\"publisher\":{\"@id\":\"https:\\\/\\\/districos.standingout.be\\\/fr\\\/#organization\"},\"potentialAction\":[{\"@type\":\"SearchAction\",\"target\":{\"@type\":\"EntryPoint\",\"urlTemplate\":\"https:\\\/\\\/districos.standingout.be\\\/fr\\\/?s={search_term_string}\"},\"query-input\":{\"@type\":\"PropertyValueSpecification\",\"valueRequired\":true,\"valueName\":\"search_term_string\"}}],\"inLanguage\":\"fr-FR\"},{\"@type\":\"Organization\",\"@id\":\"https:\\\/\\\/districos.standingout.be\\\/fr\\\/#organization\",\"name\":\"Districos Webshop\",\"url\":\"https:\\\/\\\/districos.standingout.be\\\/fr\\\/\",\"logo\":{\"@type\":\"ImageObject\",\"inLanguage\":\"fr-FR\",\"@id\":\"https:\\\/\\\/districos.standingout.be\\\/fr\\\/#\\\/schema\\\/logo\\\/image\\\/\",\"url\":\"https:\\\/\\\/districos.standingout.be\\\/wp-content\\\/uploads\\\/2022\\\/09\\\/Districos_Logo_Webshop.svg\",\"contentUrl\":\"https:\\\/\\\/districos.standingout.be\\\/wp-content\\\/uploads\\\/2022\\\/09\\\/Districos_Logo_Webshop.svg\",\"caption\":\"Districos Webshop\"},\"image\":{\"@id\":\"https:\\\/\\\/districos.standingout.be\\\/fr\\\/#\\\/schema\\\/logo\\\/image\\\/\"}}]}<\/script>\n<!-- \/ Yoast SEO plugin. -->","yoast_head_json":{"title":"Miroir de Maquillage \u00e0 Double Face avec LED r\u00e9glables - Districos Webshop","robots":{"index":"noindex","follow":"follow","max-snippet":"max-snippet:-1","max-image-preview":"max-image-preview:large","max-video-preview":"max-video-preview:-1"},"og_locale":"fr_FR","og_type":"article","og_title":"Miroir de Maquillage \u00e0 Double Face avec LED r\u00e9glables - Districos Webshop","og_description":"Ce miroir de maquillage sur pied Cobra avec \u00e9clairage LED dimmable int\u00e9gr\u00e9 est propos\u00e9 dans une \u00e9l\u00e9gante finition chrom\u00e9e, en faisant un produit id\u00e9al pour votre salon. Le miroir double face offre d&rsquo;un c\u00f4t\u00e9 une surface normale et de l&rsquo;autre un miroir grossissant 10x, parfait pour des t\u00e2ches pr\u00e9cises telles que l&rsquo;\u00e9pilation, l&rsquo;application de maquillage [&hellip;]","og_url":"https:\/\/districos.standingout.be\/fr\/product\/miroir-de-maquillage-a-double-face-avec-led-reglables-ref-8960-51\/","og_site_name":"Districos Webshop","article_modified_time":"2026-04-28T12:01:57+00:00","twitter_card":"summary_large_image","twitter_misc":{"Dur\u00e9e de lecture estim\u00e9e":"1 minute"},"schema":{"@context":"https:\/\/schema.org","@graph":[{"@type":"WebPage","@id":"https:\/\/districos.standingout.be\/fr\/product\/miroir-de-maquillage-a-double-face-avec-led-reglables-ref-8960-51\/","url":"https:\/\/districos.standingout.be\/fr\/product\/miroir-de-maquillage-a-double-face-avec-led-reglables-ref-8960-51\/","name":"Miroir de Maquillage \u00e0 Double Face avec LED r\u00e9glables - Districos Webshop","isPartOf":{"@id":"https:\/\/districos.standingout.be\/fr\/#website"},"primaryImageOfPage":{"@id":"https:\/\/districos.standingout.be\/fr\/product\/miroir-de-maquillage-a-double-face-avec-led-reglables-ref-8960-51\/#primaryimage"},"image":{"@id":"https:\/\/districos.standingout.be\/fr\/product\/miroir-de-maquillage-a-double-face-avec-led-reglables-ref-8960-51\/#primaryimage"},"thumbnailUrl":"https:\/\/districos.standingout.be\/wp-content\/uploads\/2026\/04\/8960.51@Tweezijdige-Make-upspiegel-met-dimbare-LED_1.png","datePublished":"2026-04-28T12:01:54+00:00","dateModified":"2026-04-28T12:01:57+00:00","breadcrumb":{"@id":"https:\/\/districos.standingout.be\/fr\/product\/miroir-de-maquillage-a-double-face-avec-led-reglables-ref-8960-51\/#breadcrumb"},"inLanguage":"fr-FR","potentialAction":[{"@type":"ReadAction","target":["https:\/\/districos.standingout.be\/fr\/product\/miroir-de-maquillage-a-double-face-avec-led-reglables-ref-8960-51\/"]}]},{"@type":"ImageObject","inLanguage":"fr-FR","@id":"https:\/\/districos.standingout.be\/fr\/product\/miroir-de-maquillage-a-double-face-avec-led-reglables-ref-8960-51\/#primaryimage","url":"https:\/\/districos.standingout.be\/wp-content\/uploads\/2026\/04\/8960.51@Tweezijdige-Make-upspiegel-met-dimbare-LED_1.png","contentUrl":"https:\/\/districos.standingout.be\/wp-content\/uploads\/2026\/04\/8960.51@Tweezijdige-Make-upspiegel-met-dimbare-LED_1.png","width":600,"height":600},{"@type":"BreadcrumbList","@id":"https:\/\/districos.standingout.be\/fr\/product\/miroir-de-maquillage-a-double-face-avec-led-reglables-ref-8960-51\/#breadcrumb","itemListElement":[{"@type":"ListItem","position":1,"name":"Home","item":"https:\/\/districos.standingout.be\/fr\/bienvenue-chez-districos\/"},{"@type":"ListItem","position":2,"name":"Boutique","item":"https:\/\/districos.standingout.be\/fr\/boutique\/"},{"@type":"ListItem","position":3,"name":"Miroir de Maquillage \u00e0 Double Face avec LED r\u00e9glables"}]},{"@type":"WebSite","@id":"https:\/\/districos.standingout.be\/fr\/#website","url":"https:\/\/districos.standingout.be\/fr\/","name":"Districos Webshop","description":"","publisher":{"@id":"https:\/\/districos.standingout.be\/fr\/#organization"},"potentialAction":[{"@type":"SearchAction","target":{"@type":"EntryPoint","urlTemplate":"https:\/\/districos.standingout.be\/fr\/?s={search_term_string}"},"query-input":{"@type":"PropertyValueSpecification","valueRequired":true,"valueName":"search_term_string"}}],"inLanguage":"fr-FR"},{"@type":"Organization","@id":"https:\/\/districos.standingout.be\/fr\/#organization","name":"Districos Webshop","url":"https:\/\/districos.standingout.be\/fr\/","logo":{"@type":"ImageObject","inLanguage":"fr-FR","@id":"https:\/\/districos.standingout.be\/fr\/#\/schema\/logo\/image\/","url":"https:\/\/districos.standingout.be\/wp-content\/uploads\/2022\/09\/Districos_Logo_Webshop.svg","contentUrl":"https:\/\/districos.standingout.be\/wp-content\/uploads\/2022\/09\/Districos_Logo_Webshop.svg","caption":"Districos Webshop"},"image":{"@id":"https:\/\/districos.standingout.be\/fr\/#\/schema\/logo\/image\/"}}]}},"_links":{"self":[{"href":"https:\/\/districos.standingout.be\/fr\/wp-json\/wp\/v2\/product\/142731","targetHints":{"allow":["GET"]}}],"collection":[{"href":"https:\/\/districos.standingout.be\/fr\/wp-json\/wp\/v2\/product"}],"about":[{"href":"https:\/\/districos.standingout.be\/fr\/wp-json\/wp\/v2\/types\/product"}],"replies":[{"embeddable":true,"href":"https:\/\/districos.standingout.be\/fr\/wp-json\/wp\/v2\/comments?post=142731"}],"wp:featuredmedia":[{"embeddable":true,"href":"https:\/\/districos.standingout.be\/fr\/wp-json\/wp\/v2\/media\/148908"}],"wp:attachment":[{"href":"https:\/\/districos.standingout.be\/fr\/wp-json\/wp\/v2\/media?parent=142731"}],"wp:term":[{"taxonomy":"product_brand","embeddable":true,"href":"https:\/\/districos.standingout.be\/fr\/wp-json\/wp\/v2\/product_brand?post=142731"},{"taxonomy":"product_cat","embeddable":true,"href":"https:\/\/districos.standingout.be\/fr\/wp-json\/wp\/v2\/product_cat?post=142731"},{"taxonomy":"product_tag","embeddable":true,"href":"https:\/\/districos.standingout.be\/fr\/wp-json\/wp\/v2\/product_tag?post=142731"}],"curies":[{"name":"wp","href":"https:\/\/api.w.org\/{rel}","templated":true}]}}