{"id":142737,"date":"2026-04-28T14:02:05","date_gmt":"2026-04-28T12:02:05","guid":{"rendered":"https:\/\/webshopdistricoscom.webhosting.be\/product\/grand-miroir-avec-15-lumieres-led-ref-8960-55\/"},"modified":"2026-04-28T14:02:08","modified_gmt":"2026-04-28T12:02:08","slug":"grand-miroir-avec-15-lumieres-led-ref-8960-55","status":"publish","type":"product","link":"https:\/\/districos.standingout.be\/fr\/product\/grand-miroir-avec-15-lumieres-led-ref-8960-55\/","title":{"rendered":"Grand Miroir avec 15 Lumi\u00e8res LED"},"content":{"rendered":"<p >\n<\/p>\n<\/p>\n<p dir=\"ltr\"><b>TRANSFORMEZ VOTRE COIFFEUSE EN SALON DE BEAUT\u00c9 DE LUXE<\/b><\/p>\n<p dir=\"ltr\">Transformez votre coiffeuse en salon de beaut\u00e9 professionnel gr\u00e2ce \u00e0 ce superbe miroir de maquillage \u00e9clair\u00e9 de type hollywoodien. Avec son design \u00e9l\u00e9gant et son aspect luxueux, vous pouvez apporter le m\u00eame glamour dans votre salon. La luminosit\u00e9 in\u00e9gal\u00e9e de l&rsquo;\u00e9clairage LED vous permet d&rsquo;appliquer votre maquillage avec pr\u00e9cision. Gr\u00e2ce \u00e0 sa taille pratique, le miroir est facile \u00e0 d\u00e9placer, ce qui vous permet de toujours cr\u00e9er la configuration id\u00e9ale. Placez ce magnifique miroir parmi vos produits de maquillage comme l&rsquo;accessoire ultime et ajoutez une touche de luxe \u00e0 votre routine beaut\u00e9.<\/p>\n<p dir=\"ltr\"><b>Caract\u00e9ristiques :<\/b><\/p>\n<p dir=\"ltr\">\n<ul>\n<li>Dimensions : 58 x 46 x 12 cm<\/li>\n<li>15 lampes LED<\/li>\n<li>3 modes d&rsquo;\u00e9clairage : lumi\u00e8re chaude (3000K), lumi\u00e8re naturelle (4500K) et lumi\u00e8re blanche (6000K)<\/li>\n<li>Variateur de lumi\u00e8re : intensit\u00e9 lumineuse r\u00e9glable<\/li>\n<li>Utilisation simple gr\u00e2ce \u00e0 3 boutons tactiles sur le miroir<\/li>\n<li>Avec un petit miroir grossissant 10x suppl\u00e9mentaire<\/li>\n<li>Sortie USB sur le c\u00f4t\u00e9<\/li>\n<\/ul>\n<p dir=\"ltr\"><\/p>\n","protected":false},"excerpt":{"rendered":"<p>TRANSFORMEZ VOTRE COIFFEUSE EN SALON DE BEAUT\u00c9 DE LUXE Transformez votre coiffeuse en salon de beaut\u00e9 professionnel gr\u00e2ce \u00e0 ce superbe miroir de maquillage \u00e9clair\u00e9 de type hollywoodien. Avec son design \u00e9l\u00e9gant et son aspect luxueux, vous pouvez apporter le m\u00eame glamour dans votre salon. La luminosit\u00e9 in\u00e9gal\u00e9e de l&rsquo;\u00e9clairage LED vous permet d&rsquo;appliquer votre [&hellip;]<\/p>\n","protected":false},"featured_media":148914,"comment_status":"open","ping_status":"closed","template":"","meta":{"_acf_changed":false},"product_brand":[10380],"product_cat":[9972,9864,9892,10168,9970,10176,10616],"product_tag":[],"class_list":{"0":"post-142737","1":"product","2":"type-product","3":"status-publish","4":"has-post-thumbnail","6":"product_brand-districos-fr","7":"product_cat-beaute-materiel-pratique-accessoires","8":"product_cat-beaute-visage-accessoires","9":"product_cat-beaute-maquillage-accessoires","10":"product_cat-fournitures-pour-cabinet-accessoires-accessoires-visage","11":"product_cat-beaute-materiel-pratique-instruments","12":"product_cat-fournitures-pour-cabinet-accessoires-miroirs","13":"product_cat-fournitures-pour-cabinet-instruments-visage","15":"first","16":"instock","17":"taxable","18":"shipping-taxable","19":"product-type-simple"},"acf":[],"yoast_head":"<!-- This site is optimized with the Yoast SEO plugin v27.3 - https:\/\/yoast.com\/product\/yoast-seo-wordpress\/ -->\n<title>Grand Miroir avec 15 Lumi\u00e8res LED - Districos Webshop<\/title>\n<meta name=\"robots\" content=\"noindex, follow, max-snippet:-1, max-image-preview:large, max-video-preview:-1\" \/>\n<meta property=\"og:locale\" content=\"fr_FR\" \/>\n<meta property=\"og:type\" content=\"article\" \/>\n<meta property=\"og:title\" content=\"Grand Miroir avec 15 Lumi\u00e8res LED - Districos Webshop\" \/>\n<meta property=\"og:description\" content=\"TRANSFORMEZ VOTRE COIFFEUSE EN SALON DE BEAUT\u00c9 DE LUXE Transformez votre coiffeuse en salon de beaut\u00e9 professionnel gr\u00e2ce \u00e0 ce superbe miroir de maquillage \u00e9clair\u00e9 de type hollywoodien. Avec son design \u00e9l\u00e9gant et son aspect luxueux, vous pouvez apporter le m\u00eame glamour dans votre salon. La luminosit\u00e9 in\u00e9gal\u00e9e de l&rsquo;\u00e9clairage LED vous permet d&rsquo;appliquer votre [&hellip;]\" \/>\n<meta property=\"og:url\" content=\"https:\/\/districos.standingout.be\/fr\/product\/grand-miroir-avec-15-lumieres-led-ref-8960-55\/\" \/>\n<meta property=\"og:site_name\" content=\"Districos Webshop\" \/>\n<meta property=\"article:modified_time\" content=\"2026-04-28T12:02:08+00:00\" \/>\n<meta name=\"twitter:card\" content=\"summary_large_image\" \/>\n<meta name=\"twitter:label1\" content=\"Dur\u00e9e de lecture estim\u00e9e\" \/>\n\t<meta name=\"twitter:data1\" content=\"1 minute\" \/>\n<script type=\"application\/ld+json\" class=\"yoast-schema-graph\">{\"@context\":\"https:\\\/\\\/schema.org\",\"@graph\":[{\"@type\":\"WebPage\",\"@id\":\"https:\\\/\\\/districos.standingout.be\\\/fr\\\/product\\\/grand-miroir-avec-15-lumieres-led-ref-8960-55\\\/\",\"url\":\"https:\\\/\\\/districos.standingout.be\\\/fr\\\/product\\\/grand-miroir-avec-15-lumieres-led-ref-8960-55\\\/\",\"name\":\"Grand Miroir avec 15 Lumi\u00e8res LED - Districos Webshop\",\"isPartOf\":{\"@id\":\"https:\\\/\\\/districos.standingout.be\\\/fr\\\/#website\"},\"primaryImageOfPage\":{\"@id\":\"https:\\\/\\\/districos.standingout.be\\\/fr\\\/product\\\/grand-miroir-avec-15-lumieres-led-ref-8960-55\\\/#primaryimage\"},\"image\":{\"@id\":\"https:\\\/\\\/districos.standingout.be\\\/fr\\\/product\\\/grand-miroir-avec-15-lumieres-led-ref-8960-55\\\/#primaryimage\"},\"thumbnailUrl\":\"https:\\\/\\\/districos.standingout.be\\\/wp-content\\\/uploads\\\/2026\\\/04\\\/8960.55@Grote-Spiegel-met-Verlichting-15-ledlampen_1.png\",\"datePublished\":\"2026-04-28T12:02:05+00:00\",\"dateModified\":\"2026-04-28T12:02:08+00:00\",\"breadcrumb\":{\"@id\":\"https:\\\/\\\/districos.standingout.be\\\/fr\\\/product\\\/grand-miroir-avec-15-lumieres-led-ref-8960-55\\\/#breadcrumb\"},\"inLanguage\":\"fr-FR\",\"potentialAction\":[{\"@type\":\"ReadAction\",\"target\":[\"https:\\\/\\\/districos.standingout.be\\\/fr\\\/product\\\/grand-miroir-avec-15-lumieres-led-ref-8960-55\\\/\"]}]},{\"@type\":\"ImageObject\",\"inLanguage\":\"fr-FR\",\"@id\":\"https:\\\/\\\/districos.standingout.be\\\/fr\\\/product\\\/grand-miroir-avec-15-lumieres-led-ref-8960-55\\\/#primaryimage\",\"url\":\"https:\\\/\\\/districos.standingout.be\\\/wp-content\\\/uploads\\\/2026\\\/04\\\/8960.55@Grote-Spiegel-met-Verlichting-15-ledlampen_1.png\",\"contentUrl\":\"https:\\\/\\\/districos.standingout.be\\\/wp-content\\\/uploads\\\/2026\\\/04\\\/8960.55@Grote-Spiegel-met-Verlichting-15-ledlampen_1.png\",\"width\":600,\"height\":600},{\"@type\":\"BreadcrumbList\",\"@id\":\"https:\\\/\\\/districos.standingout.be\\\/fr\\\/product\\\/grand-miroir-avec-15-lumieres-led-ref-8960-55\\\/#breadcrumb\",\"itemListElement\":[{\"@type\":\"ListItem\",\"position\":1,\"name\":\"Home\",\"item\":\"https:\\\/\\\/districos.standingout.be\\\/fr\\\/bienvenue-chez-districos\\\/\"},{\"@type\":\"ListItem\",\"position\":2,\"name\":\"Boutique\",\"item\":\"https:\\\/\\\/districos.standingout.be\\\/fr\\\/boutique\\\/\"},{\"@type\":\"ListItem\",\"position\":3,\"name\":\"Grand Miroir avec 15 Lumi\u00e8res LED\"}]},{\"@type\":\"WebSite\",\"@id\":\"https:\\\/\\\/districos.standingout.be\\\/fr\\\/#website\",\"url\":\"https:\\\/\\\/districos.standingout.be\\\/fr\\\/\",\"name\":\"Districos Webshop\",\"description\":\"\",\"publisher\":{\"@id\":\"https:\\\/\\\/districos.standingout.be\\\/fr\\\/#organization\"},\"potentialAction\":[{\"@type\":\"SearchAction\",\"target\":{\"@type\":\"EntryPoint\",\"urlTemplate\":\"https:\\\/\\\/districos.standingout.be\\\/fr\\\/?s={search_term_string}\"},\"query-input\":{\"@type\":\"PropertyValueSpecification\",\"valueRequired\":true,\"valueName\":\"search_term_string\"}}],\"inLanguage\":\"fr-FR\"},{\"@type\":\"Organization\",\"@id\":\"https:\\\/\\\/districos.standingout.be\\\/fr\\\/#organization\",\"name\":\"Districos Webshop\",\"url\":\"https:\\\/\\\/districos.standingout.be\\\/fr\\\/\",\"logo\":{\"@type\":\"ImageObject\",\"inLanguage\":\"fr-FR\",\"@id\":\"https:\\\/\\\/districos.standingout.be\\\/fr\\\/#\\\/schema\\\/logo\\\/image\\\/\",\"url\":\"https:\\\/\\\/districos.standingout.be\\\/wp-content\\\/uploads\\\/2022\\\/09\\\/Districos_Logo_Webshop.svg\",\"contentUrl\":\"https:\\\/\\\/districos.standingout.be\\\/wp-content\\\/uploads\\\/2022\\\/09\\\/Districos_Logo_Webshop.svg\",\"caption\":\"Districos Webshop\"},\"image\":{\"@id\":\"https:\\\/\\\/districos.standingout.be\\\/fr\\\/#\\\/schema\\\/logo\\\/image\\\/\"}}]}<\/script>\n<!-- \/ Yoast SEO plugin. -->","yoast_head_json":{"title":"Grand Miroir avec 15 Lumi\u00e8res LED - Districos Webshop","robots":{"index":"noindex","follow":"follow","max-snippet":"max-snippet:-1","max-image-preview":"max-image-preview:large","max-video-preview":"max-video-preview:-1"},"og_locale":"fr_FR","og_type":"article","og_title":"Grand Miroir avec 15 Lumi\u00e8res LED - Districos Webshop","og_description":"TRANSFORMEZ VOTRE COIFFEUSE EN SALON DE BEAUT\u00c9 DE LUXE Transformez votre coiffeuse en salon de beaut\u00e9 professionnel gr\u00e2ce \u00e0 ce superbe miroir de maquillage \u00e9clair\u00e9 de type hollywoodien. Avec son design \u00e9l\u00e9gant et son aspect luxueux, vous pouvez apporter le m\u00eame glamour dans votre salon. La luminosit\u00e9 in\u00e9gal\u00e9e de l&rsquo;\u00e9clairage LED vous permet d&rsquo;appliquer votre [&hellip;]","og_url":"https:\/\/districos.standingout.be\/fr\/product\/grand-miroir-avec-15-lumieres-led-ref-8960-55\/","og_site_name":"Districos Webshop","article_modified_time":"2026-04-28T12:02:08+00:00","twitter_card":"summary_large_image","twitter_misc":{"Dur\u00e9e de lecture estim\u00e9e":"1 minute"},"schema":{"@context":"https:\/\/schema.org","@graph":[{"@type":"WebPage","@id":"https:\/\/districos.standingout.be\/fr\/product\/grand-miroir-avec-15-lumieres-led-ref-8960-55\/","url":"https:\/\/districos.standingout.be\/fr\/product\/grand-miroir-avec-15-lumieres-led-ref-8960-55\/","name":"Grand Miroir avec 15 Lumi\u00e8res LED - Districos Webshop","isPartOf":{"@id":"https:\/\/districos.standingout.be\/fr\/#website"},"primaryImageOfPage":{"@id":"https:\/\/districos.standingout.be\/fr\/product\/grand-miroir-avec-15-lumieres-led-ref-8960-55\/#primaryimage"},"image":{"@id":"https:\/\/districos.standingout.be\/fr\/product\/grand-miroir-avec-15-lumieres-led-ref-8960-55\/#primaryimage"},"thumbnailUrl":"https:\/\/districos.standingout.be\/wp-content\/uploads\/2026\/04\/8960.55@Grote-Spiegel-met-Verlichting-15-ledlampen_1.png","datePublished":"2026-04-28T12:02:05+00:00","dateModified":"2026-04-28T12:02:08+00:00","breadcrumb":{"@id":"https:\/\/districos.standingout.be\/fr\/product\/grand-miroir-avec-15-lumieres-led-ref-8960-55\/#breadcrumb"},"inLanguage":"fr-FR","potentialAction":[{"@type":"ReadAction","target":["https:\/\/districos.standingout.be\/fr\/product\/grand-miroir-avec-15-lumieres-led-ref-8960-55\/"]}]},{"@type":"ImageObject","inLanguage":"fr-FR","@id":"https:\/\/districos.standingout.be\/fr\/product\/grand-miroir-avec-15-lumieres-led-ref-8960-55\/#primaryimage","url":"https:\/\/districos.standingout.be\/wp-content\/uploads\/2026\/04\/8960.55@Grote-Spiegel-met-Verlichting-15-ledlampen_1.png","contentUrl":"https:\/\/districos.standingout.be\/wp-content\/uploads\/2026\/04\/8960.55@Grote-Spiegel-met-Verlichting-15-ledlampen_1.png","width":600,"height":600},{"@type":"BreadcrumbList","@id":"https:\/\/districos.standingout.be\/fr\/product\/grand-miroir-avec-15-lumieres-led-ref-8960-55\/#breadcrumb","itemListElement":[{"@type":"ListItem","position":1,"name":"Home","item":"https:\/\/districos.standingout.be\/fr\/bienvenue-chez-districos\/"},{"@type":"ListItem","position":2,"name":"Boutique","item":"https:\/\/districos.standingout.be\/fr\/boutique\/"},{"@type":"ListItem","position":3,"name":"Grand Miroir avec 15 Lumi\u00e8res LED"}]},{"@type":"WebSite","@id":"https:\/\/districos.standingout.be\/fr\/#website","url":"https:\/\/districos.standingout.be\/fr\/","name":"Districos Webshop","description":"","publisher":{"@id":"https:\/\/districos.standingout.be\/fr\/#organization"},"potentialAction":[{"@type":"SearchAction","target":{"@type":"EntryPoint","urlTemplate":"https:\/\/districos.standingout.be\/fr\/?s={search_term_string}"},"query-input":{"@type":"PropertyValueSpecification","valueRequired":true,"valueName":"search_term_string"}}],"inLanguage":"fr-FR"},{"@type":"Organization","@id":"https:\/\/districos.standingout.be\/fr\/#organization","name":"Districos Webshop","url":"https:\/\/districos.standingout.be\/fr\/","logo":{"@type":"ImageObject","inLanguage":"fr-FR","@id":"https:\/\/districos.standingout.be\/fr\/#\/schema\/logo\/image\/","url":"https:\/\/districos.standingout.be\/wp-content\/uploads\/2022\/09\/Districos_Logo_Webshop.svg","contentUrl":"https:\/\/districos.standingout.be\/wp-content\/uploads\/2022\/09\/Districos_Logo_Webshop.svg","caption":"Districos Webshop"},"image":{"@id":"https:\/\/districos.standingout.be\/fr\/#\/schema\/logo\/image\/"}}]}},"_links":{"self":[{"href":"https:\/\/districos.standingout.be\/fr\/wp-json\/wp\/v2\/product\/142737","targetHints":{"allow":["GET"]}}],"collection":[{"href":"https:\/\/districos.standingout.be\/fr\/wp-json\/wp\/v2\/product"}],"about":[{"href":"https:\/\/districos.standingout.be\/fr\/wp-json\/wp\/v2\/types\/product"}],"replies":[{"embeddable":true,"href":"https:\/\/districos.standingout.be\/fr\/wp-json\/wp\/v2\/comments?post=142737"}],"wp:featuredmedia":[{"embeddable":true,"href":"https:\/\/districos.standingout.be\/fr\/wp-json\/wp\/v2\/media\/148914"}],"wp:attachment":[{"href":"https:\/\/districos.standingout.be\/fr\/wp-json\/wp\/v2\/media?parent=142737"}],"wp:term":[{"taxonomy":"product_brand","embeddable":true,"href":"https:\/\/districos.standingout.be\/fr\/wp-json\/wp\/v2\/product_brand?post=142737"},{"taxonomy":"product_cat","embeddable":true,"href":"https:\/\/districos.standingout.be\/fr\/wp-json\/wp\/v2\/product_cat?post=142737"},{"taxonomy":"product_tag","embeddable":true,"href":"https:\/\/districos.standingout.be\/fr\/wp-json\/wp\/v2\/product_tag?post=142737"}],"curies":[{"name":"wp","href":"https:\/\/api.w.org\/{rel}","templated":true}]}}