{"id":142739,"date":"2026-04-28T14:02:09","date_gmt":"2026-04-28T12:02:09","guid":{"rendered":"https:\/\/webshopdistricoscom.webhosting.be\/product\/cobra-miroir-simple-face-sur-pied-eco-ref-8960-56\/"},"modified":"2026-04-28T14:02:13","modified_gmt":"2026-04-28T12:02:13","slug":"cobra-miroir-simple-face-sur-pied-eco-ref-8960-56","status":"publish","type":"product","link":"https:\/\/districos.standingout.be\/fr\/product\/cobra-miroir-simple-face-sur-pied-eco-ref-8960-56\/","title":{"rendered":"Cobra Miroir Simple Face sur Pied Eco"},"content":{"rendered":"<p >\n<\/p>\n<\/p>\n<\/p>\n<p dir=\"ltr\"><span>Ce miroir simple face de Cobra Cosmetics allie simplicit\u00e9 et fonctionnalit\u00e9. Son design \u00e9pur\u00e9 offre une surface de r\u00e9flexion nette ainsi qu\u2019un pied \u00e9l\u00e9gant pour ranger vos petits accessoires. La base int\u00e8gre en plus un support pour smartphone : suivez vos tutoriels pr\u00e9f\u00e9r\u00e9s en mains libres ou profitez de votre musique pendant votre routine beaut\u00e9. Utilisez le miroir aussi bien \u00e0 l\u2019horizontale qu\u2019\u00e0 la verticale et adaptez-le enti\u00e8rement \u00e0 votre moment beaut\u00e9.<\/span><\/p>\n<p dir=\"ltr\">\n<ul>\n<li>Couleur : Blanc<\/li>\n<li>Surface du miroir : Unilat\u00e9ral, sans grossissement<\/li>\n<li>Miroir : pivotant \u00e0 360\u00b0<br \/>(dimensions miroir: 17,7 x 23 cm)<\/li>\n<li>Dimensions : 18,9 x 14 x 36 cm<\/li>\n<li><span>Mat\u00e9riau : Plastique ABS<\/span><\/li>\n<li><span>Emballage : 1 pi\u00e8ce<\/span><\/li>\n<\/ul><\/p>\n","protected":false},"excerpt":{"rendered":"<p>Ce miroir simple face de Cobra Cosmetics allie simplicit\u00e9 et fonctionnalit\u00e9. Son design \u00e9pur\u00e9 offre une surface de r\u00e9flexion nette ainsi qu\u2019un pied \u00e9l\u00e9gant pour ranger vos petits accessoires. La base int\u00e8gre en plus un support pour smartphone : suivez vos tutoriels pr\u00e9f\u00e9r\u00e9s en mains libres ou profitez de votre musique pendant votre routine beaut\u00e9. [&hellip;]<\/p>\n","protected":false},"featured_media":148918,"comment_status":"open","ping_status":"closed","template":"","meta":{"_acf_changed":false},"product_brand":[10380],"product_cat":[9892,9972,9864,10168,9970,10176,10616],"product_tag":[],"class_list":{"0":"post-142739","1":"product","2":"type-product","3":"status-publish","4":"has-post-thumbnail","6":"product_brand-districos-fr","7":"product_cat-beaute-maquillage-accessoires","8":"product_cat-beaute-materiel-pratique-accessoires","9":"product_cat-beaute-visage-accessoires","10":"product_cat-fournitures-pour-cabinet-accessoires-accessoires-visage","11":"product_cat-beaute-materiel-pratique-instruments","12":"product_cat-fournitures-pour-cabinet-accessoires-miroirs","13":"product_cat-fournitures-pour-cabinet-instruments-visage","15":"first","16":"instock","17":"taxable","18":"shipping-taxable","19":"product-type-simple"},"acf":[],"yoast_head":"<!-- This site is optimized with the Yoast SEO plugin v27.3 - https:\/\/yoast.com\/product\/yoast-seo-wordpress\/ -->\n<title>Cobra Miroir Simple Face sur Pied Eco - Districos Webshop<\/title>\n<meta name=\"robots\" content=\"noindex, follow, max-snippet:-1, max-image-preview:large, max-video-preview:-1\" \/>\n<meta property=\"og:locale\" content=\"fr_FR\" \/>\n<meta property=\"og:type\" content=\"article\" \/>\n<meta property=\"og:title\" content=\"Cobra Miroir Simple Face sur Pied Eco - Districos Webshop\" \/>\n<meta property=\"og:description\" content=\"Ce miroir simple face de Cobra Cosmetics allie simplicit\u00e9 et fonctionnalit\u00e9. Son design \u00e9pur\u00e9 offre une surface de r\u00e9flexion nette ainsi qu\u2019un pied \u00e9l\u00e9gant pour ranger vos petits accessoires. La base int\u00e8gre en plus un support pour smartphone : suivez vos tutoriels pr\u00e9f\u00e9r\u00e9s en mains libres ou profitez de votre musique pendant votre routine beaut\u00e9. [&hellip;]\" \/>\n<meta property=\"og:url\" content=\"https:\/\/districos.standingout.be\/fr\/product\/cobra-miroir-simple-face-sur-pied-eco-ref-8960-56\/\" \/>\n<meta property=\"og:site_name\" content=\"Districos Webshop\" \/>\n<meta property=\"article:modified_time\" content=\"2026-04-28T12:02:13+00:00\" \/>\n<meta name=\"twitter:card\" content=\"summary_large_image\" \/>\n<meta name=\"twitter:label1\" content=\"Dur\u00e9e de lecture estim\u00e9e\" \/>\n\t<meta name=\"twitter:data1\" content=\"1 minute\" \/>\n<script type=\"application\/ld+json\" class=\"yoast-schema-graph\">{\"@context\":\"https:\\\/\\\/schema.org\",\"@graph\":[{\"@type\":\"WebPage\",\"@id\":\"https:\\\/\\\/districos.standingout.be\\\/fr\\\/product\\\/cobra-miroir-simple-face-sur-pied-eco-ref-8960-56\\\/\",\"url\":\"https:\\\/\\\/districos.standingout.be\\\/fr\\\/product\\\/cobra-miroir-simple-face-sur-pied-eco-ref-8960-56\\\/\",\"name\":\"Cobra Miroir Simple Face sur Pied Eco - Districos Webshop\",\"isPartOf\":{\"@id\":\"https:\\\/\\\/districos.standingout.be\\\/fr\\\/#website\"},\"primaryImageOfPage\":{\"@id\":\"https:\\\/\\\/districos.standingout.be\\\/fr\\\/product\\\/cobra-miroir-simple-face-sur-pied-eco-ref-8960-56\\\/#primaryimage\"},\"image\":{\"@id\":\"https:\\\/\\\/districos.standingout.be\\\/fr\\\/product\\\/cobra-miroir-simple-face-sur-pied-eco-ref-8960-56\\\/#primaryimage\"},\"thumbnailUrl\":\"https:\\\/\\\/districos.standingout.be\\\/wp-content\\\/uploads\\\/2026\\\/04\\\/8960.56@Cobra-Enkelzijdige-Spiegel-met-voet-Eco_1.png\",\"datePublished\":\"2026-04-28T12:02:09+00:00\",\"dateModified\":\"2026-04-28T12:02:13+00:00\",\"breadcrumb\":{\"@id\":\"https:\\\/\\\/districos.standingout.be\\\/fr\\\/product\\\/cobra-miroir-simple-face-sur-pied-eco-ref-8960-56\\\/#breadcrumb\"},\"inLanguage\":\"fr-FR\",\"potentialAction\":[{\"@type\":\"ReadAction\",\"target\":[\"https:\\\/\\\/districos.standingout.be\\\/fr\\\/product\\\/cobra-miroir-simple-face-sur-pied-eco-ref-8960-56\\\/\"]}]},{\"@type\":\"ImageObject\",\"inLanguage\":\"fr-FR\",\"@id\":\"https:\\\/\\\/districos.standingout.be\\\/fr\\\/product\\\/cobra-miroir-simple-face-sur-pied-eco-ref-8960-56\\\/#primaryimage\",\"url\":\"https:\\\/\\\/districos.standingout.be\\\/wp-content\\\/uploads\\\/2026\\\/04\\\/8960.56@Cobra-Enkelzijdige-Spiegel-met-voet-Eco_1.png\",\"contentUrl\":\"https:\\\/\\\/districos.standingout.be\\\/wp-content\\\/uploads\\\/2026\\\/04\\\/8960.56@Cobra-Enkelzijdige-Spiegel-met-voet-Eco_1.png\",\"width\":600,\"height\":600},{\"@type\":\"BreadcrumbList\",\"@id\":\"https:\\\/\\\/districos.standingout.be\\\/fr\\\/product\\\/cobra-miroir-simple-face-sur-pied-eco-ref-8960-56\\\/#breadcrumb\",\"itemListElement\":[{\"@type\":\"ListItem\",\"position\":1,\"name\":\"Home\",\"item\":\"https:\\\/\\\/districos.standingout.be\\\/fr\\\/bienvenue-chez-districos\\\/\"},{\"@type\":\"ListItem\",\"position\":2,\"name\":\"Boutique\",\"item\":\"https:\\\/\\\/districos.standingout.be\\\/fr\\\/boutique\\\/\"},{\"@type\":\"ListItem\",\"position\":3,\"name\":\"Cobra Miroir Simple Face sur Pied Eco\"}]},{\"@type\":\"WebSite\",\"@id\":\"https:\\\/\\\/districos.standingout.be\\\/fr\\\/#website\",\"url\":\"https:\\\/\\\/districos.standingout.be\\\/fr\\\/\",\"name\":\"Districos Webshop\",\"description\":\"\",\"publisher\":{\"@id\":\"https:\\\/\\\/districos.standingout.be\\\/fr\\\/#organization\"},\"potentialAction\":[{\"@type\":\"SearchAction\",\"target\":{\"@type\":\"EntryPoint\",\"urlTemplate\":\"https:\\\/\\\/districos.standingout.be\\\/fr\\\/?s={search_term_string}\"},\"query-input\":{\"@type\":\"PropertyValueSpecification\",\"valueRequired\":true,\"valueName\":\"search_term_string\"}}],\"inLanguage\":\"fr-FR\"},{\"@type\":\"Organization\",\"@id\":\"https:\\\/\\\/districos.standingout.be\\\/fr\\\/#organization\",\"name\":\"Districos Webshop\",\"url\":\"https:\\\/\\\/districos.standingout.be\\\/fr\\\/\",\"logo\":{\"@type\":\"ImageObject\",\"inLanguage\":\"fr-FR\",\"@id\":\"https:\\\/\\\/districos.standingout.be\\\/fr\\\/#\\\/schema\\\/logo\\\/image\\\/\",\"url\":\"https:\\\/\\\/districos.standingout.be\\\/wp-content\\\/uploads\\\/2022\\\/09\\\/Districos_Logo_Webshop.svg\",\"contentUrl\":\"https:\\\/\\\/districos.standingout.be\\\/wp-content\\\/uploads\\\/2022\\\/09\\\/Districos_Logo_Webshop.svg\",\"caption\":\"Districos Webshop\"},\"image\":{\"@id\":\"https:\\\/\\\/districos.standingout.be\\\/fr\\\/#\\\/schema\\\/logo\\\/image\\\/\"}}]}<\/script>\n<!-- \/ Yoast SEO plugin. -->","yoast_head_json":{"title":"Cobra Miroir Simple Face sur Pied Eco - Districos Webshop","robots":{"index":"noindex","follow":"follow","max-snippet":"max-snippet:-1","max-image-preview":"max-image-preview:large","max-video-preview":"max-video-preview:-1"},"og_locale":"fr_FR","og_type":"article","og_title":"Cobra Miroir Simple Face sur Pied Eco - Districos Webshop","og_description":"Ce miroir simple face de Cobra Cosmetics allie simplicit\u00e9 et fonctionnalit\u00e9. Son design \u00e9pur\u00e9 offre une surface de r\u00e9flexion nette ainsi qu\u2019un pied \u00e9l\u00e9gant pour ranger vos petits accessoires. La base int\u00e8gre en plus un support pour smartphone : suivez vos tutoriels pr\u00e9f\u00e9r\u00e9s en mains libres ou profitez de votre musique pendant votre routine beaut\u00e9. [&hellip;]","og_url":"https:\/\/districos.standingout.be\/fr\/product\/cobra-miroir-simple-face-sur-pied-eco-ref-8960-56\/","og_site_name":"Districos Webshop","article_modified_time":"2026-04-28T12:02:13+00:00","twitter_card":"summary_large_image","twitter_misc":{"Dur\u00e9e de lecture estim\u00e9e":"1 minute"},"schema":{"@context":"https:\/\/schema.org","@graph":[{"@type":"WebPage","@id":"https:\/\/districos.standingout.be\/fr\/product\/cobra-miroir-simple-face-sur-pied-eco-ref-8960-56\/","url":"https:\/\/districos.standingout.be\/fr\/product\/cobra-miroir-simple-face-sur-pied-eco-ref-8960-56\/","name":"Cobra Miroir Simple Face sur Pied Eco - Districos Webshop","isPartOf":{"@id":"https:\/\/districos.standingout.be\/fr\/#website"},"primaryImageOfPage":{"@id":"https:\/\/districos.standingout.be\/fr\/product\/cobra-miroir-simple-face-sur-pied-eco-ref-8960-56\/#primaryimage"},"image":{"@id":"https:\/\/districos.standingout.be\/fr\/product\/cobra-miroir-simple-face-sur-pied-eco-ref-8960-56\/#primaryimage"},"thumbnailUrl":"https:\/\/districos.standingout.be\/wp-content\/uploads\/2026\/04\/8960.56@Cobra-Enkelzijdige-Spiegel-met-voet-Eco_1.png","datePublished":"2026-04-28T12:02:09+00:00","dateModified":"2026-04-28T12:02:13+00:00","breadcrumb":{"@id":"https:\/\/districos.standingout.be\/fr\/product\/cobra-miroir-simple-face-sur-pied-eco-ref-8960-56\/#breadcrumb"},"inLanguage":"fr-FR","potentialAction":[{"@type":"ReadAction","target":["https:\/\/districos.standingout.be\/fr\/product\/cobra-miroir-simple-face-sur-pied-eco-ref-8960-56\/"]}]},{"@type":"ImageObject","inLanguage":"fr-FR","@id":"https:\/\/districos.standingout.be\/fr\/product\/cobra-miroir-simple-face-sur-pied-eco-ref-8960-56\/#primaryimage","url":"https:\/\/districos.standingout.be\/wp-content\/uploads\/2026\/04\/8960.56@Cobra-Enkelzijdige-Spiegel-met-voet-Eco_1.png","contentUrl":"https:\/\/districos.standingout.be\/wp-content\/uploads\/2026\/04\/8960.56@Cobra-Enkelzijdige-Spiegel-met-voet-Eco_1.png","width":600,"height":600},{"@type":"BreadcrumbList","@id":"https:\/\/districos.standingout.be\/fr\/product\/cobra-miroir-simple-face-sur-pied-eco-ref-8960-56\/#breadcrumb","itemListElement":[{"@type":"ListItem","position":1,"name":"Home","item":"https:\/\/districos.standingout.be\/fr\/bienvenue-chez-districos\/"},{"@type":"ListItem","position":2,"name":"Boutique","item":"https:\/\/districos.standingout.be\/fr\/boutique\/"},{"@type":"ListItem","position":3,"name":"Cobra Miroir Simple Face sur Pied Eco"}]},{"@type":"WebSite","@id":"https:\/\/districos.standingout.be\/fr\/#website","url":"https:\/\/districos.standingout.be\/fr\/","name":"Districos Webshop","description":"","publisher":{"@id":"https:\/\/districos.standingout.be\/fr\/#organization"},"potentialAction":[{"@type":"SearchAction","target":{"@type":"EntryPoint","urlTemplate":"https:\/\/districos.standingout.be\/fr\/?s={search_term_string}"},"query-input":{"@type":"PropertyValueSpecification","valueRequired":true,"valueName":"search_term_string"}}],"inLanguage":"fr-FR"},{"@type":"Organization","@id":"https:\/\/districos.standingout.be\/fr\/#organization","name":"Districos Webshop","url":"https:\/\/districos.standingout.be\/fr\/","logo":{"@type":"ImageObject","inLanguage":"fr-FR","@id":"https:\/\/districos.standingout.be\/fr\/#\/schema\/logo\/image\/","url":"https:\/\/districos.standingout.be\/wp-content\/uploads\/2022\/09\/Districos_Logo_Webshop.svg","contentUrl":"https:\/\/districos.standingout.be\/wp-content\/uploads\/2022\/09\/Districos_Logo_Webshop.svg","caption":"Districos Webshop"},"image":{"@id":"https:\/\/districos.standingout.be\/fr\/#\/schema\/logo\/image\/"}}]}},"_links":{"self":[{"href":"https:\/\/districos.standingout.be\/fr\/wp-json\/wp\/v2\/product\/142739","targetHints":{"allow":["GET"]}}],"collection":[{"href":"https:\/\/districos.standingout.be\/fr\/wp-json\/wp\/v2\/product"}],"about":[{"href":"https:\/\/districos.standingout.be\/fr\/wp-json\/wp\/v2\/types\/product"}],"replies":[{"embeddable":true,"href":"https:\/\/districos.standingout.be\/fr\/wp-json\/wp\/v2\/comments?post=142739"}],"wp:featuredmedia":[{"embeddable":true,"href":"https:\/\/districos.standingout.be\/fr\/wp-json\/wp\/v2\/media\/148918"}],"wp:attachment":[{"href":"https:\/\/districos.standingout.be\/fr\/wp-json\/wp\/v2\/media?parent=142739"}],"wp:term":[{"taxonomy":"product_brand","embeddable":true,"href":"https:\/\/districos.standingout.be\/fr\/wp-json\/wp\/v2\/product_brand?post=142739"},{"taxonomy":"product_cat","embeddable":true,"href":"https:\/\/districos.standingout.be\/fr\/wp-json\/wp\/v2\/product_cat?post=142739"},{"taxonomy":"product_tag","embeddable":true,"href":"https:\/\/districos.standingout.be\/fr\/wp-json\/wp\/v2\/product_tag?post=142739"}],"curies":[{"name":"wp","href":"https:\/\/api.w.org\/{rel}","templated":true}]}}