{"id":142769,"date":"2026-04-28T14:03:45","date_gmt":"2026-04-28T12:03:45","guid":{"rendered":"https:\/\/webshopdistricoscom.webhosting.be\/product\/cobra-trolley-2-en-1-tissu-2-roulettes-rangement-ref-8961-441\/"},"modified":"2026-04-28T14:03:48","modified_gmt":"2026-04-28T12:03:48","slug":"cobra-trolley-2-en-1-tissu-2-roulettes-rangement-ref-8961-441","status":"publish","type":"product","link":"https:\/\/districos.standingout.be\/fr\/product\/cobra-trolley-2-en-1-tissu-2-roulettes-rangement-ref-8961-441\/","title":{"rendered":"Cobra Trolley 2 en 1 Tissu (2 roulettes + rangement)"},"content":{"rendered":"<p >\n<p dir=\"ltr\"><b>2 coffres en tissu solides et superposables en 1 !<\/b><\/p>\n<p> 2 coffres en tissu solides et superposables en 1 ! Le coffre inf\u00e9rieur contient un grand espace de rangement (38 x 26 x 8,5 cm) et une pochette amovible pour les instruments. Il s\u2019ouvre compl\u00e8tement \u00e0 l\u2019aide de la fermeture \u00e0 glissi\u00e8re et offre de nombreuses possibilit\u00e9s de rangement comme 8 tiroirs et filet de rangement. Sur les c\u00f4t\u00e9s se trouvent 2 filets suppl\u00e9mentaires avec fermeture \u00e9clair.<\/p>\n<p> Pour le coffre sup\u00e9rieur, vous pouvez choisir parmi 2 variantes :<\/p>\n<p> 1. Coffre avec pochette d\u2019instruments dans le couvercle, 2 compartiments rabattables et 1 grand compartiment de rangement (36 x 27,5 x 14 cm) pour tous vos accessoires (<a href=\"https:\/\/webshop.districos.com\/ProductDetail\/8961.44\" target=\"_blank\" rel=\"noopener noreferrer nofollow\">r\u00e9f. 8961.44<\/a>).<\/p>\n<p> 2. Coffre avec pochette d\u2019instruments dans le couvercle et 1 grand compartiment de rangement (36 x 27,5 x 17 cm) pour une fraiseuse de Bentlon (<a href=\"https:\/\/webshop.districos.com\/ProductDetail\/8961.441\" target=\"_blank\" rel=\"noopener noreferrer nofollow\">r\u00e9f. 8961.441<\/a>).<\/p>\n<p> Les deux coffres peuvent \u00eatre emport\u00e9s s\u00e9par\u00e9ment \u00e0 l\u2019aide d\u2019une bandouli\u00e8re.<\/p>\n<p> Dimensions : 43 x 35 x 69 cm<\/p>\n<p> Poids : 9,3 kg <\/p>\n<p> <\/p>\n<ul> <\/ul><\/p>\n","protected":false},"excerpt":{"rendered":"<p>2 coffres en tissu solides et superposables en 1 ! 2 coffres en tissu solides et superposables en 1 ! Le coffre inf\u00e9rieur contient un grand espace de rangement (38 x 26 x 8,5 cm) et une pochette amovible pour les instruments. Il s\u2019ouvre compl\u00e8tement \u00e0 l\u2019aide de la fermeture \u00e0 glissi\u00e8re et offre de [&hellip;]<\/p>\n","protected":false},"featured_media":85934,"comment_status":"open","ping_status":"closed","template":"","meta":{"_acf_changed":false},"product_brand":[10334],"product_cat":[10204,9968],"product_tag":[],"class_list":{"0":"post-142769","1":"product","2":"type-product","3":"status-publish","4":"has-post-thumbnail","6":"product_brand-cobra-fr","7":"product_cat-fournitures-pour-cabinet-coffres-sacs-coffres","8":"product_cat-beaute-materiel-pratique-coffres-sacs","10":"first","11":"outofstock","12":"taxable","13":"shipping-taxable","14":"product-type-simple"},"acf":[],"yoast_head":"<!-- This site is optimized with the Yoast SEO plugin v27.3 - https:\/\/yoast.com\/product\/yoast-seo-wordpress\/ -->\n<title>Cobra Trolley 2 en 1 Tissu (2 roulettes + rangement) - Districos Webshop<\/title>\n<meta name=\"robots\" content=\"noindex, follow, max-snippet:-1, max-image-preview:large, max-video-preview:-1\" \/>\n<meta property=\"og:locale\" content=\"fr_FR\" \/>\n<meta property=\"og:type\" content=\"article\" \/>\n<meta property=\"og:title\" content=\"Cobra Trolley 2 en 1 Tissu (2 roulettes + rangement) - Districos Webshop\" \/>\n<meta property=\"og:description\" content=\"2 coffres en tissu solides et superposables en 1 ! 2 coffres en tissu solides et superposables en 1 ! Le coffre inf\u00e9rieur contient un grand espace de rangement (38 x 26 x 8,5 cm) et une pochette amovible pour les instruments. Il s\u2019ouvre compl\u00e8tement \u00e0 l\u2019aide de la fermeture \u00e0 glissi\u00e8re et offre de [&hellip;]\" \/>\n<meta property=\"og:url\" content=\"https:\/\/districos.standingout.be\/fr\/product\/cobra-trolley-2-en-1-tissu-2-roulettes-rangement-ref-8961-441\/\" \/>\n<meta property=\"og:site_name\" content=\"Districos Webshop\" \/>\n<meta property=\"article:modified_time\" content=\"2026-04-28T12:03:48+00:00\" \/>\n<meta name=\"twitter:card\" content=\"summary_large_image\" \/>\n<meta name=\"twitter:label1\" content=\"Dur\u00e9e de lecture estim\u00e9e\" \/>\n\t<meta name=\"twitter:data1\" content=\"1 minute\" \/>\n<script type=\"application\/ld+json\" class=\"yoast-schema-graph\">{\"@context\":\"https:\\\/\\\/schema.org\",\"@graph\":[{\"@type\":\"WebPage\",\"@id\":\"https:\\\/\\\/districos.standingout.be\\\/fr\\\/product\\\/cobra-trolley-2-en-1-tissu-2-roulettes-rangement-ref-8961-441\\\/\",\"url\":\"https:\\\/\\\/districos.standingout.be\\\/fr\\\/product\\\/cobra-trolley-2-en-1-tissu-2-roulettes-rangement-ref-8961-441\\\/\",\"name\":\"Cobra Trolley 2 en 1 Tissu (2 roulettes + rangement) - Districos Webshop\",\"isPartOf\":{\"@id\":\"https:\\\/\\\/districos.standingout.be\\\/fr\\\/#website\"},\"primaryImageOfPage\":{\"@id\":\"https:\\\/\\\/districos.standingout.be\\\/fr\\\/product\\\/cobra-trolley-2-en-1-tissu-2-roulettes-rangement-ref-8961-441\\\/#primaryimage\"},\"image\":{\"@id\":\"https:\\\/\\\/districos.standingout.be\\\/fr\\\/product\\\/cobra-trolley-2-en-1-tissu-2-roulettes-rangement-ref-8961-441\\\/#primaryimage\"},\"thumbnailUrl\":\"https:\\\/\\\/districos.standingout.be\\\/wp-content\\\/uploads\\\/2025\\\/07\\\/8961.441@LowRes_1.png\",\"datePublished\":\"2026-04-28T12:03:45+00:00\",\"dateModified\":\"2026-04-28T12:03:48+00:00\",\"breadcrumb\":{\"@id\":\"https:\\\/\\\/districos.standingout.be\\\/fr\\\/product\\\/cobra-trolley-2-en-1-tissu-2-roulettes-rangement-ref-8961-441\\\/#breadcrumb\"},\"inLanguage\":\"fr-FR\",\"potentialAction\":[{\"@type\":\"ReadAction\",\"target\":[\"https:\\\/\\\/districos.standingout.be\\\/fr\\\/product\\\/cobra-trolley-2-en-1-tissu-2-roulettes-rangement-ref-8961-441\\\/\"]}]},{\"@type\":\"ImageObject\",\"inLanguage\":\"fr-FR\",\"@id\":\"https:\\\/\\\/districos.standingout.be\\\/fr\\\/product\\\/cobra-trolley-2-en-1-tissu-2-roulettes-rangement-ref-8961-441\\\/#primaryimage\",\"url\":\"https:\\\/\\\/districos.standingout.be\\\/wp-content\\\/uploads\\\/2025\\\/07\\\/8961.441@LowRes_1.png\",\"contentUrl\":\"https:\\\/\\\/districos.standingout.be\\\/wp-content\\\/uploads\\\/2025\\\/07\\\/8961.441@LowRes_1.png\",\"width\":600,\"height\":600},{\"@type\":\"BreadcrumbList\",\"@id\":\"https:\\\/\\\/districos.standingout.be\\\/fr\\\/product\\\/cobra-trolley-2-en-1-tissu-2-roulettes-rangement-ref-8961-441\\\/#breadcrumb\",\"itemListElement\":[{\"@type\":\"ListItem\",\"position\":1,\"name\":\"Home\",\"item\":\"https:\\\/\\\/districos.standingout.be\\\/fr\\\/bienvenue-chez-districos\\\/\"},{\"@type\":\"ListItem\",\"position\":2,\"name\":\"Boutique\",\"item\":\"https:\\\/\\\/districos.standingout.be\\\/fr\\\/boutique\\\/\"},{\"@type\":\"ListItem\",\"position\":3,\"name\":\"Cobra Trolley 2 en 1 Tissu (2 roulettes + rangement)\"}]},{\"@type\":\"WebSite\",\"@id\":\"https:\\\/\\\/districos.standingout.be\\\/fr\\\/#website\",\"url\":\"https:\\\/\\\/districos.standingout.be\\\/fr\\\/\",\"name\":\"Districos Webshop\",\"description\":\"\",\"publisher\":{\"@id\":\"https:\\\/\\\/districos.standingout.be\\\/fr\\\/#organization\"},\"potentialAction\":[{\"@type\":\"SearchAction\",\"target\":{\"@type\":\"EntryPoint\",\"urlTemplate\":\"https:\\\/\\\/districos.standingout.be\\\/fr\\\/?s={search_term_string}\"},\"query-input\":{\"@type\":\"PropertyValueSpecification\",\"valueRequired\":true,\"valueName\":\"search_term_string\"}}],\"inLanguage\":\"fr-FR\"},{\"@type\":\"Organization\",\"@id\":\"https:\\\/\\\/districos.standingout.be\\\/fr\\\/#organization\",\"name\":\"Districos Webshop\",\"url\":\"https:\\\/\\\/districos.standingout.be\\\/fr\\\/\",\"logo\":{\"@type\":\"ImageObject\",\"inLanguage\":\"fr-FR\",\"@id\":\"https:\\\/\\\/districos.standingout.be\\\/fr\\\/#\\\/schema\\\/logo\\\/image\\\/\",\"url\":\"https:\\\/\\\/districos.standingout.be\\\/wp-content\\\/uploads\\\/2022\\\/09\\\/Districos_Logo_Webshop.svg\",\"contentUrl\":\"https:\\\/\\\/districos.standingout.be\\\/wp-content\\\/uploads\\\/2022\\\/09\\\/Districos_Logo_Webshop.svg\",\"caption\":\"Districos Webshop\"},\"image\":{\"@id\":\"https:\\\/\\\/districos.standingout.be\\\/fr\\\/#\\\/schema\\\/logo\\\/image\\\/\"}}]}<\/script>\n<!-- \/ Yoast SEO plugin. -->","yoast_head_json":{"title":"Cobra Trolley 2 en 1 Tissu (2 roulettes + rangement) - Districos Webshop","robots":{"index":"noindex","follow":"follow","max-snippet":"max-snippet:-1","max-image-preview":"max-image-preview:large","max-video-preview":"max-video-preview:-1"},"og_locale":"fr_FR","og_type":"article","og_title":"Cobra Trolley 2 en 1 Tissu (2 roulettes + rangement) - Districos Webshop","og_description":"2 coffres en tissu solides et superposables en 1 ! 2 coffres en tissu solides et superposables en 1 ! Le coffre inf\u00e9rieur contient un grand espace de rangement (38 x 26 x 8,5 cm) et une pochette amovible pour les instruments. Il s\u2019ouvre compl\u00e8tement \u00e0 l\u2019aide de la fermeture \u00e0 glissi\u00e8re et offre de [&hellip;]","og_url":"https:\/\/districos.standingout.be\/fr\/product\/cobra-trolley-2-en-1-tissu-2-roulettes-rangement-ref-8961-441\/","og_site_name":"Districos Webshop","article_modified_time":"2026-04-28T12:03:48+00:00","twitter_card":"summary_large_image","twitter_misc":{"Dur\u00e9e de lecture estim\u00e9e":"1 minute"},"schema":{"@context":"https:\/\/schema.org","@graph":[{"@type":"WebPage","@id":"https:\/\/districos.standingout.be\/fr\/product\/cobra-trolley-2-en-1-tissu-2-roulettes-rangement-ref-8961-441\/","url":"https:\/\/districos.standingout.be\/fr\/product\/cobra-trolley-2-en-1-tissu-2-roulettes-rangement-ref-8961-441\/","name":"Cobra Trolley 2 en 1 Tissu (2 roulettes + rangement) - Districos Webshop","isPartOf":{"@id":"https:\/\/districos.standingout.be\/fr\/#website"},"primaryImageOfPage":{"@id":"https:\/\/districos.standingout.be\/fr\/product\/cobra-trolley-2-en-1-tissu-2-roulettes-rangement-ref-8961-441\/#primaryimage"},"image":{"@id":"https:\/\/districos.standingout.be\/fr\/product\/cobra-trolley-2-en-1-tissu-2-roulettes-rangement-ref-8961-441\/#primaryimage"},"thumbnailUrl":"https:\/\/districos.standingout.be\/wp-content\/uploads\/2025\/07\/8961.441@LowRes_1.png","datePublished":"2026-04-28T12:03:45+00:00","dateModified":"2026-04-28T12:03:48+00:00","breadcrumb":{"@id":"https:\/\/districos.standingout.be\/fr\/product\/cobra-trolley-2-en-1-tissu-2-roulettes-rangement-ref-8961-441\/#breadcrumb"},"inLanguage":"fr-FR","potentialAction":[{"@type":"ReadAction","target":["https:\/\/districos.standingout.be\/fr\/product\/cobra-trolley-2-en-1-tissu-2-roulettes-rangement-ref-8961-441\/"]}]},{"@type":"ImageObject","inLanguage":"fr-FR","@id":"https:\/\/districos.standingout.be\/fr\/product\/cobra-trolley-2-en-1-tissu-2-roulettes-rangement-ref-8961-441\/#primaryimage","url":"https:\/\/districos.standingout.be\/wp-content\/uploads\/2025\/07\/8961.441@LowRes_1.png","contentUrl":"https:\/\/districos.standingout.be\/wp-content\/uploads\/2025\/07\/8961.441@LowRes_1.png","width":600,"height":600},{"@type":"BreadcrumbList","@id":"https:\/\/districos.standingout.be\/fr\/product\/cobra-trolley-2-en-1-tissu-2-roulettes-rangement-ref-8961-441\/#breadcrumb","itemListElement":[{"@type":"ListItem","position":1,"name":"Home","item":"https:\/\/districos.standingout.be\/fr\/bienvenue-chez-districos\/"},{"@type":"ListItem","position":2,"name":"Boutique","item":"https:\/\/districos.standingout.be\/fr\/boutique\/"},{"@type":"ListItem","position":3,"name":"Cobra Trolley 2 en 1 Tissu (2 roulettes + rangement)"}]},{"@type":"WebSite","@id":"https:\/\/districos.standingout.be\/fr\/#website","url":"https:\/\/districos.standingout.be\/fr\/","name":"Districos Webshop","description":"","publisher":{"@id":"https:\/\/districos.standingout.be\/fr\/#organization"},"potentialAction":[{"@type":"SearchAction","target":{"@type":"EntryPoint","urlTemplate":"https:\/\/districos.standingout.be\/fr\/?s={search_term_string}"},"query-input":{"@type":"PropertyValueSpecification","valueRequired":true,"valueName":"search_term_string"}}],"inLanguage":"fr-FR"},{"@type":"Organization","@id":"https:\/\/districos.standingout.be\/fr\/#organization","name":"Districos Webshop","url":"https:\/\/districos.standingout.be\/fr\/","logo":{"@type":"ImageObject","inLanguage":"fr-FR","@id":"https:\/\/districos.standingout.be\/fr\/#\/schema\/logo\/image\/","url":"https:\/\/districos.standingout.be\/wp-content\/uploads\/2022\/09\/Districos_Logo_Webshop.svg","contentUrl":"https:\/\/districos.standingout.be\/wp-content\/uploads\/2022\/09\/Districos_Logo_Webshop.svg","caption":"Districos Webshop"},"image":{"@id":"https:\/\/districos.standingout.be\/fr\/#\/schema\/logo\/image\/"}}]}},"_links":{"self":[{"href":"https:\/\/districos.standingout.be\/fr\/wp-json\/wp\/v2\/product\/142769","targetHints":{"allow":["GET"]}}],"collection":[{"href":"https:\/\/districos.standingout.be\/fr\/wp-json\/wp\/v2\/product"}],"about":[{"href":"https:\/\/districos.standingout.be\/fr\/wp-json\/wp\/v2\/types\/product"}],"replies":[{"embeddable":true,"href":"https:\/\/districos.standingout.be\/fr\/wp-json\/wp\/v2\/comments?post=142769"}],"wp:featuredmedia":[{"embeddable":true,"href":"https:\/\/districos.standingout.be\/fr\/wp-json\/wp\/v2\/media\/85934"}],"wp:attachment":[{"href":"https:\/\/districos.standingout.be\/fr\/wp-json\/wp\/v2\/media?parent=142769"}],"wp:term":[{"taxonomy":"product_brand","embeddable":true,"href":"https:\/\/districos.standingout.be\/fr\/wp-json\/wp\/v2\/product_brand?post=142769"},{"taxonomy":"product_cat","embeddable":true,"href":"https:\/\/districos.standingout.be\/fr\/wp-json\/wp\/v2\/product_cat?post=142769"},{"taxonomy":"product_tag","embeddable":true,"href":"https:\/\/districos.standingout.be\/fr\/wp-json\/wp\/v2\/product_tag?post=142769"}],"curies":[{"name":"wp","href":"https:\/\/api.w.org\/{rel}","templated":true}]}}