{"id":142779,"date":"2026-04-28T14:04:07","date_gmt":"2026-04-28T12:04:07","guid":{"rendered":"https:\/\/webshopdistricoscom.webhosting.be\/product\/cobra-trolley-2-en-1-rock-roll-cadre-noir-ref-8961-57\/"},"modified":"2026-04-28T14:04:11","modified_gmt":"2026-04-28T12:04:11","slug":"cobra-trolley-2-en-1-rock-roll-cadre-noir-ref-8961-57","status":"publish","type":"product","link":"https:\/\/districos.standingout.be\/fr\/product\/cobra-trolley-2-en-1-rock-roll-cadre-noir-ref-8961-57\/","title":{"rendered":"Cobra Trolley 2 en 1 Rock &#038; Roll Cadre Noir"},"content":{"rendered":"<p >\n<\/p>\n<p><span><b>2 coffres en 1!<\/b>&nbsp;La partie sup\u00e9rieure d\u00e9tachable se compose de 4 tiroirs pratiques et s\u2019emporte facilement \u00e0 l\u2019aide d\u2019une bandouli\u00e8re. Le bac de rangement inf\u00e9rieure de 45 cm de profondeur est aussi pourvue d\u2019un petit bac modulable et d\u2019un couvercle. Avec une poign\u00e9e extra solide, un fond renforc\u00e9 et des roulettes. Le meilleur dans sa cat\u00e9gorie de prix!<br \/><\/span><\/p>\n<ul>\n<li><span>Dimensions : 37 x 23 x 70 cm (L x l x h)<\/span><\/li>\n<li><span>Motif : Rock &amp; Roll (cadre noir)<\/span><\/li>\n<\/ul>\n<p><b>Disponible en motifs suivants:<\/b><o:p><\/o:p><\/p>\n<\/p>\n<ul>\n<li><span>Alu Diamond &#8211; cadre aluminium (r\u00e9f. 8961.07)<\/span><\/li>\n<li><span>Croco Black Shiny &#8211; cadre noir (r\u00e9f. 8961.10)<\/span><\/li>\n<li><span>Croco Rouge Corail &#8211; cadre aluminium (r\u00e9f. 8961.51)<\/span><\/li>\n<li><span>Black Diamond &#8211; cadre noir (r\u00e9f. 8961.52)<\/span><\/li>\n<li><span>Distrilicious &#8211; cadre aluminium (r\u00e9f. 8961.55)<\/span><\/li>\n<li><span>Galaxy &#8211; cadre noir (r\u00e9f. 8961.56)<\/span><\/li>\n<li><span>Rock &amp; Roll &#8211; cadre noir (r\u00e9f. 8961.57)<\/span><\/li>\n<li><span>Street Style &#8211; cadre noir (r\u00e9f. 8961.58)<\/span><\/li>\n<li><span>Vieux Rose &#8211; cadre aluminium (r\u00e9f. 8961.59)<\/span><\/li>\n<li><span>Bleu\/Vert &#8211; cadre aluminium (r\u00e9f. 8961.60)<\/span><\/li>\n<li><span>Pink &#8211; cadre aluminium (r\u00e9f. 8961.61)<\/span><\/li>\n<\/ul>\n<div><span lang=\"FR-BE\">Regardez&nbsp;<\/span><span lang=\"FR-BE\"><a href=\"https:\/\/www.youtube.com\/shorts\/mr_7zSgMEI8\" target=\"_blank\" rel=\"noopener noreferrer nofollow\">notre vid\u00e9o<\/a><\/span><span lang=\"FR-BE\">&nbsp;et d\u00e9couvrez plus de d\u00e9tails sur le trolley Cobra 2 en 1.<\/span><\/div>\n","protected":false},"excerpt":{"rendered":"<p>2 coffres en 1!&nbsp;La partie sup\u00e9rieure d\u00e9tachable se compose de 4 tiroirs pratiques et s\u2019emporte facilement \u00e0 l\u2019aide d\u2019une bandouli\u00e8re. Le bac de rangement inf\u00e9rieure de 45 cm de profondeur est aussi pourvue d\u2019un petit bac modulable et d\u2019un couvercle. Avec une poign\u00e9e extra solide, un fond renforc\u00e9 et des roulettes. Le meilleur dans sa [&hellip;]<\/p>\n","protected":false},"featured_media":85958,"comment_status":"open","ping_status":"closed","template":"","meta":{"_acf_changed":false},"product_brand":[10334],"product_cat":[10204,9968],"product_tag":[],"class_list":{"0":"post-142779","1":"product","2":"type-product","3":"status-publish","4":"has-post-thumbnail","6":"product_brand-cobra-fr","7":"product_cat-fournitures-pour-cabinet-coffres-sacs-coffres","8":"product_cat-beaute-materiel-pratique-coffres-sacs","10":"first","11":"instock","12":"taxable","13":"shipping-taxable","14":"product-type-simple"},"acf":[],"yoast_head":"<!-- This site is optimized with the Yoast SEO plugin v27.3 - https:\/\/yoast.com\/product\/yoast-seo-wordpress\/ -->\n<title>Cobra Trolley 2 en 1 Rock &amp; Roll Cadre Noir - Districos Webshop<\/title>\n<meta name=\"robots\" content=\"noindex, follow, max-snippet:-1, max-image-preview:large, max-video-preview:-1\" \/>\n<meta property=\"og:locale\" content=\"fr_FR\" \/>\n<meta property=\"og:type\" content=\"article\" \/>\n<meta property=\"og:title\" content=\"Cobra Trolley 2 en 1 Rock &amp; Roll Cadre Noir - Districos Webshop\" \/>\n<meta property=\"og:description\" content=\"2 coffres en 1!&nbsp;La partie sup\u00e9rieure d\u00e9tachable se compose de 4 tiroirs pratiques et s\u2019emporte facilement \u00e0 l\u2019aide d\u2019une bandouli\u00e8re. Le bac de rangement inf\u00e9rieure de 45 cm de profondeur est aussi pourvue d\u2019un petit bac modulable et d\u2019un couvercle. Avec une poign\u00e9e extra solide, un fond renforc\u00e9 et des roulettes. Le meilleur dans sa [&hellip;]\" \/>\n<meta property=\"og:url\" content=\"https:\/\/districos.standingout.be\/fr\/product\/cobra-trolley-2-en-1-rock-roll-cadre-noir-ref-8961-57\/\" \/>\n<meta property=\"og:site_name\" content=\"Districos Webshop\" \/>\n<meta property=\"article:modified_time\" content=\"2026-04-28T12:04:11+00:00\" \/>\n<meta name=\"twitter:card\" content=\"summary_large_image\" \/>\n<meta name=\"twitter:label1\" content=\"Dur\u00e9e de lecture estim\u00e9e\" \/>\n\t<meta name=\"twitter:data1\" content=\"1 minute\" \/>\n<script type=\"application\/ld+json\" class=\"yoast-schema-graph\">{\"@context\":\"https:\\\/\\\/schema.org\",\"@graph\":[{\"@type\":\"WebPage\",\"@id\":\"https:\\\/\\\/districos.standingout.be\\\/fr\\\/product\\\/cobra-trolley-2-en-1-rock-roll-cadre-noir-ref-8961-57\\\/\",\"url\":\"https:\\\/\\\/districos.standingout.be\\\/fr\\\/product\\\/cobra-trolley-2-en-1-rock-roll-cadre-noir-ref-8961-57\\\/\",\"name\":\"Cobra Trolley 2 en 1 Rock & Roll Cadre Noir - Districos Webshop\",\"isPartOf\":{\"@id\":\"https:\\\/\\\/districos.standingout.be\\\/fr\\\/#website\"},\"primaryImageOfPage\":{\"@id\":\"https:\\\/\\\/districos.standingout.be\\\/fr\\\/product\\\/cobra-trolley-2-en-1-rock-roll-cadre-noir-ref-8961-57\\\/#primaryimage\"},\"image\":{\"@id\":\"https:\\\/\\\/districos.standingout.be\\\/fr\\\/product\\\/cobra-trolley-2-en-1-rock-roll-cadre-noir-ref-8961-57\\\/#primaryimage\"},\"thumbnailUrl\":\"https:\\\/\\\/districos.standingout.be\\\/wp-content\\\/uploads\\\/2025\\\/07\\\/8961.57@LowRes_1.png\",\"datePublished\":\"2026-04-28T12:04:07+00:00\",\"dateModified\":\"2026-04-28T12:04:11+00:00\",\"breadcrumb\":{\"@id\":\"https:\\\/\\\/districos.standingout.be\\\/fr\\\/product\\\/cobra-trolley-2-en-1-rock-roll-cadre-noir-ref-8961-57\\\/#breadcrumb\"},\"inLanguage\":\"fr-FR\",\"potentialAction\":[{\"@type\":\"ReadAction\",\"target\":[\"https:\\\/\\\/districos.standingout.be\\\/fr\\\/product\\\/cobra-trolley-2-en-1-rock-roll-cadre-noir-ref-8961-57\\\/\"]}]},{\"@type\":\"ImageObject\",\"inLanguage\":\"fr-FR\",\"@id\":\"https:\\\/\\\/districos.standingout.be\\\/fr\\\/product\\\/cobra-trolley-2-en-1-rock-roll-cadre-noir-ref-8961-57\\\/#primaryimage\",\"url\":\"https:\\\/\\\/districos.standingout.be\\\/wp-content\\\/uploads\\\/2025\\\/07\\\/8961.57@LowRes_1.png\",\"contentUrl\":\"https:\\\/\\\/districos.standingout.be\\\/wp-content\\\/uploads\\\/2025\\\/07\\\/8961.57@LowRes_1.png\",\"width\":600,\"height\":600},{\"@type\":\"BreadcrumbList\",\"@id\":\"https:\\\/\\\/districos.standingout.be\\\/fr\\\/product\\\/cobra-trolley-2-en-1-rock-roll-cadre-noir-ref-8961-57\\\/#breadcrumb\",\"itemListElement\":[{\"@type\":\"ListItem\",\"position\":1,\"name\":\"Home\",\"item\":\"https:\\\/\\\/districos.standingout.be\\\/fr\\\/bienvenue-chez-districos\\\/\"},{\"@type\":\"ListItem\",\"position\":2,\"name\":\"Boutique\",\"item\":\"https:\\\/\\\/districos.standingout.be\\\/fr\\\/boutique\\\/\"},{\"@type\":\"ListItem\",\"position\":3,\"name\":\"Cobra Trolley 2 en 1 Rock &#038; Roll Cadre Noir\"}]},{\"@type\":\"WebSite\",\"@id\":\"https:\\\/\\\/districos.standingout.be\\\/fr\\\/#website\",\"url\":\"https:\\\/\\\/districos.standingout.be\\\/fr\\\/\",\"name\":\"Districos Webshop\",\"description\":\"\",\"publisher\":{\"@id\":\"https:\\\/\\\/districos.standingout.be\\\/fr\\\/#organization\"},\"potentialAction\":[{\"@type\":\"SearchAction\",\"target\":{\"@type\":\"EntryPoint\",\"urlTemplate\":\"https:\\\/\\\/districos.standingout.be\\\/fr\\\/?s={search_term_string}\"},\"query-input\":{\"@type\":\"PropertyValueSpecification\",\"valueRequired\":true,\"valueName\":\"search_term_string\"}}],\"inLanguage\":\"fr-FR\"},{\"@type\":\"Organization\",\"@id\":\"https:\\\/\\\/districos.standingout.be\\\/fr\\\/#organization\",\"name\":\"Districos Webshop\",\"url\":\"https:\\\/\\\/districos.standingout.be\\\/fr\\\/\",\"logo\":{\"@type\":\"ImageObject\",\"inLanguage\":\"fr-FR\",\"@id\":\"https:\\\/\\\/districos.standingout.be\\\/fr\\\/#\\\/schema\\\/logo\\\/image\\\/\",\"url\":\"https:\\\/\\\/districos.standingout.be\\\/wp-content\\\/uploads\\\/2022\\\/09\\\/Districos_Logo_Webshop.svg\",\"contentUrl\":\"https:\\\/\\\/districos.standingout.be\\\/wp-content\\\/uploads\\\/2022\\\/09\\\/Districos_Logo_Webshop.svg\",\"caption\":\"Districos Webshop\"},\"image\":{\"@id\":\"https:\\\/\\\/districos.standingout.be\\\/fr\\\/#\\\/schema\\\/logo\\\/image\\\/\"}}]}<\/script>\n<!-- \/ Yoast SEO plugin. -->","yoast_head_json":{"title":"Cobra Trolley 2 en 1 Rock & Roll Cadre Noir - Districos Webshop","robots":{"index":"noindex","follow":"follow","max-snippet":"max-snippet:-1","max-image-preview":"max-image-preview:large","max-video-preview":"max-video-preview:-1"},"og_locale":"fr_FR","og_type":"article","og_title":"Cobra Trolley 2 en 1 Rock & Roll Cadre Noir - Districos Webshop","og_description":"2 coffres en 1!&nbsp;La partie sup\u00e9rieure d\u00e9tachable se compose de 4 tiroirs pratiques et s\u2019emporte facilement \u00e0 l\u2019aide d\u2019une bandouli\u00e8re. Le bac de rangement inf\u00e9rieure de 45 cm de profondeur est aussi pourvue d\u2019un petit bac modulable et d\u2019un couvercle. Avec une poign\u00e9e extra solide, un fond renforc\u00e9 et des roulettes. Le meilleur dans sa [&hellip;]","og_url":"https:\/\/districos.standingout.be\/fr\/product\/cobra-trolley-2-en-1-rock-roll-cadre-noir-ref-8961-57\/","og_site_name":"Districos Webshop","article_modified_time":"2026-04-28T12:04:11+00:00","twitter_card":"summary_large_image","twitter_misc":{"Dur\u00e9e de lecture estim\u00e9e":"1 minute"},"schema":{"@context":"https:\/\/schema.org","@graph":[{"@type":"WebPage","@id":"https:\/\/districos.standingout.be\/fr\/product\/cobra-trolley-2-en-1-rock-roll-cadre-noir-ref-8961-57\/","url":"https:\/\/districos.standingout.be\/fr\/product\/cobra-trolley-2-en-1-rock-roll-cadre-noir-ref-8961-57\/","name":"Cobra Trolley 2 en 1 Rock & Roll Cadre Noir - Districos Webshop","isPartOf":{"@id":"https:\/\/districos.standingout.be\/fr\/#website"},"primaryImageOfPage":{"@id":"https:\/\/districos.standingout.be\/fr\/product\/cobra-trolley-2-en-1-rock-roll-cadre-noir-ref-8961-57\/#primaryimage"},"image":{"@id":"https:\/\/districos.standingout.be\/fr\/product\/cobra-trolley-2-en-1-rock-roll-cadre-noir-ref-8961-57\/#primaryimage"},"thumbnailUrl":"https:\/\/districos.standingout.be\/wp-content\/uploads\/2025\/07\/8961.57@LowRes_1.png","datePublished":"2026-04-28T12:04:07+00:00","dateModified":"2026-04-28T12:04:11+00:00","breadcrumb":{"@id":"https:\/\/districos.standingout.be\/fr\/product\/cobra-trolley-2-en-1-rock-roll-cadre-noir-ref-8961-57\/#breadcrumb"},"inLanguage":"fr-FR","potentialAction":[{"@type":"ReadAction","target":["https:\/\/districos.standingout.be\/fr\/product\/cobra-trolley-2-en-1-rock-roll-cadre-noir-ref-8961-57\/"]}]},{"@type":"ImageObject","inLanguage":"fr-FR","@id":"https:\/\/districos.standingout.be\/fr\/product\/cobra-trolley-2-en-1-rock-roll-cadre-noir-ref-8961-57\/#primaryimage","url":"https:\/\/districos.standingout.be\/wp-content\/uploads\/2025\/07\/8961.57@LowRes_1.png","contentUrl":"https:\/\/districos.standingout.be\/wp-content\/uploads\/2025\/07\/8961.57@LowRes_1.png","width":600,"height":600},{"@type":"BreadcrumbList","@id":"https:\/\/districos.standingout.be\/fr\/product\/cobra-trolley-2-en-1-rock-roll-cadre-noir-ref-8961-57\/#breadcrumb","itemListElement":[{"@type":"ListItem","position":1,"name":"Home","item":"https:\/\/districos.standingout.be\/fr\/bienvenue-chez-districos\/"},{"@type":"ListItem","position":2,"name":"Boutique","item":"https:\/\/districos.standingout.be\/fr\/boutique\/"},{"@type":"ListItem","position":3,"name":"Cobra Trolley 2 en 1 Rock &#038; Roll Cadre Noir"}]},{"@type":"WebSite","@id":"https:\/\/districos.standingout.be\/fr\/#website","url":"https:\/\/districos.standingout.be\/fr\/","name":"Districos Webshop","description":"","publisher":{"@id":"https:\/\/districos.standingout.be\/fr\/#organization"},"potentialAction":[{"@type":"SearchAction","target":{"@type":"EntryPoint","urlTemplate":"https:\/\/districos.standingout.be\/fr\/?s={search_term_string}"},"query-input":{"@type":"PropertyValueSpecification","valueRequired":true,"valueName":"search_term_string"}}],"inLanguage":"fr-FR"},{"@type":"Organization","@id":"https:\/\/districos.standingout.be\/fr\/#organization","name":"Districos Webshop","url":"https:\/\/districos.standingout.be\/fr\/","logo":{"@type":"ImageObject","inLanguage":"fr-FR","@id":"https:\/\/districos.standingout.be\/fr\/#\/schema\/logo\/image\/","url":"https:\/\/districos.standingout.be\/wp-content\/uploads\/2022\/09\/Districos_Logo_Webshop.svg","contentUrl":"https:\/\/districos.standingout.be\/wp-content\/uploads\/2022\/09\/Districos_Logo_Webshop.svg","caption":"Districos Webshop"},"image":{"@id":"https:\/\/districos.standingout.be\/fr\/#\/schema\/logo\/image\/"}}]}},"_links":{"self":[{"href":"https:\/\/districos.standingout.be\/fr\/wp-json\/wp\/v2\/product\/142779","targetHints":{"allow":["GET"]}}],"collection":[{"href":"https:\/\/districos.standingout.be\/fr\/wp-json\/wp\/v2\/product"}],"about":[{"href":"https:\/\/districos.standingout.be\/fr\/wp-json\/wp\/v2\/types\/product"}],"replies":[{"embeddable":true,"href":"https:\/\/districos.standingout.be\/fr\/wp-json\/wp\/v2\/comments?post=142779"}],"wp:featuredmedia":[{"embeddable":true,"href":"https:\/\/districos.standingout.be\/fr\/wp-json\/wp\/v2\/media\/85958"}],"wp:attachment":[{"href":"https:\/\/districos.standingout.be\/fr\/wp-json\/wp\/v2\/media?parent=142779"}],"wp:term":[{"taxonomy":"product_brand","embeddable":true,"href":"https:\/\/districos.standingout.be\/fr\/wp-json\/wp\/v2\/product_brand?post=142779"},{"taxonomy":"product_cat","embeddable":true,"href":"https:\/\/districos.standingout.be\/fr\/wp-json\/wp\/v2\/product_cat?post=142779"},{"taxonomy":"product_tag","embeddable":true,"href":"https:\/\/districos.standingout.be\/fr\/wp-json\/wp\/v2\/product_tag?post=142779"}],"curies":[{"name":"wp","href":"https:\/\/api.w.org\/{rel}","templated":true}]}}