{"id":142797,"date":"2026-04-28T14:05:10","date_gmt":"2026-04-28T12:05:10","guid":{"rendered":"https:\/\/webshopdistricoscom.webhosting.be\/product\/cobra-coffre-pedicure-professionnel-noir-diamant-haut-ref-8961-67\/"},"modified":"2026-04-28T14:05:14","modified_gmt":"2026-04-28T12:05:14","slug":"cobra-coffre-pedicure-professionnel-noir-diamant-haut-ref-8961-67","status":"publish","type":"product","link":"https:\/\/districos.standingout.be\/fr\/product\/cobra-coffre-pedicure-professionnel-noir-diamant-haut-ref-8961-67\/","title":{"rendered":"Cobra Coffre P\u00e9dicure Professionnel Noir-Diamant Haut"},"content":{"rendered":"<p >\n<p dir=\"ltr\"><b>Coffre de p\u00e9dicure professionnel diamant noir \u00e0 roulettes<\/b><\/p>\n<p> Coffre de p\u00e9dicure professionnel pour ranger et transporter tous vos instruments et mat\u00e9riel, fraiseuse incluse. Dans le couvercle, vous pouvez fixer des r\u00e2pes ou d&rsquo;autres instruments \u00e0 l&rsquo;aide de plusieurs \u00e9lastiques. Dans la partie sup\u00e9rieure d&rsquo;une profondeur de 15 cm, vous pouvez en toute s\u00e9curit\u00e9 attacher votre fraiseuse gr\u00e2ce aux bandes d&rsquo;ajustement. Dans la partie inf\u00e9rieure, vous trouvez encore de nombreuses possibilit\u00e9s de rangement, gr\u00e2ce aux 4 tiroirs qui permettent d&#8217;emporter de petits accessoires de p\u00e9dicure.<\/p>\n<p> Dimensions : 47 x 29 x 50 cm<\/p>\n<p> Poids : 7,7 kg <\/p>\n<p> \u00c9galement disponible en mod\u00e8le plus petit, 4 cm moins haut (R\u00e9f. 8961.66).<\/p><\/p>\n","protected":false},"excerpt":{"rendered":"<p>Coffre de p\u00e9dicure professionnel diamant noir \u00e0 roulettes Coffre de p\u00e9dicure professionnel pour ranger et transporter tous vos instruments et mat\u00e9riel, fraiseuse incluse. Dans le couvercle, vous pouvez fixer des r\u00e2pes ou d&rsquo;autres instruments \u00e0 l&rsquo;aide de plusieurs \u00e9lastiques. Dans la partie sup\u00e9rieure d&rsquo;une profondeur de 15 cm, vous pouvez en toute s\u00e9curit\u00e9 attacher votre [&hellip;]<\/p>\n","protected":false},"featured_media":85991,"comment_status":"open","ping_status":"closed","template":"","meta":{"_acf_changed":false},"product_brand":[10334],"product_cat":[10204,9968,10050],"product_tag":[],"class_list":{"0":"post-142797","1":"product","2":"type-product","3":"status-publish","4":"has-post-thumbnail","6":"product_brand-cobra-fr","7":"product_cat-fournitures-pour-cabinet-coffres-sacs-coffres","8":"product_cat-beaute-materiel-pratique-coffres-sacs","9":"product_cat-soins-des-pieds-podologie-instruments-coffres-sacs","11":"first","12":"instock","13":"taxable","14":"shipping-taxable","15":"product-type-simple"},"acf":[],"yoast_head":"<!-- This site is optimized with the Yoast SEO plugin v27.3 - https:\/\/yoast.com\/product\/yoast-seo-wordpress\/ -->\n<title>Cobra Coffre P\u00e9dicure Professionnel Noir-Diamant Haut - Districos Webshop<\/title>\n<meta name=\"robots\" content=\"noindex, follow, max-snippet:-1, max-image-preview:large, max-video-preview:-1\" \/>\n<meta property=\"og:locale\" content=\"fr_FR\" \/>\n<meta property=\"og:type\" content=\"article\" \/>\n<meta property=\"og:title\" content=\"Cobra Coffre P\u00e9dicure Professionnel Noir-Diamant Haut - Districos Webshop\" \/>\n<meta property=\"og:description\" content=\"Coffre de p\u00e9dicure professionnel diamant noir \u00e0 roulettes Coffre de p\u00e9dicure professionnel pour ranger et transporter tous vos instruments et mat\u00e9riel, fraiseuse incluse. Dans le couvercle, vous pouvez fixer des r\u00e2pes ou d&rsquo;autres instruments \u00e0 l&rsquo;aide de plusieurs \u00e9lastiques. Dans la partie sup\u00e9rieure d&rsquo;une profondeur de 15 cm, vous pouvez en toute s\u00e9curit\u00e9 attacher votre [&hellip;]\" \/>\n<meta property=\"og:url\" content=\"https:\/\/districos.standingout.be\/fr\/product\/cobra-coffre-pedicure-professionnel-noir-diamant-haut-ref-8961-67\/\" \/>\n<meta property=\"og:site_name\" content=\"Districos Webshop\" \/>\n<meta property=\"article:modified_time\" content=\"2026-04-28T12:05:14+00:00\" \/>\n<meta name=\"twitter:card\" content=\"summary_large_image\" \/>\n<meta name=\"twitter:label1\" content=\"Dur\u00e9e de lecture estim\u00e9e\" \/>\n\t<meta name=\"twitter:data1\" content=\"1 minute\" \/>\n<script type=\"application\/ld+json\" class=\"yoast-schema-graph\">{\"@context\":\"https:\\\/\\\/schema.org\",\"@graph\":[{\"@type\":\"WebPage\",\"@id\":\"https:\\\/\\\/districos.standingout.be\\\/fr\\\/product\\\/cobra-coffre-pedicure-professionnel-noir-diamant-haut-ref-8961-67\\\/\",\"url\":\"https:\\\/\\\/districos.standingout.be\\\/fr\\\/product\\\/cobra-coffre-pedicure-professionnel-noir-diamant-haut-ref-8961-67\\\/\",\"name\":\"Cobra Coffre P\u00e9dicure Professionnel Noir-Diamant Haut - Districos Webshop\",\"isPartOf\":{\"@id\":\"https:\\\/\\\/districos.standingout.be\\\/fr\\\/#website\"},\"primaryImageOfPage\":{\"@id\":\"https:\\\/\\\/districos.standingout.be\\\/fr\\\/product\\\/cobra-coffre-pedicure-professionnel-noir-diamant-haut-ref-8961-67\\\/#primaryimage\"},\"image\":{\"@id\":\"https:\\\/\\\/districos.standingout.be\\\/fr\\\/product\\\/cobra-coffre-pedicure-professionnel-noir-diamant-haut-ref-8961-67\\\/#primaryimage\"},\"thumbnailUrl\":\"https:\\\/\\\/districos.standingout.be\\\/wp-content\\\/uploads\\\/2025\\\/07\\\/8961.67@LowRes_1.png\",\"datePublished\":\"2026-04-28T12:05:10+00:00\",\"dateModified\":\"2026-04-28T12:05:14+00:00\",\"breadcrumb\":{\"@id\":\"https:\\\/\\\/districos.standingout.be\\\/fr\\\/product\\\/cobra-coffre-pedicure-professionnel-noir-diamant-haut-ref-8961-67\\\/#breadcrumb\"},\"inLanguage\":\"fr-FR\",\"potentialAction\":[{\"@type\":\"ReadAction\",\"target\":[\"https:\\\/\\\/districos.standingout.be\\\/fr\\\/product\\\/cobra-coffre-pedicure-professionnel-noir-diamant-haut-ref-8961-67\\\/\"]}]},{\"@type\":\"ImageObject\",\"inLanguage\":\"fr-FR\",\"@id\":\"https:\\\/\\\/districos.standingout.be\\\/fr\\\/product\\\/cobra-coffre-pedicure-professionnel-noir-diamant-haut-ref-8961-67\\\/#primaryimage\",\"url\":\"https:\\\/\\\/districos.standingout.be\\\/wp-content\\\/uploads\\\/2025\\\/07\\\/8961.67@LowRes_1.png\",\"contentUrl\":\"https:\\\/\\\/districos.standingout.be\\\/wp-content\\\/uploads\\\/2025\\\/07\\\/8961.67@LowRes_1.png\",\"width\":600,\"height\":600},{\"@type\":\"BreadcrumbList\",\"@id\":\"https:\\\/\\\/districos.standingout.be\\\/fr\\\/product\\\/cobra-coffre-pedicure-professionnel-noir-diamant-haut-ref-8961-67\\\/#breadcrumb\",\"itemListElement\":[{\"@type\":\"ListItem\",\"position\":1,\"name\":\"Home\",\"item\":\"https:\\\/\\\/districos.standingout.be\\\/fr\\\/bienvenue-chez-districos\\\/\"},{\"@type\":\"ListItem\",\"position\":2,\"name\":\"Boutique\",\"item\":\"https:\\\/\\\/districos.standingout.be\\\/fr\\\/boutique\\\/\"},{\"@type\":\"ListItem\",\"position\":3,\"name\":\"Cobra Coffre P\u00e9dicure Professionnel Noir-Diamant Haut\"}]},{\"@type\":\"WebSite\",\"@id\":\"https:\\\/\\\/districos.standingout.be\\\/fr\\\/#website\",\"url\":\"https:\\\/\\\/districos.standingout.be\\\/fr\\\/\",\"name\":\"Districos Webshop\",\"description\":\"\",\"publisher\":{\"@id\":\"https:\\\/\\\/districos.standingout.be\\\/fr\\\/#organization\"},\"potentialAction\":[{\"@type\":\"SearchAction\",\"target\":{\"@type\":\"EntryPoint\",\"urlTemplate\":\"https:\\\/\\\/districos.standingout.be\\\/fr\\\/?s={search_term_string}\"},\"query-input\":{\"@type\":\"PropertyValueSpecification\",\"valueRequired\":true,\"valueName\":\"search_term_string\"}}],\"inLanguage\":\"fr-FR\"},{\"@type\":\"Organization\",\"@id\":\"https:\\\/\\\/districos.standingout.be\\\/fr\\\/#organization\",\"name\":\"Districos Webshop\",\"url\":\"https:\\\/\\\/districos.standingout.be\\\/fr\\\/\",\"logo\":{\"@type\":\"ImageObject\",\"inLanguage\":\"fr-FR\",\"@id\":\"https:\\\/\\\/districos.standingout.be\\\/fr\\\/#\\\/schema\\\/logo\\\/image\\\/\",\"url\":\"https:\\\/\\\/districos.standingout.be\\\/wp-content\\\/uploads\\\/2022\\\/09\\\/Districos_Logo_Webshop.svg\",\"contentUrl\":\"https:\\\/\\\/districos.standingout.be\\\/wp-content\\\/uploads\\\/2022\\\/09\\\/Districos_Logo_Webshop.svg\",\"caption\":\"Districos Webshop\"},\"image\":{\"@id\":\"https:\\\/\\\/districos.standingout.be\\\/fr\\\/#\\\/schema\\\/logo\\\/image\\\/\"}}]}<\/script>\n<!-- \/ Yoast SEO plugin. -->","yoast_head_json":{"title":"Cobra Coffre P\u00e9dicure Professionnel Noir-Diamant Haut - Districos Webshop","robots":{"index":"noindex","follow":"follow","max-snippet":"max-snippet:-1","max-image-preview":"max-image-preview:large","max-video-preview":"max-video-preview:-1"},"og_locale":"fr_FR","og_type":"article","og_title":"Cobra Coffre P\u00e9dicure Professionnel Noir-Diamant Haut - Districos Webshop","og_description":"Coffre de p\u00e9dicure professionnel diamant noir \u00e0 roulettes Coffre de p\u00e9dicure professionnel pour ranger et transporter tous vos instruments et mat\u00e9riel, fraiseuse incluse. Dans le couvercle, vous pouvez fixer des r\u00e2pes ou d&rsquo;autres instruments \u00e0 l&rsquo;aide de plusieurs \u00e9lastiques. Dans la partie sup\u00e9rieure d&rsquo;une profondeur de 15 cm, vous pouvez en toute s\u00e9curit\u00e9 attacher votre [&hellip;]","og_url":"https:\/\/districos.standingout.be\/fr\/product\/cobra-coffre-pedicure-professionnel-noir-diamant-haut-ref-8961-67\/","og_site_name":"Districos Webshop","article_modified_time":"2026-04-28T12:05:14+00:00","twitter_card":"summary_large_image","twitter_misc":{"Dur\u00e9e de lecture estim\u00e9e":"1 minute"},"schema":{"@context":"https:\/\/schema.org","@graph":[{"@type":"WebPage","@id":"https:\/\/districos.standingout.be\/fr\/product\/cobra-coffre-pedicure-professionnel-noir-diamant-haut-ref-8961-67\/","url":"https:\/\/districos.standingout.be\/fr\/product\/cobra-coffre-pedicure-professionnel-noir-diamant-haut-ref-8961-67\/","name":"Cobra Coffre P\u00e9dicure Professionnel Noir-Diamant Haut - Districos Webshop","isPartOf":{"@id":"https:\/\/districos.standingout.be\/fr\/#website"},"primaryImageOfPage":{"@id":"https:\/\/districos.standingout.be\/fr\/product\/cobra-coffre-pedicure-professionnel-noir-diamant-haut-ref-8961-67\/#primaryimage"},"image":{"@id":"https:\/\/districos.standingout.be\/fr\/product\/cobra-coffre-pedicure-professionnel-noir-diamant-haut-ref-8961-67\/#primaryimage"},"thumbnailUrl":"https:\/\/districos.standingout.be\/wp-content\/uploads\/2025\/07\/8961.67@LowRes_1.png","datePublished":"2026-04-28T12:05:10+00:00","dateModified":"2026-04-28T12:05:14+00:00","breadcrumb":{"@id":"https:\/\/districos.standingout.be\/fr\/product\/cobra-coffre-pedicure-professionnel-noir-diamant-haut-ref-8961-67\/#breadcrumb"},"inLanguage":"fr-FR","potentialAction":[{"@type":"ReadAction","target":["https:\/\/districos.standingout.be\/fr\/product\/cobra-coffre-pedicure-professionnel-noir-diamant-haut-ref-8961-67\/"]}]},{"@type":"ImageObject","inLanguage":"fr-FR","@id":"https:\/\/districos.standingout.be\/fr\/product\/cobra-coffre-pedicure-professionnel-noir-diamant-haut-ref-8961-67\/#primaryimage","url":"https:\/\/districos.standingout.be\/wp-content\/uploads\/2025\/07\/8961.67@LowRes_1.png","contentUrl":"https:\/\/districos.standingout.be\/wp-content\/uploads\/2025\/07\/8961.67@LowRes_1.png","width":600,"height":600},{"@type":"BreadcrumbList","@id":"https:\/\/districos.standingout.be\/fr\/product\/cobra-coffre-pedicure-professionnel-noir-diamant-haut-ref-8961-67\/#breadcrumb","itemListElement":[{"@type":"ListItem","position":1,"name":"Home","item":"https:\/\/districos.standingout.be\/fr\/bienvenue-chez-districos\/"},{"@type":"ListItem","position":2,"name":"Boutique","item":"https:\/\/districos.standingout.be\/fr\/boutique\/"},{"@type":"ListItem","position":3,"name":"Cobra Coffre P\u00e9dicure Professionnel Noir-Diamant Haut"}]},{"@type":"WebSite","@id":"https:\/\/districos.standingout.be\/fr\/#website","url":"https:\/\/districos.standingout.be\/fr\/","name":"Districos Webshop","description":"","publisher":{"@id":"https:\/\/districos.standingout.be\/fr\/#organization"},"potentialAction":[{"@type":"SearchAction","target":{"@type":"EntryPoint","urlTemplate":"https:\/\/districos.standingout.be\/fr\/?s={search_term_string}"},"query-input":{"@type":"PropertyValueSpecification","valueRequired":true,"valueName":"search_term_string"}}],"inLanguage":"fr-FR"},{"@type":"Organization","@id":"https:\/\/districos.standingout.be\/fr\/#organization","name":"Districos Webshop","url":"https:\/\/districos.standingout.be\/fr\/","logo":{"@type":"ImageObject","inLanguage":"fr-FR","@id":"https:\/\/districos.standingout.be\/fr\/#\/schema\/logo\/image\/","url":"https:\/\/districos.standingout.be\/wp-content\/uploads\/2022\/09\/Districos_Logo_Webshop.svg","contentUrl":"https:\/\/districos.standingout.be\/wp-content\/uploads\/2022\/09\/Districos_Logo_Webshop.svg","caption":"Districos Webshop"},"image":{"@id":"https:\/\/districos.standingout.be\/fr\/#\/schema\/logo\/image\/"}}]}},"_links":{"self":[{"href":"https:\/\/districos.standingout.be\/fr\/wp-json\/wp\/v2\/product\/142797","targetHints":{"allow":["GET"]}}],"collection":[{"href":"https:\/\/districos.standingout.be\/fr\/wp-json\/wp\/v2\/product"}],"about":[{"href":"https:\/\/districos.standingout.be\/fr\/wp-json\/wp\/v2\/types\/product"}],"replies":[{"embeddable":true,"href":"https:\/\/districos.standingout.be\/fr\/wp-json\/wp\/v2\/comments?post=142797"}],"wp:featuredmedia":[{"embeddable":true,"href":"https:\/\/districos.standingout.be\/fr\/wp-json\/wp\/v2\/media\/85991"}],"wp:attachment":[{"href":"https:\/\/districos.standingout.be\/fr\/wp-json\/wp\/v2\/media?parent=142797"}],"wp:term":[{"taxonomy":"product_brand","embeddable":true,"href":"https:\/\/districos.standingout.be\/fr\/wp-json\/wp\/v2\/product_brand?post=142797"},{"taxonomy":"product_cat","embeddable":true,"href":"https:\/\/districos.standingout.be\/fr\/wp-json\/wp\/v2\/product_cat?post=142797"},{"taxonomy":"product_tag","embeddable":true,"href":"https:\/\/districos.standingout.be\/fr\/wp-json\/wp\/v2\/product_tag?post=142797"}],"curies":[{"name":"wp","href":"https:\/\/api.w.org\/{rel}","templated":true}]}}