{"id":142805,"date":"2026-04-28T14:05:32","date_gmt":"2026-04-28T12:05:32","guid":{"rendered":"https:\/\/webshopdistricoscom.webhosting.be\/product\/cobra-nails-bag-bottle-holder-noir-ref-8961-725\/"},"modified":"2026-04-28T14:05:35","modified_gmt":"2026-04-28T12:05:35","slug":"cobra-nails-bag-bottle-holder-noir-ref-8961-725","status":"publish","type":"product","link":"https:\/\/districos.standingout.be\/fr\/product\/cobra-nails-bag-bottle-holder-noir-ref-8961-725\/","title":{"rendered":"Cobra Nails Bag + Bottle Holder Noir"},"content":{"rendered":"<p >\n<\/p>\n<\/p>\n<p dir=\"ltr\">Ce Cobra Nails Bag + Bottle Holder pratique vous permet d&rsquo;avoir tous vos accessoires de manucure toujours \u00e0 port\u00e9e de main. De plus, le sac est assez grand pour transporter votre lampe Cobra StarLED, par example. Le Bottle Holder d\u00e9tachable inclus peut contenir 25 flacons de vernis semi-permanent.<\/p>\n<ul>\n<li> Dimensions : 34 x 21 x 24 cm (L x l x h)<\/li>\n<li> Couleur : noir<\/li>\n<\/ul><\/p>\n","protected":false},"excerpt":{"rendered":"<p>Ce Cobra Nails Bag + Bottle Holder pratique vous permet d&rsquo;avoir tous vos accessoires de manucure toujours \u00e0 port\u00e9e de main. De plus, le sac est assez grand pour transporter votre lampe Cobra StarLED, par example. Le Bottle Holder d\u00e9tachable inclus peut contenir 25 flacons de vernis semi-permanent. Dimensions : 34 x 21 x 24 [&hellip;]<\/p>\n","protected":false},"featured_media":148942,"comment_status":"open","ping_status":"closed","template":"","meta":{"_acf_changed":false},"product_brand":[10334],"product_cat":[9968,10202],"product_tag":[],"class_list":{"0":"post-142805","1":"product","2":"type-product","3":"status-publish","4":"has-post-thumbnail","6":"product_brand-cobra-fr","7":"product_cat-beaute-materiel-pratique-coffres-sacs","8":"product_cat-fournitures-pour-cabinet-coffres-sacs-sacs-de-transport","10":"first","11":"instock","12":"taxable","13":"shipping-taxable","14":"product-type-simple"},"acf":[],"yoast_head":"<!-- This site is optimized with the Yoast SEO plugin v27.3 - https:\/\/yoast.com\/product\/yoast-seo-wordpress\/ -->\n<title>Cobra Nails Bag + Bottle Holder Noir - Districos Webshop<\/title>\n<meta name=\"robots\" content=\"noindex, follow, max-snippet:-1, max-image-preview:large, max-video-preview:-1\" \/>\n<meta property=\"og:locale\" content=\"fr_FR\" \/>\n<meta property=\"og:type\" content=\"article\" \/>\n<meta property=\"og:title\" content=\"Cobra Nails Bag + Bottle Holder Noir - Districos Webshop\" \/>\n<meta property=\"og:description\" content=\"Ce Cobra Nails Bag + Bottle Holder pratique vous permet d&rsquo;avoir tous vos accessoires de manucure toujours \u00e0 port\u00e9e de main. De plus, le sac est assez grand pour transporter votre lampe Cobra StarLED, par example. Le Bottle Holder d\u00e9tachable inclus peut contenir 25 flacons de vernis semi-permanent. Dimensions : 34 x 21 x 24 [&hellip;]\" \/>\n<meta property=\"og:url\" content=\"https:\/\/districos.standingout.be\/fr\/product\/cobra-nails-bag-bottle-holder-noir-ref-8961-725\/\" \/>\n<meta property=\"og:site_name\" content=\"Districos Webshop\" \/>\n<meta property=\"article:modified_time\" content=\"2026-04-28T12:05:35+00:00\" \/>\n<meta name=\"twitter:card\" content=\"summary_large_image\" \/>\n<script type=\"application\/ld+json\" class=\"yoast-schema-graph\">{\"@context\":\"https:\\\/\\\/schema.org\",\"@graph\":[{\"@type\":\"WebPage\",\"@id\":\"https:\\\/\\\/districos.standingout.be\\\/fr\\\/product\\\/cobra-nails-bag-bottle-holder-noir-ref-8961-725\\\/\",\"url\":\"https:\\\/\\\/districos.standingout.be\\\/fr\\\/product\\\/cobra-nails-bag-bottle-holder-noir-ref-8961-725\\\/\",\"name\":\"Cobra Nails Bag + Bottle Holder Noir - Districos Webshop\",\"isPartOf\":{\"@id\":\"https:\\\/\\\/districos.standingout.be\\\/fr\\\/#website\"},\"primaryImageOfPage\":{\"@id\":\"https:\\\/\\\/districos.standingout.be\\\/fr\\\/product\\\/cobra-nails-bag-bottle-holder-noir-ref-8961-725\\\/#primaryimage\"},\"image\":{\"@id\":\"https:\\\/\\\/districos.standingout.be\\\/fr\\\/product\\\/cobra-nails-bag-bottle-holder-noir-ref-8961-725\\\/#primaryimage\"},\"thumbnailUrl\":\"https:\\\/\\\/districos.standingout.be\\\/wp-content\\\/uploads\\\/2026\\\/04\\\/8961.725@Cobra-Nails-Bag-Bottle-Holder-Zwart_1.png\",\"datePublished\":\"2026-04-28T12:05:32+00:00\",\"dateModified\":\"2026-04-28T12:05:35+00:00\",\"breadcrumb\":{\"@id\":\"https:\\\/\\\/districos.standingout.be\\\/fr\\\/product\\\/cobra-nails-bag-bottle-holder-noir-ref-8961-725\\\/#breadcrumb\"},\"inLanguage\":\"fr-FR\",\"potentialAction\":[{\"@type\":\"ReadAction\",\"target\":[\"https:\\\/\\\/districos.standingout.be\\\/fr\\\/product\\\/cobra-nails-bag-bottle-holder-noir-ref-8961-725\\\/\"]}]},{\"@type\":\"ImageObject\",\"inLanguage\":\"fr-FR\",\"@id\":\"https:\\\/\\\/districos.standingout.be\\\/fr\\\/product\\\/cobra-nails-bag-bottle-holder-noir-ref-8961-725\\\/#primaryimage\",\"url\":\"https:\\\/\\\/districos.standingout.be\\\/wp-content\\\/uploads\\\/2026\\\/04\\\/8961.725@Cobra-Nails-Bag-Bottle-Holder-Zwart_1.png\",\"contentUrl\":\"https:\\\/\\\/districos.standingout.be\\\/wp-content\\\/uploads\\\/2026\\\/04\\\/8961.725@Cobra-Nails-Bag-Bottle-Holder-Zwart_1.png\",\"width\":600,\"height\":600},{\"@type\":\"BreadcrumbList\",\"@id\":\"https:\\\/\\\/districos.standingout.be\\\/fr\\\/product\\\/cobra-nails-bag-bottle-holder-noir-ref-8961-725\\\/#breadcrumb\",\"itemListElement\":[{\"@type\":\"ListItem\",\"position\":1,\"name\":\"Home\",\"item\":\"https:\\\/\\\/districos.standingout.be\\\/fr\\\/bienvenue-chez-districos\\\/\"},{\"@type\":\"ListItem\",\"position\":2,\"name\":\"Boutique\",\"item\":\"https:\\\/\\\/districos.standingout.be\\\/fr\\\/boutique\\\/\"},{\"@type\":\"ListItem\",\"position\":3,\"name\":\"Cobra Nails Bag + Bottle Holder Noir\"}]},{\"@type\":\"WebSite\",\"@id\":\"https:\\\/\\\/districos.standingout.be\\\/fr\\\/#website\",\"url\":\"https:\\\/\\\/districos.standingout.be\\\/fr\\\/\",\"name\":\"Districos Webshop\",\"description\":\"\",\"publisher\":{\"@id\":\"https:\\\/\\\/districos.standingout.be\\\/fr\\\/#organization\"},\"potentialAction\":[{\"@type\":\"SearchAction\",\"target\":{\"@type\":\"EntryPoint\",\"urlTemplate\":\"https:\\\/\\\/districos.standingout.be\\\/fr\\\/?s={search_term_string}\"},\"query-input\":{\"@type\":\"PropertyValueSpecification\",\"valueRequired\":true,\"valueName\":\"search_term_string\"}}],\"inLanguage\":\"fr-FR\"},{\"@type\":\"Organization\",\"@id\":\"https:\\\/\\\/districos.standingout.be\\\/fr\\\/#organization\",\"name\":\"Districos Webshop\",\"url\":\"https:\\\/\\\/districos.standingout.be\\\/fr\\\/\",\"logo\":{\"@type\":\"ImageObject\",\"inLanguage\":\"fr-FR\",\"@id\":\"https:\\\/\\\/districos.standingout.be\\\/fr\\\/#\\\/schema\\\/logo\\\/image\\\/\",\"url\":\"https:\\\/\\\/districos.standingout.be\\\/wp-content\\\/uploads\\\/2022\\\/09\\\/Districos_Logo_Webshop.svg\",\"contentUrl\":\"https:\\\/\\\/districos.standingout.be\\\/wp-content\\\/uploads\\\/2022\\\/09\\\/Districos_Logo_Webshop.svg\",\"caption\":\"Districos Webshop\"},\"image\":{\"@id\":\"https:\\\/\\\/districos.standingout.be\\\/fr\\\/#\\\/schema\\\/logo\\\/image\\\/\"}}]}<\/script>\n<!-- \/ Yoast SEO plugin. -->","yoast_head_json":{"title":"Cobra Nails Bag + Bottle Holder Noir - Districos Webshop","robots":{"index":"noindex","follow":"follow","max-snippet":"max-snippet:-1","max-image-preview":"max-image-preview:large","max-video-preview":"max-video-preview:-1"},"og_locale":"fr_FR","og_type":"article","og_title":"Cobra Nails Bag + Bottle Holder Noir - Districos Webshop","og_description":"Ce Cobra Nails Bag + Bottle Holder pratique vous permet d&rsquo;avoir tous vos accessoires de manucure toujours \u00e0 port\u00e9e de main. De plus, le sac est assez grand pour transporter votre lampe Cobra StarLED, par example. Le Bottle Holder d\u00e9tachable inclus peut contenir 25 flacons de vernis semi-permanent. Dimensions : 34 x 21 x 24 [&hellip;]","og_url":"https:\/\/districos.standingout.be\/fr\/product\/cobra-nails-bag-bottle-holder-noir-ref-8961-725\/","og_site_name":"Districos Webshop","article_modified_time":"2026-04-28T12:05:35+00:00","twitter_card":"summary_large_image","schema":{"@context":"https:\/\/schema.org","@graph":[{"@type":"WebPage","@id":"https:\/\/districos.standingout.be\/fr\/product\/cobra-nails-bag-bottle-holder-noir-ref-8961-725\/","url":"https:\/\/districos.standingout.be\/fr\/product\/cobra-nails-bag-bottle-holder-noir-ref-8961-725\/","name":"Cobra Nails Bag + Bottle Holder Noir - Districos Webshop","isPartOf":{"@id":"https:\/\/districos.standingout.be\/fr\/#website"},"primaryImageOfPage":{"@id":"https:\/\/districos.standingout.be\/fr\/product\/cobra-nails-bag-bottle-holder-noir-ref-8961-725\/#primaryimage"},"image":{"@id":"https:\/\/districos.standingout.be\/fr\/product\/cobra-nails-bag-bottle-holder-noir-ref-8961-725\/#primaryimage"},"thumbnailUrl":"https:\/\/districos.standingout.be\/wp-content\/uploads\/2026\/04\/8961.725@Cobra-Nails-Bag-Bottle-Holder-Zwart_1.png","datePublished":"2026-04-28T12:05:32+00:00","dateModified":"2026-04-28T12:05:35+00:00","breadcrumb":{"@id":"https:\/\/districos.standingout.be\/fr\/product\/cobra-nails-bag-bottle-holder-noir-ref-8961-725\/#breadcrumb"},"inLanguage":"fr-FR","potentialAction":[{"@type":"ReadAction","target":["https:\/\/districos.standingout.be\/fr\/product\/cobra-nails-bag-bottle-holder-noir-ref-8961-725\/"]}]},{"@type":"ImageObject","inLanguage":"fr-FR","@id":"https:\/\/districos.standingout.be\/fr\/product\/cobra-nails-bag-bottle-holder-noir-ref-8961-725\/#primaryimage","url":"https:\/\/districos.standingout.be\/wp-content\/uploads\/2026\/04\/8961.725@Cobra-Nails-Bag-Bottle-Holder-Zwart_1.png","contentUrl":"https:\/\/districos.standingout.be\/wp-content\/uploads\/2026\/04\/8961.725@Cobra-Nails-Bag-Bottle-Holder-Zwart_1.png","width":600,"height":600},{"@type":"BreadcrumbList","@id":"https:\/\/districos.standingout.be\/fr\/product\/cobra-nails-bag-bottle-holder-noir-ref-8961-725\/#breadcrumb","itemListElement":[{"@type":"ListItem","position":1,"name":"Home","item":"https:\/\/districos.standingout.be\/fr\/bienvenue-chez-districos\/"},{"@type":"ListItem","position":2,"name":"Boutique","item":"https:\/\/districos.standingout.be\/fr\/boutique\/"},{"@type":"ListItem","position":3,"name":"Cobra Nails Bag + Bottle Holder Noir"}]},{"@type":"WebSite","@id":"https:\/\/districos.standingout.be\/fr\/#website","url":"https:\/\/districos.standingout.be\/fr\/","name":"Districos Webshop","description":"","publisher":{"@id":"https:\/\/districos.standingout.be\/fr\/#organization"},"potentialAction":[{"@type":"SearchAction","target":{"@type":"EntryPoint","urlTemplate":"https:\/\/districos.standingout.be\/fr\/?s={search_term_string}"},"query-input":{"@type":"PropertyValueSpecification","valueRequired":true,"valueName":"search_term_string"}}],"inLanguage":"fr-FR"},{"@type":"Organization","@id":"https:\/\/districos.standingout.be\/fr\/#organization","name":"Districos Webshop","url":"https:\/\/districos.standingout.be\/fr\/","logo":{"@type":"ImageObject","inLanguage":"fr-FR","@id":"https:\/\/districos.standingout.be\/fr\/#\/schema\/logo\/image\/","url":"https:\/\/districos.standingout.be\/wp-content\/uploads\/2022\/09\/Districos_Logo_Webshop.svg","contentUrl":"https:\/\/districos.standingout.be\/wp-content\/uploads\/2022\/09\/Districos_Logo_Webshop.svg","caption":"Districos Webshop"},"image":{"@id":"https:\/\/districos.standingout.be\/fr\/#\/schema\/logo\/image\/"}}]}},"_links":{"self":[{"href":"https:\/\/districos.standingout.be\/fr\/wp-json\/wp\/v2\/product\/142805","targetHints":{"allow":["GET"]}}],"collection":[{"href":"https:\/\/districos.standingout.be\/fr\/wp-json\/wp\/v2\/product"}],"about":[{"href":"https:\/\/districos.standingout.be\/fr\/wp-json\/wp\/v2\/types\/product"}],"replies":[{"embeddable":true,"href":"https:\/\/districos.standingout.be\/fr\/wp-json\/wp\/v2\/comments?post=142805"}],"wp:featuredmedia":[{"embeddable":true,"href":"https:\/\/districos.standingout.be\/fr\/wp-json\/wp\/v2\/media\/148942"}],"wp:attachment":[{"href":"https:\/\/districos.standingout.be\/fr\/wp-json\/wp\/v2\/media?parent=142805"}],"wp:term":[{"taxonomy":"product_brand","embeddable":true,"href":"https:\/\/districos.standingout.be\/fr\/wp-json\/wp\/v2\/product_brand?post=142805"},{"taxonomy":"product_cat","embeddable":true,"href":"https:\/\/districos.standingout.be\/fr\/wp-json\/wp\/v2\/product_cat?post=142805"},{"taxonomy":"product_tag","embeddable":true,"href":"https:\/\/districos.standingout.be\/fr\/wp-json\/wp\/v2\/product_tag?post=142805"}],"curies":[{"name":"wp","href":"https:\/\/api.w.org\/{rel}","templated":true}]}}