{"id":142849,"date":"2026-04-28T14:10:38","date_gmt":"2026-04-28T12:10:38","guid":{"rendered":"https:\/\/webshopdistricoscom.webhosting.be\/product\/echantillon-anesi-aqua-vital-lait-nettoyant-express-3-ml-ref-9475-20\/"},"modified":"2026-04-28T14:10:44","modified_gmt":"2026-04-28T12:10:44","slug":"echantillon-anesi-aqua-vital-lait-nettoyant-express-3-ml-ref-9475-20","status":"publish","type":"product","link":"https:\/\/districos.standingout.be\/fr\/product\/echantillon-anesi-aqua-vital-lait-nettoyant-express-3-ml-ref-9475-20\/","title":{"rendered":"\u00c9chantillon Anesi Aqua Vital Lait Nettoyant Express 3 ml"},"content":{"rendered":"<p >\n<\/p>\n<p><span lang=\"FR\">Lait nettoyant soyeux pour tous les types de peau. Il \u00e9limine en douceur les impuret\u00e9s et le maquillage du visage, des l\u00e8vres et des yeux sans les dess\u00e9cher. Enrichi en extrait de calendula, d&rsquo;avoine en d&rsquo;acide hyaluronique pour un teint parfaitement propre et doux. Masser doucement sur l&rsquo;ensemble du visage et retirer avec des lingettes jetables, une serviette humide ou du coton. Terminer le nettoyage avec la lotion tonifiante.<o:p><\/o:p><\/span><\/p>\n<\/p>\n<ul>\n<li><span lang=\"FR\">Convient \u00e0 tous les types de peaux.<\/span><\/li>\n<li><span lang=\"FR\">Ingr\u00e9dients actifs : acide hyaluronique, extrait d&rsquo;avoine, extrait de calendula.<\/span><\/li>\n<li><span lang=\"FR\">Emballage : \u00e9chantillon de 3 ml.<\/span><\/li>\n<\/ul>\n<p><span lang=\"FR\"><b>\u00c9galement disponible :<\/b><o:p><\/o:p><\/span><\/p>\n<\/p>\n<ul>\n<li><span lang=\"FR\">Flacon de cabine de 500 ml (r\u00e9f. 4400.011)<\/span><\/li>\n<li><span lang=\"FR\">Produit de vente de 200 ml (r\u00e9f. 4300.011)<\/span><\/li>\n<\/ul>\n<\/p>\n<ul type=\"disc\"> <\/ul>\n","protected":false},"excerpt":{"rendered":"<p>Lait nettoyant soyeux pour tous les types de peau. Il \u00e9limine en douceur les impuret\u00e9s et le maquillage du visage, des l\u00e8vres et des yeux sans les dess\u00e9cher. Enrichi en extrait de calendula, d&rsquo;avoine en d&rsquo;acide hyaluronique pour un teint parfaitement propre et doux. Masser doucement sur l&rsquo;ensemble du visage et retirer avec des lingettes [&hellip;]<\/p>\n","protected":false},"featured_media":86102,"comment_status":"open","ping_status":"closed","template":"","meta":{"_acf_changed":false},"product_brand":[10280],"product_cat":[9858,10226],"product_tag":[],"class_list":{"0":"post-142849","1":"product","2":"type-product","3":"status-publish","4":"has-post-thumbnail","6":"product_brand-anesi-fr","7":"product_cat-beaute-visage-anesi-visage","8":"product_cat-promotions-promotions-materiel-promotionnel","10":"first","11":"instock","12":"taxable","13":"shipping-taxable","14":"product-type-simple"},"acf":[],"yoast_head":"<!-- This site is optimized with the Yoast SEO plugin v27.3 - https:\/\/yoast.com\/product\/yoast-seo-wordpress\/ -->\n<title>\u00c9chantillon Anesi Aqua Vital Lait Nettoyant Express 3 ml - Districos Webshop<\/title>\n<meta name=\"robots\" content=\"noindex, follow, max-snippet:-1, max-image-preview:large, max-video-preview:-1\" \/>\n<meta property=\"og:locale\" content=\"fr_FR\" \/>\n<meta property=\"og:type\" content=\"article\" \/>\n<meta property=\"og:title\" content=\"\u00c9chantillon Anesi Aqua Vital Lait Nettoyant Express 3 ml - Districos Webshop\" \/>\n<meta property=\"og:description\" content=\"Lait nettoyant soyeux pour tous les types de peau. Il \u00e9limine en douceur les impuret\u00e9s et le maquillage du visage, des l\u00e8vres et des yeux sans les dess\u00e9cher. Enrichi en extrait de calendula, d&rsquo;avoine en d&rsquo;acide hyaluronique pour un teint parfaitement propre et doux. Masser doucement sur l&rsquo;ensemble du visage et retirer avec des lingettes [&hellip;]\" \/>\n<meta property=\"og:url\" content=\"https:\/\/districos.standingout.be\/fr\/product\/echantillon-anesi-aqua-vital-lait-nettoyant-express-3-ml-ref-9475-20\/\" \/>\n<meta property=\"og:site_name\" content=\"Districos Webshop\" \/>\n<meta property=\"article:modified_time\" content=\"2026-04-28T12:10:44+00:00\" \/>\n<meta name=\"twitter:card\" content=\"summary_large_image\" \/>\n<meta name=\"twitter:label1\" content=\"Dur\u00e9e de lecture estim\u00e9e\" \/>\n\t<meta name=\"twitter:data1\" content=\"1 minute\" \/>\n<script type=\"application\/ld+json\" class=\"yoast-schema-graph\">{\"@context\":\"https:\\\/\\\/schema.org\",\"@graph\":[{\"@type\":\"WebPage\",\"@id\":\"https:\\\/\\\/districos.standingout.be\\\/fr\\\/product\\\/echantillon-anesi-aqua-vital-lait-nettoyant-express-3-ml-ref-9475-20\\\/\",\"url\":\"https:\\\/\\\/districos.standingout.be\\\/fr\\\/product\\\/echantillon-anesi-aqua-vital-lait-nettoyant-express-3-ml-ref-9475-20\\\/\",\"name\":\"\u00c9chantillon Anesi Aqua Vital Lait Nettoyant Express 3 ml - Districos Webshop\",\"isPartOf\":{\"@id\":\"https:\\\/\\\/districos.standingout.be\\\/fr\\\/#website\"},\"primaryImageOfPage\":{\"@id\":\"https:\\\/\\\/districos.standingout.be\\\/fr\\\/product\\\/echantillon-anesi-aqua-vital-lait-nettoyant-express-3-ml-ref-9475-20\\\/#primaryimage\"},\"image\":{\"@id\":\"https:\\\/\\\/districos.standingout.be\\\/fr\\\/product\\\/echantillon-anesi-aqua-vital-lait-nettoyant-express-3-ml-ref-9475-20\\\/#primaryimage\"},\"thumbnailUrl\":\"https:\\\/\\\/districos.standingout.be\\\/wp-content\\\/uploads\\\/2025\\\/07\\\/9475.20@LowRes_1.png\",\"datePublished\":\"2026-04-28T12:10:38+00:00\",\"dateModified\":\"2026-04-28T12:10:44+00:00\",\"breadcrumb\":{\"@id\":\"https:\\\/\\\/districos.standingout.be\\\/fr\\\/product\\\/echantillon-anesi-aqua-vital-lait-nettoyant-express-3-ml-ref-9475-20\\\/#breadcrumb\"},\"inLanguage\":\"fr-FR\",\"potentialAction\":[{\"@type\":\"ReadAction\",\"target\":[\"https:\\\/\\\/districos.standingout.be\\\/fr\\\/product\\\/echantillon-anesi-aqua-vital-lait-nettoyant-express-3-ml-ref-9475-20\\\/\"]}]},{\"@type\":\"ImageObject\",\"inLanguage\":\"fr-FR\",\"@id\":\"https:\\\/\\\/districos.standingout.be\\\/fr\\\/product\\\/echantillon-anesi-aqua-vital-lait-nettoyant-express-3-ml-ref-9475-20\\\/#primaryimage\",\"url\":\"https:\\\/\\\/districos.standingout.be\\\/wp-content\\\/uploads\\\/2025\\\/07\\\/9475.20@LowRes_1.png\",\"contentUrl\":\"https:\\\/\\\/districos.standingout.be\\\/wp-content\\\/uploads\\\/2025\\\/07\\\/9475.20@LowRes_1.png\",\"width\":600,\"height\":600},{\"@type\":\"BreadcrumbList\",\"@id\":\"https:\\\/\\\/districos.standingout.be\\\/fr\\\/product\\\/echantillon-anesi-aqua-vital-lait-nettoyant-express-3-ml-ref-9475-20\\\/#breadcrumb\",\"itemListElement\":[{\"@type\":\"ListItem\",\"position\":1,\"name\":\"Home\",\"item\":\"https:\\\/\\\/districos.standingout.be\\\/fr\\\/bienvenue-chez-districos\\\/\"},{\"@type\":\"ListItem\",\"position\":2,\"name\":\"Boutique\",\"item\":\"https:\\\/\\\/districos.standingout.be\\\/fr\\\/boutique\\\/\"},{\"@type\":\"ListItem\",\"position\":3,\"name\":\"\u00c9chantillon Anesi Aqua Vital Lait Nettoyant Express 3 ml\"}]},{\"@type\":\"WebSite\",\"@id\":\"https:\\\/\\\/districos.standingout.be\\\/fr\\\/#website\",\"url\":\"https:\\\/\\\/districos.standingout.be\\\/fr\\\/\",\"name\":\"Districos Webshop\",\"description\":\"\",\"publisher\":{\"@id\":\"https:\\\/\\\/districos.standingout.be\\\/fr\\\/#organization\"},\"potentialAction\":[{\"@type\":\"SearchAction\",\"target\":{\"@type\":\"EntryPoint\",\"urlTemplate\":\"https:\\\/\\\/districos.standingout.be\\\/fr\\\/?s={search_term_string}\"},\"query-input\":{\"@type\":\"PropertyValueSpecification\",\"valueRequired\":true,\"valueName\":\"search_term_string\"}}],\"inLanguage\":\"fr-FR\"},{\"@type\":\"Organization\",\"@id\":\"https:\\\/\\\/districos.standingout.be\\\/fr\\\/#organization\",\"name\":\"Districos Webshop\",\"url\":\"https:\\\/\\\/districos.standingout.be\\\/fr\\\/\",\"logo\":{\"@type\":\"ImageObject\",\"inLanguage\":\"fr-FR\",\"@id\":\"https:\\\/\\\/districos.standingout.be\\\/fr\\\/#\\\/schema\\\/logo\\\/image\\\/\",\"url\":\"https:\\\/\\\/districos.standingout.be\\\/wp-content\\\/uploads\\\/2022\\\/09\\\/Districos_Logo_Webshop.svg\",\"contentUrl\":\"https:\\\/\\\/districos.standingout.be\\\/wp-content\\\/uploads\\\/2022\\\/09\\\/Districos_Logo_Webshop.svg\",\"caption\":\"Districos Webshop\"},\"image\":{\"@id\":\"https:\\\/\\\/districos.standingout.be\\\/fr\\\/#\\\/schema\\\/logo\\\/image\\\/\"}}]}<\/script>\n<!-- \/ Yoast SEO plugin. -->","yoast_head_json":{"title":"\u00c9chantillon Anesi Aqua Vital Lait Nettoyant Express 3 ml - Districos Webshop","robots":{"index":"noindex","follow":"follow","max-snippet":"max-snippet:-1","max-image-preview":"max-image-preview:large","max-video-preview":"max-video-preview:-1"},"og_locale":"fr_FR","og_type":"article","og_title":"\u00c9chantillon Anesi Aqua Vital Lait Nettoyant Express 3 ml - Districos Webshop","og_description":"Lait nettoyant soyeux pour tous les types de peau. Il \u00e9limine en douceur les impuret\u00e9s et le maquillage du visage, des l\u00e8vres et des yeux sans les dess\u00e9cher. Enrichi en extrait de calendula, d&rsquo;avoine en d&rsquo;acide hyaluronique pour un teint parfaitement propre et doux. Masser doucement sur l&rsquo;ensemble du visage et retirer avec des lingettes [&hellip;]","og_url":"https:\/\/districos.standingout.be\/fr\/product\/echantillon-anesi-aqua-vital-lait-nettoyant-express-3-ml-ref-9475-20\/","og_site_name":"Districos Webshop","article_modified_time":"2026-04-28T12:10:44+00:00","twitter_card":"summary_large_image","twitter_misc":{"Dur\u00e9e de lecture estim\u00e9e":"1 minute"},"schema":{"@context":"https:\/\/schema.org","@graph":[{"@type":"WebPage","@id":"https:\/\/districos.standingout.be\/fr\/product\/echantillon-anesi-aqua-vital-lait-nettoyant-express-3-ml-ref-9475-20\/","url":"https:\/\/districos.standingout.be\/fr\/product\/echantillon-anesi-aqua-vital-lait-nettoyant-express-3-ml-ref-9475-20\/","name":"\u00c9chantillon Anesi Aqua Vital Lait Nettoyant Express 3 ml - Districos Webshop","isPartOf":{"@id":"https:\/\/districos.standingout.be\/fr\/#website"},"primaryImageOfPage":{"@id":"https:\/\/districos.standingout.be\/fr\/product\/echantillon-anesi-aqua-vital-lait-nettoyant-express-3-ml-ref-9475-20\/#primaryimage"},"image":{"@id":"https:\/\/districos.standingout.be\/fr\/product\/echantillon-anesi-aqua-vital-lait-nettoyant-express-3-ml-ref-9475-20\/#primaryimage"},"thumbnailUrl":"https:\/\/districos.standingout.be\/wp-content\/uploads\/2025\/07\/9475.20@LowRes_1.png","datePublished":"2026-04-28T12:10:38+00:00","dateModified":"2026-04-28T12:10:44+00:00","breadcrumb":{"@id":"https:\/\/districos.standingout.be\/fr\/product\/echantillon-anesi-aqua-vital-lait-nettoyant-express-3-ml-ref-9475-20\/#breadcrumb"},"inLanguage":"fr-FR","potentialAction":[{"@type":"ReadAction","target":["https:\/\/districos.standingout.be\/fr\/product\/echantillon-anesi-aqua-vital-lait-nettoyant-express-3-ml-ref-9475-20\/"]}]},{"@type":"ImageObject","inLanguage":"fr-FR","@id":"https:\/\/districos.standingout.be\/fr\/product\/echantillon-anesi-aqua-vital-lait-nettoyant-express-3-ml-ref-9475-20\/#primaryimage","url":"https:\/\/districos.standingout.be\/wp-content\/uploads\/2025\/07\/9475.20@LowRes_1.png","contentUrl":"https:\/\/districos.standingout.be\/wp-content\/uploads\/2025\/07\/9475.20@LowRes_1.png","width":600,"height":600},{"@type":"BreadcrumbList","@id":"https:\/\/districos.standingout.be\/fr\/product\/echantillon-anesi-aqua-vital-lait-nettoyant-express-3-ml-ref-9475-20\/#breadcrumb","itemListElement":[{"@type":"ListItem","position":1,"name":"Home","item":"https:\/\/districos.standingout.be\/fr\/bienvenue-chez-districos\/"},{"@type":"ListItem","position":2,"name":"Boutique","item":"https:\/\/districos.standingout.be\/fr\/boutique\/"},{"@type":"ListItem","position":3,"name":"\u00c9chantillon Anesi Aqua Vital Lait Nettoyant Express 3 ml"}]},{"@type":"WebSite","@id":"https:\/\/districos.standingout.be\/fr\/#website","url":"https:\/\/districos.standingout.be\/fr\/","name":"Districos Webshop","description":"","publisher":{"@id":"https:\/\/districos.standingout.be\/fr\/#organization"},"potentialAction":[{"@type":"SearchAction","target":{"@type":"EntryPoint","urlTemplate":"https:\/\/districos.standingout.be\/fr\/?s={search_term_string}"},"query-input":{"@type":"PropertyValueSpecification","valueRequired":true,"valueName":"search_term_string"}}],"inLanguage":"fr-FR"},{"@type":"Organization","@id":"https:\/\/districos.standingout.be\/fr\/#organization","name":"Districos Webshop","url":"https:\/\/districos.standingout.be\/fr\/","logo":{"@type":"ImageObject","inLanguage":"fr-FR","@id":"https:\/\/districos.standingout.be\/fr\/#\/schema\/logo\/image\/","url":"https:\/\/districos.standingout.be\/wp-content\/uploads\/2022\/09\/Districos_Logo_Webshop.svg","contentUrl":"https:\/\/districos.standingout.be\/wp-content\/uploads\/2022\/09\/Districos_Logo_Webshop.svg","caption":"Districos Webshop"},"image":{"@id":"https:\/\/districos.standingout.be\/fr\/#\/schema\/logo\/image\/"}}]}},"_links":{"self":[{"href":"https:\/\/districos.standingout.be\/fr\/wp-json\/wp\/v2\/product\/142849","targetHints":{"allow":["GET"]}}],"collection":[{"href":"https:\/\/districos.standingout.be\/fr\/wp-json\/wp\/v2\/product"}],"about":[{"href":"https:\/\/districos.standingout.be\/fr\/wp-json\/wp\/v2\/types\/product"}],"replies":[{"embeddable":true,"href":"https:\/\/districos.standingout.be\/fr\/wp-json\/wp\/v2\/comments?post=142849"}],"wp:featuredmedia":[{"embeddable":true,"href":"https:\/\/districos.standingout.be\/fr\/wp-json\/wp\/v2\/media\/86102"}],"wp:attachment":[{"href":"https:\/\/districos.standingout.be\/fr\/wp-json\/wp\/v2\/media?parent=142849"}],"wp:term":[{"taxonomy":"product_brand","embeddable":true,"href":"https:\/\/districos.standingout.be\/fr\/wp-json\/wp\/v2\/product_brand?post=142849"},{"taxonomy":"product_cat","embeddable":true,"href":"https:\/\/districos.standingout.be\/fr\/wp-json\/wp\/v2\/product_cat?post=142849"},{"taxonomy":"product_tag","embeddable":true,"href":"https:\/\/districos.standingout.be\/fr\/wp-json\/wp\/v2\/product_tag?post=142849"}],"curies":[{"name":"wp","href":"https:\/\/api.w.org\/{rel}","templated":true}]}}