{"id":142851,"date":"2026-04-28T14:10:44","date_gmt":"2026-04-28T12:10:44","guid":{"rendered":"https:\/\/webshopdistricoscom.webhosting.be\/product\/echantillon-anesi-aqua-vital-tonique-3d-aqua-3-ml-ref-9475-21\/"},"modified":"2026-04-28T14:10:49","modified_gmt":"2026-04-28T12:10:49","slug":"echantillon-anesi-aqua-vital-tonique-3d-aqua-3-ml-ref-9475-21","status":"publish","type":"product","link":"https:\/\/districos.standingout.be\/fr\/product\/echantillon-anesi-aqua-vital-tonique-3d-aqua-3-ml-ref-9475-21\/","title":{"rendered":"\u00c9chantillon Anesi Aqua Vital Tonique 3D-Aqua 3 ml"},"content":{"rendered":"<p >\n<\/p>\n<\/p>\n<\/p>\n<\/p>\n<p><span lang=\"FR\">Une lotion tonifiante et hydratante pour tous les types de peau, qui \u00e9limine les derni\u00e8res trace de d\u00e9maquillant.. Formul\u00e9e avec de l&rsquo;acide hyaluronique, de l&rsquo;hamam\u00e9lis et de la camomille, des actifs qui hydratent et apaisent, pour un r\u00e9sultat radieux. Appliquer avec un coton sur le visage et et le cou apr\u00e8s le nettoyage ou pour rafra\u00eechir la peau.<o:p><\/o:p><\/span><\/p>\n<\/p>\n<ul>\n<li><span lang=\"FR\">Convient \u00e0 tous les types de peaux.<\/span><\/li>\n<li><span lang=\"FR\">Ingr\u00e9dients actifs : acide hyaluronique, extrait de camomille, extrait d&rsquo;hamam\u00e9lis.<\/span><\/li>\n<li><span lang=\"FR\">S&#8217;emploie \u00e9galement pour pr\u00e9parer le Aqua Vital Peeling Enzymatique (r\u00e9f. 4400.05).<\/span><\/li>\n<li><span lang=\"FR\">Emballage : \u00e9chantillon de 3 ml.<\/span><\/li>\n<\/ul>\n<p><span lang=\"FR\"><b>Aussi disponible:<\/b><o:p><\/o:p><\/span><\/p>\n<\/p>\n<ul>\n<li><span lang=\"FR\">Flacon de cabine de 500 ml (r\u00e9f. 4400.02)<\/span><\/li>\n<li><span lang=\"FR\">Produit de vente de 200 ml (r\u00e9f. 4300.02)<\/span><\/li>\n<\/ul>\n<p dir=\"ltr\"><\/p>\n","protected":false},"excerpt":{"rendered":"<p>Une lotion tonifiante et hydratante pour tous les types de peau, qui \u00e9limine les derni\u00e8res trace de d\u00e9maquillant.. Formul\u00e9e avec de l&rsquo;acide hyaluronique, de l&rsquo;hamam\u00e9lis et de la camomille, des actifs qui hydratent et apaisent, pour un r\u00e9sultat radieux. Appliquer avec un coton sur le visage et et le cou apr\u00e8s le nettoyage ou pour [&hellip;]<\/p>\n","protected":false},"featured_media":86105,"comment_status":"open","ping_status":"closed","template":"","meta":{"_acf_changed":false},"product_brand":[10280],"product_cat":[9858,10226],"product_tag":[],"class_list":{"0":"post-142851","1":"product","2":"type-product","3":"status-publish","4":"has-post-thumbnail","6":"product_brand-anesi-fr","7":"product_cat-beaute-visage-anesi-visage","8":"product_cat-promotions-promotions-materiel-promotionnel","10":"first","11":"instock","12":"taxable","13":"shipping-taxable","14":"product-type-simple"},"acf":[],"yoast_head":"<!-- This site is optimized with the Yoast SEO plugin v27.3 - https:\/\/yoast.com\/product\/yoast-seo-wordpress\/ -->\n<title>\u00c9chantillon Anesi Aqua Vital Tonique 3D-Aqua 3 ml - Districos Webshop<\/title>\n<meta name=\"robots\" content=\"noindex, follow, max-snippet:-1, max-image-preview:large, max-video-preview:-1\" \/>\n<meta property=\"og:locale\" content=\"fr_FR\" \/>\n<meta property=\"og:type\" content=\"article\" \/>\n<meta property=\"og:title\" content=\"\u00c9chantillon Anesi Aqua Vital Tonique 3D-Aqua 3 ml - Districos Webshop\" \/>\n<meta property=\"og:description\" content=\"Une lotion tonifiante et hydratante pour tous les types de peau, qui \u00e9limine les derni\u00e8res trace de d\u00e9maquillant.. Formul\u00e9e avec de l&rsquo;acide hyaluronique, de l&rsquo;hamam\u00e9lis et de la camomille, des actifs qui hydratent et apaisent, pour un r\u00e9sultat radieux. Appliquer avec un coton sur le visage et et le cou apr\u00e8s le nettoyage ou pour [&hellip;]\" \/>\n<meta property=\"og:url\" content=\"https:\/\/districos.standingout.be\/fr\/product\/echantillon-anesi-aqua-vital-tonique-3d-aqua-3-ml-ref-9475-21\/\" \/>\n<meta property=\"og:site_name\" content=\"Districos Webshop\" \/>\n<meta property=\"article:modified_time\" content=\"2026-04-28T12:10:49+00:00\" \/>\n<meta name=\"twitter:card\" content=\"summary_large_image\" \/>\n<meta name=\"twitter:label1\" content=\"Dur\u00e9e de lecture estim\u00e9e\" \/>\n\t<meta name=\"twitter:data1\" content=\"1 minute\" \/>\n<script type=\"application\/ld+json\" class=\"yoast-schema-graph\">{\"@context\":\"https:\\\/\\\/schema.org\",\"@graph\":[{\"@type\":\"WebPage\",\"@id\":\"https:\\\/\\\/districos.standingout.be\\\/fr\\\/product\\\/echantillon-anesi-aqua-vital-tonique-3d-aqua-3-ml-ref-9475-21\\\/\",\"url\":\"https:\\\/\\\/districos.standingout.be\\\/fr\\\/product\\\/echantillon-anesi-aqua-vital-tonique-3d-aqua-3-ml-ref-9475-21\\\/\",\"name\":\"\u00c9chantillon Anesi Aqua Vital Tonique 3D-Aqua 3 ml - Districos Webshop\",\"isPartOf\":{\"@id\":\"https:\\\/\\\/districos.standingout.be\\\/fr\\\/#website\"},\"primaryImageOfPage\":{\"@id\":\"https:\\\/\\\/districos.standingout.be\\\/fr\\\/product\\\/echantillon-anesi-aqua-vital-tonique-3d-aqua-3-ml-ref-9475-21\\\/#primaryimage\"},\"image\":{\"@id\":\"https:\\\/\\\/districos.standingout.be\\\/fr\\\/product\\\/echantillon-anesi-aqua-vital-tonique-3d-aqua-3-ml-ref-9475-21\\\/#primaryimage\"},\"thumbnailUrl\":\"https:\\\/\\\/districos.standingout.be\\\/wp-content\\\/uploads\\\/2025\\\/07\\\/9475.21@LowRes_1.png\",\"datePublished\":\"2026-04-28T12:10:44+00:00\",\"dateModified\":\"2026-04-28T12:10:49+00:00\",\"breadcrumb\":{\"@id\":\"https:\\\/\\\/districos.standingout.be\\\/fr\\\/product\\\/echantillon-anesi-aqua-vital-tonique-3d-aqua-3-ml-ref-9475-21\\\/#breadcrumb\"},\"inLanguage\":\"fr-FR\",\"potentialAction\":[{\"@type\":\"ReadAction\",\"target\":[\"https:\\\/\\\/districos.standingout.be\\\/fr\\\/product\\\/echantillon-anesi-aqua-vital-tonique-3d-aqua-3-ml-ref-9475-21\\\/\"]}]},{\"@type\":\"ImageObject\",\"inLanguage\":\"fr-FR\",\"@id\":\"https:\\\/\\\/districos.standingout.be\\\/fr\\\/product\\\/echantillon-anesi-aqua-vital-tonique-3d-aqua-3-ml-ref-9475-21\\\/#primaryimage\",\"url\":\"https:\\\/\\\/districos.standingout.be\\\/wp-content\\\/uploads\\\/2025\\\/07\\\/9475.21@LowRes_1.png\",\"contentUrl\":\"https:\\\/\\\/districos.standingout.be\\\/wp-content\\\/uploads\\\/2025\\\/07\\\/9475.21@LowRes_1.png\",\"width\":600,\"height\":600},{\"@type\":\"BreadcrumbList\",\"@id\":\"https:\\\/\\\/districos.standingout.be\\\/fr\\\/product\\\/echantillon-anesi-aqua-vital-tonique-3d-aqua-3-ml-ref-9475-21\\\/#breadcrumb\",\"itemListElement\":[{\"@type\":\"ListItem\",\"position\":1,\"name\":\"Home\",\"item\":\"https:\\\/\\\/districos.standingout.be\\\/fr\\\/bienvenue-chez-districos\\\/\"},{\"@type\":\"ListItem\",\"position\":2,\"name\":\"Boutique\",\"item\":\"https:\\\/\\\/districos.standingout.be\\\/fr\\\/boutique\\\/\"},{\"@type\":\"ListItem\",\"position\":3,\"name\":\"\u00c9chantillon Anesi Aqua Vital Tonique 3D-Aqua 3 ml\"}]},{\"@type\":\"WebSite\",\"@id\":\"https:\\\/\\\/districos.standingout.be\\\/fr\\\/#website\",\"url\":\"https:\\\/\\\/districos.standingout.be\\\/fr\\\/\",\"name\":\"Districos Webshop\",\"description\":\"\",\"publisher\":{\"@id\":\"https:\\\/\\\/districos.standingout.be\\\/fr\\\/#organization\"},\"potentialAction\":[{\"@type\":\"SearchAction\",\"target\":{\"@type\":\"EntryPoint\",\"urlTemplate\":\"https:\\\/\\\/districos.standingout.be\\\/fr\\\/?s={search_term_string}\"},\"query-input\":{\"@type\":\"PropertyValueSpecification\",\"valueRequired\":true,\"valueName\":\"search_term_string\"}}],\"inLanguage\":\"fr-FR\"},{\"@type\":\"Organization\",\"@id\":\"https:\\\/\\\/districos.standingout.be\\\/fr\\\/#organization\",\"name\":\"Districos Webshop\",\"url\":\"https:\\\/\\\/districos.standingout.be\\\/fr\\\/\",\"logo\":{\"@type\":\"ImageObject\",\"inLanguage\":\"fr-FR\",\"@id\":\"https:\\\/\\\/districos.standingout.be\\\/fr\\\/#\\\/schema\\\/logo\\\/image\\\/\",\"url\":\"https:\\\/\\\/districos.standingout.be\\\/wp-content\\\/uploads\\\/2022\\\/09\\\/Districos_Logo_Webshop.svg\",\"contentUrl\":\"https:\\\/\\\/districos.standingout.be\\\/wp-content\\\/uploads\\\/2022\\\/09\\\/Districos_Logo_Webshop.svg\",\"caption\":\"Districos Webshop\"},\"image\":{\"@id\":\"https:\\\/\\\/districos.standingout.be\\\/fr\\\/#\\\/schema\\\/logo\\\/image\\\/\"}}]}<\/script>\n<!-- \/ Yoast SEO plugin. -->","yoast_head_json":{"title":"\u00c9chantillon Anesi Aqua Vital Tonique 3D-Aqua 3 ml - Districos Webshop","robots":{"index":"noindex","follow":"follow","max-snippet":"max-snippet:-1","max-image-preview":"max-image-preview:large","max-video-preview":"max-video-preview:-1"},"og_locale":"fr_FR","og_type":"article","og_title":"\u00c9chantillon Anesi Aqua Vital Tonique 3D-Aqua 3 ml - Districos Webshop","og_description":"Une lotion tonifiante et hydratante pour tous les types de peau, qui \u00e9limine les derni\u00e8res trace de d\u00e9maquillant.. Formul\u00e9e avec de l&rsquo;acide hyaluronique, de l&rsquo;hamam\u00e9lis et de la camomille, des actifs qui hydratent et apaisent, pour un r\u00e9sultat radieux. Appliquer avec un coton sur le visage et et le cou apr\u00e8s le nettoyage ou pour [&hellip;]","og_url":"https:\/\/districos.standingout.be\/fr\/product\/echantillon-anesi-aqua-vital-tonique-3d-aqua-3-ml-ref-9475-21\/","og_site_name":"Districos Webshop","article_modified_time":"2026-04-28T12:10:49+00:00","twitter_card":"summary_large_image","twitter_misc":{"Dur\u00e9e de lecture estim\u00e9e":"1 minute"},"schema":{"@context":"https:\/\/schema.org","@graph":[{"@type":"WebPage","@id":"https:\/\/districos.standingout.be\/fr\/product\/echantillon-anesi-aqua-vital-tonique-3d-aqua-3-ml-ref-9475-21\/","url":"https:\/\/districos.standingout.be\/fr\/product\/echantillon-anesi-aqua-vital-tonique-3d-aqua-3-ml-ref-9475-21\/","name":"\u00c9chantillon Anesi Aqua Vital Tonique 3D-Aqua 3 ml - Districos Webshop","isPartOf":{"@id":"https:\/\/districos.standingout.be\/fr\/#website"},"primaryImageOfPage":{"@id":"https:\/\/districos.standingout.be\/fr\/product\/echantillon-anesi-aqua-vital-tonique-3d-aqua-3-ml-ref-9475-21\/#primaryimage"},"image":{"@id":"https:\/\/districos.standingout.be\/fr\/product\/echantillon-anesi-aqua-vital-tonique-3d-aqua-3-ml-ref-9475-21\/#primaryimage"},"thumbnailUrl":"https:\/\/districos.standingout.be\/wp-content\/uploads\/2025\/07\/9475.21@LowRes_1.png","datePublished":"2026-04-28T12:10:44+00:00","dateModified":"2026-04-28T12:10:49+00:00","breadcrumb":{"@id":"https:\/\/districos.standingout.be\/fr\/product\/echantillon-anesi-aqua-vital-tonique-3d-aqua-3-ml-ref-9475-21\/#breadcrumb"},"inLanguage":"fr-FR","potentialAction":[{"@type":"ReadAction","target":["https:\/\/districos.standingout.be\/fr\/product\/echantillon-anesi-aqua-vital-tonique-3d-aqua-3-ml-ref-9475-21\/"]}]},{"@type":"ImageObject","inLanguage":"fr-FR","@id":"https:\/\/districos.standingout.be\/fr\/product\/echantillon-anesi-aqua-vital-tonique-3d-aqua-3-ml-ref-9475-21\/#primaryimage","url":"https:\/\/districos.standingout.be\/wp-content\/uploads\/2025\/07\/9475.21@LowRes_1.png","contentUrl":"https:\/\/districos.standingout.be\/wp-content\/uploads\/2025\/07\/9475.21@LowRes_1.png","width":600,"height":600},{"@type":"BreadcrumbList","@id":"https:\/\/districos.standingout.be\/fr\/product\/echantillon-anesi-aqua-vital-tonique-3d-aqua-3-ml-ref-9475-21\/#breadcrumb","itemListElement":[{"@type":"ListItem","position":1,"name":"Home","item":"https:\/\/districos.standingout.be\/fr\/bienvenue-chez-districos\/"},{"@type":"ListItem","position":2,"name":"Boutique","item":"https:\/\/districos.standingout.be\/fr\/boutique\/"},{"@type":"ListItem","position":3,"name":"\u00c9chantillon Anesi Aqua Vital Tonique 3D-Aqua 3 ml"}]},{"@type":"WebSite","@id":"https:\/\/districos.standingout.be\/fr\/#website","url":"https:\/\/districos.standingout.be\/fr\/","name":"Districos Webshop","description":"","publisher":{"@id":"https:\/\/districos.standingout.be\/fr\/#organization"},"potentialAction":[{"@type":"SearchAction","target":{"@type":"EntryPoint","urlTemplate":"https:\/\/districos.standingout.be\/fr\/?s={search_term_string}"},"query-input":{"@type":"PropertyValueSpecification","valueRequired":true,"valueName":"search_term_string"}}],"inLanguage":"fr-FR"},{"@type":"Organization","@id":"https:\/\/districos.standingout.be\/fr\/#organization","name":"Districos Webshop","url":"https:\/\/districos.standingout.be\/fr\/","logo":{"@type":"ImageObject","inLanguage":"fr-FR","@id":"https:\/\/districos.standingout.be\/fr\/#\/schema\/logo\/image\/","url":"https:\/\/districos.standingout.be\/wp-content\/uploads\/2022\/09\/Districos_Logo_Webshop.svg","contentUrl":"https:\/\/districos.standingout.be\/wp-content\/uploads\/2022\/09\/Districos_Logo_Webshop.svg","caption":"Districos Webshop"},"image":{"@id":"https:\/\/districos.standingout.be\/fr\/#\/schema\/logo\/image\/"}}]}},"_links":{"self":[{"href":"https:\/\/districos.standingout.be\/fr\/wp-json\/wp\/v2\/product\/142851","targetHints":{"allow":["GET"]}}],"collection":[{"href":"https:\/\/districos.standingout.be\/fr\/wp-json\/wp\/v2\/product"}],"about":[{"href":"https:\/\/districos.standingout.be\/fr\/wp-json\/wp\/v2\/types\/product"}],"replies":[{"embeddable":true,"href":"https:\/\/districos.standingout.be\/fr\/wp-json\/wp\/v2\/comments?post=142851"}],"wp:featuredmedia":[{"embeddable":true,"href":"https:\/\/districos.standingout.be\/fr\/wp-json\/wp\/v2\/media\/86105"}],"wp:attachment":[{"href":"https:\/\/districos.standingout.be\/fr\/wp-json\/wp\/v2\/media?parent=142851"}],"wp:term":[{"taxonomy":"product_brand","embeddable":true,"href":"https:\/\/districos.standingout.be\/fr\/wp-json\/wp\/v2\/product_brand?post=142851"},{"taxonomy":"product_cat","embeddable":true,"href":"https:\/\/districos.standingout.be\/fr\/wp-json\/wp\/v2\/product_cat?post=142851"},{"taxonomy":"product_tag","embeddable":true,"href":"https:\/\/districos.standingout.be\/fr\/wp-json\/wp\/v2\/product_tag?post=142851"}],"curies":[{"name":"wp","href":"https:\/\/api.w.org\/{rel}","templated":true}]}}