{"id":142859,"date":"2026-04-28T14:12:39","date_gmt":"2026-04-28T12:12:39","guid":{"rendered":"https:\/\/webshopdistricoscom.webhosting.be\/product\/echantillon-anesi-3c-vitamin-glow-creme-serum-2-x-3-ml-ref-9475-45\/"},"modified":"2026-04-28T14:12:44","modified_gmt":"2026-04-28T12:12:44","slug":"echantillon-anesi-3c-vitamin-glow-creme-serum-2-x-3-ml-ref-9475-45","status":"publish","type":"product","link":"https:\/\/districos.standingout.be\/fr\/product\/echantillon-anesi-3c-vitamin-glow-creme-serum-2-x-3-ml-ref-9475-45\/","title":{"rendered":"\u00c9chantillon Anesi 3C Vitamin Glow Cr\u00e8me + S\u00e9rum 2 x 3 ml"},"content":{"rendered":"<p >\n<p><b>3C Vitamin Glow Cr\u00e8me \u00c9clat<\/b><\/p>\n<p>Cr\u00e8me de jour hydratante et \u00e9claircissante qui est riche en antioxydants pour prot\u00e9ger la peau contre le vieillissement cutan\u00e9 pr\u00e9coce et pour r\u00e9tablir son teint \u00e9clatant.<\/p>\n<ul>\n<li>Ingr\u00e9dients actifs : palmitate d&rsquo;ascorbyle, coenzyme Q10, Phytocell Mallus, collag\u00e8ne marin.<\/li>\n<li>Emballage : \u00e9chantillon de 3 ml.<\/li>\n<\/ul>\n<\/p>\n<p><\/p>\n<p><b>3C Vitamin Glow S\u00e9rum Illuminateur Yeux<\/b><\/p>\n<p>S\u00e9rum velout\u00e9 \u00e0 l\u2019extrait de cellules souches d\u2019orchid\u00e9e, aux peptides et \u00e0 la vitamine C pour lutter contre les signes de vieillissement atour des yeux et pour \u00e9claircir le contour des yeux. Il adoucit la peau et r\u00e9duit les rides, les poches et les cernes.<\/p>\n<ul>\n<li>Ingr\u00e9dients actifs: extrait de cellules souches de l&rsquo;orchid\u00e9e, phosphate d&rsquo;ascorbyle de sodium, ac\u00e9tyltetrapeptide-5.<\/li>\n<li>Emballage : \u00e9chantillon de 3 ml.<\/li>\n<\/ul>\n<\/p>\n<p><\/p>\n<p><b>Ook beschikbaar<\/b><\/p>\n<\/p>\n<ul>\n<li>3C Vitamin Glow Cr\u00e8me \u00c9clat 50 ml (<u><a href=\"https:\/\/districos.com\/ProductDetail\/4300.80\" target=\"_blank\" rel=\"noopener noreferrer nofollow\">r\u00e9f. 4300.80<\/a><\/u>)<\/li>\n<li>3C Vitamin Glow S\u00e9rum Illuminateur Yeux 10 ml (<u><a href=\"https:\/\/districos.com\/ProductDetail\/4300.81\" target=\"_blank\" rel=\"noopener noreferrer nofollow\">r\u00e9f. 4300.81<\/a><\/u>)<\/li>\n<li>3C Vitamin Glow S\u00e9rum Illuminateur Yeux 50 ml (<u><a href=\"https:\/\/districos.com\/ProductDetail\/4400.81\" target=\"_blank\" rel=\"noopener noreferrer nofollow\">r\u00e9f. 4400.81<\/a><\/u>)<\/li>\n<\/ul>\n<p>&nbsp;<\/p>\n","protected":false},"excerpt":{"rendered":"<p>3C Vitamin Glow Cr\u00e8me \u00c9clat Cr\u00e8me de jour hydratante et \u00e9claircissante qui est riche en antioxydants pour prot\u00e9ger la peau contre le vieillissement cutan\u00e9 pr\u00e9coce et pour r\u00e9tablir son teint \u00e9clatant. Ingr\u00e9dients actifs : palmitate d&rsquo;ascorbyle, coenzyme Q10, Phytocell Mallus, collag\u00e8ne marin. Emballage : \u00e9chantillon de 3 ml. 3C Vitamin Glow S\u00e9rum Illuminateur Yeux S\u00e9rum [&hellip;]<\/p>\n","protected":false},"featured_media":148968,"comment_status":"open","ping_status":"closed","template":"","meta":{"_acf_changed":false},"product_brand":[10280],"product_cat":[9858,10226],"product_tag":[],"class_list":{"0":"post-142859","1":"product","2":"type-product","3":"status-publish","4":"has-post-thumbnail","6":"product_brand-anesi-fr","7":"product_cat-beaute-visage-anesi-visage","8":"product_cat-promotions-promotions-materiel-promotionnel","10":"first","11":"instock","12":"taxable","13":"shipping-taxable","14":"product-type-simple"},"acf":[],"yoast_head":"<!-- This site is optimized with the Yoast SEO plugin v27.3 - https:\/\/yoast.com\/product\/yoast-seo-wordpress\/ -->\n<title>\u00c9chantillon Anesi 3C Vitamin Glow Cr\u00e8me + S\u00e9rum 2 x 3 ml - Districos Webshop<\/title>\n<meta name=\"robots\" content=\"noindex, follow, max-snippet:-1, max-image-preview:large, max-video-preview:-1\" \/>\n<meta property=\"og:locale\" content=\"fr_FR\" \/>\n<meta property=\"og:type\" content=\"article\" \/>\n<meta property=\"og:title\" content=\"\u00c9chantillon Anesi 3C Vitamin Glow Cr\u00e8me + S\u00e9rum 2 x 3 ml - Districos Webshop\" \/>\n<meta property=\"og:description\" content=\"3C Vitamin Glow Cr\u00e8me \u00c9clat Cr\u00e8me de jour hydratante et \u00e9claircissante qui est riche en antioxydants pour prot\u00e9ger la peau contre le vieillissement cutan\u00e9 pr\u00e9coce et pour r\u00e9tablir son teint \u00e9clatant. Ingr\u00e9dients actifs : palmitate d&rsquo;ascorbyle, coenzyme Q10, Phytocell Mallus, collag\u00e8ne marin. Emballage : \u00e9chantillon de 3 ml. 3C Vitamin Glow S\u00e9rum Illuminateur Yeux S\u00e9rum [&hellip;]\" \/>\n<meta property=\"og:url\" content=\"https:\/\/districos.standingout.be\/fr\/product\/echantillon-anesi-3c-vitamin-glow-creme-serum-2-x-3-ml-ref-9475-45\/\" \/>\n<meta property=\"og:site_name\" content=\"Districos Webshop\" \/>\n<meta property=\"article:modified_time\" content=\"2026-04-28T12:12:44+00:00\" \/>\n<meta name=\"twitter:card\" content=\"summary_large_image\" \/>\n<meta name=\"twitter:label1\" content=\"Dur\u00e9e de lecture estim\u00e9e\" \/>\n\t<meta name=\"twitter:data1\" content=\"1 minute\" \/>\n<script type=\"application\/ld+json\" class=\"yoast-schema-graph\">{\"@context\":\"https:\\\/\\\/schema.org\",\"@graph\":[{\"@type\":\"WebPage\",\"@id\":\"https:\\\/\\\/districos.standingout.be\\\/fr\\\/product\\\/echantillon-anesi-3c-vitamin-glow-creme-serum-2-x-3-ml-ref-9475-45\\\/\",\"url\":\"https:\\\/\\\/districos.standingout.be\\\/fr\\\/product\\\/echantillon-anesi-3c-vitamin-glow-creme-serum-2-x-3-ml-ref-9475-45\\\/\",\"name\":\"\u00c9chantillon Anesi 3C Vitamin Glow Cr\u00e8me + S\u00e9rum 2 x 3 ml - Districos Webshop\",\"isPartOf\":{\"@id\":\"https:\\\/\\\/districos.standingout.be\\\/fr\\\/#website\"},\"primaryImageOfPage\":{\"@id\":\"https:\\\/\\\/districos.standingout.be\\\/fr\\\/product\\\/echantillon-anesi-3c-vitamin-glow-creme-serum-2-x-3-ml-ref-9475-45\\\/#primaryimage\"},\"image\":{\"@id\":\"https:\\\/\\\/districos.standingout.be\\\/fr\\\/product\\\/echantillon-anesi-3c-vitamin-glow-creme-serum-2-x-3-ml-ref-9475-45\\\/#primaryimage\"},\"thumbnailUrl\":\"https:\\\/\\\/districos.standingout.be\\\/wp-content\\\/uploads\\\/2026\\\/04\\\/9475.45@Staal-Anesi-3C-Vitamin-Glow-Cream-Serum-2-x-3-ml_1.png\",\"datePublished\":\"2026-04-28T12:12:39+00:00\",\"dateModified\":\"2026-04-28T12:12:44+00:00\",\"breadcrumb\":{\"@id\":\"https:\\\/\\\/districos.standingout.be\\\/fr\\\/product\\\/echantillon-anesi-3c-vitamin-glow-creme-serum-2-x-3-ml-ref-9475-45\\\/#breadcrumb\"},\"inLanguage\":\"fr-FR\",\"potentialAction\":[{\"@type\":\"ReadAction\",\"target\":[\"https:\\\/\\\/districos.standingout.be\\\/fr\\\/product\\\/echantillon-anesi-3c-vitamin-glow-creme-serum-2-x-3-ml-ref-9475-45\\\/\"]}]},{\"@type\":\"ImageObject\",\"inLanguage\":\"fr-FR\",\"@id\":\"https:\\\/\\\/districos.standingout.be\\\/fr\\\/product\\\/echantillon-anesi-3c-vitamin-glow-creme-serum-2-x-3-ml-ref-9475-45\\\/#primaryimage\",\"url\":\"https:\\\/\\\/districos.standingout.be\\\/wp-content\\\/uploads\\\/2026\\\/04\\\/9475.45@Staal-Anesi-3C-Vitamin-Glow-Cream-Serum-2-x-3-ml_1.png\",\"contentUrl\":\"https:\\\/\\\/districos.standingout.be\\\/wp-content\\\/uploads\\\/2026\\\/04\\\/9475.45@Staal-Anesi-3C-Vitamin-Glow-Cream-Serum-2-x-3-ml_1.png\",\"width\":600,\"height\":600},{\"@type\":\"BreadcrumbList\",\"@id\":\"https:\\\/\\\/districos.standingout.be\\\/fr\\\/product\\\/echantillon-anesi-3c-vitamin-glow-creme-serum-2-x-3-ml-ref-9475-45\\\/#breadcrumb\",\"itemListElement\":[{\"@type\":\"ListItem\",\"position\":1,\"name\":\"Home\",\"item\":\"https:\\\/\\\/districos.standingout.be\\\/fr\\\/bienvenue-chez-districos\\\/\"},{\"@type\":\"ListItem\",\"position\":2,\"name\":\"Boutique\",\"item\":\"https:\\\/\\\/districos.standingout.be\\\/fr\\\/boutique\\\/\"},{\"@type\":\"ListItem\",\"position\":3,\"name\":\"\u00c9chantillon Anesi 3C Vitamin Glow Cr\u00e8me + S\u00e9rum 2 x 3 ml\"}]},{\"@type\":\"WebSite\",\"@id\":\"https:\\\/\\\/districos.standingout.be\\\/fr\\\/#website\",\"url\":\"https:\\\/\\\/districos.standingout.be\\\/fr\\\/\",\"name\":\"Districos Webshop\",\"description\":\"\",\"publisher\":{\"@id\":\"https:\\\/\\\/districos.standingout.be\\\/fr\\\/#organization\"},\"potentialAction\":[{\"@type\":\"SearchAction\",\"target\":{\"@type\":\"EntryPoint\",\"urlTemplate\":\"https:\\\/\\\/districos.standingout.be\\\/fr\\\/?s={search_term_string}\"},\"query-input\":{\"@type\":\"PropertyValueSpecification\",\"valueRequired\":true,\"valueName\":\"search_term_string\"}}],\"inLanguage\":\"fr-FR\"},{\"@type\":\"Organization\",\"@id\":\"https:\\\/\\\/districos.standingout.be\\\/fr\\\/#organization\",\"name\":\"Districos Webshop\",\"url\":\"https:\\\/\\\/districos.standingout.be\\\/fr\\\/\",\"logo\":{\"@type\":\"ImageObject\",\"inLanguage\":\"fr-FR\",\"@id\":\"https:\\\/\\\/districos.standingout.be\\\/fr\\\/#\\\/schema\\\/logo\\\/image\\\/\",\"url\":\"https:\\\/\\\/districos.standingout.be\\\/wp-content\\\/uploads\\\/2022\\\/09\\\/Districos_Logo_Webshop.svg\",\"contentUrl\":\"https:\\\/\\\/districos.standingout.be\\\/wp-content\\\/uploads\\\/2022\\\/09\\\/Districos_Logo_Webshop.svg\",\"caption\":\"Districos Webshop\"},\"image\":{\"@id\":\"https:\\\/\\\/districos.standingout.be\\\/fr\\\/#\\\/schema\\\/logo\\\/image\\\/\"}}]}<\/script>\n<!-- \/ Yoast SEO plugin. -->","yoast_head_json":{"title":"\u00c9chantillon Anesi 3C Vitamin Glow Cr\u00e8me + S\u00e9rum 2 x 3 ml - Districos Webshop","robots":{"index":"noindex","follow":"follow","max-snippet":"max-snippet:-1","max-image-preview":"max-image-preview:large","max-video-preview":"max-video-preview:-1"},"og_locale":"fr_FR","og_type":"article","og_title":"\u00c9chantillon Anesi 3C Vitamin Glow Cr\u00e8me + S\u00e9rum 2 x 3 ml - Districos Webshop","og_description":"3C Vitamin Glow Cr\u00e8me \u00c9clat Cr\u00e8me de jour hydratante et \u00e9claircissante qui est riche en antioxydants pour prot\u00e9ger la peau contre le vieillissement cutan\u00e9 pr\u00e9coce et pour r\u00e9tablir son teint \u00e9clatant. Ingr\u00e9dients actifs : palmitate d&rsquo;ascorbyle, coenzyme Q10, Phytocell Mallus, collag\u00e8ne marin. Emballage : \u00e9chantillon de 3 ml. 3C Vitamin Glow S\u00e9rum Illuminateur Yeux S\u00e9rum [&hellip;]","og_url":"https:\/\/districos.standingout.be\/fr\/product\/echantillon-anesi-3c-vitamin-glow-creme-serum-2-x-3-ml-ref-9475-45\/","og_site_name":"Districos Webshop","article_modified_time":"2026-04-28T12:12:44+00:00","twitter_card":"summary_large_image","twitter_misc":{"Dur\u00e9e de lecture estim\u00e9e":"1 minute"},"schema":{"@context":"https:\/\/schema.org","@graph":[{"@type":"WebPage","@id":"https:\/\/districos.standingout.be\/fr\/product\/echantillon-anesi-3c-vitamin-glow-creme-serum-2-x-3-ml-ref-9475-45\/","url":"https:\/\/districos.standingout.be\/fr\/product\/echantillon-anesi-3c-vitamin-glow-creme-serum-2-x-3-ml-ref-9475-45\/","name":"\u00c9chantillon Anesi 3C Vitamin Glow Cr\u00e8me + S\u00e9rum 2 x 3 ml - Districos Webshop","isPartOf":{"@id":"https:\/\/districos.standingout.be\/fr\/#website"},"primaryImageOfPage":{"@id":"https:\/\/districos.standingout.be\/fr\/product\/echantillon-anesi-3c-vitamin-glow-creme-serum-2-x-3-ml-ref-9475-45\/#primaryimage"},"image":{"@id":"https:\/\/districos.standingout.be\/fr\/product\/echantillon-anesi-3c-vitamin-glow-creme-serum-2-x-3-ml-ref-9475-45\/#primaryimage"},"thumbnailUrl":"https:\/\/districos.standingout.be\/wp-content\/uploads\/2026\/04\/9475.45@Staal-Anesi-3C-Vitamin-Glow-Cream-Serum-2-x-3-ml_1.png","datePublished":"2026-04-28T12:12:39+00:00","dateModified":"2026-04-28T12:12:44+00:00","breadcrumb":{"@id":"https:\/\/districos.standingout.be\/fr\/product\/echantillon-anesi-3c-vitamin-glow-creme-serum-2-x-3-ml-ref-9475-45\/#breadcrumb"},"inLanguage":"fr-FR","potentialAction":[{"@type":"ReadAction","target":["https:\/\/districos.standingout.be\/fr\/product\/echantillon-anesi-3c-vitamin-glow-creme-serum-2-x-3-ml-ref-9475-45\/"]}]},{"@type":"ImageObject","inLanguage":"fr-FR","@id":"https:\/\/districos.standingout.be\/fr\/product\/echantillon-anesi-3c-vitamin-glow-creme-serum-2-x-3-ml-ref-9475-45\/#primaryimage","url":"https:\/\/districos.standingout.be\/wp-content\/uploads\/2026\/04\/9475.45@Staal-Anesi-3C-Vitamin-Glow-Cream-Serum-2-x-3-ml_1.png","contentUrl":"https:\/\/districos.standingout.be\/wp-content\/uploads\/2026\/04\/9475.45@Staal-Anesi-3C-Vitamin-Glow-Cream-Serum-2-x-3-ml_1.png","width":600,"height":600},{"@type":"BreadcrumbList","@id":"https:\/\/districos.standingout.be\/fr\/product\/echantillon-anesi-3c-vitamin-glow-creme-serum-2-x-3-ml-ref-9475-45\/#breadcrumb","itemListElement":[{"@type":"ListItem","position":1,"name":"Home","item":"https:\/\/districos.standingout.be\/fr\/bienvenue-chez-districos\/"},{"@type":"ListItem","position":2,"name":"Boutique","item":"https:\/\/districos.standingout.be\/fr\/boutique\/"},{"@type":"ListItem","position":3,"name":"\u00c9chantillon Anesi 3C Vitamin Glow Cr\u00e8me + S\u00e9rum 2 x 3 ml"}]},{"@type":"WebSite","@id":"https:\/\/districos.standingout.be\/fr\/#website","url":"https:\/\/districos.standingout.be\/fr\/","name":"Districos Webshop","description":"","publisher":{"@id":"https:\/\/districos.standingout.be\/fr\/#organization"},"potentialAction":[{"@type":"SearchAction","target":{"@type":"EntryPoint","urlTemplate":"https:\/\/districos.standingout.be\/fr\/?s={search_term_string}"},"query-input":{"@type":"PropertyValueSpecification","valueRequired":true,"valueName":"search_term_string"}}],"inLanguage":"fr-FR"},{"@type":"Organization","@id":"https:\/\/districos.standingout.be\/fr\/#organization","name":"Districos Webshop","url":"https:\/\/districos.standingout.be\/fr\/","logo":{"@type":"ImageObject","inLanguage":"fr-FR","@id":"https:\/\/districos.standingout.be\/fr\/#\/schema\/logo\/image\/","url":"https:\/\/districos.standingout.be\/wp-content\/uploads\/2022\/09\/Districos_Logo_Webshop.svg","contentUrl":"https:\/\/districos.standingout.be\/wp-content\/uploads\/2022\/09\/Districos_Logo_Webshop.svg","caption":"Districos Webshop"},"image":{"@id":"https:\/\/districos.standingout.be\/fr\/#\/schema\/logo\/image\/"}}]}},"_links":{"self":[{"href":"https:\/\/districos.standingout.be\/fr\/wp-json\/wp\/v2\/product\/142859","targetHints":{"allow":["GET"]}}],"collection":[{"href":"https:\/\/districos.standingout.be\/fr\/wp-json\/wp\/v2\/product"}],"about":[{"href":"https:\/\/districos.standingout.be\/fr\/wp-json\/wp\/v2\/types\/product"}],"replies":[{"embeddable":true,"href":"https:\/\/districos.standingout.be\/fr\/wp-json\/wp\/v2\/comments?post=142859"}],"wp:featuredmedia":[{"embeddable":true,"href":"https:\/\/districos.standingout.be\/fr\/wp-json\/wp\/v2\/media\/148968"}],"wp:attachment":[{"href":"https:\/\/districos.standingout.be\/fr\/wp-json\/wp\/v2\/media?parent=142859"}],"wp:term":[{"taxonomy":"product_brand","embeddable":true,"href":"https:\/\/districos.standingout.be\/fr\/wp-json\/wp\/v2\/product_brand?post=142859"},{"taxonomy":"product_cat","embeddable":true,"href":"https:\/\/districos.standingout.be\/fr\/wp-json\/wp\/v2\/product_cat?post=142859"},{"taxonomy":"product_tag","embeddable":true,"href":"https:\/\/districos.standingout.be\/fr\/wp-json\/wp\/v2\/product_tag?post=142859"}],"curies":[{"name":"wp","href":"https:\/\/api.w.org\/{rel}","templated":true}]}}