{"id":142861,"date":"2026-04-28T14:12:45","date_gmt":"2026-04-28T12:12:45","guid":{"rendered":"https:\/\/webshopdistricoscom.webhosting.be\/product\/echantillon-anesi-harmony-demaquillante-caresse-3-ml-ref-9477-04\/"},"modified":"2026-04-28T14:12:49","modified_gmt":"2026-04-28T12:12:49","slug":"echantillon-anesi-harmony-demaquillante-caresse-3-ml-ref-9477-04","status":"publish","type":"product","link":"https:\/\/districos.standingout.be\/fr\/product\/echantillon-anesi-harmony-demaquillante-caresse-3-ml-ref-9477-04\/","title":{"rendered":"\u00c9chantillon Anesi Harmony D\u00e9maquillante Caresse 3 ml"},"content":{"rendered":"<p >\n<p dir=\"ltr\"><font size=\"2\">Lait d\u00e9maquillant frais, doux et efficace qui offre une sensation in\u00e9gal\u00e9e et indescriptible de relaxation et de bien-\u00eatre.<\/font><\/p>\n<p dir=\"ltr\"><font size=\"2\"><\/font><\/p>\n<ul>\n<li><font size=\"2\">Id\u00e9al pour le nettoyage quotidien des peaux les plus sensibles. \u00c9vitez le contour des yeux et des l\u00e8vres !<\/font><\/li>\n<li><font size=\"2\">Ingr\u00e9dients actifs : r\u00e9glisse, huile d&rsquo;abricot, aloe vera, Vidalys Soothing Complex, bisabolol, Abyssine\u00ae.<\/font><\/li>\n<li><font size=\"2\">Emballage : \u00e9chantillon de 3 ml.<\/font><\/li>\n<\/ul>\n<div><b>CONSEIL<\/b><\/div>\n<div>Pour le d\u00e9maquillage des yeux et des l\u00e8vres, optez pour le&nbsp;<u><a href=\"https:\/\/districos.com\/search?SearchText=Aqua%20vital%20Lait%20nettoyant%20Express\" target=\"_blank\" rel=\"noopener noreferrer nofollow\">Lait Nettoyant Express HA+ Aqua Vital<\/a><\/u>&nbsp;ou la&nbsp;<u><a href=\"https:\/\/districos.com\/search?SearchText=Aqua%20vital%20mousse%20radiance\" target=\"_blank\" rel=\"noopener noreferrer nofollow\">Mousse Radiance Aqua Vital<\/a><\/u>.<\/div>\n<div><\/div>\n<div><b>Aussi disponible<\/b><\/div>\n<p dir=\"ltr\"><font size=\"2\"><\/font><\/p>\n<div>\n<ul>\n<li><font size=\"2\">Flacon de cabine de 500 ml (<u><a href=\"https:\/\/districos.com\/ProductDetail\/4271\" target=\"_blank\" rel=\"noopener noreferrer nofollow\">r\u00e9f. 4271<\/a><\/u>)<\/font><\/li>\n<li><font size=\"2\">Flacon de vente de 200 ml (<u><a href=\"https:\/\/districos.com\/ProductDetail\/4171\" target=\"_blank\" rel=\"noopener noreferrer nofollow\">r\u00e9f. 4171<\/a><\/u>)<\/font><\/li>\n<\/ul>\n<\/div>\n","protected":false},"excerpt":{"rendered":"<p>Lait d\u00e9maquillant frais, doux et efficace qui offre une sensation in\u00e9gal\u00e9e et indescriptible de relaxation et de bien-\u00eatre. Id\u00e9al pour le nettoyage quotidien des peaux les plus sensibles. \u00c9vitez le contour des yeux et des l\u00e8vres ! Ingr\u00e9dients actifs : r\u00e9glisse, huile d&rsquo;abricot, aloe vera, Vidalys Soothing Complex, bisabolol, Abyssine\u00ae. Emballage : \u00e9chantillon de 3 [&hellip;]<\/p>\n","protected":false},"featured_media":86129,"comment_status":"open","ping_status":"closed","template":"","meta":{"_acf_changed":false},"product_brand":[10280],"product_cat":[9858,10226],"product_tag":[],"class_list":{"0":"post-142861","1":"product","2":"type-product","3":"status-publish","4":"has-post-thumbnail","6":"product_brand-anesi-fr","7":"product_cat-beaute-visage-anesi-visage","8":"product_cat-promotions-promotions-materiel-promotionnel","10":"first","11":"outofstock","12":"taxable","13":"shipping-taxable","14":"product-type-simple"},"acf":[],"yoast_head":"<!-- This site is optimized with the Yoast SEO plugin v27.3 - https:\/\/yoast.com\/product\/yoast-seo-wordpress\/ -->\n<title>\u00c9chantillon Anesi Harmony D\u00e9maquillante Caresse 3 ml - Districos Webshop<\/title>\n<meta name=\"robots\" content=\"noindex, follow, max-snippet:-1, max-image-preview:large, max-video-preview:-1\" \/>\n<meta property=\"og:locale\" content=\"fr_FR\" \/>\n<meta property=\"og:type\" content=\"article\" \/>\n<meta property=\"og:title\" content=\"\u00c9chantillon Anesi Harmony D\u00e9maquillante Caresse 3 ml - Districos Webshop\" \/>\n<meta property=\"og:description\" content=\"Lait d\u00e9maquillant frais, doux et efficace qui offre une sensation in\u00e9gal\u00e9e et indescriptible de relaxation et de bien-\u00eatre. Id\u00e9al pour le nettoyage quotidien des peaux les plus sensibles. \u00c9vitez le contour des yeux et des l\u00e8vres ! Ingr\u00e9dients actifs : r\u00e9glisse, huile d&rsquo;abricot, aloe vera, Vidalys Soothing Complex, bisabolol, Abyssine\u00ae. Emballage : \u00e9chantillon de 3 [&hellip;]\" \/>\n<meta property=\"og:url\" content=\"https:\/\/districos.standingout.be\/fr\/product\/echantillon-anesi-harmony-demaquillante-caresse-3-ml-ref-9477-04\/\" \/>\n<meta property=\"og:site_name\" content=\"Districos Webshop\" \/>\n<meta property=\"article:modified_time\" content=\"2026-04-28T12:12:49+00:00\" \/>\n<meta name=\"twitter:card\" content=\"summary_large_image\" \/>\n<meta name=\"twitter:label1\" content=\"Dur\u00e9e de lecture estim\u00e9e\" \/>\n\t<meta name=\"twitter:data1\" content=\"1 minute\" \/>\n<script type=\"application\/ld+json\" class=\"yoast-schema-graph\">{\"@context\":\"https:\\\/\\\/schema.org\",\"@graph\":[{\"@type\":\"WebPage\",\"@id\":\"https:\\\/\\\/districos.standingout.be\\\/fr\\\/product\\\/echantillon-anesi-harmony-demaquillante-caresse-3-ml-ref-9477-04\\\/\",\"url\":\"https:\\\/\\\/districos.standingout.be\\\/fr\\\/product\\\/echantillon-anesi-harmony-demaquillante-caresse-3-ml-ref-9477-04\\\/\",\"name\":\"\u00c9chantillon Anesi Harmony D\u00e9maquillante Caresse 3 ml - Districos Webshop\",\"isPartOf\":{\"@id\":\"https:\\\/\\\/districos.standingout.be\\\/fr\\\/#website\"},\"primaryImageOfPage\":{\"@id\":\"https:\\\/\\\/districos.standingout.be\\\/fr\\\/product\\\/echantillon-anesi-harmony-demaquillante-caresse-3-ml-ref-9477-04\\\/#primaryimage\"},\"image\":{\"@id\":\"https:\\\/\\\/districos.standingout.be\\\/fr\\\/product\\\/echantillon-anesi-harmony-demaquillante-caresse-3-ml-ref-9477-04\\\/#primaryimage\"},\"thumbnailUrl\":\"https:\\\/\\\/districos.standingout.be\\\/wp-content\\\/uploads\\\/2025\\\/07\\\/9477.04@LowRes_1_0.png\",\"datePublished\":\"2026-04-28T12:12:45+00:00\",\"dateModified\":\"2026-04-28T12:12:49+00:00\",\"breadcrumb\":{\"@id\":\"https:\\\/\\\/districos.standingout.be\\\/fr\\\/product\\\/echantillon-anesi-harmony-demaquillante-caresse-3-ml-ref-9477-04\\\/#breadcrumb\"},\"inLanguage\":\"fr-FR\",\"potentialAction\":[{\"@type\":\"ReadAction\",\"target\":[\"https:\\\/\\\/districos.standingout.be\\\/fr\\\/product\\\/echantillon-anesi-harmony-demaquillante-caresse-3-ml-ref-9477-04\\\/\"]}]},{\"@type\":\"ImageObject\",\"inLanguage\":\"fr-FR\",\"@id\":\"https:\\\/\\\/districos.standingout.be\\\/fr\\\/product\\\/echantillon-anesi-harmony-demaquillante-caresse-3-ml-ref-9477-04\\\/#primaryimage\",\"url\":\"https:\\\/\\\/districos.standingout.be\\\/wp-content\\\/uploads\\\/2025\\\/07\\\/9477.04@LowRes_1_0.png\",\"contentUrl\":\"https:\\\/\\\/districos.standingout.be\\\/wp-content\\\/uploads\\\/2025\\\/07\\\/9477.04@LowRes_1_0.png\",\"width\":600,\"height\":600},{\"@type\":\"BreadcrumbList\",\"@id\":\"https:\\\/\\\/districos.standingout.be\\\/fr\\\/product\\\/echantillon-anesi-harmony-demaquillante-caresse-3-ml-ref-9477-04\\\/#breadcrumb\",\"itemListElement\":[{\"@type\":\"ListItem\",\"position\":1,\"name\":\"Home\",\"item\":\"https:\\\/\\\/districos.standingout.be\\\/fr\\\/bienvenue-chez-districos\\\/\"},{\"@type\":\"ListItem\",\"position\":2,\"name\":\"Boutique\",\"item\":\"https:\\\/\\\/districos.standingout.be\\\/fr\\\/boutique\\\/\"},{\"@type\":\"ListItem\",\"position\":3,\"name\":\"\u00c9chantillon Anesi Harmony D\u00e9maquillante Caresse 3 ml\"}]},{\"@type\":\"WebSite\",\"@id\":\"https:\\\/\\\/districos.standingout.be\\\/fr\\\/#website\",\"url\":\"https:\\\/\\\/districos.standingout.be\\\/fr\\\/\",\"name\":\"Districos Webshop\",\"description\":\"\",\"publisher\":{\"@id\":\"https:\\\/\\\/districos.standingout.be\\\/fr\\\/#organization\"},\"potentialAction\":[{\"@type\":\"SearchAction\",\"target\":{\"@type\":\"EntryPoint\",\"urlTemplate\":\"https:\\\/\\\/districos.standingout.be\\\/fr\\\/?s={search_term_string}\"},\"query-input\":{\"@type\":\"PropertyValueSpecification\",\"valueRequired\":true,\"valueName\":\"search_term_string\"}}],\"inLanguage\":\"fr-FR\"},{\"@type\":\"Organization\",\"@id\":\"https:\\\/\\\/districos.standingout.be\\\/fr\\\/#organization\",\"name\":\"Districos Webshop\",\"url\":\"https:\\\/\\\/districos.standingout.be\\\/fr\\\/\",\"logo\":{\"@type\":\"ImageObject\",\"inLanguage\":\"fr-FR\",\"@id\":\"https:\\\/\\\/districos.standingout.be\\\/fr\\\/#\\\/schema\\\/logo\\\/image\\\/\",\"url\":\"https:\\\/\\\/districos.standingout.be\\\/wp-content\\\/uploads\\\/2022\\\/09\\\/Districos_Logo_Webshop.svg\",\"contentUrl\":\"https:\\\/\\\/districos.standingout.be\\\/wp-content\\\/uploads\\\/2022\\\/09\\\/Districos_Logo_Webshop.svg\",\"caption\":\"Districos Webshop\"},\"image\":{\"@id\":\"https:\\\/\\\/districos.standingout.be\\\/fr\\\/#\\\/schema\\\/logo\\\/image\\\/\"}}]}<\/script>\n<!-- \/ Yoast SEO plugin. -->","yoast_head_json":{"title":"\u00c9chantillon Anesi Harmony D\u00e9maquillante Caresse 3 ml - Districos Webshop","robots":{"index":"noindex","follow":"follow","max-snippet":"max-snippet:-1","max-image-preview":"max-image-preview:large","max-video-preview":"max-video-preview:-1"},"og_locale":"fr_FR","og_type":"article","og_title":"\u00c9chantillon Anesi Harmony D\u00e9maquillante Caresse 3 ml - Districos Webshop","og_description":"Lait d\u00e9maquillant frais, doux et efficace qui offre une sensation in\u00e9gal\u00e9e et indescriptible de relaxation et de bien-\u00eatre. Id\u00e9al pour le nettoyage quotidien des peaux les plus sensibles. \u00c9vitez le contour des yeux et des l\u00e8vres ! Ingr\u00e9dients actifs : r\u00e9glisse, huile d&rsquo;abricot, aloe vera, Vidalys Soothing Complex, bisabolol, Abyssine\u00ae. Emballage : \u00e9chantillon de 3 [&hellip;]","og_url":"https:\/\/districos.standingout.be\/fr\/product\/echantillon-anesi-harmony-demaquillante-caresse-3-ml-ref-9477-04\/","og_site_name":"Districos Webshop","article_modified_time":"2026-04-28T12:12:49+00:00","twitter_card":"summary_large_image","twitter_misc":{"Dur\u00e9e de lecture estim\u00e9e":"1 minute"},"schema":{"@context":"https:\/\/schema.org","@graph":[{"@type":"WebPage","@id":"https:\/\/districos.standingout.be\/fr\/product\/echantillon-anesi-harmony-demaquillante-caresse-3-ml-ref-9477-04\/","url":"https:\/\/districos.standingout.be\/fr\/product\/echantillon-anesi-harmony-demaquillante-caresse-3-ml-ref-9477-04\/","name":"\u00c9chantillon Anesi Harmony D\u00e9maquillante Caresse 3 ml - Districos Webshop","isPartOf":{"@id":"https:\/\/districos.standingout.be\/fr\/#website"},"primaryImageOfPage":{"@id":"https:\/\/districos.standingout.be\/fr\/product\/echantillon-anesi-harmony-demaquillante-caresse-3-ml-ref-9477-04\/#primaryimage"},"image":{"@id":"https:\/\/districos.standingout.be\/fr\/product\/echantillon-anesi-harmony-demaquillante-caresse-3-ml-ref-9477-04\/#primaryimage"},"thumbnailUrl":"https:\/\/districos.standingout.be\/wp-content\/uploads\/2025\/07\/9477.04@LowRes_1_0.png","datePublished":"2026-04-28T12:12:45+00:00","dateModified":"2026-04-28T12:12:49+00:00","breadcrumb":{"@id":"https:\/\/districos.standingout.be\/fr\/product\/echantillon-anesi-harmony-demaquillante-caresse-3-ml-ref-9477-04\/#breadcrumb"},"inLanguage":"fr-FR","potentialAction":[{"@type":"ReadAction","target":["https:\/\/districos.standingout.be\/fr\/product\/echantillon-anesi-harmony-demaquillante-caresse-3-ml-ref-9477-04\/"]}]},{"@type":"ImageObject","inLanguage":"fr-FR","@id":"https:\/\/districos.standingout.be\/fr\/product\/echantillon-anesi-harmony-demaquillante-caresse-3-ml-ref-9477-04\/#primaryimage","url":"https:\/\/districos.standingout.be\/wp-content\/uploads\/2025\/07\/9477.04@LowRes_1_0.png","contentUrl":"https:\/\/districos.standingout.be\/wp-content\/uploads\/2025\/07\/9477.04@LowRes_1_0.png","width":600,"height":600},{"@type":"BreadcrumbList","@id":"https:\/\/districos.standingout.be\/fr\/product\/echantillon-anesi-harmony-demaquillante-caresse-3-ml-ref-9477-04\/#breadcrumb","itemListElement":[{"@type":"ListItem","position":1,"name":"Home","item":"https:\/\/districos.standingout.be\/fr\/bienvenue-chez-districos\/"},{"@type":"ListItem","position":2,"name":"Boutique","item":"https:\/\/districos.standingout.be\/fr\/boutique\/"},{"@type":"ListItem","position":3,"name":"\u00c9chantillon Anesi Harmony D\u00e9maquillante Caresse 3 ml"}]},{"@type":"WebSite","@id":"https:\/\/districos.standingout.be\/fr\/#website","url":"https:\/\/districos.standingout.be\/fr\/","name":"Districos Webshop","description":"","publisher":{"@id":"https:\/\/districos.standingout.be\/fr\/#organization"},"potentialAction":[{"@type":"SearchAction","target":{"@type":"EntryPoint","urlTemplate":"https:\/\/districos.standingout.be\/fr\/?s={search_term_string}"},"query-input":{"@type":"PropertyValueSpecification","valueRequired":true,"valueName":"search_term_string"}}],"inLanguage":"fr-FR"},{"@type":"Organization","@id":"https:\/\/districos.standingout.be\/fr\/#organization","name":"Districos Webshop","url":"https:\/\/districos.standingout.be\/fr\/","logo":{"@type":"ImageObject","inLanguage":"fr-FR","@id":"https:\/\/districos.standingout.be\/fr\/#\/schema\/logo\/image\/","url":"https:\/\/districos.standingout.be\/wp-content\/uploads\/2022\/09\/Districos_Logo_Webshop.svg","contentUrl":"https:\/\/districos.standingout.be\/wp-content\/uploads\/2022\/09\/Districos_Logo_Webshop.svg","caption":"Districos Webshop"},"image":{"@id":"https:\/\/districos.standingout.be\/fr\/#\/schema\/logo\/image\/"}}]}},"_links":{"self":[{"href":"https:\/\/districos.standingout.be\/fr\/wp-json\/wp\/v2\/product\/142861","targetHints":{"allow":["GET"]}}],"collection":[{"href":"https:\/\/districos.standingout.be\/fr\/wp-json\/wp\/v2\/product"}],"about":[{"href":"https:\/\/districos.standingout.be\/fr\/wp-json\/wp\/v2\/types\/product"}],"replies":[{"embeddable":true,"href":"https:\/\/districos.standingout.be\/fr\/wp-json\/wp\/v2\/comments?post=142861"}],"wp:featuredmedia":[{"embeddable":true,"href":"https:\/\/districos.standingout.be\/fr\/wp-json\/wp\/v2\/media\/86129"}],"wp:attachment":[{"href":"https:\/\/districos.standingout.be\/fr\/wp-json\/wp\/v2\/media?parent=142861"}],"wp:term":[{"taxonomy":"product_brand","embeddable":true,"href":"https:\/\/districos.standingout.be\/fr\/wp-json\/wp\/v2\/product_brand?post=142861"},{"taxonomy":"product_cat","embeddable":true,"href":"https:\/\/districos.standingout.be\/fr\/wp-json\/wp\/v2\/product_cat?post=142861"},{"taxonomy":"product_tag","embeddable":true,"href":"https:\/\/districos.standingout.be\/fr\/wp-json\/wp\/v2\/product_tag?post=142861"}],"curies":[{"name":"wp","href":"https:\/\/api.w.org\/{rel}","templated":true}]}}