{"id":142867,"date":"2026-04-28T14:12:59","date_gmt":"2026-04-28T12:12:59","guid":{"rendered":"https:\/\/webshopdistricoscom.webhosting.be\/product\/echantillon-anesi-epigenesse-creme-de-nuit-jour-2-x-3-ml-ref-9480-01\/"},"modified":"2026-04-28T14:13:03","modified_gmt":"2026-04-28T12:13:03","slug":"echantillon-anesi-epigenesse-creme-de-nuit-jour-2-x-3-ml-ref-9480-01","status":"publish","type":"product","link":"https:\/\/districos.standingout.be\/fr\/product\/echantillon-anesi-epigenesse-creme-de-nuit-jour-2-x-3-ml-ref-9480-01\/","title":{"rendered":"\u00c9chantillon Anesi Epigenesse Cr\u00e8me de Nuit + Jour 2 x 3 ml"},"content":{"rendered":"<p >\n<div>\n<p><b><span lang=\"FR-BE\">Anesi Lab Epigenesse Cr\u00e8me de Jour Revitalisante<o:p><\/o:p><\/span><\/b><\/p>\n<p><span lang=\"FR-BE\">Cr\u00e8me de jour riche en actifs ayant \u00e9t\u00e9 formul\u00e9e dans le but de pr\u00e9server une peau d\u2019apparence jeune. La cr\u00e8me contient des ingr\u00e9dients \u00e9pig\u00e9n\u00e9tiques innovateurs qui permettent de freiner les changements de l\u2019\u00e9pig\u00e9nome, caus\u00e9s par les agresseurs externes et le vieillissement. La cr\u00e8me contient \u00e9galement des prot\u00e9ines de soja et de levure avec des bioc\u00e9ramides qui r\u00e9duisent l\u2019apparition des rides et revitalisent la peau.<o:p><\/o:p><\/span><\/p>\n<ul type=\"disc\">\n<li><span lang=\"FR-BE\">Cr\u00e8me riche et r\u00e9paratrice pour un aspect frais.<o:p><\/o:p><\/span><\/li>\n<li><span lang=\"FR-BE\">Ingr\u00e9dients actifs : Epigenomyl\u00ae, Telosense\u00ae, Biofunctional Bio-ceramidyl Pure, huile d&rsquo;argan, beurre de karit\u00e9.<o:p><\/o:p><\/span><\/li>\n<li><span lang=\"FR-BE\">Emballage : \u00e9chantillon de 3 ml.<o:p><\/o:p><\/span><\/li>\n<\/ul>\n<p><b><span lang=\"FR-BE\">Anesi Lab Epigenesse Cr\u00e8me de Nuit R\u00e9g\u00e9n\u00e9rante<o:p><\/o:p><\/span><\/b><\/p>\n<p><span lang=\"FR-BE\">Cr\u00e8me de nuit luxueuse, \u00e0 base d\u2019actifs \u00e9pig\u00e9n\u00e9tiques cliniquement test\u00e9s et d\u2019huiles v\u00e9g\u00e9tales qui apportent tous les nutriments dont la peau mature a besoin afin d\u2019\u00eatre plus raffermie, d\u2019att\u00e9nuer et de pr\u00e9venir l\u2019apparition des rides et de redonner \u00e0 la peau de l\u2019\u00e9clat ainsi qu\u2019une apparence plus jeune.<o:p><\/o:p><\/span><\/p>\n<ul type=\"disc\">\n<li><span lang=\"FR-BE\">Cr\u00e8me luxueuse, riche et profond\u00e9ment nourrissante pour restaurer le teint jeune pendant la nuit.<o:p><\/o:p><\/span><\/li>\n<li><span lang=\"FR-BE\">Ingr\u00e9dients actifs : Epigenomyl\u00ae, Telosense\u00ae, Biofunctional, beurre de karit\u00e9, huile de noyaux d&rsquo;abricots, huile d&rsquo;amande douce, huile de s\u00e9same.<o:p><\/o:p><\/span><\/li>\n<li><span lang=\"FR-BE\">Emballage : \u00e9chantillon de 3 ml.<o:p><\/o:p><\/span><\/li>\n<\/ul>\n<p><b><span lang=\"FR-BE\">Aussi disponible<o:p><\/o:p><\/span><\/b><\/p>\n<ul type=\"disc\">\n<li><span lang=\"FR-BE\">Epigenesse Cr\u00e8me de Jour Revitalisante 50 ml (<a href=\"https:\/\/districos.com\/ProductDetail\/4300.72\" target=\"_blank\" rel=\"noopener noreferrer nofollow\"><span>r\u00e9f. 4300.72<\/span><\/a>)<o:p><\/o:p><\/span><\/li>\n<li><span lang=\"FR-BE\">Epigenesse Cr\u00e8me de Nuit R\u00e9g\u00e9n\u00e9rante 50 ml (<a href=\"https:\/\/districos.com\/ProductDetail\/4300.73\" target=\"_blank\" rel=\"noopener noreferrer nofollow\"><span>r\u00e9f. 4300.73<\/span><\/a>)<o:p><\/o:p><\/span><\/li>\n<\/ul>\n<p><span lang=\"FR-BE\"> &nbsp; <\/span><\/p>\n<\/div>\n","protected":false},"excerpt":{"rendered":"<p>Anesi Lab Epigenesse Cr\u00e8me de Jour Revitalisante Cr\u00e8me de jour riche en actifs ayant \u00e9t\u00e9 formul\u00e9e dans le but de pr\u00e9server une peau d\u2019apparence jeune. La cr\u00e8me contient des ingr\u00e9dients \u00e9pig\u00e9n\u00e9tiques innovateurs qui permettent de freiner les changements de l\u2019\u00e9pig\u00e9nome, caus\u00e9s par les agresseurs externes et le vieillissement. La cr\u00e8me contient \u00e9galement des prot\u00e9ines de [&hellip;]<\/p>\n","protected":false},"featured_media":86141,"comment_status":"open","ping_status":"closed","template":"","meta":{"_acf_changed":false},"product_brand":[10280],"product_cat":[9858,10226],"product_tag":[],"class_list":{"0":"post-142867","1":"product","2":"type-product","3":"status-publish","4":"has-post-thumbnail","6":"product_brand-anesi-fr","7":"product_cat-beaute-visage-anesi-visage","8":"product_cat-promotions-promotions-materiel-promotionnel","10":"first","11":"instock","12":"taxable","13":"shipping-taxable","14":"product-type-simple"},"acf":[],"yoast_head":"<!-- This site is optimized with the Yoast SEO plugin v27.3 - https:\/\/yoast.com\/product\/yoast-seo-wordpress\/ -->\n<title>\u00c9chantillon Anesi Epigenesse Cr\u00e8me de Nuit + Jour 2 x 3 ml - Districos Webshop<\/title>\n<meta name=\"robots\" content=\"noindex, follow, max-snippet:-1, max-image-preview:large, max-video-preview:-1\" \/>\n<meta property=\"og:locale\" content=\"fr_FR\" \/>\n<meta property=\"og:type\" content=\"article\" \/>\n<meta property=\"og:title\" content=\"\u00c9chantillon Anesi Epigenesse Cr\u00e8me de Nuit + Jour 2 x 3 ml - Districos Webshop\" \/>\n<meta property=\"og:description\" content=\"Anesi Lab Epigenesse Cr\u00e8me de Jour Revitalisante Cr\u00e8me de jour riche en actifs ayant \u00e9t\u00e9 formul\u00e9e dans le but de pr\u00e9server une peau d\u2019apparence jeune. La cr\u00e8me contient des ingr\u00e9dients \u00e9pig\u00e9n\u00e9tiques innovateurs qui permettent de freiner les changements de l\u2019\u00e9pig\u00e9nome, caus\u00e9s par les agresseurs externes et le vieillissement. La cr\u00e8me contient \u00e9galement des prot\u00e9ines de [&hellip;]\" \/>\n<meta property=\"og:url\" content=\"https:\/\/districos.standingout.be\/fr\/product\/echantillon-anesi-epigenesse-creme-de-nuit-jour-2-x-3-ml-ref-9480-01\/\" \/>\n<meta property=\"og:site_name\" content=\"Districos Webshop\" \/>\n<meta property=\"article:modified_time\" content=\"2026-04-28T12:13:03+00:00\" \/>\n<meta name=\"twitter:card\" content=\"summary_large_image\" \/>\n<meta name=\"twitter:label1\" content=\"Dur\u00e9e de lecture estim\u00e9e\" \/>\n\t<meta name=\"twitter:data1\" content=\"1 minute\" \/>\n<script type=\"application\/ld+json\" class=\"yoast-schema-graph\">{\"@context\":\"https:\\\/\\\/schema.org\",\"@graph\":[{\"@type\":\"WebPage\",\"@id\":\"https:\\\/\\\/districos.standingout.be\\\/fr\\\/product\\\/echantillon-anesi-epigenesse-creme-de-nuit-jour-2-x-3-ml-ref-9480-01\\\/\",\"url\":\"https:\\\/\\\/districos.standingout.be\\\/fr\\\/product\\\/echantillon-anesi-epigenesse-creme-de-nuit-jour-2-x-3-ml-ref-9480-01\\\/\",\"name\":\"\u00c9chantillon Anesi Epigenesse Cr\u00e8me de Nuit + Jour 2 x 3 ml - Districos Webshop\",\"isPartOf\":{\"@id\":\"https:\\\/\\\/districos.standingout.be\\\/fr\\\/#website\"},\"primaryImageOfPage\":{\"@id\":\"https:\\\/\\\/districos.standingout.be\\\/fr\\\/product\\\/echantillon-anesi-epigenesse-creme-de-nuit-jour-2-x-3-ml-ref-9480-01\\\/#primaryimage\"},\"image\":{\"@id\":\"https:\\\/\\\/districos.standingout.be\\\/fr\\\/product\\\/echantillon-anesi-epigenesse-creme-de-nuit-jour-2-x-3-ml-ref-9480-01\\\/#primaryimage\"},\"thumbnailUrl\":\"https:\\\/\\\/districos.standingout.be\\\/wp-content\\\/uploads\\\/2025\\\/07\\\/9480.01@LowRes_1_0.png\",\"datePublished\":\"2026-04-28T12:12:59+00:00\",\"dateModified\":\"2026-04-28T12:13:03+00:00\",\"breadcrumb\":{\"@id\":\"https:\\\/\\\/districos.standingout.be\\\/fr\\\/product\\\/echantillon-anesi-epigenesse-creme-de-nuit-jour-2-x-3-ml-ref-9480-01\\\/#breadcrumb\"},\"inLanguage\":\"fr-FR\",\"potentialAction\":[{\"@type\":\"ReadAction\",\"target\":[\"https:\\\/\\\/districos.standingout.be\\\/fr\\\/product\\\/echantillon-anesi-epigenesse-creme-de-nuit-jour-2-x-3-ml-ref-9480-01\\\/\"]}]},{\"@type\":\"ImageObject\",\"inLanguage\":\"fr-FR\",\"@id\":\"https:\\\/\\\/districos.standingout.be\\\/fr\\\/product\\\/echantillon-anesi-epigenesse-creme-de-nuit-jour-2-x-3-ml-ref-9480-01\\\/#primaryimage\",\"url\":\"https:\\\/\\\/districos.standingout.be\\\/wp-content\\\/uploads\\\/2025\\\/07\\\/9480.01@LowRes_1_0.png\",\"contentUrl\":\"https:\\\/\\\/districos.standingout.be\\\/wp-content\\\/uploads\\\/2025\\\/07\\\/9480.01@LowRes_1_0.png\",\"width\":600,\"height\":600},{\"@type\":\"BreadcrumbList\",\"@id\":\"https:\\\/\\\/districos.standingout.be\\\/fr\\\/product\\\/echantillon-anesi-epigenesse-creme-de-nuit-jour-2-x-3-ml-ref-9480-01\\\/#breadcrumb\",\"itemListElement\":[{\"@type\":\"ListItem\",\"position\":1,\"name\":\"Home\",\"item\":\"https:\\\/\\\/districos.standingout.be\\\/fr\\\/bienvenue-chez-districos\\\/\"},{\"@type\":\"ListItem\",\"position\":2,\"name\":\"Boutique\",\"item\":\"https:\\\/\\\/districos.standingout.be\\\/fr\\\/boutique\\\/\"},{\"@type\":\"ListItem\",\"position\":3,\"name\":\"\u00c9chantillon Anesi Epigenesse Cr\u00e8me de Nuit + Jour 2 x 3 ml\"}]},{\"@type\":\"WebSite\",\"@id\":\"https:\\\/\\\/districos.standingout.be\\\/fr\\\/#website\",\"url\":\"https:\\\/\\\/districos.standingout.be\\\/fr\\\/\",\"name\":\"Districos Webshop\",\"description\":\"\",\"publisher\":{\"@id\":\"https:\\\/\\\/districos.standingout.be\\\/fr\\\/#organization\"},\"potentialAction\":[{\"@type\":\"SearchAction\",\"target\":{\"@type\":\"EntryPoint\",\"urlTemplate\":\"https:\\\/\\\/districos.standingout.be\\\/fr\\\/?s={search_term_string}\"},\"query-input\":{\"@type\":\"PropertyValueSpecification\",\"valueRequired\":true,\"valueName\":\"search_term_string\"}}],\"inLanguage\":\"fr-FR\"},{\"@type\":\"Organization\",\"@id\":\"https:\\\/\\\/districos.standingout.be\\\/fr\\\/#organization\",\"name\":\"Districos Webshop\",\"url\":\"https:\\\/\\\/districos.standingout.be\\\/fr\\\/\",\"logo\":{\"@type\":\"ImageObject\",\"inLanguage\":\"fr-FR\",\"@id\":\"https:\\\/\\\/districos.standingout.be\\\/fr\\\/#\\\/schema\\\/logo\\\/image\\\/\",\"url\":\"https:\\\/\\\/districos.standingout.be\\\/wp-content\\\/uploads\\\/2022\\\/09\\\/Districos_Logo_Webshop.svg\",\"contentUrl\":\"https:\\\/\\\/districos.standingout.be\\\/wp-content\\\/uploads\\\/2022\\\/09\\\/Districos_Logo_Webshop.svg\",\"caption\":\"Districos Webshop\"},\"image\":{\"@id\":\"https:\\\/\\\/districos.standingout.be\\\/fr\\\/#\\\/schema\\\/logo\\\/image\\\/\"}}]}<\/script>\n<!-- \/ Yoast SEO plugin. -->","yoast_head_json":{"title":"\u00c9chantillon Anesi Epigenesse Cr\u00e8me de Nuit + Jour 2 x 3 ml - Districos Webshop","robots":{"index":"noindex","follow":"follow","max-snippet":"max-snippet:-1","max-image-preview":"max-image-preview:large","max-video-preview":"max-video-preview:-1"},"og_locale":"fr_FR","og_type":"article","og_title":"\u00c9chantillon Anesi Epigenesse Cr\u00e8me de Nuit + Jour 2 x 3 ml - Districos Webshop","og_description":"Anesi Lab Epigenesse Cr\u00e8me de Jour Revitalisante Cr\u00e8me de jour riche en actifs ayant \u00e9t\u00e9 formul\u00e9e dans le but de pr\u00e9server une peau d\u2019apparence jeune. La cr\u00e8me contient des ingr\u00e9dients \u00e9pig\u00e9n\u00e9tiques innovateurs qui permettent de freiner les changements de l\u2019\u00e9pig\u00e9nome, caus\u00e9s par les agresseurs externes et le vieillissement. La cr\u00e8me contient \u00e9galement des prot\u00e9ines de [&hellip;]","og_url":"https:\/\/districos.standingout.be\/fr\/product\/echantillon-anesi-epigenesse-creme-de-nuit-jour-2-x-3-ml-ref-9480-01\/","og_site_name":"Districos Webshop","article_modified_time":"2026-04-28T12:13:03+00:00","twitter_card":"summary_large_image","twitter_misc":{"Dur\u00e9e de lecture estim\u00e9e":"1 minute"},"schema":{"@context":"https:\/\/schema.org","@graph":[{"@type":"WebPage","@id":"https:\/\/districos.standingout.be\/fr\/product\/echantillon-anesi-epigenesse-creme-de-nuit-jour-2-x-3-ml-ref-9480-01\/","url":"https:\/\/districos.standingout.be\/fr\/product\/echantillon-anesi-epigenesse-creme-de-nuit-jour-2-x-3-ml-ref-9480-01\/","name":"\u00c9chantillon Anesi Epigenesse Cr\u00e8me de Nuit + Jour 2 x 3 ml - Districos Webshop","isPartOf":{"@id":"https:\/\/districos.standingout.be\/fr\/#website"},"primaryImageOfPage":{"@id":"https:\/\/districos.standingout.be\/fr\/product\/echantillon-anesi-epigenesse-creme-de-nuit-jour-2-x-3-ml-ref-9480-01\/#primaryimage"},"image":{"@id":"https:\/\/districos.standingout.be\/fr\/product\/echantillon-anesi-epigenesse-creme-de-nuit-jour-2-x-3-ml-ref-9480-01\/#primaryimage"},"thumbnailUrl":"https:\/\/districos.standingout.be\/wp-content\/uploads\/2025\/07\/9480.01@LowRes_1_0.png","datePublished":"2026-04-28T12:12:59+00:00","dateModified":"2026-04-28T12:13:03+00:00","breadcrumb":{"@id":"https:\/\/districos.standingout.be\/fr\/product\/echantillon-anesi-epigenesse-creme-de-nuit-jour-2-x-3-ml-ref-9480-01\/#breadcrumb"},"inLanguage":"fr-FR","potentialAction":[{"@type":"ReadAction","target":["https:\/\/districos.standingout.be\/fr\/product\/echantillon-anesi-epigenesse-creme-de-nuit-jour-2-x-3-ml-ref-9480-01\/"]}]},{"@type":"ImageObject","inLanguage":"fr-FR","@id":"https:\/\/districos.standingout.be\/fr\/product\/echantillon-anesi-epigenesse-creme-de-nuit-jour-2-x-3-ml-ref-9480-01\/#primaryimage","url":"https:\/\/districos.standingout.be\/wp-content\/uploads\/2025\/07\/9480.01@LowRes_1_0.png","contentUrl":"https:\/\/districos.standingout.be\/wp-content\/uploads\/2025\/07\/9480.01@LowRes_1_0.png","width":600,"height":600},{"@type":"BreadcrumbList","@id":"https:\/\/districos.standingout.be\/fr\/product\/echantillon-anesi-epigenesse-creme-de-nuit-jour-2-x-3-ml-ref-9480-01\/#breadcrumb","itemListElement":[{"@type":"ListItem","position":1,"name":"Home","item":"https:\/\/districos.standingout.be\/fr\/bienvenue-chez-districos\/"},{"@type":"ListItem","position":2,"name":"Boutique","item":"https:\/\/districos.standingout.be\/fr\/boutique\/"},{"@type":"ListItem","position":3,"name":"\u00c9chantillon Anesi Epigenesse Cr\u00e8me de Nuit + Jour 2 x 3 ml"}]},{"@type":"WebSite","@id":"https:\/\/districos.standingout.be\/fr\/#website","url":"https:\/\/districos.standingout.be\/fr\/","name":"Districos Webshop","description":"","publisher":{"@id":"https:\/\/districos.standingout.be\/fr\/#organization"},"potentialAction":[{"@type":"SearchAction","target":{"@type":"EntryPoint","urlTemplate":"https:\/\/districos.standingout.be\/fr\/?s={search_term_string}"},"query-input":{"@type":"PropertyValueSpecification","valueRequired":true,"valueName":"search_term_string"}}],"inLanguage":"fr-FR"},{"@type":"Organization","@id":"https:\/\/districos.standingout.be\/fr\/#organization","name":"Districos Webshop","url":"https:\/\/districos.standingout.be\/fr\/","logo":{"@type":"ImageObject","inLanguage":"fr-FR","@id":"https:\/\/districos.standingout.be\/fr\/#\/schema\/logo\/image\/","url":"https:\/\/districos.standingout.be\/wp-content\/uploads\/2022\/09\/Districos_Logo_Webshop.svg","contentUrl":"https:\/\/districos.standingout.be\/wp-content\/uploads\/2022\/09\/Districos_Logo_Webshop.svg","caption":"Districos Webshop"},"image":{"@id":"https:\/\/districos.standingout.be\/fr\/#\/schema\/logo\/image\/"}}]}},"_links":{"self":[{"href":"https:\/\/districos.standingout.be\/fr\/wp-json\/wp\/v2\/product\/142867","targetHints":{"allow":["GET"]}}],"collection":[{"href":"https:\/\/districos.standingout.be\/fr\/wp-json\/wp\/v2\/product"}],"about":[{"href":"https:\/\/districos.standingout.be\/fr\/wp-json\/wp\/v2\/types\/product"}],"replies":[{"embeddable":true,"href":"https:\/\/districos.standingout.be\/fr\/wp-json\/wp\/v2\/comments?post=142867"}],"wp:featuredmedia":[{"embeddable":true,"href":"https:\/\/districos.standingout.be\/fr\/wp-json\/wp\/v2\/media\/86141"}],"wp:attachment":[{"href":"https:\/\/districos.standingout.be\/fr\/wp-json\/wp\/v2\/media?parent=142867"}],"wp:term":[{"taxonomy":"product_brand","embeddable":true,"href":"https:\/\/districos.standingout.be\/fr\/wp-json\/wp\/v2\/product_brand?post=142867"},{"taxonomy":"product_cat","embeddable":true,"href":"https:\/\/districos.standingout.be\/fr\/wp-json\/wp\/v2\/product_cat?post=142867"},{"taxonomy":"product_tag","embeddable":true,"href":"https:\/\/districos.standingout.be\/fr\/wp-json\/wp\/v2\/product_tag?post=142867"}],"curies":[{"name":"wp","href":"https:\/\/api.w.org\/{rel}","templated":true}]}}