{"id":142869,"date":"2026-04-28T14:13:03","date_gmt":"2026-04-28T12:13:03","guid":{"rendered":"https:\/\/webshopdistricoscom.webhosting.be\/product\/staal-anesi-epigenesse-serum-renovateur-2-ml-ref-9480-02\/"},"modified":"2026-04-28T14:13:08","modified_gmt":"2026-04-28T12:13:08","slug":"staal-anesi-epigenesse-serum-renovateur-2-ml-ref-9480-02","status":"publish","type":"product","link":"https:\/\/districos.standingout.be\/fr\/product\/staal-anesi-epigenesse-serum-renovateur-2-ml-ref-9480-02\/","title":{"rendered":"Staal Anesi Epigenesse Serum R\u00e9novateur 2 ml"},"content":{"rendered":"<p >\n<p dir=\"ltr\">S\u00e9rum soyeux et riche en huile avec une concentration puissante d&rsquo;ingr\u00e9dients actifs pour renouveler et faire \u00e9clater la peau. Il r\u00e9pare l\u2019\u00e9lasticit\u00e9 de la peau et augmente l\u2019activit\u00e9 des fibroblastes. En plus, il prot\u00e8ge la peau contre le stress oxydatif.<\/p>\n<p dir=\"ltr\">\n<ul>\n<li>Ingr\u00e9dients actifs : Telosense\u00ae Biofunctional, niacinamide (vitamine B3), D-panth\u00e9nol, Peptide Q10, Rosehip Oil, vitamine F.<\/li>\n<li>Emballage : \u00e9chantillon de 2 ml.<\/li>\n<\/ul>\n<div><b>Mode d&#8217;emploi<\/b><\/div>\n<div><span>Appliquez quotidiennement sur une peau nettoy\u00e9e avant la cr\u00e8me de jour ou de nuit.<\/span><\/div>\n<div><span><br \/><\/span><\/div>\n<div><span><b>Aussi disponible<\/b><\/span><\/div>\n<p>Produit de vente de 30 ml (<u><a href=\"https:\/\/districos.com\/ProductDetail\/4300.71\" target=\"_blank\" rel=\"noopener noreferrer nofollow\">r\u00e9f. 4300.71<\/a><\/u>)<\/p>\n","protected":false},"excerpt":{"rendered":"<p>S\u00e9rum soyeux et riche en huile avec une concentration puissante d&rsquo;ingr\u00e9dients actifs pour renouveler et faire \u00e9clater la peau. Il r\u00e9pare l\u2019\u00e9lasticit\u00e9 de la peau et augmente l\u2019activit\u00e9 des fibroblastes. En plus, il prot\u00e8ge la peau contre le stress oxydatif. Ingr\u00e9dients actifs : Telosense\u00ae Biofunctional, niacinamide (vitamine B3), D-panth\u00e9nol, Peptide Q10, Rosehip Oil, vitamine F. [&hellip;]<\/p>\n","protected":false},"featured_media":86144,"comment_status":"open","ping_status":"closed","template":"","meta":{"_acf_changed":false},"product_brand":[10280],"product_cat":[9858,10226],"product_tag":[],"class_list":{"0":"post-142869","1":"product","2":"type-product","3":"status-publish","4":"has-post-thumbnail","6":"product_brand-anesi-fr","7":"product_cat-beaute-visage-anesi-visage","8":"product_cat-promotions-promotions-materiel-promotionnel","10":"first","11":"instock","12":"taxable","13":"shipping-taxable","14":"product-type-simple"},"acf":[],"yoast_head":"<!-- This site is optimized with the Yoast SEO plugin v27.3 - https:\/\/yoast.com\/product\/yoast-seo-wordpress\/ -->\n<title>Staal Anesi Epigenesse Serum R\u00e9novateur 2 ml - Districos Webshop<\/title>\n<meta name=\"robots\" content=\"noindex, follow, max-snippet:-1, max-image-preview:large, max-video-preview:-1\" \/>\n<meta property=\"og:locale\" content=\"fr_FR\" \/>\n<meta property=\"og:type\" content=\"article\" \/>\n<meta property=\"og:title\" content=\"Staal Anesi Epigenesse Serum R\u00e9novateur 2 ml - Districos Webshop\" \/>\n<meta property=\"og:description\" content=\"S\u00e9rum soyeux et riche en huile avec une concentration puissante d&rsquo;ingr\u00e9dients actifs pour renouveler et faire \u00e9clater la peau. Il r\u00e9pare l\u2019\u00e9lasticit\u00e9 de la peau et augmente l\u2019activit\u00e9 des fibroblastes. En plus, il prot\u00e8ge la peau contre le stress oxydatif. Ingr\u00e9dients actifs : Telosense\u00ae Biofunctional, niacinamide (vitamine B3), D-panth\u00e9nol, Peptide Q10, Rosehip Oil, vitamine F. [&hellip;]\" \/>\n<meta property=\"og:url\" content=\"https:\/\/districos.standingout.be\/fr\/product\/staal-anesi-epigenesse-serum-renovateur-2-ml-ref-9480-02\/\" \/>\n<meta property=\"og:site_name\" content=\"Districos Webshop\" \/>\n<meta property=\"article:modified_time\" content=\"2026-04-28T12:13:08+00:00\" \/>\n<meta name=\"twitter:card\" content=\"summary_large_image\" \/>\n<script type=\"application\/ld+json\" class=\"yoast-schema-graph\">{\"@context\":\"https:\\\/\\\/schema.org\",\"@graph\":[{\"@type\":\"WebPage\",\"@id\":\"https:\\\/\\\/districos.standingout.be\\\/fr\\\/product\\\/staal-anesi-epigenesse-serum-renovateur-2-ml-ref-9480-02\\\/\",\"url\":\"https:\\\/\\\/districos.standingout.be\\\/fr\\\/product\\\/staal-anesi-epigenesse-serum-renovateur-2-ml-ref-9480-02\\\/\",\"name\":\"Staal Anesi Epigenesse Serum R\u00e9novateur 2 ml - Districos Webshop\",\"isPartOf\":{\"@id\":\"https:\\\/\\\/districos.standingout.be\\\/fr\\\/#website\"},\"primaryImageOfPage\":{\"@id\":\"https:\\\/\\\/districos.standingout.be\\\/fr\\\/product\\\/staal-anesi-epigenesse-serum-renovateur-2-ml-ref-9480-02\\\/#primaryimage\"},\"image\":{\"@id\":\"https:\\\/\\\/districos.standingout.be\\\/fr\\\/product\\\/staal-anesi-epigenesse-serum-renovateur-2-ml-ref-9480-02\\\/#primaryimage\"},\"thumbnailUrl\":\"https:\\\/\\\/districos.standingout.be\\\/wp-content\\\/uploads\\\/2025\\\/07\\\/9480.02@LowRes_1_0.png\",\"datePublished\":\"2026-04-28T12:13:03+00:00\",\"dateModified\":\"2026-04-28T12:13:08+00:00\",\"breadcrumb\":{\"@id\":\"https:\\\/\\\/districos.standingout.be\\\/fr\\\/product\\\/staal-anesi-epigenesse-serum-renovateur-2-ml-ref-9480-02\\\/#breadcrumb\"},\"inLanguage\":\"fr-FR\",\"potentialAction\":[{\"@type\":\"ReadAction\",\"target\":[\"https:\\\/\\\/districos.standingout.be\\\/fr\\\/product\\\/staal-anesi-epigenesse-serum-renovateur-2-ml-ref-9480-02\\\/\"]}]},{\"@type\":\"ImageObject\",\"inLanguage\":\"fr-FR\",\"@id\":\"https:\\\/\\\/districos.standingout.be\\\/fr\\\/product\\\/staal-anesi-epigenesse-serum-renovateur-2-ml-ref-9480-02\\\/#primaryimage\",\"url\":\"https:\\\/\\\/districos.standingout.be\\\/wp-content\\\/uploads\\\/2025\\\/07\\\/9480.02@LowRes_1_0.png\",\"contentUrl\":\"https:\\\/\\\/districos.standingout.be\\\/wp-content\\\/uploads\\\/2025\\\/07\\\/9480.02@LowRes_1_0.png\",\"width\":600,\"height\":600},{\"@type\":\"BreadcrumbList\",\"@id\":\"https:\\\/\\\/districos.standingout.be\\\/fr\\\/product\\\/staal-anesi-epigenesse-serum-renovateur-2-ml-ref-9480-02\\\/#breadcrumb\",\"itemListElement\":[{\"@type\":\"ListItem\",\"position\":1,\"name\":\"Home\",\"item\":\"https:\\\/\\\/districos.standingout.be\\\/fr\\\/bienvenue-chez-districos\\\/\"},{\"@type\":\"ListItem\",\"position\":2,\"name\":\"Boutique\",\"item\":\"https:\\\/\\\/districos.standingout.be\\\/fr\\\/boutique\\\/\"},{\"@type\":\"ListItem\",\"position\":3,\"name\":\"Staal Anesi Epigenesse Serum R\u00e9novateur 2 ml\"}]},{\"@type\":\"WebSite\",\"@id\":\"https:\\\/\\\/districos.standingout.be\\\/fr\\\/#website\",\"url\":\"https:\\\/\\\/districos.standingout.be\\\/fr\\\/\",\"name\":\"Districos Webshop\",\"description\":\"\",\"publisher\":{\"@id\":\"https:\\\/\\\/districos.standingout.be\\\/fr\\\/#organization\"},\"potentialAction\":[{\"@type\":\"SearchAction\",\"target\":{\"@type\":\"EntryPoint\",\"urlTemplate\":\"https:\\\/\\\/districos.standingout.be\\\/fr\\\/?s={search_term_string}\"},\"query-input\":{\"@type\":\"PropertyValueSpecification\",\"valueRequired\":true,\"valueName\":\"search_term_string\"}}],\"inLanguage\":\"fr-FR\"},{\"@type\":\"Organization\",\"@id\":\"https:\\\/\\\/districos.standingout.be\\\/fr\\\/#organization\",\"name\":\"Districos Webshop\",\"url\":\"https:\\\/\\\/districos.standingout.be\\\/fr\\\/\",\"logo\":{\"@type\":\"ImageObject\",\"inLanguage\":\"fr-FR\",\"@id\":\"https:\\\/\\\/districos.standingout.be\\\/fr\\\/#\\\/schema\\\/logo\\\/image\\\/\",\"url\":\"https:\\\/\\\/districos.standingout.be\\\/wp-content\\\/uploads\\\/2022\\\/09\\\/Districos_Logo_Webshop.svg\",\"contentUrl\":\"https:\\\/\\\/districos.standingout.be\\\/wp-content\\\/uploads\\\/2022\\\/09\\\/Districos_Logo_Webshop.svg\",\"caption\":\"Districos Webshop\"},\"image\":{\"@id\":\"https:\\\/\\\/districos.standingout.be\\\/fr\\\/#\\\/schema\\\/logo\\\/image\\\/\"}}]}<\/script>\n<!-- \/ Yoast SEO plugin. -->","yoast_head_json":{"title":"Staal Anesi Epigenesse Serum R\u00e9novateur 2 ml - Districos Webshop","robots":{"index":"noindex","follow":"follow","max-snippet":"max-snippet:-1","max-image-preview":"max-image-preview:large","max-video-preview":"max-video-preview:-1"},"og_locale":"fr_FR","og_type":"article","og_title":"Staal Anesi Epigenesse Serum R\u00e9novateur 2 ml - Districos Webshop","og_description":"S\u00e9rum soyeux et riche en huile avec une concentration puissante d&rsquo;ingr\u00e9dients actifs pour renouveler et faire \u00e9clater la peau. Il r\u00e9pare l\u2019\u00e9lasticit\u00e9 de la peau et augmente l\u2019activit\u00e9 des fibroblastes. En plus, il prot\u00e8ge la peau contre le stress oxydatif. Ingr\u00e9dients actifs : Telosense\u00ae Biofunctional, niacinamide (vitamine B3), D-panth\u00e9nol, Peptide Q10, Rosehip Oil, vitamine F. [&hellip;]","og_url":"https:\/\/districos.standingout.be\/fr\/product\/staal-anesi-epigenesse-serum-renovateur-2-ml-ref-9480-02\/","og_site_name":"Districos Webshop","article_modified_time":"2026-04-28T12:13:08+00:00","twitter_card":"summary_large_image","schema":{"@context":"https:\/\/schema.org","@graph":[{"@type":"WebPage","@id":"https:\/\/districos.standingout.be\/fr\/product\/staal-anesi-epigenesse-serum-renovateur-2-ml-ref-9480-02\/","url":"https:\/\/districos.standingout.be\/fr\/product\/staal-anesi-epigenesse-serum-renovateur-2-ml-ref-9480-02\/","name":"Staal Anesi Epigenesse Serum R\u00e9novateur 2 ml - Districos Webshop","isPartOf":{"@id":"https:\/\/districos.standingout.be\/fr\/#website"},"primaryImageOfPage":{"@id":"https:\/\/districos.standingout.be\/fr\/product\/staal-anesi-epigenesse-serum-renovateur-2-ml-ref-9480-02\/#primaryimage"},"image":{"@id":"https:\/\/districos.standingout.be\/fr\/product\/staal-anesi-epigenesse-serum-renovateur-2-ml-ref-9480-02\/#primaryimage"},"thumbnailUrl":"https:\/\/districos.standingout.be\/wp-content\/uploads\/2025\/07\/9480.02@LowRes_1_0.png","datePublished":"2026-04-28T12:13:03+00:00","dateModified":"2026-04-28T12:13:08+00:00","breadcrumb":{"@id":"https:\/\/districos.standingout.be\/fr\/product\/staal-anesi-epigenesse-serum-renovateur-2-ml-ref-9480-02\/#breadcrumb"},"inLanguage":"fr-FR","potentialAction":[{"@type":"ReadAction","target":["https:\/\/districos.standingout.be\/fr\/product\/staal-anesi-epigenesse-serum-renovateur-2-ml-ref-9480-02\/"]}]},{"@type":"ImageObject","inLanguage":"fr-FR","@id":"https:\/\/districos.standingout.be\/fr\/product\/staal-anesi-epigenesse-serum-renovateur-2-ml-ref-9480-02\/#primaryimage","url":"https:\/\/districos.standingout.be\/wp-content\/uploads\/2025\/07\/9480.02@LowRes_1_0.png","contentUrl":"https:\/\/districos.standingout.be\/wp-content\/uploads\/2025\/07\/9480.02@LowRes_1_0.png","width":600,"height":600},{"@type":"BreadcrumbList","@id":"https:\/\/districos.standingout.be\/fr\/product\/staal-anesi-epigenesse-serum-renovateur-2-ml-ref-9480-02\/#breadcrumb","itemListElement":[{"@type":"ListItem","position":1,"name":"Home","item":"https:\/\/districos.standingout.be\/fr\/bienvenue-chez-districos\/"},{"@type":"ListItem","position":2,"name":"Boutique","item":"https:\/\/districos.standingout.be\/fr\/boutique\/"},{"@type":"ListItem","position":3,"name":"Staal Anesi Epigenesse Serum R\u00e9novateur 2 ml"}]},{"@type":"WebSite","@id":"https:\/\/districos.standingout.be\/fr\/#website","url":"https:\/\/districos.standingout.be\/fr\/","name":"Districos Webshop","description":"","publisher":{"@id":"https:\/\/districos.standingout.be\/fr\/#organization"},"potentialAction":[{"@type":"SearchAction","target":{"@type":"EntryPoint","urlTemplate":"https:\/\/districos.standingout.be\/fr\/?s={search_term_string}"},"query-input":{"@type":"PropertyValueSpecification","valueRequired":true,"valueName":"search_term_string"}}],"inLanguage":"fr-FR"},{"@type":"Organization","@id":"https:\/\/districos.standingout.be\/fr\/#organization","name":"Districos Webshop","url":"https:\/\/districos.standingout.be\/fr\/","logo":{"@type":"ImageObject","inLanguage":"fr-FR","@id":"https:\/\/districos.standingout.be\/fr\/#\/schema\/logo\/image\/","url":"https:\/\/districos.standingout.be\/wp-content\/uploads\/2022\/09\/Districos_Logo_Webshop.svg","contentUrl":"https:\/\/districos.standingout.be\/wp-content\/uploads\/2022\/09\/Districos_Logo_Webshop.svg","caption":"Districos Webshop"},"image":{"@id":"https:\/\/districos.standingout.be\/fr\/#\/schema\/logo\/image\/"}}]}},"_links":{"self":[{"href":"https:\/\/districos.standingout.be\/fr\/wp-json\/wp\/v2\/product\/142869","targetHints":{"allow":["GET"]}}],"collection":[{"href":"https:\/\/districos.standingout.be\/fr\/wp-json\/wp\/v2\/product"}],"about":[{"href":"https:\/\/districos.standingout.be\/fr\/wp-json\/wp\/v2\/types\/product"}],"replies":[{"embeddable":true,"href":"https:\/\/districos.standingout.be\/fr\/wp-json\/wp\/v2\/comments?post=142869"}],"wp:featuredmedia":[{"embeddable":true,"href":"https:\/\/districos.standingout.be\/fr\/wp-json\/wp\/v2\/media\/86144"}],"wp:attachment":[{"href":"https:\/\/districos.standingout.be\/fr\/wp-json\/wp\/v2\/media?parent=142869"}],"wp:term":[{"taxonomy":"product_brand","embeddable":true,"href":"https:\/\/districos.standingout.be\/fr\/wp-json\/wp\/v2\/product_brand?post=142869"},{"taxonomy":"product_cat","embeddable":true,"href":"https:\/\/districos.standingout.be\/fr\/wp-json\/wp\/v2\/product_cat?post=142869"},{"taxonomy":"product_tag","embeddable":true,"href":"https:\/\/districos.standingout.be\/fr\/wp-json\/wp\/v2\/product_tag?post=142869"}],"curies":[{"name":"wp","href":"https:\/\/api.w.org\/{rel}","templated":true}]}}