{"id":142879,"date":"2026-04-28T14:13:50","date_gmt":"2026-04-28T12:13:50","guid":{"rendered":"https:\/\/webshopdistricoscom.webhosting.be\/product\/anesi-masque-de-sommeil-en-satin-rose-ref-9481-835\/"},"modified":"2026-04-28T14:13:53","modified_gmt":"2026-04-28T12:13:53","slug":"anesi-masque-de-sommeil-en-satin-rose-ref-9481-835","status":"publish","type":"product","link":"https:\/\/districos.standingout.be\/fr\/product\/anesi-masque-de-sommeil-en-satin-rose-ref-9481-835\/","title":{"rendered":"Anesi Masque de Sommeil en Satin Rose"},"content":{"rendered":"<p >\n<\/p>\n<p><span>Offrez-vous une nuit de sommeil parfaite avec le masque de sommeil en satin Anesi. Confectionn\u00e9 dans un tissu satin\u00e9 doux et orn\u00e9 d\u2019un discret logo gris Anesi, ce masque pour les yeux offre une exp\u00e9rience de sommeil \u00e0 la fois confortable et luxueuse. Id\u00e9al \u00e0 associer avec le <\/span><em data-start=\"516\" data-end=\"543\">Harmony Beauty Sleep Mask<\/em><span> d\u2019Anesi&nbsp;<\/span><span>(<\/span><a href=\"https:\/\/webshop.districos.com\/ProductDetail\/4177\"style=\"font-size: 10pt;\" target=\"_blank\" rel=\"noopener noreferrer nofollow\">r\u00e9f. 4177<\/a><span>)<\/span><span>&nbsp;pour une routine de soin nocturne compl\u00e8te. Tandis que le masque de sommeil favorise un repos paisible et r\u00e9parateur, le <\/span><em data-start=\"677\" data-end=\"696\">Beauty Sleep Mask<\/em><span>&nbsp;<\/span><span>(<\/span><a href=\"https:\/\/webshop.districos.com\/ProductDetail\/4177\"style=\"font-size: 10pt;\" target=\"_blank\" rel=\"noopener noreferrer nofollow\">r\u00e9f. 4177<\/a><span>)<\/span><span>&nbsp;nourrit la peau gr\u00e2ce \u00e0 des actifs essentiels pour un teint \u00e9clatant au r\u00e9veil.<\/span><\/p>\n","protected":false},"excerpt":{"rendered":"<p>Offrez-vous une nuit de sommeil parfaite avec le masque de sommeil en satin Anesi. Confectionn\u00e9 dans un tissu satin\u00e9 doux et orn\u00e9 d\u2019un discret logo gris Anesi, ce masque pour les yeux offre une exp\u00e9rience de sommeil \u00e0 la fois confortable et luxueuse. Id\u00e9al \u00e0 associer avec le Harmony Beauty Sleep Mask d\u2019Anesi&nbsp;(r\u00e9f. 4177)&nbsp;pour une [&hellip;]<\/p>\n","protected":false},"featured_media":148976,"comment_status":"open","ping_status":"closed","template":"","meta":{"_acf_changed":false},"product_brand":[10280],"product_cat":[9964],"product_tag":[],"class_list":{"0":"post-142879","1":"product","2":"type-product","3":"status-publish","4":"has-post-thumbnail","6":"product_brand-anesi-fr","7":"product_cat-beaute-materiel-pratique-textile","9":"first","10":"instock","11":"taxable","12":"shipping-taxable","13":"product-type-simple"},"acf":[],"yoast_head":"<!-- This site is optimized with the Yoast SEO plugin v27.3 - https:\/\/yoast.com\/product\/yoast-seo-wordpress\/ -->\n<title>Anesi Masque de Sommeil en Satin Rose - Districos Webshop<\/title>\n<meta name=\"robots\" content=\"noindex, follow, max-snippet:-1, max-image-preview:large, max-video-preview:-1\" \/>\n<meta property=\"og:locale\" content=\"fr_FR\" \/>\n<meta property=\"og:type\" content=\"article\" \/>\n<meta property=\"og:title\" content=\"Anesi Masque de Sommeil en Satin Rose - Districos Webshop\" \/>\n<meta property=\"og:description\" content=\"Offrez-vous une nuit de sommeil parfaite avec le masque de sommeil en satin Anesi. Confectionn\u00e9 dans un tissu satin\u00e9 doux et orn\u00e9 d\u2019un discret logo gris Anesi, ce masque pour les yeux offre une exp\u00e9rience de sommeil \u00e0 la fois confortable et luxueuse. Id\u00e9al \u00e0 associer avec le Harmony Beauty Sleep Mask d\u2019Anesi&nbsp;(r\u00e9f. 4177)&nbsp;pour une [&hellip;]\" \/>\n<meta property=\"og:url\" content=\"https:\/\/districos.standingout.be\/fr\/product\/anesi-masque-de-sommeil-en-satin-rose-ref-9481-835\/\" \/>\n<meta property=\"og:site_name\" content=\"Districos Webshop\" \/>\n<meta property=\"article:modified_time\" content=\"2026-04-28T12:13:53+00:00\" \/>\n<meta name=\"twitter:card\" content=\"summary_large_image\" \/>\n<meta name=\"twitter:label1\" content=\"Dur\u00e9e de lecture estim\u00e9e\" \/>\n\t<meta name=\"twitter:data1\" content=\"1 minute\" \/>\n<script type=\"application\/ld+json\" class=\"yoast-schema-graph\">{\"@context\":\"https:\\\/\\\/schema.org\",\"@graph\":[{\"@type\":\"WebPage\",\"@id\":\"https:\\\/\\\/districos.standingout.be\\\/fr\\\/product\\\/anesi-masque-de-sommeil-en-satin-rose-ref-9481-835\\\/\",\"url\":\"https:\\\/\\\/districos.standingout.be\\\/fr\\\/product\\\/anesi-masque-de-sommeil-en-satin-rose-ref-9481-835\\\/\",\"name\":\"Anesi Masque de Sommeil en Satin Rose - Districos Webshop\",\"isPartOf\":{\"@id\":\"https:\\\/\\\/districos.standingout.be\\\/fr\\\/#website\"},\"primaryImageOfPage\":{\"@id\":\"https:\\\/\\\/districos.standingout.be\\\/fr\\\/product\\\/anesi-masque-de-sommeil-en-satin-rose-ref-9481-835\\\/#primaryimage\"},\"image\":{\"@id\":\"https:\\\/\\\/districos.standingout.be\\\/fr\\\/product\\\/anesi-masque-de-sommeil-en-satin-rose-ref-9481-835\\\/#primaryimage\"},\"thumbnailUrl\":\"https:\\\/\\\/districos.standingout.be\\\/wp-content\\\/uploads\\\/2026\\\/04\\\/9481.835@Anesi-Satijnen-Slaapmasker-Roze_1.png\",\"datePublished\":\"2026-04-28T12:13:50+00:00\",\"dateModified\":\"2026-04-28T12:13:53+00:00\",\"breadcrumb\":{\"@id\":\"https:\\\/\\\/districos.standingout.be\\\/fr\\\/product\\\/anesi-masque-de-sommeil-en-satin-rose-ref-9481-835\\\/#breadcrumb\"},\"inLanguage\":\"fr-FR\",\"potentialAction\":[{\"@type\":\"ReadAction\",\"target\":[\"https:\\\/\\\/districos.standingout.be\\\/fr\\\/product\\\/anesi-masque-de-sommeil-en-satin-rose-ref-9481-835\\\/\"]}]},{\"@type\":\"ImageObject\",\"inLanguage\":\"fr-FR\",\"@id\":\"https:\\\/\\\/districos.standingout.be\\\/fr\\\/product\\\/anesi-masque-de-sommeil-en-satin-rose-ref-9481-835\\\/#primaryimage\",\"url\":\"https:\\\/\\\/districos.standingout.be\\\/wp-content\\\/uploads\\\/2026\\\/04\\\/9481.835@Anesi-Satijnen-Slaapmasker-Roze_1.png\",\"contentUrl\":\"https:\\\/\\\/districos.standingout.be\\\/wp-content\\\/uploads\\\/2026\\\/04\\\/9481.835@Anesi-Satijnen-Slaapmasker-Roze_1.png\",\"width\":600,\"height\":600},{\"@type\":\"BreadcrumbList\",\"@id\":\"https:\\\/\\\/districos.standingout.be\\\/fr\\\/product\\\/anesi-masque-de-sommeil-en-satin-rose-ref-9481-835\\\/#breadcrumb\",\"itemListElement\":[{\"@type\":\"ListItem\",\"position\":1,\"name\":\"Home\",\"item\":\"https:\\\/\\\/districos.standingout.be\\\/fr\\\/bienvenue-chez-districos\\\/\"},{\"@type\":\"ListItem\",\"position\":2,\"name\":\"Boutique\",\"item\":\"https:\\\/\\\/districos.standingout.be\\\/fr\\\/boutique\\\/\"},{\"@type\":\"ListItem\",\"position\":3,\"name\":\"Anesi Masque de Sommeil en Satin Rose\"}]},{\"@type\":\"WebSite\",\"@id\":\"https:\\\/\\\/districos.standingout.be\\\/fr\\\/#website\",\"url\":\"https:\\\/\\\/districos.standingout.be\\\/fr\\\/\",\"name\":\"Districos Webshop\",\"description\":\"\",\"publisher\":{\"@id\":\"https:\\\/\\\/districos.standingout.be\\\/fr\\\/#organization\"},\"potentialAction\":[{\"@type\":\"SearchAction\",\"target\":{\"@type\":\"EntryPoint\",\"urlTemplate\":\"https:\\\/\\\/districos.standingout.be\\\/fr\\\/?s={search_term_string}\"},\"query-input\":{\"@type\":\"PropertyValueSpecification\",\"valueRequired\":true,\"valueName\":\"search_term_string\"}}],\"inLanguage\":\"fr-FR\"},{\"@type\":\"Organization\",\"@id\":\"https:\\\/\\\/districos.standingout.be\\\/fr\\\/#organization\",\"name\":\"Districos Webshop\",\"url\":\"https:\\\/\\\/districos.standingout.be\\\/fr\\\/\",\"logo\":{\"@type\":\"ImageObject\",\"inLanguage\":\"fr-FR\",\"@id\":\"https:\\\/\\\/districos.standingout.be\\\/fr\\\/#\\\/schema\\\/logo\\\/image\\\/\",\"url\":\"https:\\\/\\\/districos.standingout.be\\\/wp-content\\\/uploads\\\/2022\\\/09\\\/Districos_Logo_Webshop.svg\",\"contentUrl\":\"https:\\\/\\\/districos.standingout.be\\\/wp-content\\\/uploads\\\/2022\\\/09\\\/Districos_Logo_Webshop.svg\",\"caption\":\"Districos Webshop\"},\"image\":{\"@id\":\"https:\\\/\\\/districos.standingout.be\\\/fr\\\/#\\\/schema\\\/logo\\\/image\\\/\"}}]}<\/script>\n<!-- \/ Yoast SEO plugin. -->","yoast_head_json":{"title":"Anesi Masque de Sommeil en Satin Rose - Districos Webshop","robots":{"index":"noindex","follow":"follow","max-snippet":"max-snippet:-1","max-image-preview":"max-image-preview:large","max-video-preview":"max-video-preview:-1"},"og_locale":"fr_FR","og_type":"article","og_title":"Anesi Masque de Sommeil en Satin Rose - Districos Webshop","og_description":"Offrez-vous une nuit de sommeil parfaite avec le masque de sommeil en satin Anesi. Confectionn\u00e9 dans un tissu satin\u00e9 doux et orn\u00e9 d\u2019un discret logo gris Anesi, ce masque pour les yeux offre une exp\u00e9rience de sommeil \u00e0 la fois confortable et luxueuse. Id\u00e9al \u00e0 associer avec le Harmony Beauty Sleep Mask d\u2019Anesi&nbsp;(r\u00e9f. 4177)&nbsp;pour une [&hellip;]","og_url":"https:\/\/districos.standingout.be\/fr\/product\/anesi-masque-de-sommeil-en-satin-rose-ref-9481-835\/","og_site_name":"Districos Webshop","article_modified_time":"2026-04-28T12:13:53+00:00","twitter_card":"summary_large_image","twitter_misc":{"Dur\u00e9e de lecture estim\u00e9e":"1 minute"},"schema":{"@context":"https:\/\/schema.org","@graph":[{"@type":"WebPage","@id":"https:\/\/districos.standingout.be\/fr\/product\/anesi-masque-de-sommeil-en-satin-rose-ref-9481-835\/","url":"https:\/\/districos.standingout.be\/fr\/product\/anesi-masque-de-sommeil-en-satin-rose-ref-9481-835\/","name":"Anesi Masque de Sommeil en Satin Rose - Districos Webshop","isPartOf":{"@id":"https:\/\/districos.standingout.be\/fr\/#website"},"primaryImageOfPage":{"@id":"https:\/\/districos.standingout.be\/fr\/product\/anesi-masque-de-sommeil-en-satin-rose-ref-9481-835\/#primaryimage"},"image":{"@id":"https:\/\/districos.standingout.be\/fr\/product\/anesi-masque-de-sommeil-en-satin-rose-ref-9481-835\/#primaryimage"},"thumbnailUrl":"https:\/\/districos.standingout.be\/wp-content\/uploads\/2026\/04\/9481.835@Anesi-Satijnen-Slaapmasker-Roze_1.png","datePublished":"2026-04-28T12:13:50+00:00","dateModified":"2026-04-28T12:13:53+00:00","breadcrumb":{"@id":"https:\/\/districos.standingout.be\/fr\/product\/anesi-masque-de-sommeil-en-satin-rose-ref-9481-835\/#breadcrumb"},"inLanguage":"fr-FR","potentialAction":[{"@type":"ReadAction","target":["https:\/\/districos.standingout.be\/fr\/product\/anesi-masque-de-sommeil-en-satin-rose-ref-9481-835\/"]}]},{"@type":"ImageObject","inLanguage":"fr-FR","@id":"https:\/\/districos.standingout.be\/fr\/product\/anesi-masque-de-sommeil-en-satin-rose-ref-9481-835\/#primaryimage","url":"https:\/\/districos.standingout.be\/wp-content\/uploads\/2026\/04\/9481.835@Anesi-Satijnen-Slaapmasker-Roze_1.png","contentUrl":"https:\/\/districos.standingout.be\/wp-content\/uploads\/2026\/04\/9481.835@Anesi-Satijnen-Slaapmasker-Roze_1.png","width":600,"height":600},{"@type":"BreadcrumbList","@id":"https:\/\/districos.standingout.be\/fr\/product\/anesi-masque-de-sommeil-en-satin-rose-ref-9481-835\/#breadcrumb","itemListElement":[{"@type":"ListItem","position":1,"name":"Home","item":"https:\/\/districos.standingout.be\/fr\/bienvenue-chez-districos\/"},{"@type":"ListItem","position":2,"name":"Boutique","item":"https:\/\/districos.standingout.be\/fr\/boutique\/"},{"@type":"ListItem","position":3,"name":"Anesi Masque de Sommeil en Satin Rose"}]},{"@type":"WebSite","@id":"https:\/\/districos.standingout.be\/fr\/#website","url":"https:\/\/districos.standingout.be\/fr\/","name":"Districos Webshop","description":"","publisher":{"@id":"https:\/\/districos.standingout.be\/fr\/#organization"},"potentialAction":[{"@type":"SearchAction","target":{"@type":"EntryPoint","urlTemplate":"https:\/\/districos.standingout.be\/fr\/?s={search_term_string}"},"query-input":{"@type":"PropertyValueSpecification","valueRequired":true,"valueName":"search_term_string"}}],"inLanguage":"fr-FR"},{"@type":"Organization","@id":"https:\/\/districos.standingout.be\/fr\/#organization","name":"Districos Webshop","url":"https:\/\/districos.standingout.be\/fr\/","logo":{"@type":"ImageObject","inLanguage":"fr-FR","@id":"https:\/\/districos.standingout.be\/fr\/#\/schema\/logo\/image\/","url":"https:\/\/districos.standingout.be\/wp-content\/uploads\/2022\/09\/Districos_Logo_Webshop.svg","contentUrl":"https:\/\/districos.standingout.be\/wp-content\/uploads\/2022\/09\/Districos_Logo_Webshop.svg","caption":"Districos Webshop"},"image":{"@id":"https:\/\/districos.standingout.be\/fr\/#\/schema\/logo\/image\/"}}]}},"_links":{"self":[{"href":"https:\/\/districos.standingout.be\/fr\/wp-json\/wp\/v2\/product\/142879","targetHints":{"allow":["GET"]}}],"collection":[{"href":"https:\/\/districos.standingout.be\/fr\/wp-json\/wp\/v2\/product"}],"about":[{"href":"https:\/\/districos.standingout.be\/fr\/wp-json\/wp\/v2\/types\/product"}],"replies":[{"embeddable":true,"href":"https:\/\/districos.standingout.be\/fr\/wp-json\/wp\/v2\/comments?post=142879"}],"wp:featuredmedia":[{"embeddable":true,"href":"https:\/\/districos.standingout.be\/fr\/wp-json\/wp\/v2\/media\/148976"}],"wp:attachment":[{"href":"https:\/\/districos.standingout.be\/fr\/wp-json\/wp\/v2\/media?parent=142879"}],"wp:term":[{"taxonomy":"product_brand","embeddable":true,"href":"https:\/\/districos.standingout.be\/fr\/wp-json\/wp\/v2\/product_brand?post=142879"},{"taxonomy":"product_cat","embeddable":true,"href":"https:\/\/districos.standingout.be\/fr\/wp-json\/wp\/v2\/product_cat?post=142879"},{"taxonomy":"product_tag","embeddable":true,"href":"https:\/\/districos.standingout.be\/fr\/wp-json\/wp\/v2\/product_tag?post=142879"}],"curies":[{"name":"wp","href":"https:\/\/api.w.org\/{rel}","templated":true}]}}