{"id":142919,"date":"2026-04-28T14:17:34","date_gmt":"2026-04-28T12:17:34","guid":{"rendered":"https:\/\/webshopdistricoscom.webhosting.be\/product\/echantillon-gehwol-baume-peau-seche-et-gercee-5-ml-ref-9550-24\/"},"modified":"2026-04-28T14:17:41","modified_gmt":"2026-04-28T12:17:41","slug":"echantillon-gehwol-baume-peau-seche-et-gercee-5-ml-ref-9550-24","status":"publish","type":"product","link":"https:\/\/districos.standingout.be\/fr\/product\/echantillon-gehwol-baume-peau-seche-et-gercee-5-ml-ref-9550-24\/","title":{"rendered":"\u00c9chantillon Gehwol Baume &#8211; Peau S\u00e8che et Gerc\u00e9e 5 ml"},"content":{"rendered":"<p >\n<p dir=ltr>Baume pour les pieds rafra\u00eechissant et revitalisant pour les peaux rugueuses, s\u00e8ches et gerc\u00e9es. Soigne, d\u00e9tend et d\u00e9sodorise la peau. La peau retrouve sa souplesse et sa r\u00e9sistance face aux charges quotidiennes. <\/p><\/p>\n","protected":false},"excerpt":{"rendered":"<p>Baume pour les pieds rafra\u00eechissant et revitalisant pour les peaux rugueuses, s\u00e8ches et gerc\u00e9es. Soigne, d\u00e9tend et d\u00e9sodorise la peau. La peau retrouve sa souplesse et sa r\u00e9sistance face aux charges quotidiennes.<\/p>\n","protected":false},"featured_media":86213,"comment_status":"open","ping_status":"closed","template":"","meta":{"_acf_changed":false},"product_brand":[10408],"product_cat":[10078,10084,10226,9946],"product_tag":[],"class_list":{"0":"post-142919","1":"product","2":"type-product","3":"status-publish","4":"has-post-thumbnail","6":"product_brand-gehwol-fr","7":"product_cat-soins-des-pieds-podologie-produits-de-soin-cremes-lotions","8":"product_cat-soins-des-pieds-podologie-produits-de-soin-gehwoll","9":"product_cat-promotions-promotions-materiel-promotionnel","10":"product_cat-beaute-pedicure-produits-de-soin","12":"first","13":"instock","14":"taxable","15":"shipping-taxable","16":"product-type-simple"},"acf":[],"yoast_head":"<!-- This site is optimized with the Yoast SEO plugin v27.3 - https:\/\/yoast.com\/product\/yoast-seo-wordpress\/ -->\n<title>\u00c9chantillon Gehwol Baume - Peau S\u00e8che et Gerc\u00e9e 5 ml - Districos Webshop<\/title>\n<meta name=\"robots\" content=\"noindex, follow, max-snippet:-1, max-image-preview:large, max-video-preview:-1\" \/>\n<meta property=\"og:locale\" content=\"fr_FR\" \/>\n<meta property=\"og:type\" content=\"article\" \/>\n<meta property=\"og:title\" content=\"\u00c9chantillon Gehwol Baume - Peau S\u00e8che et Gerc\u00e9e 5 ml - Districos Webshop\" \/>\n<meta property=\"og:description\" content=\"Baume pour les pieds rafra\u00eechissant et revitalisant pour les peaux rugueuses, s\u00e8ches et gerc\u00e9es. Soigne, d\u00e9tend et d\u00e9sodorise la peau. La peau retrouve sa souplesse et sa r\u00e9sistance face aux charges quotidiennes.\" \/>\n<meta property=\"og:url\" content=\"https:\/\/districos.standingout.be\/fr\/product\/echantillon-gehwol-baume-peau-seche-et-gercee-5-ml-ref-9550-24\/\" \/>\n<meta property=\"og:site_name\" content=\"Districos Webshop\" \/>\n<meta property=\"article:modified_time\" content=\"2026-04-28T12:17:41+00:00\" \/>\n<meta name=\"twitter:card\" content=\"summary_large_image\" \/>\n<script type=\"application\/ld+json\" class=\"yoast-schema-graph\">{\"@context\":\"https:\\\/\\\/schema.org\",\"@graph\":[{\"@type\":\"WebPage\",\"@id\":\"https:\\\/\\\/districos.standingout.be\\\/fr\\\/product\\\/echantillon-gehwol-baume-peau-seche-et-gercee-5-ml-ref-9550-24\\\/\",\"url\":\"https:\\\/\\\/districos.standingout.be\\\/fr\\\/product\\\/echantillon-gehwol-baume-peau-seche-et-gercee-5-ml-ref-9550-24\\\/\",\"name\":\"\u00c9chantillon Gehwol Baume - Peau S\u00e8che et Gerc\u00e9e 5 ml - Districos Webshop\",\"isPartOf\":{\"@id\":\"https:\\\/\\\/districos.standingout.be\\\/fr\\\/#website\"},\"primaryImageOfPage\":{\"@id\":\"https:\\\/\\\/districos.standingout.be\\\/fr\\\/product\\\/echantillon-gehwol-baume-peau-seche-et-gercee-5-ml-ref-9550-24\\\/#primaryimage\"},\"image\":{\"@id\":\"https:\\\/\\\/districos.standingout.be\\\/fr\\\/product\\\/echantillon-gehwol-baume-peau-seche-et-gercee-5-ml-ref-9550-24\\\/#primaryimage\"},\"thumbnailUrl\":\"https:\\\/\\\/districos.standingout.be\\\/wp-content\\\/uploads\\\/2025\\\/07\\\/9550.24@LowRes_0.png\",\"datePublished\":\"2026-04-28T12:17:34+00:00\",\"dateModified\":\"2026-04-28T12:17:41+00:00\",\"breadcrumb\":{\"@id\":\"https:\\\/\\\/districos.standingout.be\\\/fr\\\/product\\\/echantillon-gehwol-baume-peau-seche-et-gercee-5-ml-ref-9550-24\\\/#breadcrumb\"},\"inLanguage\":\"fr-FR\",\"potentialAction\":[{\"@type\":\"ReadAction\",\"target\":[\"https:\\\/\\\/districos.standingout.be\\\/fr\\\/product\\\/echantillon-gehwol-baume-peau-seche-et-gercee-5-ml-ref-9550-24\\\/\"]}]},{\"@type\":\"ImageObject\",\"inLanguage\":\"fr-FR\",\"@id\":\"https:\\\/\\\/districos.standingout.be\\\/fr\\\/product\\\/echantillon-gehwol-baume-peau-seche-et-gercee-5-ml-ref-9550-24\\\/#primaryimage\",\"url\":\"https:\\\/\\\/districos.standingout.be\\\/wp-content\\\/uploads\\\/2025\\\/07\\\/9550.24@LowRes_0.png\",\"contentUrl\":\"https:\\\/\\\/districos.standingout.be\\\/wp-content\\\/uploads\\\/2025\\\/07\\\/9550.24@LowRes_0.png\",\"width\":600,\"height\":600},{\"@type\":\"BreadcrumbList\",\"@id\":\"https:\\\/\\\/districos.standingout.be\\\/fr\\\/product\\\/echantillon-gehwol-baume-peau-seche-et-gercee-5-ml-ref-9550-24\\\/#breadcrumb\",\"itemListElement\":[{\"@type\":\"ListItem\",\"position\":1,\"name\":\"Home\",\"item\":\"https:\\\/\\\/districos.standingout.be\\\/fr\\\/bienvenue-chez-districos\\\/\"},{\"@type\":\"ListItem\",\"position\":2,\"name\":\"Boutique\",\"item\":\"https:\\\/\\\/districos.standingout.be\\\/fr\\\/boutique\\\/\"},{\"@type\":\"ListItem\",\"position\":3,\"name\":\"\u00c9chantillon Gehwol Baume &#8211; Peau S\u00e8che et Gerc\u00e9e 5 ml\"}]},{\"@type\":\"WebSite\",\"@id\":\"https:\\\/\\\/districos.standingout.be\\\/fr\\\/#website\",\"url\":\"https:\\\/\\\/districos.standingout.be\\\/fr\\\/\",\"name\":\"Districos Webshop\",\"description\":\"\",\"publisher\":{\"@id\":\"https:\\\/\\\/districos.standingout.be\\\/fr\\\/#organization\"},\"potentialAction\":[{\"@type\":\"SearchAction\",\"target\":{\"@type\":\"EntryPoint\",\"urlTemplate\":\"https:\\\/\\\/districos.standingout.be\\\/fr\\\/?s={search_term_string}\"},\"query-input\":{\"@type\":\"PropertyValueSpecification\",\"valueRequired\":true,\"valueName\":\"search_term_string\"}}],\"inLanguage\":\"fr-FR\"},{\"@type\":\"Organization\",\"@id\":\"https:\\\/\\\/districos.standingout.be\\\/fr\\\/#organization\",\"name\":\"Districos Webshop\",\"url\":\"https:\\\/\\\/districos.standingout.be\\\/fr\\\/\",\"logo\":{\"@type\":\"ImageObject\",\"inLanguage\":\"fr-FR\",\"@id\":\"https:\\\/\\\/districos.standingout.be\\\/fr\\\/#\\\/schema\\\/logo\\\/image\\\/\",\"url\":\"https:\\\/\\\/districos.standingout.be\\\/wp-content\\\/uploads\\\/2022\\\/09\\\/Districos_Logo_Webshop.svg\",\"contentUrl\":\"https:\\\/\\\/districos.standingout.be\\\/wp-content\\\/uploads\\\/2022\\\/09\\\/Districos_Logo_Webshop.svg\",\"caption\":\"Districos Webshop\"},\"image\":{\"@id\":\"https:\\\/\\\/districos.standingout.be\\\/fr\\\/#\\\/schema\\\/logo\\\/image\\\/\"}}]}<\/script>\n<!-- \/ Yoast SEO plugin. -->","yoast_head_json":{"title":"\u00c9chantillon Gehwol Baume - Peau S\u00e8che et Gerc\u00e9e 5 ml - Districos Webshop","robots":{"index":"noindex","follow":"follow","max-snippet":"max-snippet:-1","max-image-preview":"max-image-preview:large","max-video-preview":"max-video-preview:-1"},"og_locale":"fr_FR","og_type":"article","og_title":"\u00c9chantillon Gehwol Baume - Peau S\u00e8che et Gerc\u00e9e 5 ml - Districos Webshop","og_description":"Baume pour les pieds rafra\u00eechissant et revitalisant pour les peaux rugueuses, s\u00e8ches et gerc\u00e9es. Soigne, d\u00e9tend et d\u00e9sodorise la peau. La peau retrouve sa souplesse et sa r\u00e9sistance face aux charges quotidiennes.","og_url":"https:\/\/districos.standingout.be\/fr\/product\/echantillon-gehwol-baume-peau-seche-et-gercee-5-ml-ref-9550-24\/","og_site_name":"Districos Webshop","article_modified_time":"2026-04-28T12:17:41+00:00","twitter_card":"summary_large_image","schema":{"@context":"https:\/\/schema.org","@graph":[{"@type":"WebPage","@id":"https:\/\/districos.standingout.be\/fr\/product\/echantillon-gehwol-baume-peau-seche-et-gercee-5-ml-ref-9550-24\/","url":"https:\/\/districos.standingout.be\/fr\/product\/echantillon-gehwol-baume-peau-seche-et-gercee-5-ml-ref-9550-24\/","name":"\u00c9chantillon Gehwol Baume - Peau S\u00e8che et Gerc\u00e9e 5 ml - Districos Webshop","isPartOf":{"@id":"https:\/\/districos.standingout.be\/fr\/#website"},"primaryImageOfPage":{"@id":"https:\/\/districos.standingout.be\/fr\/product\/echantillon-gehwol-baume-peau-seche-et-gercee-5-ml-ref-9550-24\/#primaryimage"},"image":{"@id":"https:\/\/districos.standingout.be\/fr\/product\/echantillon-gehwol-baume-peau-seche-et-gercee-5-ml-ref-9550-24\/#primaryimage"},"thumbnailUrl":"https:\/\/districos.standingout.be\/wp-content\/uploads\/2025\/07\/9550.24@LowRes_0.png","datePublished":"2026-04-28T12:17:34+00:00","dateModified":"2026-04-28T12:17:41+00:00","breadcrumb":{"@id":"https:\/\/districos.standingout.be\/fr\/product\/echantillon-gehwol-baume-peau-seche-et-gercee-5-ml-ref-9550-24\/#breadcrumb"},"inLanguage":"fr-FR","potentialAction":[{"@type":"ReadAction","target":["https:\/\/districos.standingout.be\/fr\/product\/echantillon-gehwol-baume-peau-seche-et-gercee-5-ml-ref-9550-24\/"]}]},{"@type":"ImageObject","inLanguage":"fr-FR","@id":"https:\/\/districos.standingout.be\/fr\/product\/echantillon-gehwol-baume-peau-seche-et-gercee-5-ml-ref-9550-24\/#primaryimage","url":"https:\/\/districos.standingout.be\/wp-content\/uploads\/2025\/07\/9550.24@LowRes_0.png","contentUrl":"https:\/\/districos.standingout.be\/wp-content\/uploads\/2025\/07\/9550.24@LowRes_0.png","width":600,"height":600},{"@type":"BreadcrumbList","@id":"https:\/\/districos.standingout.be\/fr\/product\/echantillon-gehwol-baume-peau-seche-et-gercee-5-ml-ref-9550-24\/#breadcrumb","itemListElement":[{"@type":"ListItem","position":1,"name":"Home","item":"https:\/\/districos.standingout.be\/fr\/bienvenue-chez-districos\/"},{"@type":"ListItem","position":2,"name":"Boutique","item":"https:\/\/districos.standingout.be\/fr\/boutique\/"},{"@type":"ListItem","position":3,"name":"\u00c9chantillon Gehwol Baume &#8211; Peau S\u00e8che et Gerc\u00e9e 5 ml"}]},{"@type":"WebSite","@id":"https:\/\/districos.standingout.be\/fr\/#website","url":"https:\/\/districos.standingout.be\/fr\/","name":"Districos Webshop","description":"","publisher":{"@id":"https:\/\/districos.standingout.be\/fr\/#organization"},"potentialAction":[{"@type":"SearchAction","target":{"@type":"EntryPoint","urlTemplate":"https:\/\/districos.standingout.be\/fr\/?s={search_term_string}"},"query-input":{"@type":"PropertyValueSpecification","valueRequired":true,"valueName":"search_term_string"}}],"inLanguage":"fr-FR"},{"@type":"Organization","@id":"https:\/\/districos.standingout.be\/fr\/#organization","name":"Districos Webshop","url":"https:\/\/districos.standingout.be\/fr\/","logo":{"@type":"ImageObject","inLanguage":"fr-FR","@id":"https:\/\/districos.standingout.be\/fr\/#\/schema\/logo\/image\/","url":"https:\/\/districos.standingout.be\/wp-content\/uploads\/2022\/09\/Districos_Logo_Webshop.svg","contentUrl":"https:\/\/districos.standingout.be\/wp-content\/uploads\/2022\/09\/Districos_Logo_Webshop.svg","caption":"Districos Webshop"},"image":{"@id":"https:\/\/districos.standingout.be\/fr\/#\/schema\/logo\/image\/"}}]}},"_links":{"self":[{"href":"https:\/\/districos.standingout.be\/fr\/wp-json\/wp\/v2\/product\/142919","targetHints":{"allow":["GET"]}}],"collection":[{"href":"https:\/\/districos.standingout.be\/fr\/wp-json\/wp\/v2\/product"}],"about":[{"href":"https:\/\/districos.standingout.be\/fr\/wp-json\/wp\/v2\/types\/product"}],"replies":[{"embeddable":true,"href":"https:\/\/districos.standingout.be\/fr\/wp-json\/wp\/v2\/comments?post=142919"}],"wp:featuredmedia":[{"embeddable":true,"href":"https:\/\/districos.standingout.be\/fr\/wp-json\/wp\/v2\/media\/86213"}],"wp:attachment":[{"href":"https:\/\/districos.standingout.be\/fr\/wp-json\/wp\/v2\/media?parent=142919"}],"wp:term":[{"taxonomy":"product_brand","embeddable":true,"href":"https:\/\/districos.standingout.be\/fr\/wp-json\/wp\/v2\/product_brand?post=142919"},{"taxonomy":"product_cat","embeddable":true,"href":"https:\/\/districos.standingout.be\/fr\/wp-json\/wp\/v2\/product_cat?post=142919"},{"taxonomy":"product_tag","embeddable":true,"href":"https:\/\/districos.standingout.be\/fr\/wp-json\/wp\/v2\/product_tag?post=142919"}],"curies":[{"name":"wp","href":"https:\/\/api.w.org\/{rel}","templated":true}]}}