{"id":142933,"date":"2026-04-28T14:18:32","date_gmt":"2026-04-28T12:18:32","guid":{"rendered":"https:\/\/webshopdistricoscom.webhosting.be\/product\/echantillon-gehwol-fusskraft-soft-feet-bain-de-soins-15-ml-ref-9550-34\/"},"modified":"2026-04-28T14:18:40","modified_gmt":"2026-04-28T12:18:40","slug":"echantillon-gehwol-fusskraft-soft-feet-bain-de-soins-15-ml-ref-9550-34","status":"publish","type":"product","link":"https:\/\/districos.standingout.be\/fr\/product\/echantillon-gehwol-fusskraft-soft-feet-bain-de-soins-15-ml-ref-9550-34\/","title":{"rendered":"\u00c9chantillon Gehwol Fusskraft Soft Feet Bain de Soins 15 ml"},"content":{"rendered":"<p >\n<\/p>\n<\/p>\n<\/p>\n<\/p>\n<\/p>\n<p><b><span lang=\"FR-BE\">Bain nourrissant : harmonise et soigne intens\u00e9ment<o:p><\/o:p><\/span><\/b><\/p>\n<\/p>\n<ul>\n<li><span lang=\"FR-BE\">Amande et vanille pour des pieds et des jambes soign\u00e9s<\/span><\/li>\n<li>\n<p><span>Emballage : sachet d&rsquo;\u00e9chantillon de 15 ml<o:p><\/o:p><\/span><\/p>\n<\/li>\n<\/ul>\n<p><b><span lang=\"FR-BE\">Avantages&nbsp;<o:p><\/o:p><\/span><\/b><\/p>\n<\/p>\n<ul>\n<li><span lang=\"FR-BE\">Ce bain nourrissant bichonne les pieds et les jambes en procurant l&rsquo;exp\u00e9rience d&rsquo;un bain inoubliable, pour une peau belle et souple.&nbsp;<\/span><\/li>\n<li>Test\u00e9 dermatologiquement.<\/li>\n<li>Convient \u00e9galement aux diab\u00e9tiques.<\/li>\n<\/ul>\n<p><b><span lang=\"FR-BE\">Ingr\u00e9dients actifs<o:p><\/o:p><\/span><\/b><\/p>\n<ul type=\"disc\">\n<li><span lang=\"FR-BE\">L&rsquo;huile d&rsquo;amande apaise la peau, la rend tr\u00e8s douce et la prot\u00e8ge.<o:p><\/o:p><\/span><\/li>\n<li><span lang=\"FR-BE\">La vanille s\u00e9duisante, en association avec la vitamine E et des huiles de soin \u00e0 base d&rsquo;avocat et de ricin, hydrate, ramollit la corne et rend la peau plus tonique et plus lisse.&nbsp;<o:p><\/o:p><\/span><\/li>\n<\/ul>\n<p><b><span lang=\"FR-BE\">Emploi<o:p><\/o:p><\/span><\/b><\/p>\n<ul type=\"disc\">\n<li><span lang=\"FR-BE\">M\u00e9langez 1 cuill\u00e8re \u00e0 soupe d&rsquo;essence (= 15 ml) dans 4 \u00e0 5 litres d&rsquo;eau et g\u00e9n\u00e9rez ainsi un lait riche, purifiant et soignant.&nbsp;<o:p><\/o:p><\/span><\/li>\n<li><span lang=\"FR-BE\">Conserver \u00e0 temp\u00e9rature ambiante.&nbsp;<o:p><\/o:p><\/span><\/li>\n<li><span lang=\"FR-BE\">Aussi utilisable pour un bain complet ou une douche.<\/span><\/li>\n<\/ul>\n<p><b><span lang=\"FR-BE\">\u00c9galement disponible&nbsp;<\/span><\/b><\/p>\n<\/p>\n<ul>\n<li>\n<p><span>Gehwol Fusskraft Soft Feet Bain de Soin 200 ml (<a href=\"https:\/\/webshop.districos.com\/ProductDetail\/5201.18G\" target=\"_blank\" rel=\"noopener noreferrer nofollow\"><span>r\u00e9f. 5201.18G<\/span><\/a>)<o:p><\/o:p><\/span><\/p>\n<\/li>\n<\/ul>\n<p><\/p>\n","protected":false},"excerpt":{"rendered":"<p>Bain nourrissant : harmonise et soigne intens\u00e9ment Amande et vanille pour des pieds et des jambes soign\u00e9s Emballage : sachet d&rsquo;\u00e9chantillon de 15 ml Avantages&nbsp; Ce bain nourrissant bichonne les pieds et les jambes en procurant l&rsquo;exp\u00e9rience d&rsquo;un bain inoubliable, pour une peau belle et souple.&nbsp; Test\u00e9 dermatologiquement. Convient \u00e9galement aux diab\u00e9tiques. Ingr\u00e9dients actifs L&rsquo;huile [&hellip;]<\/p>\n","protected":false},"featured_media":148980,"comment_status":"open","ping_status":"closed","template":"","meta":{"_acf_changed":false},"product_brand":[10408],"product_cat":[10078,10084,9946],"product_tag":[],"class_list":{"0":"post-142933","1":"product","2":"type-product","3":"status-publish","4":"has-post-thumbnail","6":"product_brand-gehwol-fr","7":"product_cat-soins-des-pieds-podologie-produits-de-soin-cremes-lotions","8":"product_cat-soins-des-pieds-podologie-produits-de-soin-gehwoll","9":"product_cat-beaute-pedicure-produits-de-soin","11":"first","12":"outofstock","13":"taxable","14":"shipping-taxable","15":"product-type-simple"},"acf":[],"yoast_head":"<!-- This site is optimized with the Yoast SEO plugin v27.3 - https:\/\/yoast.com\/product\/yoast-seo-wordpress\/ -->\n<title>\u00c9chantillon Gehwol Fusskraft Soft Feet Bain de Soins 15 ml - Districos Webshop<\/title>\n<meta name=\"robots\" content=\"noindex, follow, max-snippet:-1, max-image-preview:large, max-video-preview:-1\" \/>\n<meta property=\"og:locale\" content=\"fr_FR\" \/>\n<meta property=\"og:type\" content=\"article\" \/>\n<meta property=\"og:title\" content=\"\u00c9chantillon Gehwol Fusskraft Soft Feet Bain de Soins 15 ml - Districos Webshop\" \/>\n<meta property=\"og:description\" content=\"Bain nourrissant : harmonise et soigne intens\u00e9ment Amande et vanille pour des pieds et des jambes soign\u00e9s Emballage : sachet d&rsquo;\u00e9chantillon de 15 ml Avantages&nbsp; Ce bain nourrissant bichonne les pieds et les jambes en procurant l&rsquo;exp\u00e9rience d&rsquo;un bain inoubliable, pour une peau belle et souple.&nbsp; Test\u00e9 dermatologiquement. Convient \u00e9galement aux diab\u00e9tiques. Ingr\u00e9dients actifs L&rsquo;huile [&hellip;]\" \/>\n<meta property=\"og:url\" content=\"https:\/\/districos.standingout.be\/fr\/product\/echantillon-gehwol-fusskraft-soft-feet-bain-de-soins-15-ml-ref-9550-34\/\" \/>\n<meta property=\"og:site_name\" content=\"Districos Webshop\" \/>\n<meta property=\"article:modified_time\" content=\"2026-04-28T12:18:40+00:00\" \/>\n<meta name=\"twitter:card\" content=\"summary_large_image\" \/>\n<meta name=\"twitter:label1\" content=\"Dur\u00e9e de lecture estim\u00e9e\" \/>\n\t<meta name=\"twitter:data1\" content=\"1 minute\" \/>\n<script type=\"application\/ld+json\" class=\"yoast-schema-graph\">{\"@context\":\"https:\\\/\\\/schema.org\",\"@graph\":[{\"@type\":\"WebPage\",\"@id\":\"https:\\\/\\\/districos.standingout.be\\\/fr\\\/product\\\/echantillon-gehwol-fusskraft-soft-feet-bain-de-soins-15-ml-ref-9550-34\\\/\",\"url\":\"https:\\\/\\\/districos.standingout.be\\\/fr\\\/product\\\/echantillon-gehwol-fusskraft-soft-feet-bain-de-soins-15-ml-ref-9550-34\\\/\",\"name\":\"\u00c9chantillon Gehwol Fusskraft Soft Feet Bain de Soins 15 ml - Districos Webshop\",\"isPartOf\":{\"@id\":\"https:\\\/\\\/districos.standingout.be\\\/fr\\\/#website\"},\"primaryImageOfPage\":{\"@id\":\"https:\\\/\\\/districos.standingout.be\\\/fr\\\/product\\\/echantillon-gehwol-fusskraft-soft-feet-bain-de-soins-15-ml-ref-9550-34\\\/#primaryimage\"},\"image\":{\"@id\":\"https:\\\/\\\/districos.standingout.be\\\/fr\\\/product\\\/echantillon-gehwol-fusskraft-soft-feet-bain-de-soins-15-ml-ref-9550-34\\\/#primaryimage\"},\"thumbnailUrl\":\"https:\\\/\\\/districos.standingout.be\\\/wp-content\\\/uploads\\\/2026\\\/04\\\/9550.34@Staal-Gehwol-Soft-Feet-Verzorgingsbad-15-ml_1.png\",\"datePublished\":\"2026-04-28T12:18:32+00:00\",\"dateModified\":\"2026-04-28T12:18:40+00:00\",\"breadcrumb\":{\"@id\":\"https:\\\/\\\/districos.standingout.be\\\/fr\\\/product\\\/echantillon-gehwol-fusskraft-soft-feet-bain-de-soins-15-ml-ref-9550-34\\\/#breadcrumb\"},\"inLanguage\":\"fr-FR\",\"potentialAction\":[{\"@type\":\"ReadAction\",\"target\":[\"https:\\\/\\\/districos.standingout.be\\\/fr\\\/product\\\/echantillon-gehwol-fusskraft-soft-feet-bain-de-soins-15-ml-ref-9550-34\\\/\"]}]},{\"@type\":\"ImageObject\",\"inLanguage\":\"fr-FR\",\"@id\":\"https:\\\/\\\/districos.standingout.be\\\/fr\\\/product\\\/echantillon-gehwol-fusskraft-soft-feet-bain-de-soins-15-ml-ref-9550-34\\\/#primaryimage\",\"url\":\"https:\\\/\\\/districos.standingout.be\\\/wp-content\\\/uploads\\\/2026\\\/04\\\/9550.34@Staal-Gehwol-Soft-Feet-Verzorgingsbad-15-ml_1.png\",\"contentUrl\":\"https:\\\/\\\/districos.standingout.be\\\/wp-content\\\/uploads\\\/2026\\\/04\\\/9550.34@Staal-Gehwol-Soft-Feet-Verzorgingsbad-15-ml_1.png\",\"width\":600,\"height\":600},{\"@type\":\"BreadcrumbList\",\"@id\":\"https:\\\/\\\/districos.standingout.be\\\/fr\\\/product\\\/echantillon-gehwol-fusskraft-soft-feet-bain-de-soins-15-ml-ref-9550-34\\\/#breadcrumb\",\"itemListElement\":[{\"@type\":\"ListItem\",\"position\":1,\"name\":\"Home\",\"item\":\"https:\\\/\\\/districos.standingout.be\\\/fr\\\/bienvenue-chez-districos\\\/\"},{\"@type\":\"ListItem\",\"position\":2,\"name\":\"Boutique\",\"item\":\"https:\\\/\\\/districos.standingout.be\\\/fr\\\/boutique\\\/\"},{\"@type\":\"ListItem\",\"position\":3,\"name\":\"\u00c9chantillon Gehwol Fusskraft Soft Feet Bain de Soins 15 ml\"}]},{\"@type\":\"WebSite\",\"@id\":\"https:\\\/\\\/districos.standingout.be\\\/fr\\\/#website\",\"url\":\"https:\\\/\\\/districos.standingout.be\\\/fr\\\/\",\"name\":\"Districos Webshop\",\"description\":\"\",\"publisher\":{\"@id\":\"https:\\\/\\\/districos.standingout.be\\\/fr\\\/#organization\"},\"potentialAction\":[{\"@type\":\"SearchAction\",\"target\":{\"@type\":\"EntryPoint\",\"urlTemplate\":\"https:\\\/\\\/districos.standingout.be\\\/fr\\\/?s={search_term_string}\"},\"query-input\":{\"@type\":\"PropertyValueSpecification\",\"valueRequired\":true,\"valueName\":\"search_term_string\"}}],\"inLanguage\":\"fr-FR\"},{\"@type\":\"Organization\",\"@id\":\"https:\\\/\\\/districos.standingout.be\\\/fr\\\/#organization\",\"name\":\"Districos Webshop\",\"url\":\"https:\\\/\\\/districos.standingout.be\\\/fr\\\/\",\"logo\":{\"@type\":\"ImageObject\",\"inLanguage\":\"fr-FR\",\"@id\":\"https:\\\/\\\/districos.standingout.be\\\/fr\\\/#\\\/schema\\\/logo\\\/image\\\/\",\"url\":\"https:\\\/\\\/districos.standingout.be\\\/wp-content\\\/uploads\\\/2022\\\/09\\\/Districos_Logo_Webshop.svg\",\"contentUrl\":\"https:\\\/\\\/districos.standingout.be\\\/wp-content\\\/uploads\\\/2022\\\/09\\\/Districos_Logo_Webshop.svg\",\"caption\":\"Districos Webshop\"},\"image\":{\"@id\":\"https:\\\/\\\/districos.standingout.be\\\/fr\\\/#\\\/schema\\\/logo\\\/image\\\/\"}}]}<\/script>\n<!-- \/ Yoast SEO plugin. -->","yoast_head_json":{"title":"\u00c9chantillon Gehwol Fusskraft Soft Feet Bain de Soins 15 ml - Districos Webshop","robots":{"index":"noindex","follow":"follow","max-snippet":"max-snippet:-1","max-image-preview":"max-image-preview:large","max-video-preview":"max-video-preview:-1"},"og_locale":"fr_FR","og_type":"article","og_title":"\u00c9chantillon Gehwol Fusskraft Soft Feet Bain de Soins 15 ml - Districos Webshop","og_description":"Bain nourrissant : harmonise et soigne intens\u00e9ment Amande et vanille pour des pieds et des jambes soign\u00e9s Emballage : sachet d&rsquo;\u00e9chantillon de 15 ml Avantages&nbsp; Ce bain nourrissant bichonne les pieds et les jambes en procurant l&rsquo;exp\u00e9rience d&rsquo;un bain inoubliable, pour une peau belle et souple.&nbsp; Test\u00e9 dermatologiquement. Convient \u00e9galement aux diab\u00e9tiques. Ingr\u00e9dients actifs L&rsquo;huile [&hellip;]","og_url":"https:\/\/districos.standingout.be\/fr\/product\/echantillon-gehwol-fusskraft-soft-feet-bain-de-soins-15-ml-ref-9550-34\/","og_site_name":"Districos Webshop","article_modified_time":"2026-04-28T12:18:40+00:00","twitter_card":"summary_large_image","twitter_misc":{"Dur\u00e9e de lecture estim\u00e9e":"1 minute"},"schema":{"@context":"https:\/\/schema.org","@graph":[{"@type":"WebPage","@id":"https:\/\/districos.standingout.be\/fr\/product\/echantillon-gehwol-fusskraft-soft-feet-bain-de-soins-15-ml-ref-9550-34\/","url":"https:\/\/districos.standingout.be\/fr\/product\/echantillon-gehwol-fusskraft-soft-feet-bain-de-soins-15-ml-ref-9550-34\/","name":"\u00c9chantillon Gehwol Fusskraft Soft Feet Bain de Soins 15 ml - Districos Webshop","isPartOf":{"@id":"https:\/\/districos.standingout.be\/fr\/#website"},"primaryImageOfPage":{"@id":"https:\/\/districos.standingout.be\/fr\/product\/echantillon-gehwol-fusskraft-soft-feet-bain-de-soins-15-ml-ref-9550-34\/#primaryimage"},"image":{"@id":"https:\/\/districos.standingout.be\/fr\/product\/echantillon-gehwol-fusskraft-soft-feet-bain-de-soins-15-ml-ref-9550-34\/#primaryimage"},"thumbnailUrl":"https:\/\/districos.standingout.be\/wp-content\/uploads\/2026\/04\/9550.34@Staal-Gehwol-Soft-Feet-Verzorgingsbad-15-ml_1.png","datePublished":"2026-04-28T12:18:32+00:00","dateModified":"2026-04-28T12:18:40+00:00","breadcrumb":{"@id":"https:\/\/districos.standingout.be\/fr\/product\/echantillon-gehwol-fusskraft-soft-feet-bain-de-soins-15-ml-ref-9550-34\/#breadcrumb"},"inLanguage":"fr-FR","potentialAction":[{"@type":"ReadAction","target":["https:\/\/districos.standingout.be\/fr\/product\/echantillon-gehwol-fusskraft-soft-feet-bain-de-soins-15-ml-ref-9550-34\/"]}]},{"@type":"ImageObject","inLanguage":"fr-FR","@id":"https:\/\/districos.standingout.be\/fr\/product\/echantillon-gehwol-fusskraft-soft-feet-bain-de-soins-15-ml-ref-9550-34\/#primaryimage","url":"https:\/\/districos.standingout.be\/wp-content\/uploads\/2026\/04\/9550.34@Staal-Gehwol-Soft-Feet-Verzorgingsbad-15-ml_1.png","contentUrl":"https:\/\/districos.standingout.be\/wp-content\/uploads\/2026\/04\/9550.34@Staal-Gehwol-Soft-Feet-Verzorgingsbad-15-ml_1.png","width":600,"height":600},{"@type":"BreadcrumbList","@id":"https:\/\/districos.standingout.be\/fr\/product\/echantillon-gehwol-fusskraft-soft-feet-bain-de-soins-15-ml-ref-9550-34\/#breadcrumb","itemListElement":[{"@type":"ListItem","position":1,"name":"Home","item":"https:\/\/districos.standingout.be\/fr\/bienvenue-chez-districos\/"},{"@type":"ListItem","position":2,"name":"Boutique","item":"https:\/\/districos.standingout.be\/fr\/boutique\/"},{"@type":"ListItem","position":3,"name":"\u00c9chantillon Gehwol Fusskraft Soft Feet Bain de Soins 15 ml"}]},{"@type":"WebSite","@id":"https:\/\/districos.standingout.be\/fr\/#website","url":"https:\/\/districos.standingout.be\/fr\/","name":"Districos Webshop","description":"","publisher":{"@id":"https:\/\/districos.standingout.be\/fr\/#organization"},"potentialAction":[{"@type":"SearchAction","target":{"@type":"EntryPoint","urlTemplate":"https:\/\/districos.standingout.be\/fr\/?s={search_term_string}"},"query-input":{"@type":"PropertyValueSpecification","valueRequired":true,"valueName":"search_term_string"}}],"inLanguage":"fr-FR"},{"@type":"Organization","@id":"https:\/\/districos.standingout.be\/fr\/#organization","name":"Districos Webshop","url":"https:\/\/districos.standingout.be\/fr\/","logo":{"@type":"ImageObject","inLanguage":"fr-FR","@id":"https:\/\/districos.standingout.be\/fr\/#\/schema\/logo\/image\/","url":"https:\/\/districos.standingout.be\/wp-content\/uploads\/2022\/09\/Districos_Logo_Webshop.svg","contentUrl":"https:\/\/districos.standingout.be\/wp-content\/uploads\/2022\/09\/Districos_Logo_Webshop.svg","caption":"Districos Webshop"},"image":{"@id":"https:\/\/districos.standingout.be\/fr\/#\/schema\/logo\/image\/"}}]}},"_links":{"self":[{"href":"https:\/\/districos.standingout.be\/fr\/wp-json\/wp\/v2\/product\/142933","targetHints":{"allow":["GET"]}}],"collection":[{"href":"https:\/\/districos.standingout.be\/fr\/wp-json\/wp\/v2\/product"}],"about":[{"href":"https:\/\/districos.standingout.be\/fr\/wp-json\/wp\/v2\/types\/product"}],"replies":[{"embeddable":true,"href":"https:\/\/districos.standingout.be\/fr\/wp-json\/wp\/v2\/comments?post=142933"}],"wp:featuredmedia":[{"embeddable":true,"href":"https:\/\/districos.standingout.be\/fr\/wp-json\/wp\/v2\/media\/148980"}],"wp:attachment":[{"href":"https:\/\/districos.standingout.be\/fr\/wp-json\/wp\/v2\/media?parent=142933"}],"wp:term":[{"taxonomy":"product_brand","embeddable":true,"href":"https:\/\/districos.standingout.be\/fr\/wp-json\/wp\/v2\/product_brand?post=142933"},{"taxonomy":"product_cat","embeddable":true,"href":"https:\/\/districos.standingout.be\/fr\/wp-json\/wp\/v2\/product_cat?post=142933"},{"taxonomy":"product_tag","embeddable":true,"href":"https:\/\/districos.standingout.be\/fr\/wp-json\/wp\/v2\/product_tag?post=142933"}],"curies":[{"name":"wp","href":"https:\/\/api.w.org\/{rel}","templated":true}]}}