{"id":143045,"date":"2026-04-28T14:32:10","date_gmt":"2026-04-28T12:32:10","guid":{"rendered":"https:\/\/webshopdistricoscom.webhosting.be\/product\/display-poster-bio-balance-hand-care-290-x-280-mm-nl-fr-ref-y079-053-2\/"},"modified":"2026-04-28T14:32:13","modified_gmt":"2026-04-28T12:32:13","slug":"display-poster-bio-balance-hand-care-290-x-280-mm-nl-fr-ref-y079-053","status":"publish","type":"product","link":"https:\/\/districos.standingout.be\/fr\/product\/display-poster-bio-balance-hand-care-290-x-280-mm-nl-fr-ref-y079-053\/","title":{"rendered":"Display Poster Bio Balance Hand Care &#8211; 290 x 280 mm (NL\/FR)"},"content":{"rendered":"<p >\n<\/p>\n<p dir=\"ltr\">Affiche pour la gamme de soins des mains Bio Balance. Sp\u00e9cialement con\u00e7ue pour s&rsquo;int\u00e9grer facilement dans le pr\u00e9sentoir plexi de Bio Balance (r\u00e9f. 7098.03).<\/p><\/p>\n","protected":false},"excerpt":{"rendered":"<p>Affiche pour la gamme de soins des mains Bio Balance. Sp\u00e9cialement con\u00e7ue pour s&rsquo;int\u00e9grer facilement dans le pr\u00e9sentoir plexi de Bio Balance (r\u00e9f. 7098.03).<\/p>\n","protected":false},"featured_media":149144,"comment_status":"open","ping_status":"closed","template":"","meta":{"_acf_changed":false},"product_brand":[10308],"product_cat":[10226],"product_tag":[],"class_list":{"0":"post-143045","1":"product","2":"type-product","3":"status-publish","4":"has-post-thumbnail","6":"product_brand-bb_gelaat-fr","7":"product_cat-promotions-promotions-materiel-promotionnel","9":"first","10":"instock","11":"taxable","12":"shipping-taxable","13":"product-type-simple"},"acf":[],"yoast_head":"<!-- This site is optimized with the Yoast SEO plugin v27.3 - https:\/\/yoast.com\/product\/yoast-seo-wordpress\/ -->\n<title>Display Poster Bio Balance Hand Care - 290 x 280 mm (NL\/FR) - Districos Webshop<\/title>\n<meta name=\"robots\" content=\"noindex, follow, max-snippet:-1, max-image-preview:large, max-video-preview:-1\" \/>\n<meta property=\"og:locale\" content=\"fr_FR\" \/>\n<meta property=\"og:type\" content=\"article\" \/>\n<meta property=\"og:title\" content=\"Display Poster Bio Balance Hand Care - 290 x 280 mm (NL\/FR) - Districos Webshop\" \/>\n<meta property=\"og:description\" content=\"Affiche pour la gamme de soins des mains Bio Balance. Sp\u00e9cialement con\u00e7ue pour s&rsquo;int\u00e9grer facilement dans le pr\u00e9sentoir plexi de Bio Balance (r\u00e9f. 7098.03).\" \/>\n<meta property=\"og:url\" content=\"https:\/\/districos.standingout.be\/fr\/product\/display-poster-bio-balance-hand-care-290-x-280-mm-nl-fr-ref-y079-053\/\" \/>\n<meta property=\"og:site_name\" content=\"Districos Webshop\" \/>\n<meta property=\"article:modified_time\" content=\"2026-04-28T12:32:13+00:00\" \/>\n<meta name=\"twitter:card\" content=\"summary_large_image\" \/>\n<script type=\"application\/ld+json\" class=\"yoast-schema-graph\">{\"@context\":\"https:\\\/\\\/schema.org\",\"@graph\":[{\"@type\":\"WebPage\",\"@id\":\"https:\\\/\\\/districos.standingout.be\\\/fr\\\/product\\\/display-poster-bio-balance-hand-care-290-x-280-mm-nl-fr-ref-y079-053\\\/\",\"url\":\"https:\\\/\\\/districos.standingout.be\\\/fr\\\/product\\\/display-poster-bio-balance-hand-care-290-x-280-mm-nl-fr-ref-y079-053\\\/\",\"name\":\"Display Poster Bio Balance Hand Care - 290 x 280 mm (NL\\\/FR) - Districos Webshop\",\"isPartOf\":{\"@id\":\"https:\\\/\\\/districos.standingout.be\\\/fr\\\/#website\"},\"primaryImageOfPage\":{\"@id\":\"https:\\\/\\\/districos.standingout.be\\\/fr\\\/product\\\/display-poster-bio-balance-hand-care-290-x-280-mm-nl-fr-ref-y079-053\\\/#primaryimage\"},\"image\":{\"@id\":\"https:\\\/\\\/districos.standingout.be\\\/fr\\\/product\\\/display-poster-bio-balance-hand-care-290-x-280-mm-nl-fr-ref-y079-053\\\/#primaryimage\"},\"thumbnailUrl\":\"https:\\\/\\\/districos.standingout.be\\\/wp-content\\\/uploads\\\/2026\\\/04\\\/Y079.053@Display-Poster-Bio-Balance-Hand-Care-290-x-280-mm-EN_1.png\",\"datePublished\":\"2026-04-28T12:32:10+00:00\",\"dateModified\":\"2026-04-28T12:32:13+00:00\",\"breadcrumb\":{\"@id\":\"https:\\\/\\\/districos.standingout.be\\\/fr\\\/product\\\/display-poster-bio-balance-hand-care-290-x-280-mm-nl-fr-ref-y079-053\\\/#breadcrumb\"},\"inLanguage\":\"fr-FR\",\"potentialAction\":[{\"@type\":\"ReadAction\",\"target\":[\"https:\\\/\\\/districos.standingout.be\\\/fr\\\/product\\\/display-poster-bio-balance-hand-care-290-x-280-mm-nl-fr-ref-y079-053\\\/\"]}]},{\"@type\":\"ImageObject\",\"inLanguage\":\"fr-FR\",\"@id\":\"https:\\\/\\\/districos.standingout.be\\\/fr\\\/product\\\/display-poster-bio-balance-hand-care-290-x-280-mm-nl-fr-ref-y079-053\\\/#primaryimage\",\"url\":\"https:\\\/\\\/districos.standingout.be\\\/wp-content\\\/uploads\\\/2026\\\/04\\\/Y079.053@Display-Poster-Bio-Balance-Hand-Care-290-x-280-mm-EN_1.png\",\"contentUrl\":\"https:\\\/\\\/districos.standingout.be\\\/wp-content\\\/uploads\\\/2026\\\/04\\\/Y079.053@Display-Poster-Bio-Balance-Hand-Care-290-x-280-mm-EN_1.png\",\"width\":600,\"height\":600},{\"@type\":\"BreadcrumbList\",\"@id\":\"https:\\\/\\\/districos.standingout.be\\\/fr\\\/product\\\/display-poster-bio-balance-hand-care-290-x-280-mm-nl-fr-ref-y079-053\\\/#breadcrumb\",\"itemListElement\":[{\"@type\":\"ListItem\",\"position\":1,\"name\":\"Home\",\"item\":\"https:\\\/\\\/districos.standingout.be\\\/fr\\\/bienvenue-chez-districos\\\/\"},{\"@type\":\"ListItem\",\"position\":2,\"name\":\"Boutique\",\"item\":\"https:\\\/\\\/districos.standingout.be\\\/fr\\\/boutique\\\/\"},{\"@type\":\"ListItem\",\"position\":3,\"name\":\"Display Poster Bio Balance Hand Care &#8211; 290 x 280 mm (NL\\\/FR)\"}]},{\"@type\":\"WebSite\",\"@id\":\"https:\\\/\\\/districos.standingout.be\\\/fr\\\/#website\",\"url\":\"https:\\\/\\\/districos.standingout.be\\\/fr\\\/\",\"name\":\"Districos Webshop\",\"description\":\"\",\"publisher\":{\"@id\":\"https:\\\/\\\/districos.standingout.be\\\/fr\\\/#organization\"},\"potentialAction\":[{\"@type\":\"SearchAction\",\"target\":{\"@type\":\"EntryPoint\",\"urlTemplate\":\"https:\\\/\\\/districos.standingout.be\\\/fr\\\/?s={search_term_string}\"},\"query-input\":{\"@type\":\"PropertyValueSpecification\",\"valueRequired\":true,\"valueName\":\"search_term_string\"}}],\"inLanguage\":\"fr-FR\"},{\"@type\":\"Organization\",\"@id\":\"https:\\\/\\\/districos.standingout.be\\\/fr\\\/#organization\",\"name\":\"Districos Webshop\",\"url\":\"https:\\\/\\\/districos.standingout.be\\\/fr\\\/\",\"logo\":{\"@type\":\"ImageObject\",\"inLanguage\":\"fr-FR\",\"@id\":\"https:\\\/\\\/districos.standingout.be\\\/fr\\\/#\\\/schema\\\/logo\\\/image\\\/\",\"url\":\"https:\\\/\\\/districos.standingout.be\\\/wp-content\\\/uploads\\\/2022\\\/09\\\/Districos_Logo_Webshop.svg\",\"contentUrl\":\"https:\\\/\\\/districos.standingout.be\\\/wp-content\\\/uploads\\\/2022\\\/09\\\/Districos_Logo_Webshop.svg\",\"caption\":\"Districos Webshop\"},\"image\":{\"@id\":\"https:\\\/\\\/districos.standingout.be\\\/fr\\\/#\\\/schema\\\/logo\\\/image\\\/\"}}]}<\/script>\n<!-- \/ Yoast SEO plugin. -->","yoast_head_json":{"title":"Display Poster Bio Balance Hand Care - 290 x 280 mm (NL\/FR) - Districos Webshop","robots":{"index":"noindex","follow":"follow","max-snippet":"max-snippet:-1","max-image-preview":"max-image-preview:large","max-video-preview":"max-video-preview:-1"},"og_locale":"fr_FR","og_type":"article","og_title":"Display Poster Bio Balance Hand Care - 290 x 280 mm (NL\/FR) - Districos Webshop","og_description":"Affiche pour la gamme de soins des mains Bio Balance. Sp\u00e9cialement con\u00e7ue pour s&rsquo;int\u00e9grer facilement dans le pr\u00e9sentoir plexi de Bio Balance (r\u00e9f. 7098.03).","og_url":"https:\/\/districos.standingout.be\/fr\/product\/display-poster-bio-balance-hand-care-290-x-280-mm-nl-fr-ref-y079-053\/","og_site_name":"Districos Webshop","article_modified_time":"2026-04-28T12:32:13+00:00","twitter_card":"summary_large_image","schema":{"@context":"https:\/\/schema.org","@graph":[{"@type":"WebPage","@id":"https:\/\/districos.standingout.be\/fr\/product\/display-poster-bio-balance-hand-care-290-x-280-mm-nl-fr-ref-y079-053\/","url":"https:\/\/districos.standingout.be\/fr\/product\/display-poster-bio-balance-hand-care-290-x-280-mm-nl-fr-ref-y079-053\/","name":"Display Poster Bio Balance Hand Care - 290 x 280 mm (NL\/FR) - Districos Webshop","isPartOf":{"@id":"https:\/\/districos.standingout.be\/fr\/#website"},"primaryImageOfPage":{"@id":"https:\/\/districos.standingout.be\/fr\/product\/display-poster-bio-balance-hand-care-290-x-280-mm-nl-fr-ref-y079-053\/#primaryimage"},"image":{"@id":"https:\/\/districos.standingout.be\/fr\/product\/display-poster-bio-balance-hand-care-290-x-280-mm-nl-fr-ref-y079-053\/#primaryimage"},"thumbnailUrl":"https:\/\/districos.standingout.be\/wp-content\/uploads\/2026\/04\/Y079.053@Display-Poster-Bio-Balance-Hand-Care-290-x-280-mm-EN_1.png","datePublished":"2026-04-28T12:32:10+00:00","dateModified":"2026-04-28T12:32:13+00:00","breadcrumb":{"@id":"https:\/\/districos.standingout.be\/fr\/product\/display-poster-bio-balance-hand-care-290-x-280-mm-nl-fr-ref-y079-053\/#breadcrumb"},"inLanguage":"fr-FR","potentialAction":[{"@type":"ReadAction","target":["https:\/\/districos.standingout.be\/fr\/product\/display-poster-bio-balance-hand-care-290-x-280-mm-nl-fr-ref-y079-053\/"]}]},{"@type":"ImageObject","inLanguage":"fr-FR","@id":"https:\/\/districos.standingout.be\/fr\/product\/display-poster-bio-balance-hand-care-290-x-280-mm-nl-fr-ref-y079-053\/#primaryimage","url":"https:\/\/districos.standingout.be\/wp-content\/uploads\/2026\/04\/Y079.053@Display-Poster-Bio-Balance-Hand-Care-290-x-280-mm-EN_1.png","contentUrl":"https:\/\/districos.standingout.be\/wp-content\/uploads\/2026\/04\/Y079.053@Display-Poster-Bio-Balance-Hand-Care-290-x-280-mm-EN_1.png","width":600,"height":600},{"@type":"BreadcrumbList","@id":"https:\/\/districos.standingout.be\/fr\/product\/display-poster-bio-balance-hand-care-290-x-280-mm-nl-fr-ref-y079-053\/#breadcrumb","itemListElement":[{"@type":"ListItem","position":1,"name":"Home","item":"https:\/\/districos.standingout.be\/fr\/bienvenue-chez-districos\/"},{"@type":"ListItem","position":2,"name":"Boutique","item":"https:\/\/districos.standingout.be\/fr\/boutique\/"},{"@type":"ListItem","position":3,"name":"Display Poster Bio Balance Hand Care &#8211; 290 x 280 mm (NL\/FR)"}]},{"@type":"WebSite","@id":"https:\/\/districos.standingout.be\/fr\/#website","url":"https:\/\/districos.standingout.be\/fr\/","name":"Districos Webshop","description":"","publisher":{"@id":"https:\/\/districos.standingout.be\/fr\/#organization"},"potentialAction":[{"@type":"SearchAction","target":{"@type":"EntryPoint","urlTemplate":"https:\/\/districos.standingout.be\/fr\/?s={search_term_string}"},"query-input":{"@type":"PropertyValueSpecification","valueRequired":true,"valueName":"search_term_string"}}],"inLanguage":"fr-FR"},{"@type":"Organization","@id":"https:\/\/districos.standingout.be\/fr\/#organization","name":"Districos Webshop","url":"https:\/\/districos.standingout.be\/fr\/","logo":{"@type":"ImageObject","inLanguage":"fr-FR","@id":"https:\/\/districos.standingout.be\/fr\/#\/schema\/logo\/image\/","url":"https:\/\/districos.standingout.be\/wp-content\/uploads\/2022\/09\/Districos_Logo_Webshop.svg","contentUrl":"https:\/\/districos.standingout.be\/wp-content\/uploads\/2022\/09\/Districos_Logo_Webshop.svg","caption":"Districos Webshop"},"image":{"@id":"https:\/\/districos.standingout.be\/fr\/#\/schema\/logo\/image\/"}}]}},"_links":{"self":[{"href":"https:\/\/districos.standingout.be\/fr\/wp-json\/wp\/v2\/product\/143045","targetHints":{"allow":["GET"]}}],"collection":[{"href":"https:\/\/districos.standingout.be\/fr\/wp-json\/wp\/v2\/product"}],"about":[{"href":"https:\/\/districos.standingout.be\/fr\/wp-json\/wp\/v2\/types\/product"}],"replies":[{"embeddable":true,"href":"https:\/\/districos.standingout.be\/fr\/wp-json\/wp\/v2\/comments?post=143045"}],"wp:featuredmedia":[{"embeddable":true,"href":"https:\/\/districos.standingout.be\/fr\/wp-json\/wp\/v2\/media\/149144"}],"wp:attachment":[{"href":"https:\/\/districos.standingout.be\/fr\/wp-json\/wp\/v2\/media?parent=143045"}],"wp:term":[{"taxonomy":"product_brand","embeddable":true,"href":"https:\/\/districos.standingout.be\/fr\/wp-json\/wp\/v2\/product_brand?post=143045"},{"taxonomy":"product_cat","embeddable":true,"href":"https:\/\/districos.standingout.be\/fr\/wp-json\/wp\/v2\/product_cat?post=143045"},{"taxonomy":"product_tag","embeddable":true,"href":"https:\/\/districos.standingout.be\/fr\/wp-json\/wp\/v2\/product_tag?post=143045"}],"curies":[{"name":"wp","href":"https:\/\/api.w.org\/{rel}","templated":true}]}}