{"id":143139,"date":"2026-04-28T14:36:19","date_gmt":"2026-04-28T12:36:19","guid":{"rendered":"https:\/\/webshopdistricoscom.webhosting.be\/product\/flyer-laine-de-marche-piedslegers-a5-fr-ref-yk104-004\/"},"modified":"2026-04-28T14:36:22","modified_gmt":"2026-04-28T12:36:22","slug":"flyer-laine-de-marche-piedslegers-a5-fr-ref-yk104-004","status":"publish","type":"product","link":"https:\/\/districos.standingout.be\/fr\/product\/flyer-laine-de-marche-piedslegers-a5-fr-ref-yk104-004\/","title":{"rendered":"Flyer Laine de marche PiedsL\u00e9gers &#8211; A5 (FR)"},"content":{"rendered":"<p >\n<\/p>\n<p>Ce d\u00e9pliant A5 vous apprend comment utiliser Laine de Marche PiedsL\u00e9gers pour traiter les probl\u00e8mes les plus courants.&nbsp;<\/p>\n<p><span>Laine de Marche PiedsL\u00e9gers&nbsp;<\/span>Bio Balance est disponible en 2 conditionnements :<\/p>\n<\/p>\n<\/p>\n<ul>\n<li>Bio Balance PiedsL\u00e9gers Laine de Marche 5 grammes (<a href=\"https:\/\/webshop.districos.com\/ProductDetail\/5212.700\" target=\"_blank\" rel=\"noopener noreferrer nofollow\"> r\u00e9f.&nbsp;5212.700<\/a>)<\/li>\n<li>Bio Balance PiedsL\u00e9gers Laine de Marche 50 grammes (<a href=\"https:\/\/webshop.districos.com\/ProductDetail\/5212.701\" target=\"_blank\" rel=\"noopener noreferrer nofollow\"> r\u00e9f.&nbsp;5212.701<\/a>)<\/li>\n<\/ul>\n","protected":false},"excerpt":{"rendered":"<p>Ce d\u00e9pliant A5 vous apprend comment utiliser Laine de Marche PiedsL\u00e9gers pour traiter les probl\u00e8mes les plus courants.&nbsp; Laine de Marche PiedsL\u00e9gers&nbsp;Bio Balance est disponible en 2 conditionnements : Bio Balance PiedsL\u00e9gers Laine de Marche 5 grammes ( r\u00e9f.&nbsp;5212.700) Bio Balance PiedsL\u00e9gers Laine de Marche 50 grammes ( r\u00e9f.&nbsp;5212.701)<\/p>\n","protected":false},"featured_media":149296,"comment_status":"open","ping_status":"closed","template":"","meta":{"_acf_changed":false},"product_brand":[10306],"product_cat":[10082,10078,9946],"product_tag":[],"class_list":{"0":"post-143139","1":"product","2":"type-product","3":"status-publish","4":"has-post-thumbnail","6":"product_brand-bb-voet-fr","7":"product_cat-soins-des-pieds-podologie-produits-de-soin-bio-balance-feet","8":"product_cat-soins-des-pieds-podologie-produits-de-soin-cremes-lotions","9":"product_cat-beaute-pedicure-produits-de-soin","11":"first","12":"instock","13":"taxable","14":"shipping-taxable","15":"product-type-simple"},"acf":[],"yoast_head":"<!-- This site is optimized with the Yoast SEO plugin v27.3 - https:\/\/yoast.com\/product\/yoast-seo-wordpress\/ -->\n<title>Flyer Laine de marche PiedsL\u00e9gers - A5 (FR) - Districos Webshop<\/title>\n<meta name=\"robots\" content=\"noindex, follow, max-snippet:-1, max-image-preview:large, max-video-preview:-1\" \/>\n<meta property=\"og:locale\" content=\"fr_FR\" \/>\n<meta property=\"og:type\" content=\"article\" \/>\n<meta property=\"og:title\" content=\"Flyer Laine de marche PiedsL\u00e9gers - A5 (FR) - Districos Webshop\" \/>\n<meta property=\"og:description\" content=\"Ce d\u00e9pliant A5 vous apprend comment utiliser Laine de Marche PiedsL\u00e9gers pour traiter les probl\u00e8mes les plus courants.&nbsp; Laine de Marche PiedsL\u00e9gers&nbsp;Bio Balance est disponible en 2 conditionnements : Bio Balance PiedsL\u00e9gers Laine de Marche 5 grammes ( r\u00e9f.&nbsp;5212.700) Bio Balance PiedsL\u00e9gers Laine de Marche 50 grammes ( r\u00e9f.&nbsp;5212.701)\" \/>\n<meta property=\"og:url\" content=\"https:\/\/districos.standingout.be\/fr\/product\/flyer-laine-de-marche-piedslegers-a5-fr-ref-yk104-004\/\" \/>\n<meta property=\"og:site_name\" content=\"Districos Webshop\" \/>\n<meta property=\"article:modified_time\" content=\"2026-04-28T12:36:22+00:00\" \/>\n<meta name=\"twitter:card\" content=\"summary_large_image\" \/>\n<script type=\"application\/ld+json\" class=\"yoast-schema-graph\">{\"@context\":\"https:\\\/\\\/schema.org\",\"@graph\":[{\"@type\":\"WebPage\",\"@id\":\"https:\\\/\\\/districos.standingout.be\\\/fr\\\/product\\\/flyer-laine-de-marche-piedslegers-a5-fr-ref-yk104-004\\\/\",\"url\":\"https:\\\/\\\/districos.standingout.be\\\/fr\\\/product\\\/flyer-laine-de-marche-piedslegers-a5-fr-ref-yk104-004\\\/\",\"name\":\"Flyer Laine de marche PiedsL\u00e9gers - A5 (FR) - Districos Webshop\",\"isPartOf\":{\"@id\":\"https:\\\/\\\/districos.standingout.be\\\/fr\\\/#website\"},\"primaryImageOfPage\":{\"@id\":\"https:\\\/\\\/districos.standingout.be\\\/fr\\\/product\\\/flyer-laine-de-marche-piedslegers-a5-fr-ref-yk104-004\\\/#primaryimage\"},\"image\":{\"@id\":\"https:\\\/\\\/districos.standingout.be\\\/fr\\\/product\\\/flyer-laine-de-marche-piedslegers-a5-fr-ref-yk104-004\\\/#primaryimage\"},\"thumbnailUrl\":\"https:\\\/\\\/districos.standingout.be\\\/wp-content\\\/uploads\\\/2026\\\/04\\\/YK104.004@Flyer-StapWol_1.png\",\"datePublished\":\"2026-04-28T12:36:19+00:00\",\"dateModified\":\"2026-04-28T12:36:22+00:00\",\"breadcrumb\":{\"@id\":\"https:\\\/\\\/districos.standingout.be\\\/fr\\\/product\\\/flyer-laine-de-marche-piedslegers-a5-fr-ref-yk104-004\\\/#breadcrumb\"},\"inLanguage\":\"fr-FR\",\"potentialAction\":[{\"@type\":\"ReadAction\",\"target\":[\"https:\\\/\\\/districos.standingout.be\\\/fr\\\/product\\\/flyer-laine-de-marche-piedslegers-a5-fr-ref-yk104-004\\\/\"]}]},{\"@type\":\"ImageObject\",\"inLanguage\":\"fr-FR\",\"@id\":\"https:\\\/\\\/districos.standingout.be\\\/fr\\\/product\\\/flyer-laine-de-marche-piedslegers-a5-fr-ref-yk104-004\\\/#primaryimage\",\"url\":\"https:\\\/\\\/districos.standingout.be\\\/wp-content\\\/uploads\\\/2026\\\/04\\\/YK104.004@Flyer-StapWol_1.png\",\"contentUrl\":\"https:\\\/\\\/districos.standingout.be\\\/wp-content\\\/uploads\\\/2026\\\/04\\\/YK104.004@Flyer-StapWol_1.png\",\"width\":600,\"height\":600},{\"@type\":\"BreadcrumbList\",\"@id\":\"https:\\\/\\\/districos.standingout.be\\\/fr\\\/product\\\/flyer-laine-de-marche-piedslegers-a5-fr-ref-yk104-004\\\/#breadcrumb\",\"itemListElement\":[{\"@type\":\"ListItem\",\"position\":1,\"name\":\"Home\",\"item\":\"https:\\\/\\\/districos.standingout.be\\\/fr\\\/bienvenue-chez-districos\\\/\"},{\"@type\":\"ListItem\",\"position\":2,\"name\":\"Boutique\",\"item\":\"https:\\\/\\\/districos.standingout.be\\\/fr\\\/boutique\\\/\"},{\"@type\":\"ListItem\",\"position\":3,\"name\":\"Flyer Laine de marche PiedsL\u00e9gers &#8211; A5 (FR)\"}]},{\"@type\":\"WebSite\",\"@id\":\"https:\\\/\\\/districos.standingout.be\\\/fr\\\/#website\",\"url\":\"https:\\\/\\\/districos.standingout.be\\\/fr\\\/\",\"name\":\"Districos Webshop\",\"description\":\"\",\"publisher\":{\"@id\":\"https:\\\/\\\/districos.standingout.be\\\/fr\\\/#organization\"},\"potentialAction\":[{\"@type\":\"SearchAction\",\"target\":{\"@type\":\"EntryPoint\",\"urlTemplate\":\"https:\\\/\\\/districos.standingout.be\\\/fr\\\/?s={search_term_string}\"},\"query-input\":{\"@type\":\"PropertyValueSpecification\",\"valueRequired\":true,\"valueName\":\"search_term_string\"}}],\"inLanguage\":\"fr-FR\"},{\"@type\":\"Organization\",\"@id\":\"https:\\\/\\\/districos.standingout.be\\\/fr\\\/#organization\",\"name\":\"Districos Webshop\",\"url\":\"https:\\\/\\\/districos.standingout.be\\\/fr\\\/\",\"logo\":{\"@type\":\"ImageObject\",\"inLanguage\":\"fr-FR\",\"@id\":\"https:\\\/\\\/districos.standingout.be\\\/fr\\\/#\\\/schema\\\/logo\\\/image\\\/\",\"url\":\"https:\\\/\\\/districos.standingout.be\\\/wp-content\\\/uploads\\\/2022\\\/09\\\/Districos_Logo_Webshop.svg\",\"contentUrl\":\"https:\\\/\\\/districos.standingout.be\\\/wp-content\\\/uploads\\\/2022\\\/09\\\/Districos_Logo_Webshop.svg\",\"caption\":\"Districos Webshop\"},\"image\":{\"@id\":\"https:\\\/\\\/districos.standingout.be\\\/fr\\\/#\\\/schema\\\/logo\\\/image\\\/\"}}]}<\/script>\n<!-- \/ Yoast SEO plugin. -->","yoast_head_json":{"title":"Flyer Laine de marche PiedsL\u00e9gers - A5 (FR) - Districos Webshop","robots":{"index":"noindex","follow":"follow","max-snippet":"max-snippet:-1","max-image-preview":"max-image-preview:large","max-video-preview":"max-video-preview:-1"},"og_locale":"fr_FR","og_type":"article","og_title":"Flyer Laine de marche PiedsL\u00e9gers - A5 (FR) - Districos Webshop","og_description":"Ce d\u00e9pliant A5 vous apprend comment utiliser Laine de Marche PiedsL\u00e9gers pour traiter les probl\u00e8mes les plus courants.&nbsp; Laine de Marche PiedsL\u00e9gers&nbsp;Bio Balance est disponible en 2 conditionnements : Bio Balance PiedsL\u00e9gers Laine de Marche 5 grammes ( r\u00e9f.&nbsp;5212.700) Bio Balance PiedsL\u00e9gers Laine de Marche 50 grammes ( r\u00e9f.&nbsp;5212.701)","og_url":"https:\/\/districos.standingout.be\/fr\/product\/flyer-laine-de-marche-piedslegers-a5-fr-ref-yk104-004\/","og_site_name":"Districos Webshop","article_modified_time":"2026-04-28T12:36:22+00:00","twitter_card":"summary_large_image","schema":{"@context":"https:\/\/schema.org","@graph":[{"@type":"WebPage","@id":"https:\/\/districos.standingout.be\/fr\/product\/flyer-laine-de-marche-piedslegers-a5-fr-ref-yk104-004\/","url":"https:\/\/districos.standingout.be\/fr\/product\/flyer-laine-de-marche-piedslegers-a5-fr-ref-yk104-004\/","name":"Flyer Laine de marche PiedsL\u00e9gers - A5 (FR) - Districos Webshop","isPartOf":{"@id":"https:\/\/districos.standingout.be\/fr\/#website"},"primaryImageOfPage":{"@id":"https:\/\/districos.standingout.be\/fr\/product\/flyer-laine-de-marche-piedslegers-a5-fr-ref-yk104-004\/#primaryimage"},"image":{"@id":"https:\/\/districos.standingout.be\/fr\/product\/flyer-laine-de-marche-piedslegers-a5-fr-ref-yk104-004\/#primaryimage"},"thumbnailUrl":"https:\/\/districos.standingout.be\/wp-content\/uploads\/2026\/04\/YK104.004@Flyer-StapWol_1.png","datePublished":"2026-04-28T12:36:19+00:00","dateModified":"2026-04-28T12:36:22+00:00","breadcrumb":{"@id":"https:\/\/districos.standingout.be\/fr\/product\/flyer-laine-de-marche-piedslegers-a5-fr-ref-yk104-004\/#breadcrumb"},"inLanguage":"fr-FR","potentialAction":[{"@type":"ReadAction","target":["https:\/\/districos.standingout.be\/fr\/product\/flyer-laine-de-marche-piedslegers-a5-fr-ref-yk104-004\/"]}]},{"@type":"ImageObject","inLanguage":"fr-FR","@id":"https:\/\/districos.standingout.be\/fr\/product\/flyer-laine-de-marche-piedslegers-a5-fr-ref-yk104-004\/#primaryimage","url":"https:\/\/districos.standingout.be\/wp-content\/uploads\/2026\/04\/YK104.004@Flyer-StapWol_1.png","contentUrl":"https:\/\/districos.standingout.be\/wp-content\/uploads\/2026\/04\/YK104.004@Flyer-StapWol_1.png","width":600,"height":600},{"@type":"BreadcrumbList","@id":"https:\/\/districos.standingout.be\/fr\/product\/flyer-laine-de-marche-piedslegers-a5-fr-ref-yk104-004\/#breadcrumb","itemListElement":[{"@type":"ListItem","position":1,"name":"Home","item":"https:\/\/districos.standingout.be\/fr\/bienvenue-chez-districos\/"},{"@type":"ListItem","position":2,"name":"Boutique","item":"https:\/\/districos.standingout.be\/fr\/boutique\/"},{"@type":"ListItem","position":3,"name":"Flyer Laine de marche PiedsL\u00e9gers &#8211; A5 (FR)"}]},{"@type":"WebSite","@id":"https:\/\/districos.standingout.be\/fr\/#website","url":"https:\/\/districos.standingout.be\/fr\/","name":"Districos Webshop","description":"","publisher":{"@id":"https:\/\/districos.standingout.be\/fr\/#organization"},"potentialAction":[{"@type":"SearchAction","target":{"@type":"EntryPoint","urlTemplate":"https:\/\/districos.standingout.be\/fr\/?s={search_term_string}"},"query-input":{"@type":"PropertyValueSpecification","valueRequired":true,"valueName":"search_term_string"}}],"inLanguage":"fr-FR"},{"@type":"Organization","@id":"https:\/\/districos.standingout.be\/fr\/#organization","name":"Districos Webshop","url":"https:\/\/districos.standingout.be\/fr\/","logo":{"@type":"ImageObject","inLanguage":"fr-FR","@id":"https:\/\/districos.standingout.be\/fr\/#\/schema\/logo\/image\/","url":"https:\/\/districos.standingout.be\/wp-content\/uploads\/2022\/09\/Districos_Logo_Webshop.svg","contentUrl":"https:\/\/districos.standingout.be\/wp-content\/uploads\/2022\/09\/Districos_Logo_Webshop.svg","caption":"Districos Webshop"},"image":{"@id":"https:\/\/districos.standingout.be\/fr\/#\/schema\/logo\/image\/"}}]}},"_links":{"self":[{"href":"https:\/\/districos.standingout.be\/fr\/wp-json\/wp\/v2\/product\/143139","targetHints":{"allow":["GET"]}}],"collection":[{"href":"https:\/\/districos.standingout.be\/fr\/wp-json\/wp\/v2\/product"}],"about":[{"href":"https:\/\/districos.standingout.be\/fr\/wp-json\/wp\/v2\/types\/product"}],"replies":[{"embeddable":true,"href":"https:\/\/districos.standingout.be\/fr\/wp-json\/wp\/v2\/comments?post=143139"}],"wp:featuredmedia":[{"embeddable":true,"href":"https:\/\/districos.standingout.be\/fr\/wp-json\/wp\/v2\/media\/149296"}],"wp:attachment":[{"href":"https:\/\/districos.standingout.be\/fr\/wp-json\/wp\/v2\/media?parent=143139"}],"wp:term":[{"taxonomy":"product_brand","embeddable":true,"href":"https:\/\/districos.standingout.be\/fr\/wp-json\/wp\/v2\/product_brand?post=143139"},{"taxonomy":"product_cat","embeddable":true,"href":"https:\/\/districos.standingout.be\/fr\/wp-json\/wp\/v2\/product_cat?post=143139"},{"taxonomy":"product_tag","embeddable":true,"href":"https:\/\/districos.standingout.be\/fr\/wp-json\/wp\/v2\/product_tag?post=143139"}],"curies":[{"name":"wp","href":"https:\/\/api.w.org\/{rel}","templated":true}]}}